{"id":799,"date":"2024-02-26T19:17:34","date_gmt":"2024-02-26T19:17:34","guid":{"rendered":"https:\/\/wp.captcha.eu\/?page_id=799"},"modified":"2024-03-26T13:35:02","modified_gmt":"2024-03-26T13:35:02","slug":"biscotti","status":"publish","type":"page","link":"https:\/\/www.captcha.eu\/it\/biscotti\/","title":{"rendered":"Cookie e dati di identificazione elettronica"},"content":{"rendered":"<h2 class=\"wp-block-heading\">Cosa sono i cookie e i dati di identificazione elettronica?<\/h2>\n\n\n\n<p>Un cookie \u00e8 una sequenza di caratteri e cifre che vengono memorizzati nel browser dell&#039;utente sotto un nome specificato. Ad ogni processo di caricamento, il browser invia automaticamente, se non diversamente impostato dall&#039;utente, invia automaticamente tutte le informazioni che potrebbero essere necessarie per il corretto funzionamento della pagina richiesta. Ci\u00f2 include l&#039;indirizzo IP, varie informazioni sul dispositivo (come UserAgent, sistema operativo, browser, dispositivo finale) nonch\u00e9 il nome e il contenuto di tutti i cookie e gli identificatori forniti tecnicamente.<\/p>\n\n\n\n<p>Alcuni cookie sono leggibili solo per la pagina attualmente visitata (cookie di prime parti), altri cookie possono essere letti e memorizzati indipendentemente dalla pagina attualmente visitata che si sta attualmente visitando (cookie di terze parti). captcha.eu far\u00e0 tutto ci\u00f2 che \u00e8 tecnicamente possibile per impedire l&#039;uso di cookie di terze parti solo con il consenso dell&#039;utente. I cookie hanno automaticamente una durata massima. Questa durata massima viene rinnovata ogni volta che il cookie viene utilizzato dall&#039;iniziatore del cookie. La durata specifica del cookie \u00e8 determinata dall&#039;iniziatore del cookie. il browser cancella il cookie senza ulteriori azioni.<\/p>\n\n\n\n<h2 class=\"wp-block-heading\">A cosa servono i cookie?<\/h2>\n\n\n\n<p>I cookie aiutano a migliorare l&#039;esperienza dell&#039;utente su un sito Web e a migliorare l&#039;esperienza dell&#039;utente su un sito Web e renderlo pi\u00f9 user-friendly. Le singole impostazioni della pagina o il nome utente vengono memorizzati nei cookie e automaticamente presi in considerazione o suggeriti quando si richiama nuovamente la pagina. suggerito. Inoltre, i cookie vengono utilizzati per registrare statisticamente l&#039;intervallo (numero) di dati statistici e per personalizzare il contenuto della pagina (ad esempio consigli di articoli). consigli sugli articoli) da personalizzare. I cookie vengono utilizzati anche per (personalizzare) e misurare il successo della pubblicit\u00e0.<\/p>\n\n\n\n<h2 class=\"wp-block-heading\">A cosa servono i dati di identificazione elettronica?<\/h2>\n\n\n\n<p>L&#039;elaborazione delle informazioni sul dispositivo serve ad adattare il contenuto della pagina al rispettivo dispositivo finale dell&#039;utente. Pu\u00f2 trattarsi di una versione della versione ottimizzata della pagina per il dispositivo finale o di un contenuto della pagina personalizzato.<\/p>\n\n\n\n<h2 class=\"wp-block-heading\">Per quali finalit\u00e0 i cookie e il trattamento dei dati di identificazione elettronica utilizzati su captcha.eu?<\/h2>\n\n\n\n<ul class=\"wp-block-list\">\n<li>Essenziale\n<ul class=\"wp-block-list\">\n<li>captcha.eu utilizza cookie e dati di identificazione elettronica per garantire una presentazione corretta, corretta e sicura del sito. Ci\u00f2 include la presentazione dei contenuti del sito, la difesa contro possibili attacchi informatici e la gestione sicura del processo di pagamento. Tutti i cookie del nostro processore di pagamento &quot;Stripe&quot; vengono impostati solo nella pagina di elaborazione dei pagamenti. pagina di elaborazione dei pagamenti.<\/li>\n<\/ul>\n<\/li>\n\n\n\n<li>Pubblicit\u00e0\n<ul class=\"wp-block-list\">\n<li>captcha.eu non imposta n\u00e9 elabora cookie pubblicitari.<\/li>\n<\/ul>\n<\/li>\n\n\n\n<li>Analisi web\n<ul class=\"wp-block-list\">\n<li>captcha.eu utilizza un software di analisi web per misurare le prestazioni del sito web e dei singoli articoli. Questi dati vengono utilizzati per la misurazione del successo interno e aiutano a migliorare il nostro prodotto. captcha.eu utilizza l&#039;analisi web solo con il consenso dell&#039;utente nelle nostre impostazioni sulla privacy.<\/li>\n<\/ul>\n<\/li>\n<\/ul>\n\n\n\n<h3 class=\"wp-block-heading\">La revoca del consenso al trattamento \u00e8 possibile in qualsiasi momento tramite le nostre impostazioni sulla privacy. I cookie gi\u00e0 memorizzati possono essere cancellati in qualsiasi momento nel browser alla voce &quot;Impostazioni&quot;.<\/h3>","protected":false},"excerpt":{"rendered":"<p>What are cookies and electronic identification data? A cookie is a sequence of characters and digits that are stored in the user&#8217;s browser browser under a specified name. With each loading process, the browser automatically sends, if not otherwise set by the user automatically sends all the information that may [&hellip;]<\/p>\n","protected":false},"author":1,"featured_media":0,"parent":0,"menu_order":0,"comment_status":"closed","ping_status":"closed","template":"","meta":{"_acf_changed":false,"_eb_attr":"","footnotes":""},"class_list":["post-799","page","type-page","status-publish","hentry"],"acf":[],"yoast_head":"<!-- This site is optimized with the Yoast SEO Premium plugin v27.0 (Yoast SEO v27.0) - https:\/\/yoast.com\/product\/yoast-seo-premium-wordpress\/ -->\n<title>Captcha Cookies \u00bb All about electronic identification data<\/title>\n<meta name=\"description\" content=\"All about Captcha cookies &amp; electronic identification data \u279c Definition, application &amp; use explained \u2713 Consent &amp; settings on Captcha.eu \u2713 Learn more!\" \/>\n<meta name=\"robots\" content=\"index, follow, max-snippet:-1, max-image-preview:large, max-video-preview:-1\" \/>\n<link rel=\"canonical\" href=\"https:\/\/www.captcha.eu\/it\/biscotti\/\" \/>\n<meta property=\"og:locale\" content=\"it_IT\" \/>\n<meta property=\"og:type\" content=\"article\" \/>\n<meta property=\"og:title\" content=\"Cookies and electronic identification data\" \/>\n<meta property=\"og:description\" content=\"All about Captcha cookies &amp; electronic identification data \u279c Definition, application &amp; use explained \u2713 Consent &amp; settings on Captcha.eu \u2713 Learn more!\" \/>\n<meta property=\"og:url\" content=\"https:\/\/www.captcha.eu\/it\/biscotti\/\" \/>\n<meta property=\"og:site_name\" content=\"captcha.eu\" \/>\n<meta property=\"article:modified_time\" content=\"2024-03-26T13:35:02+00:00\" \/>\n<meta name=\"twitter:card\" content=\"summary_large_image\" \/>\n<meta name=\"twitter:site\" content=\"@captcha_eu\" \/>\n<meta name=\"twitter:label1\" content=\"Est. reading time\" \/>\n\t<meta name=\"twitter:data1\" content=\"3 minutes\" \/>\n<script type=\"application\/ld+json\" class=\"yoast-schema-graph\">{\"@context\":\"https:\/\/schema.org\",\"@graph\":[{\"@type\":\"WebPage\",\"@id\":\"https:\/\/www.captcha.eu\/cookies\/\",\"url\":\"https:\/\/www.captcha.eu\/cookies\/\",\"name\":\"Captcha Cookies \u00bb All about electronic identification data\",\"isPartOf\":{\"@id\":\"https:\/\/www.captcha.eu\/#website\"},\"datePublished\":\"2024-02-26T19:17:34+00:00\",\"dateModified\":\"2024-03-26T13:35:02+00:00\",\"description\":\"All about Captcha cookies & electronic identification data \u279c Definition, application & use explained \u2713 Consent & settings on Captcha.eu \u2713 Learn more!\",\"breadcrumb\":{\"@id\":\"https:\/\/www.captcha.eu\/cookies\/#breadcrumb\"},\"inLanguage\":\"it-IT\",\"potentialAction\":[{\"@type\":\"ReadAction\",\"target\":[\"https:\/\/www.captcha.eu\/cookies\/\"]}]},{\"@type\":\"BreadcrumbList\",\"@id\":\"https:\/\/www.captcha.eu\/cookies\/#breadcrumb\",\"itemListElement\":[{\"@type\":\"ListItem\",\"position\":1,\"name\":\"Home\",\"item\":\"https:\/\/www.captcha.eu\/\"},{\"@type\":\"ListItem\",\"position\":2,\"name\":\"Cookies and electronic identification data\"}]},{\"@type\":\"WebSite\",\"@id\":\"https:\/\/www.captcha.eu\/#website\",\"url\":\"https:\/\/www.captcha.eu\/\",\"name\":\"captcha.eu\",\"description\":\"The GDPR-compliant message protection | captcha.eu\",\"publisher\":{\"@id\":\"https:\/\/www.captcha.eu\/#organization\"},\"potentialAction\":[{\"@type\":\"SearchAction\",\"target\":{\"@type\":\"EntryPoint\",\"urlTemplate\":\"https:\/\/www.captcha.eu\/?s={search_term_string}\"},\"query-input\":{\"@type\":\"PropertyValueSpecification\",\"valueRequired\":true,\"valueName\":\"search_term_string\"}}],\"inLanguage\":\"it-IT\"},{\"@type\":\"Organization\",\"@id\":\"https:\/\/www.captcha.eu\/#organization\",\"name\":\"captcha.eu\",\"url\":\"https:\/\/www.captcha.eu\/\",\"logo\":{\"@type\":\"ImageObject\",\"inLanguage\":\"it-IT\",\"@id\":\"https:\/\/www.captcha.eu\/#\/schema\/logo\/image\/\",\"url\":\"https:\/\/www.captcha.eu\/wp-content\/uploads\/2024\/02\/Captcha_mono-C_Logo.svg\",\"contentUrl\":\"https:\/\/www.captcha.eu\/wp-content\/uploads\/2024\/02\/Captcha_mono-C_Logo.svg\",\"width\":24,\"height\":28,\"caption\":\"captcha.eu\"},\"image\":{\"@id\":\"https:\/\/www.captcha.eu\/#\/schema\/logo\/image\/\"},\"sameAs\":[\"https:\/\/x.com\/captcha_eu\"]}]}<\/script>\n<!-- \/ Yoast SEO Premium plugin. -->","yoast_head_json":{"title":"Captcha Cookies \u00bb Tutto sui dati di identificazione elettronica","description":"Tutto sui cookie Captcha e dati di identificazione elettronica \u279c Definizione, applicazione e utilizzo spiegato \u2713 Consenso e impostazioni su Captcha.eu \u2713 Scopri di pi\u00f9!","robots":{"index":"index","follow":"follow","max-snippet":"max-snippet:-1","max-image-preview":"max-image-preview:large","max-video-preview":"max-video-preview:-1"},"canonical":"https:\/\/www.captcha.eu\/it\/biscotti\/","og_locale":"it_IT","og_type":"article","og_title":"Cookies and electronic identification data","og_description":"All about Captcha cookies & electronic identification data \u279c Definition, application & use explained \u2713 Consent & settings on Captcha.eu \u2713 Learn more!","og_url":"https:\/\/www.captcha.eu\/it\/biscotti\/","og_site_name":"captcha.eu","article_modified_time":"2024-03-26T13:35:02+00:00","twitter_card":"summary_large_image","twitter_site":"@captcha_eu","twitter_misc":{"Est. reading time":"3 minutes"},"schema":{"@context":"https:\/\/schema.org","@graph":[{"@type":"WebPage","@id":"https:\/\/www.captcha.eu\/cookies\/","url":"https:\/\/www.captcha.eu\/cookies\/","name":"Captcha Cookies \u00bb Tutto sui dati di identificazione elettronica","isPartOf":{"@id":"https:\/\/www.captcha.eu\/#website"},"datePublished":"2024-02-26T19:17:34+00:00","dateModified":"2024-03-26T13:35:02+00:00","description":"Tutto sui cookie Captcha e dati di identificazione elettronica \u279c Definizione, applicazione e utilizzo spiegato \u2713 Consenso e impostazioni su Captcha.eu \u2713 Scopri di pi\u00f9!","breadcrumb":{"@id":"https:\/\/www.captcha.eu\/cookies\/#breadcrumb"},"inLanguage":"it-IT","potentialAction":[{"@type":"ReadAction","target":["https:\/\/www.captcha.eu\/cookies\/"]}]},{"@type":"BreadcrumbList","@id":"https:\/\/www.captcha.eu\/cookies\/#breadcrumb","itemListElement":[{"@type":"ListItem","position":1,"name":"Home","item":"https:\/\/www.captcha.eu\/"},{"@type":"ListItem","position":2,"name":"Cookies and electronic identification data"}]},{"@type":"WebSite","@id":"https:\/\/www.captcha.eu\/#website","url":"https:\/\/www.captcha.eu\/","name":"captcha.eu","description":"La protezione dei messaggi conforme al GDPR | captcha.eu","publisher":{"@id":"https:\/\/www.captcha.eu\/#organization"},"potentialAction":[{"@type":"SearchAction","target":{"@type":"EntryPoint","urlTemplate":"https:\/\/www.captcha.eu\/?s={search_term_string}"},"query-input":{"@type":"PropertyValueSpecification","valueRequired":true,"valueName":"search_term_string"}}],"inLanguage":"it-IT"},{"@type":"Organization","@id":"https:\/\/www.captcha.eu\/#organization","name":"captcha.eu","url":"https:\/\/www.captcha.eu\/","logo":{"@type":"ImageObject","inLanguage":"it-IT","@id":"https:\/\/www.captcha.eu\/#\/schema\/logo\/image\/","url":"https:\/\/www.captcha.eu\/wp-content\/uploads\/2024\/02\/Captcha_mono-C_Logo.svg","contentUrl":"https:\/\/www.captcha.eu\/wp-content\/uploads\/2024\/02\/Captcha_mono-C_Logo.svg","width":24,"height":28,"caption":"captcha.eu"},"image":{"@id":"https:\/\/www.captcha.eu\/#\/schema\/logo\/image\/"},"sameAs":["https:\/\/x.com\/captcha_eu"]}]}},"pbg_featured_image_src":{"full":false,"thumbnail":false,"medium":false,"medium_large":false,"large":false,"1536x1536":false,"2048x2048":false,"trp-custom-language-flag":false},"pbg_author_info":{"display_name":"Captcha","author_link":"https:\/\/www.captcha.eu\/it\/author\/admin\/","author_img":"<img alt='Captcha' src='https:\/\/secure.gravatar.com\/avatar\/48b669a092d552f5f30202f8da848c93fa4c54f8c2b3167568ed5cbccbe4994a?s=128&#038;d=mm&#038;r=g' srcset='https:\/\/secure.gravatar.com\/avatar\/48b669a092d552f5f30202f8da848c93fa4c54f8c2b3167568ed5cbccbe4994a?s=256&#038;d=mm&#038;r=g 2x' class='avatar avatar-128 photo' height='128' width='128' loading='lazy' decoding='async'\/>"},"pbg_comment_info":" No Comments","pbg_excerpt":"What are cookies and electronic identification data? A cookie is a sequence of characters and digits that are stored in the user&#8217;s browser browser under a specified name. With each loading process, the browser automatically sends, if not otherwise set by the user automatically sends all the information that may [&hellip;]","_links":{"self":[{"href":"https:\/\/www.captcha.eu\/it\/wp-json\/wp\/v2\/pages\/799","targetHints":{"allow":["GET"]}}],"collection":[{"href":"https:\/\/www.captcha.eu\/it\/wp-json\/wp\/v2\/pages"}],"about":[{"href":"https:\/\/www.captcha.eu\/it\/wp-json\/wp\/v2\/types\/page"}],"author":[{"embeddable":true,"href":"https:\/\/www.captcha.eu\/it\/wp-json\/wp\/v2\/users\/1"}],"replies":[{"embeddable":true,"href":"https:\/\/www.captcha.eu\/it\/wp-json\/wp\/v2\/comments?post=799"}],"version-history":[{"count":1,"href":"https:\/\/www.captcha.eu\/it\/wp-json\/wp\/v2\/pages\/799\/revisions"}],"predecessor-version":[{"id":800,"href":"https:\/\/www.captcha.eu\/it\/wp-json\/wp\/v2\/pages\/799\/revisions\/800"}],"wp:attachment":[{"href":"https:\/\/www.captcha.eu\/it\/wp-json\/wp\/v2\/media?parent=799"}],"curies":[{"name":"scrivere","href":"https:\/\/api.w.org\/{rel}","templated":true}]}}