{"id":649,"date":"2024-02-25T21:20:13","date_gmt":"2024-02-25T21:20:13","guid":{"rendered":"https:\/\/wp.captcha.eu\/?page_id=649"},"modified":"2024-03-27T13:18:07","modified_gmt":"2024-03-27T13:18:07","slug":"domande-frequenti","status":"publish","type":"page","link":"https:\/\/www.captcha.eu\/it\/domande-frequenti\/","title":{"rendered":"Domande frequenti"},"content":{"rendered":"<div class=\"wp-block-gutena-accordion gutena-accordion-block gutena-accordion-block-9bfd25-3d is-layout-flow wp-block-gutena-accordion-is-layout-flow\" data-single=\"false\">\n<div class=\"wp-block-gutena-accordion-panel gutena-accordion-block__panel\">\n<div class=\"wp-block-gutena-accordion-panel-title gutena-accordion-block__panel-title\"><div class=\"gutena-accordion-block__panel-title-inner\">\n<h6 class=\"wp-block-heading has-text-align-left\" style=\"margin-top:0px;margin-right:0px;margin-bottom:0px;margin-left:0px\">Cos&#039;\u00e8 un Bot?<\/h6>\n<div class=\"trigger-plus-minus\"><div class=\"horizontal\"><\/div><div class=\"vertical\"><\/div><\/div><\/div><\/div>\n\n\n\n<div class=\"wp-block-gutena-accordion-panel-content gutena-accordion-block__panel-content\"><div class=\"gutena-accordion-block__panel-content-inner\">\n<p style=\"margin-top:0;margin-bottom:0\">Un bot si riferisce a uno script o un processo automatizzato che tenta di manipolare i dati. Esempi di tale manipolazione includono lo spam nelle sezioni dei commenti, la manomissione di sondaggi o votazioni, la vincita di concorsi a premi o lo scalping di prodotti.<\/p>\n<\/div><\/div>\n<\/div>\n\n\n\n<div class=\"wp-block-gutena-accordion-panel gutena-accordion-block__panel\">\n<div class=\"wp-block-gutena-accordion-panel-title gutena-accordion-block__panel-title\"><div class=\"gutena-accordion-block__panel-title-inner\">\n<h6 class=\"wp-block-heading has-text-align-left\" style=\"margin-top:0px;margin-right:0px;margin-bottom:0px;margin-left:0px\">Quanto traffico web proviene dai bot?<\/h6>\n<div class=\"trigger-plus-minus\"><div class=\"horizontal\"><\/div><div class=\"vertical\"><\/div><\/div><\/div><\/div>\n\n\n\n<div class=\"wp-block-gutena-accordion-panel-content gutena-accordion-block__panel-content\"><div class=\"gutena-accordion-block__panel-content-inner\">\n<p style=\"margin-top:0;margin-bottom:0\">La percentuale di traffico web attribuita ai bot pu\u00f2 variare in modo significativo, ma si stima che circa 40% di tutto il traffico sia generato dai bot. Se classificati in bot buoni, come i crawler, e bot cattivi, questi ultimi costituiscono circa 25%.<\/p>\n<\/div><\/div>\n<\/div>\n\n\n\n<div class=\"wp-block-gutena-accordion-panel gutena-accordion-block__panel\">\n<div class=\"wp-block-gutena-accordion-panel-title gutena-accordion-block__panel-title\"><div class=\"gutena-accordion-block__panel-title-inner\">\n<h6 class=\"wp-block-heading has-text-align-left\" style=\"margin-top:0px;margin-right:0px;margin-bottom:0px;margin-left:0px\">In che modo captcha.eu impedisce il traffico bot?<\/h6>\n<div class=\"trigger-plus-minus\"><div class=\"horizontal\"><\/div><div class=\"vertical\"><\/div><\/div><\/div><\/div>\n\n\n\n<div class=\"wp-block-gutena-accordion-panel-content gutena-accordion-block__panel-content\"><div class=\"gutena-accordion-block__panel-content-inner\">\n<p style=\"margin-top:0;margin-bottom:0\">captcha.eu utilizza tecnologie all&#039;avanguardia, tra cui l&#039;apprendimento automatico e le criptovalute, per rilevare e scoraggiare il traffico bot. L\u2019intero processo \u00e8 pienamente conforme alla normativa GDPR e opera entro i confini della giurisdizione europea.<\/p>\n<\/div><\/div>\n<\/div>\n\n\n\n<div class=\"wp-block-gutena-accordion-panel gutena-accordion-block__panel\">\n<div class=\"wp-block-gutena-accordion-panel-title gutena-accordion-block__panel-title\"><div class=\"gutena-accordion-block__panel-title-inner\">\n<h6 class=\"wp-block-heading has-text-align-left\" style=\"margin-top:0px;margin-right:0px;margin-bottom:0px;margin-left:0px\">Perch\u00e9 scegliere captcha.eu<\/h6>\n<div class=\"trigger-plus-minus\"><div class=\"horizontal\"><\/div><div class=\"vertical\"><\/div><\/div><\/div><\/div>\n\n\n\n<div class=\"wp-block-gutena-accordion-panel-content gutena-accordion-block__panel-content\"><div class=\"gutena-accordion-block__panel-content-inner\">\n<p style=\"margin-top:0;margin-bottom:0\">captcha.eu fornisce un prodotto affidabile e ampiamente testato che si integra perfettamente nei siti Web senza compromettere l&#039;esperienza dell&#039;utente. Con captcha.eu gli utenti possono porre fine alla loro ricerca di soluzioni a semaforo.<\/p>\n<\/div><\/div>\n<\/div>\n\n\n\n<div class=\"wp-block-gutena-accordion-panel gutena-accordion-block__panel\">\n<div class=\"wp-block-gutena-accordion-panel-title gutena-accordion-block__panel-title\"><div class=\"gutena-accordion-block__panel-title-inner\">\n<h6 class=\"wp-block-heading has-text-align-left\" style=\"margin-top:0px;margin-right:0px;margin-bottom:0px;margin-left:0px\">Come posso proteggere il mio sito WordPress<\/h6>\n<div class=\"trigger-plus-minus\"><div class=\"horizontal\"><\/div><div class=\"vertical\"><\/div><\/div><\/div><\/div>\n\n\n\n<div class=\"wp-block-gutena-accordion-panel-content gutena-accordion-block__panel-content\"><div class=\"gutena-accordion-block__panel-content-inner\">\n<p style=\"margin-top:0;margin-bottom:0\">captcha.eu si integra perfettamente con qualsiasi modulo, sondaggio o sistema simile basato sul web. Offriamo anche un plugin WordPress gratuito e completamente gestito che supporta una variet\u00e0 di plugin per moduli WordPress, inclusi ContactForm7 e NinjaForms. Se il tuo plugin preferito non \u00e8 nell&#039;elenco, il nostro team di supporto via chat \u00e8 prontamente disponibile per aiutarti.<\/p>\n<\/div><\/div>\n<\/div>\n\n\n\n<div class=\"wp-block-gutena-accordion-panel gutena-accordion-block__panel\">\n<div class=\"wp-block-gutena-accordion-panel-title gutena-accordion-block__panel-title\"><div class=\"gutena-accordion-block__panel-title-inner\">\n<h6 class=\"wp-block-heading has-text-align-left\" style=\"margin-top:0px;margin-right:0px;margin-bottom:0px;margin-left:0px\">Come posso mettermi in contatto?<\/h6>\n<div class=\"trigger-plus-minus\"><div class=\"horizontal\"><\/div><div class=\"vertical\"><\/div><\/div><\/div><\/div>\n\n\n\n<div class=\"wp-block-gutena-accordion-panel-content gutena-accordion-block__panel-content\"><div class=\"gutena-accordion-block__panel-content-inner\">\n<p style=\"margin-top:0;margin-bottom:0\">Il nostro team di supporto tramite chat e e-mail in loco all&#039;indirizzo\u00a0\n        <span class=\"captcha_mailhide_root\" title=\"Fare clic per nascondere il contenuto\" data-payload=\"Q1ppQlplTVJQRld0ZkphQ3cxNzRBWklCVm5RSloxWFNUR3FCb2NrSmR5REF2SU9uckRYNW9PMktvOUV1dTIyWE1Ja05laTBwRVlWZUlYWGRMM3NHSWpFamEzWndZMHZ4N0hLWnBYbUtQQ1NkR0pqOWF6Nis1Q0JVckF0Qko1NjM=\" tabindex=\"0\">\n        <img class=\"inline_logo\" src=\"https:\/\/www.captcha.eu\/wp-content\/uploads\/2024\/02\/image-1.png\" width=\"10\" alt=\"Ecco un indirizzo email nascosto. Cliccaci sopra e l&#039;indirizzo leggibile apparir\u00e0 nello stesso posto a breve.\"  \/> <span aria-hidden=\"true\" aria-live=\"polite\" class=\"captcha_real_mail\" >mail...@....eu<\/span>\n            <span class=\"captcha_mailhide_slider inactive\"><\/span>\n            <span class=\"screen-reader-status\" aria-live=\"assertive\" style=\"position: absolute; left: -9999px;\"><\/span>\n        <\/span> \n    \n        \u00a0sono a disposizione per rispondere a qualsiasi domanda o dubbio tu possa avere.<\/p>\n\n\n\n<p>puoi anche usare il nostro <a href=\"https:\/\/www.captcha.eu\/it\/contattaci\/\">Modulo di Contatto<\/a>.<\/p>\n<\/div><\/div>\n<\/div>\n<\/div>","protected":false},"excerpt":{"rendered":"","protected":false},"author":1,"featured_media":0,"parent":0,"menu_order":0,"comment_status":"closed","ping_status":"closed","template":"","meta":{"_acf_changed":false,"_eb_attr":"","footnotes":""},"class_list":["post-649","page","type-page","status-publish","hentry"],"acf":[],"yoast_head":"<!-- This site is optimized with the Yoast SEO Premium plugin v27.0 (Yoast SEO v27.0) - https:\/\/yoast.com\/product\/yoast-seo-premium-wordpress\/ -->\n<title>Captcha FAQs \u00bb Alle Antworten &amp; Infos<\/title>\n<meta name=\"description\" content=\"Alle Antworten zu den h\u00e4ufigsten Captcha-Fragen \u279c Was ist ein Bot \u2713 Wie viel Web-Traffic kommt von Bots \u2713 Sicherheit &amp; Vorteile \u2713 Mehr entdecken!\" \/>\n<meta name=\"robots\" content=\"index, follow, max-snippet:-1, max-image-preview:large, max-video-preview:-1\" \/>\n<link rel=\"canonical\" href=\"https:\/\/www.captcha.eu\/it\/domande-frequenti\/\" \/>\n<meta property=\"og:locale\" content=\"it_IT\" \/>\n<meta property=\"og:type\" content=\"article\" \/>\n<meta property=\"og:title\" content=\"Frequently asked questions\" \/>\n<meta property=\"og:description\" content=\"Alle Antworten zu den h\u00e4ufigsten Captcha-Fragen \u279c Was ist ein Bot \u2713 Wie viel Web-Traffic kommt von Bots \u2713 Sicherheit &amp; Vorteile \u2713 Mehr entdecken!\" \/>\n<meta property=\"og:url\" content=\"https:\/\/www.captcha.eu\/it\/domande-frequenti\/\" \/>\n<meta property=\"og:site_name\" content=\"captcha.eu\" \/>\n<meta property=\"article:modified_time\" content=\"2024-03-27T13:18:07+00:00\" \/>\n<meta name=\"twitter:card\" content=\"summary_large_image\" \/>\n<meta name=\"twitter:site\" content=\"@captcha_eu\" \/>\n<meta name=\"twitter:label1\" content=\"Est. reading time\" \/>\n\t<meta name=\"twitter:data1\" content=\"2 minutes\" \/>\n<script type=\"application\/ld+json\" class=\"yoast-schema-graph\">{\"@context\":\"https:\/\/schema.org\",\"@graph\":[{\"@type\":\"WebPage\",\"@id\":\"https:\/\/www.captcha.eu\/frequently-asked-questions\/\",\"url\":\"https:\/\/www.captcha.eu\/frequently-asked-questions\/\",\"name\":\"Captcha FAQs \u00bb Alle Antworten & Infos\",\"isPartOf\":{\"@id\":\"https:\/\/www.captcha.eu\/#website\"},\"datePublished\":\"2024-02-25T21:20:13+00:00\",\"dateModified\":\"2024-03-27T13:18:07+00:00\",\"description\":\"Alle Antworten zu den h\u00e4ufigsten Captcha-Fragen \u279c Was ist ein Bot \u2713 Wie viel Web-Traffic kommt von Bots \u2713 Sicherheit & Vorteile \u2713 Mehr entdecken!\",\"breadcrumb\":{\"@id\":\"https:\/\/www.captcha.eu\/frequently-asked-questions\/#breadcrumb\"},\"inLanguage\":\"it-IT\",\"potentialAction\":[{\"@type\":\"ReadAction\",\"target\":[\"https:\/\/www.captcha.eu\/frequently-asked-questions\/\"]}]},{\"@type\":\"BreadcrumbList\",\"@id\":\"https:\/\/www.captcha.eu\/frequently-asked-questions\/#breadcrumb\",\"itemListElement\":[{\"@type\":\"ListItem\",\"position\":1,\"name\":\"Home\",\"item\":\"https:\/\/www.captcha.eu\/\"},{\"@type\":\"ListItem\",\"position\":2,\"name\":\"Frequently asked questions\"}]},{\"@type\":\"WebSite\",\"@id\":\"https:\/\/www.captcha.eu\/#website\",\"url\":\"https:\/\/www.captcha.eu\/\",\"name\":\"captcha.eu\",\"description\":\"The GDPR-compliant message protection | captcha.eu\",\"publisher\":{\"@id\":\"https:\/\/www.captcha.eu\/#organization\"},\"potentialAction\":[{\"@type\":\"SearchAction\",\"target\":{\"@type\":\"EntryPoint\",\"urlTemplate\":\"https:\/\/www.captcha.eu\/?s={search_term_string}\"},\"query-input\":{\"@type\":\"PropertyValueSpecification\",\"valueRequired\":true,\"valueName\":\"search_term_string\"}}],\"inLanguage\":\"it-IT\"},{\"@type\":\"Organization\",\"@id\":\"https:\/\/www.captcha.eu\/#organization\",\"name\":\"captcha.eu\",\"url\":\"https:\/\/www.captcha.eu\/\",\"logo\":{\"@type\":\"ImageObject\",\"inLanguage\":\"it-IT\",\"@id\":\"https:\/\/www.captcha.eu\/#\/schema\/logo\/image\/\",\"url\":\"https:\/\/www.captcha.eu\/wp-content\/uploads\/2024\/02\/Captcha_mono-C_Logo.svg\",\"contentUrl\":\"https:\/\/www.captcha.eu\/wp-content\/uploads\/2024\/02\/Captcha_mono-C_Logo.svg\",\"width\":24,\"height\":28,\"caption\":\"captcha.eu\"},\"image\":{\"@id\":\"https:\/\/www.captcha.eu\/#\/schema\/logo\/image\/\"},\"sameAs\":[\"https:\/\/x.com\/captcha_eu\"]}]}<\/script>\n<!-- \/ Yoast SEO Premium plugin. -->","yoast_head_json":{"title":"Domande frequenti sul Captcha \u00bb Tutte le risposte e informazioni","description":"Tutte le risposte alle frequenti domande Captcha \u279c Was ist ein Bot \u2713 Wie viel Web-Traffic kommt von Bots \u2713 Sicherheit &amp; Vorteile \u2713 Mehr entdecken!","robots":{"index":"index","follow":"follow","max-snippet":"max-snippet:-1","max-image-preview":"max-image-preview:large","max-video-preview":"max-video-preview:-1"},"canonical":"https:\/\/www.captcha.eu\/it\/domande-frequenti\/","og_locale":"it_IT","og_type":"article","og_title":"Frequently asked questions","og_description":"Alle Antworten zu den h\u00e4ufigsten Captcha-Fragen \u279c Was ist ein Bot \u2713 Wie viel Web-Traffic kommt von Bots \u2713 Sicherheit & Vorteile \u2713 Mehr entdecken!","og_url":"https:\/\/www.captcha.eu\/it\/domande-frequenti\/","og_site_name":"captcha.eu","article_modified_time":"2024-03-27T13:18:07+00:00","twitter_card":"summary_large_image","twitter_site":"@captcha_eu","twitter_misc":{"Est. reading time":"2 minutes"},"schema":{"@context":"https:\/\/schema.org","@graph":[{"@type":"WebPage","@id":"https:\/\/www.captcha.eu\/frequently-asked-questions\/","url":"https:\/\/www.captcha.eu\/frequently-asked-questions\/","name":"Domande frequenti sul Captcha \u00bb Tutte le risposte e informazioni","isPartOf":{"@id":"https:\/\/www.captcha.eu\/#website"},"datePublished":"2024-02-25T21:20:13+00:00","dateModified":"2024-03-27T13:18:07+00:00","description":"Tutte le risposte alle frequenti domande Captcha \u279c Was ist ein Bot \u2713 Wie viel Web-Traffic kommt von Bots \u2713 Sicherheit &amp; Vorteile \u2713 Mehr entdecken!","breadcrumb":{"@id":"https:\/\/www.captcha.eu\/frequently-asked-questions\/#breadcrumb"},"inLanguage":"it-IT","potentialAction":[{"@type":"ReadAction","target":["https:\/\/www.captcha.eu\/frequently-asked-questions\/"]}]},{"@type":"BreadcrumbList","@id":"https:\/\/www.captcha.eu\/frequently-asked-questions\/#breadcrumb","itemListElement":[{"@type":"ListItem","position":1,"name":"Home","item":"https:\/\/www.captcha.eu\/"},{"@type":"ListItem","position":2,"name":"Frequently asked questions"}]},{"@type":"WebSite","@id":"https:\/\/www.captcha.eu\/#website","url":"https:\/\/www.captcha.eu\/","name":"captcha.eu","description":"La protezione dei messaggi conforme al GDPR | captcha.eu","publisher":{"@id":"https:\/\/www.captcha.eu\/#organization"},"potentialAction":[{"@type":"SearchAction","target":{"@type":"EntryPoint","urlTemplate":"https:\/\/www.captcha.eu\/?s={search_term_string}"},"query-input":{"@type":"PropertyValueSpecification","valueRequired":true,"valueName":"search_term_string"}}],"inLanguage":"it-IT"},{"@type":"Organization","@id":"https:\/\/www.captcha.eu\/#organization","name":"captcha.eu","url":"https:\/\/www.captcha.eu\/","logo":{"@type":"ImageObject","inLanguage":"it-IT","@id":"https:\/\/www.captcha.eu\/#\/schema\/logo\/image\/","url":"https:\/\/www.captcha.eu\/wp-content\/uploads\/2024\/02\/Captcha_mono-C_Logo.svg","contentUrl":"https:\/\/www.captcha.eu\/wp-content\/uploads\/2024\/02\/Captcha_mono-C_Logo.svg","width":24,"height":28,"caption":"captcha.eu"},"image":{"@id":"https:\/\/www.captcha.eu\/#\/schema\/logo\/image\/"},"sameAs":["https:\/\/x.com\/captcha_eu"]}]}},"pbg_featured_image_src":{"full":false,"thumbnail":false,"medium":false,"medium_large":false,"large":false,"1536x1536":false,"2048x2048":false,"trp-custom-language-flag":false},"pbg_author_info":{"display_name":"Captcha","author_link":"https:\/\/www.captcha.eu\/it\/author\/admin\/","author_img":"<img alt='Captcha' src='https:\/\/secure.gravatar.com\/avatar\/48b669a092d552f5f30202f8da848c93fa4c54f8c2b3167568ed5cbccbe4994a?s=128&#038;d=mm&#038;r=g' srcset='https:\/\/secure.gravatar.com\/avatar\/48b669a092d552f5f30202f8da848c93fa4c54f8c2b3167568ed5cbccbe4994a?s=256&#038;d=mm&#038;r=g 2x' class='avatar avatar-128 photo' height='128' width='128' loading='lazy' decoding='async'\/>"},"pbg_comment_info":" No Comments","pbg_excerpt":null,"_links":{"self":[{"href":"https:\/\/www.captcha.eu\/it\/wp-json\/wp\/v2\/pages\/649","targetHints":{"allow":["GET"]}}],"collection":[{"href":"https:\/\/www.captcha.eu\/it\/wp-json\/wp\/v2\/pages"}],"about":[{"href":"https:\/\/www.captcha.eu\/it\/wp-json\/wp\/v2\/types\/page"}],"author":[{"embeddable":true,"href":"https:\/\/www.captcha.eu\/it\/wp-json\/wp\/v2\/users\/1"}],"replies":[{"embeddable":true,"href":"https:\/\/www.captcha.eu\/it\/wp-json\/wp\/v2\/comments?post=649"}],"version-history":[{"count":3,"href":"https:\/\/www.captcha.eu\/it\/wp-json\/wp\/v2\/pages\/649\/revisions"}],"predecessor-version":[{"id":2596,"href":"https:\/\/www.captcha.eu\/it\/wp-json\/wp\/v2\/pages\/649\/revisions\/2596"}],"wp:attachment":[{"href":"https:\/\/www.captcha.eu\/it\/wp-json\/wp\/v2\/media?parent=649"}],"curies":[{"name":"scrivere","href":"https:\/\/api.w.org\/{rel}","templated":true}]}}