{"id":1930,"date":"2025-04-23T08:29:40","date_gmt":"2025-04-23T08:29:40","guid":{"rendered":"https:\/\/www.captcha.eu\/?page_id=1930"},"modified":"2025-04-23T08:29:41","modified_gmt":"2025-04-23T08:29:41","slug":"modulo-di-contatto-con-protezione-antispam","status":"publish","type":"page","link":"https:\/\/www.captcha.eu\/it\/modulo-di-contatto-con-protezione-antispam\/","title":{"rendered":"Protezione antispam efficace per i moduli di contatto"},"content":{"rendered":"<p>I moduli di contatto sono uno degli elementi pi\u00f9 importanti di qualsiasi sito web. Fungono da canale di comunicazione diretto tra i visitatori e i gestori del sito, che si tratti di richieste, assistenza clienti o opportunit\u00e0 commerciali. Tuttavia, questi moduli sono spesso bersaglio di bot automatici che inviano grandi volumi di messaggi spam. Pertanto, \u00e8 essenziale che i proprietari di siti web proteggano i propri moduli da tali attacchi, idealmente con una soluzione intuitiva e conforme alla privacy.<\/p>\n\n\n\n<figure class=\"wp-block-image size-large is-resized\"><img data-dominant-color=\"7e8dc3\" data-has-transparency=\"false\" loading=\"lazy\" decoding=\"async\" width=\"1024\" height=\"576\" sizes=\"auto, (max-width: 1024px) 100vw, 1024px\" src=\"https:\/\/www.captcha.eu\/wp-content\/uploads\/2025\/04\/Design-ohne-Titel9-1024x576.png\" alt=\"Un&#039;illustrazione vettoriale piatta di un computer portatile con un modulo di contatto e un robot frustrato alle prese con un CAPTCHA.\" class=\"wp-image-1932 not-transparent\" style=\"--dominant-color: #7e8dc3; width:1180px;height:auto\" srcset=\"https:\/\/www.captcha.eu\/wp-content\/uploads\/2025\/04\/Design-ohne-Titel9-1024x576.png 1024w, https:\/\/www.captcha.eu\/wp-content\/uploads\/2025\/04\/Design-ohne-Titel9-300x169.png 300w, https:\/\/www.captcha.eu\/wp-content\/uploads\/2025\/04\/Design-ohne-Titel9-768x432.png 768w, https:\/\/www.captcha.eu\/wp-content\/uploads\/2025\/04\/Design-ohne-Titel9-1536x864.png 1536w, https:\/\/www.captcha.eu\/wp-content\/uploads\/2025\/04\/Design-ohne-Titel9-18x10.png 18w, https:\/\/www.captcha.eu\/wp-content\/uploads\/2025\/04\/Design-ohne-Titel9.png 1920w\" \/><figcaption class=\"wp-element-caption\">Generato da Google Gemini<\/figcaption><\/figure>\n\n\n\n<div class=\"wp-block-yoast-seo-table-of-contents yoast-table-of-contents\"><h2>Sommario<\/h2><ul><li><a href=\"#h-why-are-contact-forms-vulnerable-to-spam\" data-level=\"3\">Perch\u00e9 i moduli di contatto sono vulnerabili allo spam?<\/a><\/li><li><a href=\"#h-common-spam-protection-for-contact-forms-their-strengths-and-limitations\" data-level=\"3\">Protezione antispam comune per i moduli di contatto: punti di forza e limiti<\/a><\/li><li><a href=\"#h-invisible-captcha-a-modern-approach-to-bot-detection\" data-level=\"3\">CAPTCHA invisibile: un approccio moderno al rilevamento dei bot<\/a><\/li><li><a href=\"#h-european-alternatives-captcha-eu-as-a-privacy-friendly-solution\" data-level=\"3\">Alternative europee: Captcha.eu come soluzione rispettosa della privacy<\/a><\/li><li><a href=\"#h-conclusion-strong-spam-protection-starts-with-the-right-tools\" data-level=\"3\">Conclusione: una protezione antispam efficace inizia con gli strumenti giusti<\/a><\/li><\/ul><\/div>\n\n\n\n<h3 class=\"wp-block-heading\" id=\"h-why-are-contact-forms-vulnerable-to-spam\">Perch\u00e9 i moduli di contatto sono vulnerabili allo spam?<\/h3>\n\n\n\n<p>I bot scansionano costantemente Internet alla ricerca di moduli non protetti. Una volta trovato, lo usano per inondare le caselle di posta con spam, messaggi di phishing o link dannosi. I moduli privi di adeguate misure di sicurezza diventano bersagli facili. Persino le misure di sicurezza pi\u00f9 comuni, come i CAPTCHA di base, spesso non riescono a fermare i bot pi\u00f9 avanzati di oggi. Ecco perch\u00e9 una protezione efficace e intelligente non \u00e8 solo utile, \u00e8 essenziale. E deve andare di pari passo con la facilit\u00e0 d&#039;uso e il rispetto delle normative sulla privacy.<\/p>\n\n\n\n<h3 class=\"wp-block-heading\">Cosa rende un modulo di contatto davvero efficace?<\/h3>\n\n\n\n<p>Un modulo di contatto davvero efficace non si limita a raccogliere richieste: crea un&#039;esperienza utente fluida e senza intoppi. I visitatori dovrebbero poter inviare i loro messaggi facilmente, senza incorrere in attivit\u00e0 complesse o ostacoli. Allo stesso tempo, il modulo deve bloccare efficacemente lo spam senza compromettere l&#039;usabilit\u00e0 o violare le leggi sulla protezione dei dati. La scelta della giusta tecnologia anti-spam \u00e8 fondamentale: idealmente, dovrebbe funzionare silenziosamente in background, evitare di elaborare i dati personali degli utenti e distinguere accuratamente le persone reali dai bot.<\/p>\n\n\n\n<p>La scelta della tecnologia antispam gioca un ruolo cruciale. Idealmente, dovrebbe operare silenziosamente in background, evitare di raccogliere dati personali degli utenti e comunque distinguere accuratamente tra umani e bot.<\/p>\n\n\n\n<h3 class=\"wp-block-heading\" id=\"h-common-spam-protection-for-contact-forms-their-strengths-and-limitations\">Protezione antispam comune per i moduli di contatto: punti di forza e limiti<\/h3>\n\n\n\n<p><strong>Filtri di parole<\/strong><br>Un metodo di base consiste nel filtrare parole specifiche spesso associate allo spam, come &quot;casin\u00f2&quot;, &quot;cripto&quot; o &quot;adulti&quot;. Sebbene facile da implementare, questo approccio \u00e8 soggetto a falsi positivi e pu\u00f2 essere aggirato facilmente dai bot antispam utilizzando piccole varianti.<\/p>\n\n\n\n<p><strong>Honeypot<\/strong><br>Si tratta di campi nascosti visibili solo ai bot. Se un bot riempie il campo invisibile, viene identificato e bloccato. Sebbene concettualmente eleganti, gli honeypot non sono pi\u00f9 efficaci contro i bot pi\u00f9 sofisticati in grado di rilevarli ed evitarli.<\/p>\n\n\n\n<p><strong>CAPTCHA tradizionali<\/strong><br>I CAPTCHA mettono alla prova gli utenti con compiti come l&#039;identificazione di immagini o la risoluzione di problemi matematici. Pur offrendo protezione, spesso risultano disagevoli, poco intuitivi per gli utenti con disabilit\u00e0 e potrebbero non essere conformi ai requisiti sulla privacy dei dati a causa delle pratiche di raccolta dei dati.<\/p>\n\n\n\n<p><strong>Validazione basata sul tempo<\/strong><br>Questo metodo rileva i bot misurando la velocit\u00e0 di invio di un modulo. Se qualcuno compila un modulo in pochi secondi, \u00e8 un chiaro segno di un comportamento automatizzato. Poich\u00e9 la maggior parte degli esseri umani ha bisogno di pi\u00f9 tempo, il sistema segnala gli invii insolitamente rapidi e li blocca senza influire sugli utenti autentici.<\/p>\n\n\n\n<p><strong>Validazione basata su JavaScript<\/strong><br>Questo approccio blocca i bot richiedendo JavaScript per completare la procedura del modulo. Quando il modulo funziona solo con JavaScript abilitato, la maggior parte dei bot di base viene filtrata automaticamente. Sebbene questo metodo offra una protezione elevata, richiede una configurazione tecnicamente valida e potrebbe non bloccare i bot avanzati in grado di eseguire script.<\/p>\n\n\n\n<p><strong>Doppio opt-in<\/strong><br>Questa strategia aggiunge un ulteriore livello di verifica. Dopo che un utente invia un modulo, il sistema invia un&#039;email di conferma. Solo quando l&#039;utente clicca sul link, il sistema elabora il messaggio. Questo garantisce che il contatto sia reale e protegge sia gli utenti che gli amministratori da spam e invii falsi.<\/p>\n\n\n\n<p><strong>Limitazione della velocit\u00e0 IP<\/strong><br>Questa tattica controlla la frequenza con cui un utente pu\u00f2 inviare un modulo dallo stesso indirizzo IP. Se vengono inviati troppi moduli in poco tempo, il sistema limita gli ulteriori invii. Riduce efficacemente le ondate di spam e gli attacchi bot, consentendo comunque agli utenti reali di interagire senza problemi.<\/p>\n\n\n\n<p><strong>Tokenizzazione JavaScript<\/strong><br>Questa tecnica utilizza JavaScript per generare un token univoco al caricamento del modulo. Durante l&#039;invio, il sistema verifica il token lato server. I bot che non possono eseguire script non saranno in grado di generare il token, quindi i loro invii vengono automaticamente rifiutati.<\/p>\n\n\n\n<p><strong>Analisi comportamentale<\/strong><br>I moderni strumenti antispam possono analizzare i movimenti del mouse, gli schemi di scorrimento e il comportamento dei clic per determinare se un utente reale o un bot sta interagendo con il modulo, il tutto senza l&#039;interazione dell&#039;utente.<\/p>\n\n\n\n<h3 class=\"wp-block-heading\" id=\"h-invisible-captcha-a-modern-approach-to-bot-detection\">CAPTCHA invisibile: un approccio moderno al rilevamento dei bot<\/h3>\n\n\n\n<p>I CAPTCHA invisibili operano silenziosamente in background e valutano i modelli comportamentali per determinare se un visitatore \u00e8 un essere umano. Questo approccio migliora notevolmente l&#039;esperienza utente, ma pu\u00f2 sollevare dubbi sulla gestione dei dati e sulla privacy, soprattutto se fornito da aziende con sede negli Stati Uniti.<\/p>\n\n\n\n<p>Questi servizi americani non sono intrinsecamente illegali, ma sono spesso oggetto di continue discussioni sulla privacy a causa dei potenziali trasferimenti di dati verso paesi terzi, che potrebbero comportare problemi di conformit\u00e0 al GDPR.<\/p>\n\n\n\n<h3 class=\"wp-block-heading\" id=\"h-european-alternatives-captcha-eu-as-a-privacy-friendly-solution\">Alternative europee: Captcha.eu come soluzione rispettosa della privacy<\/h3>\n\n\n\n<p><a href=\"https:\/\/www.captcha.eu\/it\/\">Captcha.eu<\/a> \u00e8 un servizio CAPTCHA sviluppato e ospitato in Austria, specificamente progettato per garantire privacy e accessibilit\u00e0. Elabora solo dati tecnici anonimizzati: non vengono raccolti n\u00e9 archiviati dati personali dell&#039;utente. Questo lo rende una soluzione altamente conforme al GDPR e a prova di futuro.<\/p>\n\n\n\n<p>Inoltre, <a href=\"https:\/\/www.captcha.eu\/it\/\">Captcha.eu<\/a> \u00e8 stato certificato senza barriere da T\u00dcV Austria e ha ricevuto la <a href=\"https:\/\/waca.at\/\">WACA<\/a> Certificato Silver. Ci\u00f2 garantisce la piena accessibilit\u00e0 per gli utenti con disabilit\u00e0 e lo posiziona come un&#039;opzione ideale in vista del prossimo <a href=\"https:\/\/commission.europa.eu\/strategy-and-policy\/policies\/justice-and-fundamental-rights\/disability\/union-equality-strategy-rights-persons-disabilities-2021-2030\/european-accessibility-act_en\">Legge europea sull&#039;accessibilit\u00e0<\/a>, che impone una maggiore inclusivit\u00e0 digitale.<\/p>\n\n\n\n<p><a href=\"https:\/\/www.captcha.eu\/it\/\">Captcha.eu<\/a> Funziona completamente in background, senza puzzle di immagini, caselle di controllo o clic aggiuntivi. Mentre gli utenti compilano il modulo, il modulo verifica silenziosamente la richiesta in base a diversi segnali tecnici. Il risultato \u00e8 un modulo di contatto intuitivo, accessibile e legalmente valido.<\/p>\n\n\n\n<h3 class=\"wp-block-heading\" id=\"h-conclusion-strong-spam-protection-starts-with-the-right-tools\">Conclusione: una protezione antispam efficace inizia con gli strumenti giusti<\/h3>\n\n\n\n<p>Un modulo di contatto ben progettato dovrebbe essere facile da usare, ma anche sicuro. E nell&#039;attuale contesto digitale, attento alla privacy, deve andare oltre il semplice blocco dei bot: deve anche rispettare i diritti degli utenti e garantire l&#039;inclusivit\u00e0.<\/p>\n\n\n\n<p>Tecniche tradizionali come filtri di parole e honeypot offrono una protezione di base, ma non sono sufficienti contro le moderne minacce spam. I CAPTCHA standard possono compromettere l&#039;esperienza utente e creare barriere all&#039;accessibilit\u00e0.<\/p>\n\n\n\n<p>Soluzioni innovative e conformi al GDPR come <a href=\"https:\/\/www.captcha.eu\/it\/\">Captcha.eu<\/a> Forniscono una risposta pi\u00f9 olistica: protezione invisibile dallo spam, nessun trattamento dei dati personali degli utenti e piena accessibilit\u00e0. Non solo riducono lo spam, ma migliorano anche l&#039;esperienza utente, la conformit\u00e0 legale e l&#039;inclusione digitale.<\/p>\n\n\n\n<p>Se stai cercando di proteggere il tuo modulo di contatto senza sacrificare la privacy o l&#039;usabilit\u00e0, <a href=\"https:\/\/www.captcha.eu\/it\/\">Captcha.eu<\/a> \u00e8 una scelta intelligente e proiettata al futuro.<\/p>\n\n\n\n<p><\/p>","protected":false},"excerpt":{"rendered":"<p>Contact forms are one of the most important elements on any website. They serve as a direct communication channel between visitors and site operators, whether for inquiries, customer support, or business opportunities. However, these forms are frequent targets for automated bots that send large volumes of spam messages. Therefore, it [&hellip;]<\/p>\n","protected":false},"author":1,"featured_media":1932,"parent":0,"menu_order":0,"comment_status":"closed","ping_status":"closed","template":"","meta":{"_acf_changed":false,"_eb_attr":"","footnotes":""},"class_list":["post-1930","page","type-page","status-publish","has-post-thumbnail","hentry"],"acf":[],"yoast_head":"<!-- This site is optimized with the Yoast SEO Premium plugin v27.0 (Yoast SEO v27.0) - https:\/\/yoast.com\/product\/yoast-seo-premium-wordpress\/ -->\n<title>Effective Spam Protection for Contact Forms<\/title>\n<meta name=\"description\" content=\"\ud83d\udd12\ufe0f How to secure your contact form from spam bots with effective methods like CAPTCHAs, honeypots, and alternatives such as Captcha.eu.\" \/>\n<meta name=\"robots\" content=\"index, follow, max-snippet:-1, max-image-preview:large, max-video-preview:-1\" \/>\n<link rel=\"canonical\" href=\"https:\/\/www.captcha.eu\/it\/modulo-di-contatto-con-protezione-antispam\/\" \/>\n<meta property=\"og:locale\" content=\"it_IT\" \/>\n<meta property=\"og:type\" content=\"article\" \/>\n<meta property=\"og:title\" content=\"Effective Spam Protection for Contact Forms\" \/>\n<meta property=\"og:description\" content=\"\ud83d\udd12\ufe0f How to secure your contact form from spam bots with effective methods like CAPTCHAs, honeypots, and alternatives such as Captcha.eu.\" \/>\n<meta property=\"og:url\" content=\"https:\/\/www.captcha.eu\/it\/modulo-di-contatto-con-protezione-antispam\/\" \/>\n<meta property=\"og:site_name\" content=\"captcha.eu\" \/>\n<meta property=\"article:modified_time\" content=\"2025-04-23T08:29:41+00:00\" \/>\n<meta property=\"og:image\" content=\"https:\/\/www.captcha.eu\/wp-content\/uploads\/2025\/04\/Design-ohne-Titel9.png\" \/>\n\t<meta property=\"og:image:width\" content=\"1920\" \/>\n\t<meta property=\"og:image:height\" content=\"1080\" \/>\n\t<meta property=\"og:image:type\" content=\"image\/png\" \/>\n<meta name=\"twitter:card\" content=\"summary_large_image\" \/>\n<meta name=\"twitter:site\" content=\"@captcha_eu\" \/>\n<meta name=\"twitter:label1\" content=\"Est. reading time\" \/>\n\t<meta name=\"twitter:data1\" content=\"5 minutes\" \/>\n<script type=\"application\/ld+json\" class=\"yoast-schema-graph\">{\"@context\":\"https:\/\/schema.org\",\"@graph\":[{\"@type\":\"WebPage\",\"@id\":\"https:\/\/www.captcha.eu\/contact-form-with-spam-protection\/\",\"url\":\"https:\/\/www.captcha.eu\/contact-form-with-spam-protection\/\",\"name\":\"Effective Spam Protection for Contact Forms\",\"isPartOf\":{\"@id\":\"https:\/\/www.captcha.eu\/#website\"},\"primaryImageOfPage\":{\"@id\":\"https:\/\/www.captcha.eu\/contact-form-with-spam-protection\/#primaryimage\"},\"image\":{\"@id\":\"https:\/\/www.captcha.eu\/contact-form-with-spam-protection\/#primaryimage\"},\"thumbnailUrl\":\"https:\/\/www.captcha.eu\/wp-content\/uploads\/2025\/04\/Design-ohne-Titel9.png\",\"datePublished\":\"2025-04-23T08:29:40+00:00\",\"dateModified\":\"2025-04-23T08:29:41+00:00\",\"description\":\"\ud83d\udd12\ufe0f How to secure your contact form from spam bots with effective methods like CAPTCHAs, honeypots, and alternatives such as Captcha.eu.\",\"breadcrumb\":{\"@id\":\"https:\/\/www.captcha.eu\/contact-form-with-spam-protection\/#breadcrumb\"},\"inLanguage\":\"it-IT\",\"potentialAction\":[{\"@type\":\"ReadAction\",\"target\":[\"https:\/\/www.captcha.eu\/contact-form-with-spam-protection\/\"]}],\"accessibilityFeature\":[\"tableOfContents\"]},{\"@type\":\"ImageObject\",\"inLanguage\":\"it-IT\",\"@id\":\"https:\/\/www.captcha.eu\/contact-form-with-spam-protection\/#primaryimage\",\"url\":\"https:\/\/www.captcha.eu\/wp-content\/uploads\/2025\/04\/Design-ohne-Titel9.png\",\"contentUrl\":\"https:\/\/www.captcha.eu\/wp-content\/uploads\/2025\/04\/Design-ohne-Titel9.png\",\"width\":1920,\"height\":1080,\"caption\":\"Generated by Google Gemini\"},{\"@type\":\"BreadcrumbList\",\"@id\":\"https:\/\/www.captcha.eu\/contact-form-with-spam-protection\/#breadcrumb\",\"itemListElement\":[{\"@type\":\"ListItem\",\"position\":1,\"name\":\"Home\",\"item\":\"https:\/\/www.captcha.eu\/\"},{\"@type\":\"ListItem\",\"position\":2,\"name\":\"Effective Spam Protection for Contact Forms\"}]},{\"@type\":\"WebSite\",\"@id\":\"https:\/\/www.captcha.eu\/#website\",\"url\":\"https:\/\/www.captcha.eu\/\",\"name\":\"captcha.eu\",\"description\":\"The GDPR-compliant message protection | captcha.eu\",\"publisher\":{\"@id\":\"https:\/\/www.captcha.eu\/#organization\"},\"potentialAction\":[{\"@type\":\"SearchAction\",\"target\":{\"@type\":\"EntryPoint\",\"urlTemplate\":\"https:\/\/www.captcha.eu\/?s={search_term_string}\"},\"query-input\":{\"@type\":\"PropertyValueSpecification\",\"valueRequired\":true,\"valueName\":\"search_term_string\"}}],\"inLanguage\":\"it-IT\"},{\"@type\":\"Organization\",\"@id\":\"https:\/\/www.captcha.eu\/#organization\",\"name\":\"captcha.eu\",\"url\":\"https:\/\/www.captcha.eu\/\",\"logo\":{\"@type\":\"ImageObject\",\"inLanguage\":\"it-IT\",\"@id\":\"https:\/\/www.captcha.eu\/#\/schema\/logo\/image\/\",\"url\":\"https:\/\/www.captcha.eu\/wp-content\/uploads\/2024\/02\/Captcha_mono-C_Logo.svg\",\"contentUrl\":\"https:\/\/www.captcha.eu\/wp-content\/uploads\/2024\/02\/Captcha_mono-C_Logo.svg\",\"width\":24,\"height\":28,\"caption\":\"captcha.eu\"},\"image\":{\"@id\":\"https:\/\/www.captcha.eu\/#\/schema\/logo\/image\/\"},\"sameAs\":[\"https:\/\/x.com\/captcha_eu\"]}]}<\/script>\n<!-- \/ Yoast SEO Premium plugin. -->","yoast_head_json":{"title":"Protezione antispam efficace per i moduli di contatto","description":"\ud83d\udd12\ufe0f Come proteggere il tuo modulo di contatto dai bot spam con metodi efficaci come CAPTCHA, honeypot e alternative come Captcha.eu.","robots":{"index":"index","follow":"follow","max-snippet":"max-snippet:-1","max-image-preview":"max-image-preview:large","max-video-preview":"max-video-preview:-1"},"canonical":"https:\/\/www.captcha.eu\/it\/modulo-di-contatto-con-protezione-antispam\/","og_locale":"it_IT","og_type":"article","og_title":"Effective Spam Protection for Contact Forms","og_description":"\ud83d\udd12\ufe0f How to secure your contact form from spam bots with effective methods like CAPTCHAs, honeypots, and alternatives such as Captcha.eu.","og_url":"https:\/\/www.captcha.eu\/it\/modulo-di-contatto-con-protezione-antispam\/","og_site_name":"captcha.eu","article_modified_time":"2025-04-23T08:29:41+00:00","og_image":[{"width":1920,"height":1080,"url":"https:\/\/www.captcha.eu\/wp-content\/uploads\/2025\/04\/Design-ohne-Titel9.png","type":"image\/png"}],"twitter_card":"summary_large_image","twitter_site":"@captcha_eu","twitter_misc":{"Est. reading time":"5 minutes"},"schema":{"@context":"https:\/\/schema.org","@graph":[{"@type":"WebPage","@id":"https:\/\/www.captcha.eu\/contact-form-with-spam-protection\/","url":"https:\/\/www.captcha.eu\/contact-form-with-spam-protection\/","name":"Protezione antispam efficace per i moduli di contatto","isPartOf":{"@id":"https:\/\/www.captcha.eu\/#website"},"primaryImageOfPage":{"@id":"https:\/\/www.captcha.eu\/contact-form-with-spam-protection\/#primaryimage"},"image":{"@id":"https:\/\/www.captcha.eu\/contact-form-with-spam-protection\/#primaryimage"},"thumbnailUrl":"https:\/\/www.captcha.eu\/wp-content\/uploads\/2025\/04\/Design-ohne-Titel9.png","datePublished":"2025-04-23T08:29:40+00:00","dateModified":"2025-04-23T08:29:41+00:00","description":"\ud83d\udd12\ufe0f Come proteggere il tuo modulo di contatto dai bot spam con metodi efficaci come CAPTCHA, honeypot e alternative come Captcha.eu.","breadcrumb":{"@id":"https:\/\/www.captcha.eu\/contact-form-with-spam-protection\/#breadcrumb"},"inLanguage":"it-IT","potentialAction":[{"@type":"ReadAction","target":["https:\/\/www.captcha.eu\/contact-form-with-spam-protection\/"]}],"accessibilityFeature":["tableOfContents"]},{"@type":"ImageObject","inLanguage":"it-IT","@id":"https:\/\/www.captcha.eu\/contact-form-with-spam-protection\/#primaryimage","url":"https:\/\/www.captcha.eu\/wp-content\/uploads\/2025\/04\/Design-ohne-Titel9.png","contentUrl":"https:\/\/www.captcha.eu\/wp-content\/uploads\/2025\/04\/Design-ohne-Titel9.png","width":1920,"height":1080,"caption":"Generated by Google Gemini"},{"@type":"BreadcrumbList","@id":"https:\/\/www.captcha.eu\/contact-form-with-spam-protection\/#breadcrumb","itemListElement":[{"@type":"ListItem","position":1,"name":"Home","item":"https:\/\/www.captcha.eu\/"},{"@type":"ListItem","position":2,"name":"Effective Spam Protection for Contact Forms"}]},{"@type":"WebSite","@id":"https:\/\/www.captcha.eu\/#website","url":"https:\/\/www.captcha.eu\/","name":"captcha.eu","description":"La protezione dei messaggi conforme al GDPR | captcha.eu","publisher":{"@id":"https:\/\/www.captcha.eu\/#organization"},"potentialAction":[{"@type":"SearchAction","target":{"@type":"EntryPoint","urlTemplate":"https:\/\/www.captcha.eu\/?s={search_term_string}"},"query-input":{"@type":"PropertyValueSpecification","valueRequired":true,"valueName":"search_term_string"}}],"inLanguage":"it-IT"},{"@type":"Organization","@id":"https:\/\/www.captcha.eu\/#organization","name":"captcha.eu","url":"https:\/\/www.captcha.eu\/","logo":{"@type":"ImageObject","inLanguage":"it-IT","@id":"https:\/\/www.captcha.eu\/#\/schema\/logo\/image\/","url":"https:\/\/www.captcha.eu\/wp-content\/uploads\/2024\/02\/Captcha_mono-C_Logo.svg","contentUrl":"https:\/\/www.captcha.eu\/wp-content\/uploads\/2024\/02\/Captcha_mono-C_Logo.svg","width":24,"height":28,"caption":"captcha.eu"},"image":{"@id":"https:\/\/www.captcha.eu\/#\/schema\/logo\/image\/"},"sameAs":["https:\/\/x.com\/captcha_eu"]}]}},"pbg_featured_image_src":{"full":["https:\/\/www.captcha.eu\/wp-content\/uploads\/2025\/04\/Design-ohne-Titel9.png",1920,1080,false],"thumbnail":["https:\/\/www.captcha.eu\/wp-content\/uploads\/2025\/04\/Design-ohne-Titel9-150x150.png",150,150,true],"medium":["https:\/\/www.captcha.eu\/wp-content\/uploads\/2025\/04\/Design-ohne-Titel9-300x169.png",300,169,true],"medium_large":["https:\/\/www.captcha.eu\/wp-content\/uploads\/2025\/04\/Design-ohne-Titel9-768x432.png",768,432,true],"large":["https:\/\/www.captcha.eu\/wp-content\/uploads\/2025\/04\/Design-ohne-Titel9-1024x576.png",1024,576,true],"1536x1536":["https:\/\/www.captcha.eu\/wp-content\/uploads\/2025\/04\/Design-ohne-Titel9-1536x864.png",1536,864,true],"2048x2048":["https:\/\/www.captcha.eu\/wp-content\/uploads\/2025\/04\/Design-ohne-Titel9.png",1920,1080,false],"trp-custom-language-flag":["https:\/\/www.captcha.eu\/wp-content\/uploads\/2025\/04\/Design-ohne-Titel9-18x10.png",18,10,true]},"pbg_author_info":{"display_name":"Captcha","author_link":"https:\/\/www.captcha.eu\/it\/author\/admin\/","author_img":"<img alt='Captcha' src='https:\/\/secure.gravatar.com\/avatar\/48b669a092d552f5f30202f8da848c93fa4c54f8c2b3167568ed5cbccbe4994a?s=128&#038;d=mm&#038;r=g' srcset='https:\/\/secure.gravatar.com\/avatar\/48b669a092d552f5f30202f8da848c93fa4c54f8c2b3167568ed5cbccbe4994a?s=256&#038;d=mm&#038;r=g 2x' class='avatar avatar-128 photo' height='128' width='128' loading='lazy' decoding='async'\/>"},"pbg_comment_info":" No Comments","pbg_excerpt":"Contact forms are one of the most important elements on any website. They serve as a direct communication channel between visitors and site operators, whether for inquiries, customer support, or business opportunities. However, these forms are frequent targets for automated bots that send large volumes of spam messages. Therefore, it [&hellip;]","_links":{"self":[{"href":"https:\/\/www.captcha.eu\/it\/wp-json\/wp\/v2\/pages\/1930","targetHints":{"allow":["GET"]}}],"collection":[{"href":"https:\/\/www.captcha.eu\/it\/wp-json\/wp\/v2\/pages"}],"about":[{"href":"https:\/\/www.captcha.eu\/it\/wp-json\/wp\/v2\/types\/page"}],"author":[{"embeddable":true,"href":"https:\/\/www.captcha.eu\/it\/wp-json\/wp\/v2\/users\/1"}],"replies":[{"embeddable":true,"href":"https:\/\/www.captcha.eu\/it\/wp-json\/wp\/v2\/comments?post=1930"}],"version-history":[{"count":2,"href":"https:\/\/www.captcha.eu\/it\/wp-json\/wp\/v2\/pages\/1930\/revisions"}],"predecessor-version":[{"id":1934,"href":"https:\/\/www.captcha.eu\/it\/wp-json\/wp\/v2\/pages\/1930\/revisions\/1934"}],"wp:featuredmedia":[{"embeddable":true,"href":"https:\/\/www.captcha.eu\/it\/wp-json\/wp\/v2\/media\/1932"}],"wp:attachment":[{"href":"https:\/\/www.captcha.eu\/it\/wp-json\/wp\/v2\/media?parent=1930"}],"curies":[{"name":"scrivere","href":"https:\/\/api.w.org\/{rel}","templated":true}]}}