{"id":1807,"date":"2025-03-13T11:56:58","date_gmt":"2025-03-13T11:56:58","guid":{"rendered":"https:\/\/www.captcha.eu\/?page_id=1807"},"modified":"2025-03-21T10:37:24","modified_gmt":"2025-03-21T10:37:24","slug":"accessibilita-web","status":"publish","type":"page","link":"https:\/\/www.captcha.eu\/it\/accessibilita-web\/","title":{"rendered":"La nostra soluzione captcha \u00e8 certificata senza barriere!"},"content":{"rendered":"<p>La nostra applicazione Captcha ha ottenuto il certificato Web Accessibility Certificate Austria (WACA) livello argento da T\u00dcV Austria.<\/p>\n\n\n\n<figure class=\"wp-block-image size-large is-resized\"><img data-dominant-color=\"e5e5e5\" data-has-transparency=\"true\" loading=\"lazy\" decoding=\"async\" width=\"1024\" height=\"489\" sizes=\"auto, (max-width: 413px) 100vw, 413px\" src=\"https:\/\/www.captcha.eu\/wp-content\/uploads\/2025\/03\/WACA_Badge_Silver_2025_Captcha_GmbH-1024x489.png\" alt=\"\" class=\"wp-image-1866 has-transparency\" style=\"--dominant-color: #e5e5e5; width:413px;height:auto\" srcset=\"https:\/\/www.captcha.eu\/wp-content\/uploads\/2025\/03\/WACA_Badge_Silver_2025_Captcha_GmbH-1024x489.png 1024w, https:\/\/www.captcha.eu\/wp-content\/uploads\/2025\/03\/WACA_Badge_Silver_2025_Captcha_GmbH-300x143.png 300w, https:\/\/www.captcha.eu\/wp-content\/uploads\/2025\/03\/WACA_Badge_Silver_2025_Captcha_GmbH-768x367.png 768w, https:\/\/www.captcha.eu\/wp-content\/uploads\/2025\/03\/WACA_Badge_Silver_2025_Captcha_GmbH-1536x733.png 1536w, https:\/\/www.captcha.eu\/wp-content\/uploads\/2025\/03\/WACA_Badge_Silver_2025_Captcha_GmbH-2048x977.png 2048w, https:\/\/www.captcha.eu\/wp-content\/uploads\/2025\/03\/WACA_Badge_Silver_2025_Captcha_GmbH-18x9.png 18w\" \/><\/figure>\n\n\n\n<p>Ci\u00f2 significa che la nostra soluzione soddisfa i requisiti di accessibilit\u00e0 WCAG 2.2 \u2013 AA in misura molto elevata ed \u00e8 quindi accessibile a tutti. Stiamo quindi inviando un chiaro segnale per l&#039;inclusione digitale e rafforzando il nostro impegno per consentire a tutti di utilizzare i servizi digitali su un piano di parit\u00e0.<\/p>\n\n\n\n<p class=\"has-tiny-font-size\" style=\"margin-top:var(--wp--preset--spacing--30);margin-bottom:var(--wp--preset--spacing--30)\"><em>La certificazione si riferisce alla nostra applicazione, installata sulla pagina di prova: captcha.eu\/test-2-2 e non al sito web captcha.eu. I moduli o i pulsanti di invio sulle pagine di prova e dei clienti non sono stati inclusi nel test, poich\u00e9 non fanno parte dell&#039;applicazione captcha.eu, ma sono creati dal rispettivo cliente.<\/em><\/p>\n\n\n\n<blockquote class=\"wp-block-quote is-layout-flow wp-block-quote-is-layout-flow\">\n<p>&quot;Come fornitore austriaco di una soluzione captcha accessibile e conforme al GDPR, consideriamo nostra responsabilit\u00e0 rendere Internet accessibile a tutti. L&#039;accessibilit\u00e0 non \u00e8 un componente aggiuntivo, ma una parte essenziale della nostra filosofia. Il nostro obiettivo \u00e8 offrire a tutti gli utenti, indipendentemente dalle limitazioni individuali, un&#039;interazione sicura e semplice con i nostri clienti&quot;<\/p>\n<\/blockquote>\n\n\n\n<p class=\"has-small-font-size\" style=\"margin-top:var(--wp--preset--spacing--30);margin-bottom:var(--wp--preset--spacing--30)\">Manuel Rostorfer e Helmut Januschka, amministratori delegati di Captcha.eu<\/p>\n\n\n\n<p><strong>Accessibilit\u00e0 digitale: un vantaggio per tutti<\/strong><\/p>\n\n\n\n<p>Un Internet accessibile significa progettare contenuti e applicazioni digitali in modo tale che possano essere utilizzati da tutte le persone, indipendentemente dalle loro capacit\u00e0 o limitazioni individuali. Circa 1,7 milioni di persone in Austria vivono con disabilit\u00e0 temporanee o permanenti (fonte: Statistics Austria). Ma l&#039;accessibilit\u00e0 digitale va ben oltre la responsabilit\u00e0 sociale: migliora la facilit\u00e0 d&#039;uso per tutti e garantisce che tutti possano interagire con i servizi online in modo intuitivo e senza barriere. La nostra soluzione captcha aiuta a rendere gli spazi digitali pi\u00f9 inclusivi, ottimizzando al contempo l&#039;esperienza utente sui siti web dei nostri clienti.<\/p>\n\n\n\n<p><strong>Quali criteri devono essere soddisfatti per ottenere il certificato di accessibilit\u00e0 web Austria nella categoria \u201cARGENTO\u201d?<\/strong><\/p>\n\n\n\n<ul class=\"wp-block-list\">\n<li>Il sito web\/applicazione soddisfa ampiamente i criteri di successo WCAG 2.2 AA<\/li>\n\n\n\n<li>L&#039;intero contenuto \u00e8 accessibile a tutti gli utenti<\/li>\n\n\n\n<li>Le funzionalit\u00e0 di base sono accessibili a tutti gli utenti senza restrizioni<\/li>\n\n\n\n<li>Parti delle funzionalit\u00e0 estese o opzionali sono pi\u00f9 scomode da usare per alcuni utenti, ma sono comunque accessibili<\/li>\n<\/ul>\n\n\n\n<iframe id=\"certificate_iframe\" title=\"Certificato WACA\" height=\"320\" width=\"450\" frameborder=\"0\"><\/iframe>\n<script>\n\twindow.onload = function() {\n\t\tdocument.getElementById('certificate_iframe').setAttribute(\"src\", \"https:\/\/einreichportal.waca.at\/certificate\/badge-v2.html?badge-size=small-vertical&domain=\"+window.location.hostname);\n\t}\n<\/script>\n\n\n\n<p>Per saperne di pi\u00f9:<br>Certificato di accessibilit\u00e0 web Austria<br>Web senza barriere<\/p>\n\n\n\n<p><\/p>","protected":false},"excerpt":{"rendered":"<p>Our Captcha application was awarded the Web Accessibility Certificate Austria (WACA) silver level by T\u00dcV Austria. This means that our solution meets the accessibility requirements of WCAG 2.2 &#8211; AA to a very high degree and is therefore accessible to everyone. We are thus sending out a clear signal for [&hellip;]<\/p>\n","protected":false},"author":1,"featured_media":1866,"parent":0,"menu_order":0,"comment_status":"closed","ping_status":"closed","template":"","meta":{"_acf_changed":false,"_eb_attr":"","footnotes":""},"class_list":["post-1807","page","type-page","status-publish","has-post-thumbnail","hentry"],"acf":[],"yoast_head":"<!-- This site is optimized with the Yoast SEO Premium plugin v27.0 (Yoast SEO v27.0) - https:\/\/yoast.com\/product\/yoast-seo-premium-wordpress\/ -->\n<title>Our captcha solution is barrier-free certified! - captcha.eu<\/title>\n<meta name=\"robots\" content=\"index, follow, max-snippet:-1, max-image-preview:large, max-video-preview:-1\" \/>\n<link rel=\"canonical\" href=\"https:\/\/www.captcha.eu\/it\/accessibilita-web\/\" \/>\n<meta property=\"og:locale\" content=\"it_IT\" \/>\n<meta property=\"og:type\" content=\"article\" \/>\n<meta property=\"og:title\" content=\"Our captcha solution is barrier-free certified!\" \/>\n<meta property=\"og:description\" content=\"Our Captcha application was awarded the Web Accessibility Certificate Austria (WACA) silver level by T\u00dcV Austria. This means that our solution meets the accessibility requirements of WCAG 2.2 &#8211; AA to a very high degree and is therefore accessible to everyone. We are thus sending out a clear signal for [&hellip;]\" \/>\n<meta property=\"og:url\" content=\"https:\/\/www.captcha.eu\/it\/accessibilita-web\/\" \/>\n<meta property=\"og:site_name\" content=\"captcha.eu\" \/>\n<meta property=\"article:modified_time\" content=\"2025-03-21T10:37:24+00:00\" \/>\n<meta property=\"og:image\" content=\"https:\/\/www.captcha.eu\/wp-content\/uploads\/2025\/03\/WACA_Badge_Silver_2025_Captcha_GmbH.png\" \/>\n\t<meta property=\"og:image:width\" content=\"3139\" \/>\n\t<meta property=\"og:image:height\" content=\"1498\" \/>\n\t<meta property=\"og:image:type\" content=\"image\/png\" \/>\n<meta name=\"twitter:card\" content=\"summary_large_image\" \/>\n<meta name=\"twitter:site\" content=\"@captcha_eu\" \/>\n<meta name=\"twitter:label1\" content=\"Est. reading time\" \/>\n\t<meta name=\"twitter:data1\" content=\"2 minutes\" \/>\n<script type=\"application\/ld+json\" class=\"yoast-schema-graph\">{\"@context\":\"https:\/\/schema.org\",\"@graph\":[{\"@type\":\"WebPage\",\"@id\":\"https:\/\/www.captcha.eu\/web-accessibility\/\",\"url\":\"https:\/\/www.captcha.eu\/web-accessibility\/\",\"name\":\"Our captcha solution is barrier-free certified! - captcha.eu\",\"isPartOf\":{\"@id\":\"https:\/\/www.captcha.eu\/#website\"},\"primaryImageOfPage\":{\"@id\":\"https:\/\/www.captcha.eu\/web-accessibility\/#primaryimage\"},\"image\":{\"@id\":\"https:\/\/www.captcha.eu\/web-accessibility\/#primaryimage\"},\"thumbnailUrl\":\"https:\/\/www.captcha.eu\/wp-content\/uploads\/2025\/03\/WACA_Badge_Silver_2025_Captcha_GmbH.png\",\"datePublished\":\"2025-03-13T11:56:58+00:00\",\"dateModified\":\"2025-03-21T10:37:24+00:00\",\"breadcrumb\":{\"@id\":\"https:\/\/www.captcha.eu\/web-accessibility\/#breadcrumb\"},\"inLanguage\":\"it-IT\",\"potentialAction\":[{\"@type\":\"ReadAction\",\"target\":[\"https:\/\/www.captcha.eu\/web-accessibility\/\"]}]},{\"@type\":\"ImageObject\",\"inLanguage\":\"it-IT\",\"@id\":\"https:\/\/www.captcha.eu\/web-accessibility\/#primaryimage\",\"url\":\"https:\/\/www.captcha.eu\/wp-content\/uploads\/2025\/03\/WACA_Badge_Silver_2025_Captcha_GmbH.png\",\"contentUrl\":\"https:\/\/www.captcha.eu\/wp-content\/uploads\/2025\/03\/WACA_Badge_Silver_2025_Captcha_GmbH.png\",\"width\":3139,\"height\":1498},{\"@type\":\"BreadcrumbList\",\"@id\":\"https:\/\/www.captcha.eu\/web-accessibility\/#breadcrumb\",\"itemListElement\":[{\"@type\":\"ListItem\",\"position\":1,\"name\":\"Home\",\"item\":\"https:\/\/www.captcha.eu\/\"},{\"@type\":\"ListItem\",\"position\":2,\"name\":\"Our captcha solution is barrier-free certified!\"}]},{\"@type\":\"WebSite\",\"@id\":\"https:\/\/www.captcha.eu\/#website\",\"url\":\"https:\/\/www.captcha.eu\/\",\"name\":\"captcha.eu\",\"description\":\"The GDPR-compliant message protection | captcha.eu\",\"publisher\":{\"@id\":\"https:\/\/www.captcha.eu\/#organization\"},\"potentialAction\":[{\"@type\":\"SearchAction\",\"target\":{\"@type\":\"EntryPoint\",\"urlTemplate\":\"https:\/\/www.captcha.eu\/?s={search_term_string}\"},\"query-input\":{\"@type\":\"PropertyValueSpecification\",\"valueRequired\":true,\"valueName\":\"search_term_string\"}}],\"inLanguage\":\"it-IT\"},{\"@type\":\"Organization\",\"@id\":\"https:\/\/www.captcha.eu\/#organization\",\"name\":\"captcha.eu\",\"url\":\"https:\/\/www.captcha.eu\/\",\"logo\":{\"@type\":\"ImageObject\",\"inLanguage\":\"it-IT\",\"@id\":\"https:\/\/www.captcha.eu\/#\/schema\/logo\/image\/\",\"url\":\"https:\/\/www.captcha.eu\/wp-content\/uploads\/2024\/02\/Captcha_mono-C_Logo.svg\",\"contentUrl\":\"https:\/\/www.captcha.eu\/wp-content\/uploads\/2024\/02\/Captcha_mono-C_Logo.svg\",\"width\":24,\"height\":28,\"caption\":\"captcha.eu\"},\"image\":{\"@id\":\"https:\/\/www.captcha.eu\/#\/schema\/logo\/image\/\"},\"sameAs\":[\"https:\/\/x.com\/captcha_eu\"]}]}<\/script>\n<!-- \/ Yoast SEO Premium plugin. -->","yoast_head_json":{"title":"La nostra soluzione captcha \u00e8 certificata senza barriere! - captcha.eu","robots":{"index":"index","follow":"follow","max-snippet":"max-snippet:-1","max-image-preview":"max-image-preview:large","max-video-preview":"max-video-preview:-1"},"canonical":"https:\/\/www.captcha.eu\/it\/accessibilita-web\/","og_locale":"it_IT","og_type":"article","og_title":"Our captcha solution is barrier-free certified!","og_description":"Our Captcha application was awarded the Web Accessibility Certificate Austria (WACA) silver level by T\u00dcV Austria. This means that our solution meets the accessibility requirements of WCAG 2.2 &#8211; AA to a very high degree and is therefore accessible to everyone. We are thus sending out a clear signal for [&hellip;]","og_url":"https:\/\/www.captcha.eu\/it\/accessibilita-web\/","og_site_name":"captcha.eu","article_modified_time":"2025-03-21T10:37:24+00:00","og_image":[{"width":3139,"height":1498,"url":"https:\/\/www.captcha.eu\/wp-content\/uploads\/2025\/03\/WACA_Badge_Silver_2025_Captcha_GmbH.png","type":"image\/png"}],"twitter_card":"summary_large_image","twitter_site":"@captcha_eu","twitter_misc":{"Est. reading time":"2 minutes"},"schema":{"@context":"https:\/\/schema.org","@graph":[{"@type":"WebPage","@id":"https:\/\/www.captcha.eu\/web-accessibility\/","url":"https:\/\/www.captcha.eu\/web-accessibility\/","name":"La nostra soluzione captcha \u00e8 certificata senza barriere! - captcha.eu","isPartOf":{"@id":"https:\/\/www.captcha.eu\/#website"},"primaryImageOfPage":{"@id":"https:\/\/www.captcha.eu\/web-accessibility\/#primaryimage"},"image":{"@id":"https:\/\/www.captcha.eu\/web-accessibility\/#primaryimage"},"thumbnailUrl":"https:\/\/www.captcha.eu\/wp-content\/uploads\/2025\/03\/WACA_Badge_Silver_2025_Captcha_GmbH.png","datePublished":"2025-03-13T11:56:58+00:00","dateModified":"2025-03-21T10:37:24+00:00","breadcrumb":{"@id":"https:\/\/www.captcha.eu\/web-accessibility\/#breadcrumb"},"inLanguage":"it-IT","potentialAction":[{"@type":"ReadAction","target":["https:\/\/www.captcha.eu\/web-accessibility\/"]}]},{"@type":"ImageObject","inLanguage":"it-IT","@id":"https:\/\/www.captcha.eu\/web-accessibility\/#primaryimage","url":"https:\/\/www.captcha.eu\/wp-content\/uploads\/2025\/03\/WACA_Badge_Silver_2025_Captcha_GmbH.png","contentUrl":"https:\/\/www.captcha.eu\/wp-content\/uploads\/2025\/03\/WACA_Badge_Silver_2025_Captcha_GmbH.png","width":3139,"height":1498},{"@type":"BreadcrumbList","@id":"https:\/\/www.captcha.eu\/web-accessibility\/#breadcrumb","itemListElement":[{"@type":"ListItem","position":1,"name":"Home","item":"https:\/\/www.captcha.eu\/"},{"@type":"ListItem","position":2,"name":"Our captcha solution is barrier-free certified!"}]},{"@type":"WebSite","@id":"https:\/\/www.captcha.eu\/#website","url":"https:\/\/www.captcha.eu\/","name":"captcha.eu","description":"La protezione dei messaggi conforme al GDPR | captcha.eu","publisher":{"@id":"https:\/\/www.captcha.eu\/#organization"},"potentialAction":[{"@type":"SearchAction","target":{"@type":"EntryPoint","urlTemplate":"https:\/\/www.captcha.eu\/?s={search_term_string}"},"query-input":{"@type":"PropertyValueSpecification","valueRequired":true,"valueName":"search_term_string"}}],"inLanguage":"it-IT"},{"@type":"Organization","@id":"https:\/\/www.captcha.eu\/#organization","name":"captcha.eu","url":"https:\/\/www.captcha.eu\/","logo":{"@type":"ImageObject","inLanguage":"it-IT","@id":"https:\/\/www.captcha.eu\/#\/schema\/logo\/image\/","url":"https:\/\/www.captcha.eu\/wp-content\/uploads\/2024\/02\/Captcha_mono-C_Logo.svg","contentUrl":"https:\/\/www.captcha.eu\/wp-content\/uploads\/2024\/02\/Captcha_mono-C_Logo.svg","width":24,"height":28,"caption":"captcha.eu"},"image":{"@id":"https:\/\/www.captcha.eu\/#\/schema\/logo\/image\/"},"sameAs":["https:\/\/x.com\/captcha_eu"]}]}},"pbg_featured_image_src":{"full":["https:\/\/www.captcha.eu\/wp-content\/uploads\/2025\/03\/WACA_Badge_Silver_2025_Captcha_GmbH.png",3139,1498,false],"thumbnail":["https:\/\/www.captcha.eu\/wp-content\/uploads\/2025\/03\/WACA_Badge_Silver_2025_Captcha_GmbH-150x150.png",150,150,true],"medium":["https:\/\/www.captcha.eu\/wp-content\/uploads\/2025\/03\/WACA_Badge_Silver_2025_Captcha_GmbH-300x143.png",300,143,true],"medium_large":["https:\/\/www.captcha.eu\/wp-content\/uploads\/2025\/03\/WACA_Badge_Silver_2025_Captcha_GmbH-768x367.png",768,367,true],"large":["https:\/\/www.captcha.eu\/wp-content\/uploads\/2025\/03\/WACA_Badge_Silver_2025_Captcha_GmbH-1024x489.png",1024,489,true],"1536x1536":["https:\/\/www.captcha.eu\/wp-content\/uploads\/2025\/03\/WACA_Badge_Silver_2025_Captcha_GmbH-1536x733.png",1536,733,true],"2048x2048":["https:\/\/www.captcha.eu\/wp-content\/uploads\/2025\/03\/WACA_Badge_Silver_2025_Captcha_GmbH-2048x977.png",2048,977,true],"trp-custom-language-flag":["https:\/\/www.captcha.eu\/wp-content\/uploads\/2025\/03\/WACA_Badge_Silver_2025_Captcha_GmbH-18x9.png",18,9,true]},"pbg_author_info":{"display_name":"Captcha","author_link":"https:\/\/www.captcha.eu\/it\/author\/admin\/","author_img":"<img alt='Captcha' src='https:\/\/secure.gravatar.com\/avatar\/48b669a092d552f5f30202f8da848c93fa4c54f8c2b3167568ed5cbccbe4994a?s=128&#038;d=mm&#038;r=g' srcset='https:\/\/secure.gravatar.com\/avatar\/48b669a092d552f5f30202f8da848c93fa4c54f8c2b3167568ed5cbccbe4994a?s=256&#038;d=mm&#038;r=g 2x' class='avatar avatar-128 photo' height='128' width='128' loading='lazy' decoding='async'\/>"},"pbg_comment_info":" No Comments","pbg_excerpt":"Our Captcha application was awarded the Web Accessibility Certificate Austria (WACA) silver level by T\u00dcV Austria. This means that our solution meets the accessibility requirements of WCAG 2.2 &#8211; AA to a very high degree and is therefore accessible to everyone. We are thus sending out a clear signal for [&hellip;]","_links":{"self":[{"href":"https:\/\/www.captcha.eu\/it\/wp-json\/wp\/v2\/pages\/1807","targetHints":{"allow":["GET"]}}],"collection":[{"href":"https:\/\/www.captcha.eu\/it\/wp-json\/wp\/v2\/pages"}],"about":[{"href":"https:\/\/www.captcha.eu\/it\/wp-json\/wp\/v2\/types\/page"}],"author":[{"embeddable":true,"href":"https:\/\/www.captcha.eu\/it\/wp-json\/wp\/v2\/users\/1"}],"replies":[{"embeddable":true,"href":"https:\/\/www.captcha.eu\/it\/wp-json\/wp\/v2\/comments?post=1807"}],"version-history":[{"count":15,"href":"https:\/\/www.captcha.eu\/it\/wp-json\/wp\/v2\/pages\/1807\/revisions"}],"predecessor-version":[{"id":1877,"href":"https:\/\/www.captcha.eu\/it\/wp-json\/wp\/v2\/pages\/1807\/revisions\/1877"}],"wp:featuredmedia":[{"embeddable":true,"href":"https:\/\/www.captcha.eu\/it\/wp-json\/wp\/v2\/media\/1866"}],"wp:attachment":[{"href":"https:\/\/www.captcha.eu\/it\/wp-json\/wp\/v2\/media?parent=1807"}],"curies":[{"name":"scrivere","href":"https:\/\/api.w.org\/{rel}","templated":true}]}}