{"id":1288,"date":"2024-08-30T07:50:04","date_gmt":"2024-08-30T07:50:04","guid":{"rendered":"https:\/\/www.captcha.eu\/?page_id=1288"},"modified":"2026-03-26T21:08:59","modified_gmt":"2026-03-26T21:08:59","slug":"plugin-captcha-per-typo3","status":"publish","type":"page","link":"https:\/\/www.captcha.eu\/it\/plugin-captcha-per-typo3\/","title":{"rendered":"Plugin CAPTCHA per TYPO3 - conforme a GDPR, senza cookie, ospitato in UE"},"content":{"rendered":"<div class=\"wp-block-essential-blocks-advanced-heading  root-eb-advance-heading-49g3a\"><div class=\"eb-parent-wrapper eb-parent-eb-advance-heading-49g3a\"><div class=\"eb-advance-heading-wrapper eb-advance-heading-49g3a button-1 undefined\" data-id=\"eb-advance-heading-49g3a\"><h2 class=\"eb-ah-title\"><span class=\"first-title\">Protezione di livello successivo. Facilmente integrabile.<\/span><\/h2><h3 class=\"eb-ah-subtitle\">Proteggi efficacemente il tuo sito da bot e spam<\/h3><div class=\"eb-ah-separator line\"><\/div><\/div><\/div><\/div>\n\n\n\n<div class=\"wp-block-media-text has-media-on-the-right is-stacked-on-mobile is-vertically-aligned-top\" style=\"grid-template-columns:auto 29%\"><div class=\"wp-block-media-text__content\">\n<p>Aggiungete un ulteriore livello di sicurezza al vostro sito TYPO3 con captcha.eu: Facile da integrare e pienamente conforme al GDPR, la nostra soluzione captcha di livello superiore per TYPO3 vi aiuta a tenere a bada spam e bot con un solo clic, senza dover pi\u00f9 risolvere rompicapi o spuntare caselle.<\/p>\n\n\n\n<div class=\"wp-block-essential-blocks-button root-eb-button-aoqhd\"><div class=\"eb-parent-wrapper eb-parent-eb-button-aoqhd\"><div class=\"eb-button-wrapper eb-button-alignment eb-button-aoqhd\"><div class=\"eb-button\"><div class=\"eb-button-inner-wrapper\"><a class=\"eb-button-anchor\" href=\"https:\/\/extensions.typo3.org\/extension\/captchaeu_typo3\" rel=\"noopener\">Ottieni il plugin<\/a><\/div><\/div><\/div><\/div><\/div>\n<\/div><figure class=\"wp-block-media-text__media\"><img loading=\"lazy\" decoding=\"async\" width=\"356\" height=\"205\" src=\"https:\/\/www.captcha.eu\/wp-content\/uploads\/2024\/02\/image-9.png\" alt=\"\" class=\"wp-image-730 size-full\" srcset=\"https:\/\/www.captcha.eu\/wp-content\/uploads\/2024\/02\/image-9.png 356w, https:\/\/www.captcha.eu\/wp-content\/uploads\/2024\/02\/image-9-300x173.png 300w, https:\/\/www.captcha.eu\/wp-content\/uploads\/2024\/02\/image-9-18x10.png 18w\" sizes=\"auto, (max-width: 356px) 100vw, 356px\" \/><\/figure><\/div>\n\n\n\n<p>A differenza di reCAPTCHA, captcha.eu non richiede il consenso dei cookie, non trasferisce dati agli Stati Uniti e si integra in TYPO3 Forms e PowerMail in quattro passaggi. TYPO3 \u00e8 il CMS scelto da migliaia di organizzazioni in Germania, Austria e Svizzera, dalle autorit\u00e0 pubbliche alle universit\u00e0, dai fornitori di servizi sanitari ai siti web aziendali. La maggior parte di esse ha una cosa in comune: la conformit\u00e0 al GDPR non \u00e8 facoltativa e l'utilizzo di Google reCAPTCHA su un sito TYPO3 potrebbe creare problemi reali. reCAPTCHA trasferisce i dati degli utenti ai server statunitensi, imposta cookie di tracciamento e richiede un banner di consenso su ogni modulo che tocca. captcha.eu \u00e8 stato costruito per risolvere esattamente questo problema. \u00c8 ospitato interamente in Austria, non elabora dati al di fuori dell'UE, non imposta cookie e non richiede il consenso per i cookie. Si integra direttamente in TYPO3 Forms e PowerMail, funziona in modo invisibile in background e possiede la certificazione WACA Silver del T\u00dcV Austria per la conformit\u00e0 all'accessibilit\u00e0 WCAG 2.2 AA.<\/p>\n\n\n\n<hr class=\"wp-block-separator has-alpha-channel-opacity\"\/>\n\n\n\n<h2 class=\"wp-block-heading has-large-font-size\" id=\"h-how-to-add-a-captcha-to-typo3\">Come aggiungere un captcha a TYPO3<\/h2>\n\n\n\n<p>Proteggi il tuo sito dal traffico indesiderato: il nostro <strong>elegante e potente<\/strong> Il plugin captcha per TYPO3 \u00e8 la soluzione definitiva per <strong>proteggi i tuoi moduli da spam e bot<\/strong> \u2013 tutto con un solo clic user-friendly. Ecco come impostare il plugin captcha.eu per TYPO3 PowerMail e Forms in pochi semplici passaggi:<\/p>\n\n\n\n<h2 class=\"wp-block-heading\" id=\"h-add-captcha-to-typo3-powermail\">Aggiungi captcha a TYPO3 PowerMail<\/h2>\n\n\n\n<div class=\"wp-block-columns is-layout-flex wp-container-core-columns-is-layout-28f84493 wp-block-columns-is-layout-flex\">\n<div class=\"wp-block-column is-layout-flow wp-block-column-is-layout-flow\" style=\"flex-basis:100%\">\n<div class=\"wp-block-group is-content-justification-left is-nowrap is-layout-flex wp-container-core-group-is-layout-a1ed96d5 wp-block-group-is-layout-flex\">\n<h2 class=\"wp-block-heading\" id=\"h-1\">1<\/h2>\n\n\n\n<p class=\"has-link-color wp-elements-583523a900518ae6f2ab43a53edc0ff8\"><a href=\"https:\/\/extensions.typo3.org\/extension\/captchaeu_powermail\">Scaricamento<\/a> l&#039;estensione captcha.eu TYPO3 PowerMail. Per installare il plugin, <strong>accedi al tuo backend TYPO3<\/strong> e vai al \u201c<strong>Responsabile delle estensioni<\/strong>\u201d modulo. Quindi fare clic su \u201c<strong>Caricamento<\/strong>&quot; e seleziona il file scaricato <strong>File ZIP o T3X<\/strong> che vorresti aggiungere. Se vuoi sovrascrivere un&#039;estensione esistente, attiva la casella di controllo. <strong>In alternativa<\/strong>, puoi installare il plugin <strong>tramite compositore<\/strong> digitando quanto segue nel file composer.json radice:<\/p>\n\n\n\n<p class=\"has-link-color wp-elements-0f544343277537831ff71d316c821319\"><\/p>\n<\/div>\n\n\n\n<pre class=\"wp-block-code\"><code>compositore req captcha-eu\/typo3-powermail<\/code><\/pre>\n\n\n\n<div class=\"wp-block-group is-content-justification-left is-nowrap is-layout-flex wp-container-core-group-is-layout-a1ed96d5 wp-block-group-is-layout-flex\">\n<h2 class=\"wp-block-heading\" id=\"h-2\">2<\/h2>\n\n\n\n<p class=\"has-link-color wp-elements-6c53c615d14a5051c2fb6275a363c26b\">Prossimo, <a href=\"http:\/\/www.captcha.eu\/it\/login\/\"><strong>creare un account Captcha.eu<\/strong><\/a>. Poi <strong>login<\/strong> e vai su &quot;domini&quot; nel tuo <a href=\"https:\/\/www.captcha.eu\/dashboard\/\">dashboard<\/a> A <strong>creare <\/strong>un nuovo <strong>dominio<\/strong>, ovvero il dominio che vuoi proteggere. Questo generer\u00e0 una chiave REST e una chiave pubblica, che ti serviranno per il passaggio successivo del processo di installazione. <\/p>\n<\/div>\n\n\n\n<div class=\"wp-block-group is-nowrap is-layout-flex wp-container-core-group-is-layout-6c531013 wp-block-group-is-layout-flex\">\n<h2 class=\"wp-block-heading\" id=\"h-3\">3<\/h2>\n\n\n\n<p class=\"has-link-color wp-elements-f54e88269349e61c983670ebe60044aa\">Copia la chiave REST e la chiave pubblica dalla dashboard captcha.eu e aggiungile alle tue costanti TypoScript:<\/p>\n<\/div>\n\n\n\n<pre class=\"wp-block-code\"><code>plugin.tx_captchaeu.publickey = 6LdsBBUTAAAAAAKMhI67inzeAvzBh5JdRRxlCwbTz plugin.tx_captchaeu.restkey = 6LdsBBUTAAAAAAKMhaaaainzeAvzBh5JdRRxlCwbyyw<\/code><\/pre>\n\n\n\n<div class=\"wp-block-group is-nowrap is-layout-flex wp-container-core-group-is-layout-6c531013 wp-block-group-is-layout-flex\">\n<h2 class=\"wp-block-heading\" id=\"h-4\">4<\/h2>\n\n\n\n<p class=\"has-link-color wp-elements-52bad61a958317138cbf8da51399d2c5\">Aggiungi un nuovo campo &quot;captcha.eu&quot; a tutti i moduli del tuo sito che desideri proteggere con captcha. Questo campo pu\u00f2 essere aggiunto ovunque e non \u00e8 vincolato a una posizione fissa, poich\u00e9 non sar\u00e0 visibile nel frontend.<\/p>\n<\/div>\n\n\n\n<figure class=\"wp-block-image size-large is-resized\"><img decoding=\"async\" src=\"https:\/\/docs.captcha.eu\/files\/typo3\/powermail.png\" alt=\"\" style=\"width:1176px;height:auto\"\/><\/figure>\n\n\n\n<p><strong>Questo \u00e8 tutto<\/strong>! Il tuo plugin captcha.eu \u00e8 pronto per essere utilizzato. Per ulteriori indicazioni e supporto, vai semplicemente al nostro <a href=\"https:\/\/docs.captcha.eu\/typo3-install\"><mark style=\"background-color:rgba(0, 0, 0, 0)\" class=\"has-inline-color has-primary-color\">documentazione dettagliata<\/mark><\/a>Inoltre, non dimenticare di dare un&#039;occhiata alle nostre note e ai suggerimenti sulle best practice qui sotto!<\/p>\n\n\n\n<div class=\"wp-block-essential-blocks-button root-eb-button-yvbcy\"><div class=\"eb-parent-wrapper eb-parent-eb-button-yvbcy\"><div class=\"eb-button-wrapper eb-button-alignment eb-button-yvbcy\"><div class=\"eb-button\"><div class=\"eb-button-inner-wrapper\"><a class=\"eb-button-anchor\" href=\"https:\/\/extensions.typo3.org\/extension\/captchaeu_typo3\" rel=\"noopener\">Ottieni il plugin per PowerMail<\/a><\/div><\/div><\/div><\/div><\/div>\n\n\n\n<div class=\"wp-block-group is-content-justification-left is-nowrap is-layout-flex wp-container-core-group-is-layout-a1ed96d5 wp-block-group-is-layout-flex\">\n<h3 class=\"wp-block-heading\" id=\"h-notes-and-best-practices\">Note e buone pratiche <\/h3>\n<\/div>\n\n\n\n<p><strong>1.<\/strong> Assicurati di aver abilitato Spamshield nella configurazione TypoScript di PowerMail:<\/p>\n\n\n\n<pre class=\"wp-block-code\"><code>plugin.tx_powermail.settings.setup.spamshield._enable = 1 plugin.tx_powermail.settings.setup.spamshield.methods.11.indication = 100<\/code><\/pre>\n\n\n\n<p><strong>2.<\/strong> Per ricevere una notifica ogni volta che PowerMail riconosce spam o per creare un record nei file di registro, aggiungi quanto segue alla configurazione di TypoScript:<\/p>\n\n\n\n<pre class=\"wp-block-code\"><code># Ricevi un&#039;e-mail se \u00e8 stato riconosciuto lo spam plugin.tx_powermail.settings.setup.spamshield.email = \n        <span class=\"captcha_mailhide_root\" title=\"Fare clic per nascondere il contenuto\" data-payload=\"MndPUDFnZFRDUS9JaGVqYUdGUzNXem9tLzhlVXpScUkwTklwNlh1VHdjT3FOMzA3Y0RsVDhwaFViTEFIbXFsaitZQmdCL0pqenN3dEZNS29KYkN0VXc9PQ==\" tabindex=\"0\">\n        <img class=\"inline_logo\" src=\"https:\/\/www.captcha.eu\/wp-content\/uploads\/2024\/02\/image-1.png\" width=\"10\" alt=\"Ecco un indirizzo email nascosto. Cliccaci sopra e l&#039;indirizzo leggibile apparir\u00e0 nello stesso posto a breve.\"  \/> <span aria-hidden=\"true\" aria-live=\"polite\" class=\"captcha_real_mail\" >spam...@....org<\/span>\n            <span class=\"captcha_mailhide_slider inactive\"><\/span>\n            <span class=\"screen-reader-status\" aria-live=\"assertive\" style=\"position: absolute; left: -9999px;\"><\/span>\n        <\/span> \n    \n        \n\n# Scrivere in un file di registro quando \u00e8 stato riconosciuto lo spam plugin.tx_powermail.settings.setup.spamshield.logfileLocation = typo3temp\/logs\/powermailSpam.log<\/code><\/pre>\n\n\n\n<hr class=\"wp-block-separator has-alpha-channel-opacity is-style-dots\"\/>\n\n\n\n<h2 class=\"wp-block-heading\" id=\"h-add-captcha-to-typo3-forms\">Aggiungi captcha ai moduli TYPO3<\/h2>\n\n\n\n<div class=\"wp-block-group is-content-justification-left is-nowrap is-layout-flex wp-container-core-group-is-layout-a1ed96d5 wp-block-group-is-layout-flex\">\n<h2 class=\"wp-block-heading\" id=\"h-1-0\">1<\/h2>\n\n\n\n<p class=\"has-link-color wp-elements-f3a694d7a15e4094d2e57c59ccfd55a4\"><a href=\"https:\/\/extensions.typo3.org\/extension\/captchaeu_typo3\">Scaricamento<\/a> l&#039;estensione Captcha.eu TYPO3 PowerMail. Per installare il plugin, <strong>accedi al tuo backend TYPO3<\/strong> e vai al \u201c<strong>Responsabile delle estensioni<\/strong>\u201d modulo. Quindi fare clic su \u201c<strong>Caricamento<\/strong>&quot; e seleziona il file scaricato <strong>File ZIP o T3X<\/strong> che vorresti aggiungere. Se vuoi sovrascrivere un&#039;estensione esistente, attiva la casella di controllo. <strong>In alternativa<\/strong>, puoi installare il plugin <strong>tramite compositore<\/strong> digitando quanto segue nel file composer.json radice:<\/p>\n<\/div>\n\n\n\n<pre class=\"wp-block-code\"><code>compositore req captcha-eu\/typo3<\/code><\/pre>\n\n\n\n<div class=\"wp-block-group is-content-justification-left is-nowrap is-layout-flex wp-container-core-group-is-layout-a1ed96d5 wp-block-group-is-layout-flex\">\n<h2 class=\"wp-block-heading\" id=\"h-2-0\">2<\/h2>\n\n\n\n<p class=\"has-link-color wp-elements-5dfc4389ccfe50c5353b119c6fc1ff5c\">Prossimo, <a href=\"http:\/\/www.captcha.eu\/it\/login\/\"><strong>creare un account Captcha.eu<\/strong><\/a>. Poi <strong>login<\/strong> e vai su &quot;domini&quot; nel tuo <a href=\"https:\/\/www.captcha.eu\/dashboard\/\">dashboard<\/a> A <strong>creare <\/strong>un nuovo <strong>dominio<\/strong>, ovvero aggiungi il dominio che vuoi proteggere. Questo generer\u00e0 una chiave REST e una chiave pubblica. <\/p>\n<\/div>\n\n\n\n<div class=\"wp-block-group is-content-justification-left is-nowrap is-layout-flex wp-container-core-group-is-layout-a1ed96d5 wp-block-group-is-layout-flex\">\n<h2 class=\"wp-block-heading\" id=\"h-3-0\">3<\/h2>\n\n\n\n<p class=\"has-link-color wp-elements-20f704941900b0ed700f79dd05588532\">Torna al tuo backend TYPO3 e vai a <strong>Gestione siti &gt; Siti &gt; Captcha.eu<\/strong>Inserisci la chiave REST e la chiave pubblica nei campi forniti:<\/p>\n<\/div>\n\n\n\n<figure class=\"wp-block-image size-large\"><img decoding=\"async\" src=\"https:\/\/docs.captcha.eu\/files\/typo3\/typo3-site-config.png\" alt=\"\"\/><\/figure>\n\n\n\n<div class=\"wp-block-group is-content-justification-left is-nowrap is-layout-flex wp-container-core-group-is-layout-a1ed96d5 wp-block-group-is-layout-flex\">\n<h2 class=\"wp-block-heading\" id=\"h-4-0\">4<\/h2>\n\n\n\n<p class=\"has-link-color wp-elements-1c7bad513d8245427546bd619b20b463\">A <strong>attiva il plugin<\/strong> per i tuoi moduli, semplicemente <strong>aggiungere un nuovo elemento<\/strong> <strong>all&#039;interno dell&#039;editor di moduli<\/strong> e seleziona \u201ccaptcha.eu\u201d dall\u2019elenco mostrato sotto \u201cAdvanced elements\u201d. Questo inserir\u00e0 il plugin nel tuo modulo. Quindi clicca su \u201cSave\u201d.<\/p>\n<\/div>\n\n\n\n<figure class=\"wp-block-image size-large\"><img decoding=\"async\" src=\"https:\/\/docs.captcha.eu\/files\/typo3\/typo3-form-element.png\" alt=\"\"\/><\/figure>\n\n\n\n<figure class=\"wp-block-image size-large\"><img decoding=\"async\" src=\"https:\/\/docs.captcha.eu\/files\/typo3\/typo3-form-config.png\" alt=\"\"\/><\/figure>\n\n\n\n<p><strong>Fatto!<\/strong> Il tuo modulo TYPO3 \u00e8 ora protetto con captcha. Hai altre domande? Il nostro <a href=\"https:\/\/docs.captcha.eu\/typo3-install\"><mark style=\"background-color:rgba(0, 0, 0, 0)\" class=\"has-inline-color has-primary-color\">documentazione<\/mark><\/a> \u00e8 qui per aiutarti, incluse informazioni utili su come abilitare il plugin captcha.eu per Forms nelle vecchie versioni di TYPO3 (9, 10) \/ versioni PHP (sotto PHP 8). Oppure contatta semplicemente il nostro team di supporto tramite il nostro <a href=\"https:\/\/www.captcha.eu\/it\/contatto\/\"><mark style=\"background-color:rgba(0, 0, 0, 0)\" class=\"has-inline-color has-primary-color\">Modulo di Contatto<\/mark><\/a> \u2013 siamo sempre felici di aiutarti!<\/p>\n\n\n\n<hr class=\"wp-block-separator has-alpha-channel-opacity is-style-dots\"\/>\n\n\n\n<p>Massima protezione, facile integrazione, completamente conforme al GDPR: il nostro potente<strong> <\/strong>il plugin captcha per TYPO3 \u00e8 la soluzione definitiva per <strong>proteggi i moduli del tuo sito da spam e bot<\/strong> mantenendolo user-friendly: niente caselle da spuntare, niente puzzle da risolvere. Scopri subito la potenza di captcha.eu!<\/p>\n\n\n\n<div class=\"wp-block-essential-blocks-button root-eb-button-hjckk\"><div class=\"eb-parent-wrapper eb-parent-eb-button-hjckk\"><div class=\"eb-button-wrapper eb-button-alignment eb-button-hjckk\"><div class=\"eb-button\"><div class=\"eb-button-inner-wrapper\"><a class=\"eb-button-anchor\" href=\"https:\/\/extensions.typo3.org\/extension\/captchaeu_typo3\" rel=\"noopener\">Ottieni il plugin<\/a><\/div><\/div><\/div><\/div><\/div>\n<\/div>\n<\/div>","protected":false},"excerpt":{"rendered":"<p>Unlike reCAPTCHA, captcha.eu requires no cookie consent, transfers no data to the US and integrates into TYPO3 Forms and PowerMail in four steps. TYPO3 is the CMS of choice for thousands of organisations across Germany, Austria and Switzerland, from public authorities and universities to healthcare providers and enterprise websites. Most [&hellip;]<\/p>\n","protected":false},"author":2,"featured_media":0,"parent":0,"menu_order":0,"comment_status":"closed","ping_status":"closed","template":"","meta":{"_acf_changed":false,"_eb_attr":"","footnotes":""},"class_list":["post-1288","page","type-page","status-publish","hentry"],"acf":[],"yoast_head":"<!-- This site is optimized with the Yoast SEO Premium plugin v27.0 (Yoast SEO v27.0) - https:\/\/yoast.com\/product\/yoast-seo-premium-wordpress\/ -->\n<title>Captcha Plugin for TYPO3 \u00bb Next-level Site Protection<\/title>\n<meta name=\"description\" content=\"Effective captcha plugin solution for your TYPO3 site \u279c fully GDPR-compliant \u2713 user-friendly \u2713 protect PowerMail, Forms &amp; more.\" \/>\n<meta name=\"robots\" content=\"index, follow, max-snippet:-1, max-image-preview:large, max-video-preview:-1\" \/>\n<link rel=\"canonical\" href=\"https:\/\/www.captcha.eu\/it\/plugin-captcha-per-typo3\/\" \/>\n<meta property=\"og:locale\" content=\"it_IT\" \/>\n<meta property=\"og:type\" content=\"article\" \/>\n<meta property=\"og:title\" content=\"CAPTCHA Plugin for TYPO3 - GDPR-compliant, no cookies, EU-hosted\" \/>\n<meta property=\"og:description\" content=\"Effective captcha plugin solution for your TYPO3 site \u279c fully GDPR-compliant \u2713 user-friendly \u2713 protect PowerMail, Forms &amp; more.\" \/>\n<meta property=\"og:url\" content=\"https:\/\/www.captcha.eu\/it\/plugin-captcha-per-typo3\/\" \/>\n<meta property=\"og:site_name\" content=\"captcha.eu\" \/>\n<meta property=\"article:modified_time\" content=\"2026-03-26T21:08:59+00:00\" \/>\n<meta property=\"og:image\" content=\"https:\/\/www.captcha.eu\/wp-content\/uploads\/2024\/02\/image-9.png\" \/>\n\t<meta property=\"og:image:width\" content=\"356\" \/>\n\t<meta property=\"og:image:height\" content=\"205\" \/>\n\t<meta property=\"og:image:type\" content=\"image\/png\" \/>\n<meta name=\"twitter:card\" content=\"summary_large_image\" \/>\n<meta name=\"twitter:site\" content=\"@captcha_eu\" \/>\n<meta name=\"twitter:label1\" content=\"Est. reading time\" \/>\n\t<meta name=\"twitter:data1\" content=\"5 minutes\" \/>\n<script type=\"application\/ld+json\" class=\"yoast-schema-graph\">{\"@context\":\"https:\/\/schema.org\",\"@graph\":[{\"@type\":\"WebPage\",\"@id\":\"https:\/\/www.captcha.eu\/captcha-plugin-for-typo3\/\",\"url\":\"https:\/\/www.captcha.eu\/captcha-plugin-for-typo3\/\",\"name\":\"Captcha Plugin for TYPO3 \u00bb Next-level Site Protection\",\"isPartOf\":{\"@id\":\"https:\/\/www.captcha.eu\/#website\"},\"primaryImageOfPage\":{\"@id\":\"https:\/\/www.captcha.eu\/captcha-plugin-for-typo3\/#primaryimage\"},\"image\":{\"@id\":\"https:\/\/www.captcha.eu\/captcha-plugin-for-typo3\/#primaryimage\"},\"thumbnailUrl\":\"https:\/\/www.captcha.eu\/wp-content\/uploads\/2024\/02\/image-9.png\",\"datePublished\":\"2024-08-30T07:50:04+00:00\",\"dateModified\":\"2026-03-26T21:08:59+00:00\",\"description\":\"Effective captcha plugin solution for your TYPO3 site \u279c fully GDPR-compliant \u2713 user-friendly \u2713 protect PowerMail, Forms & more.\",\"breadcrumb\":{\"@id\":\"https:\/\/www.captcha.eu\/captcha-plugin-for-typo3\/#breadcrumb\"},\"inLanguage\":\"it-IT\",\"potentialAction\":[{\"@type\":\"ReadAction\",\"target\":[\"https:\/\/www.captcha.eu\/captcha-plugin-for-typo3\/\"]}]},{\"@type\":\"ImageObject\",\"inLanguage\":\"it-IT\",\"@id\":\"https:\/\/www.captcha.eu\/captcha-plugin-for-typo3\/#primaryimage\",\"url\":\"https:\/\/www.captcha.eu\/wp-content\/uploads\/2024\/02\/image-9.png\",\"contentUrl\":\"https:\/\/www.captcha.eu\/wp-content\/uploads\/2024\/02\/image-9.png\"},{\"@type\":\"BreadcrumbList\",\"@id\":\"https:\/\/www.captcha.eu\/captcha-plugin-for-typo3\/#breadcrumb\",\"itemListElement\":[{\"@type\":\"ListItem\",\"position\":1,\"name\":\"Home\",\"item\":\"https:\/\/www.captcha.eu\/\"},{\"@type\":\"ListItem\",\"position\":2,\"name\":\"CAPTCHA Plugin for TYPO3 &#8211; GDPR-compliant, no cookies, EU-hosted\"}]},{\"@type\":\"WebSite\",\"@id\":\"https:\/\/www.captcha.eu\/#website\",\"url\":\"https:\/\/www.captcha.eu\/\",\"name\":\"captcha.eu\",\"description\":\"The GDPR-compliant message protection | captcha.eu\",\"publisher\":{\"@id\":\"https:\/\/www.captcha.eu\/#organization\"},\"potentialAction\":[{\"@type\":\"SearchAction\",\"target\":{\"@type\":\"EntryPoint\",\"urlTemplate\":\"https:\/\/www.captcha.eu\/?s={search_term_string}\"},\"query-input\":{\"@type\":\"PropertyValueSpecification\",\"valueRequired\":true,\"valueName\":\"search_term_string\"}}],\"inLanguage\":\"it-IT\"},{\"@type\":\"Organization\",\"@id\":\"https:\/\/www.captcha.eu\/#organization\",\"name\":\"captcha.eu\",\"url\":\"https:\/\/www.captcha.eu\/\",\"logo\":{\"@type\":\"ImageObject\",\"inLanguage\":\"it-IT\",\"@id\":\"https:\/\/www.captcha.eu\/#\/schema\/logo\/image\/\",\"url\":\"https:\/\/www.captcha.eu\/wp-content\/uploads\/2024\/02\/Captcha_mono-C_Logo.svg\",\"contentUrl\":\"https:\/\/www.captcha.eu\/wp-content\/uploads\/2024\/02\/Captcha_mono-C_Logo.svg\",\"width\":24,\"height\":28,\"caption\":\"captcha.eu\"},\"image\":{\"@id\":\"https:\/\/www.captcha.eu\/#\/schema\/logo\/image\/\"},\"sameAs\":[\"https:\/\/x.com\/captcha_eu\"]}]}<\/script>\n<!-- \/ Yoast SEO Premium plugin. -->","yoast_head_json":{"title":"Plugin Captcha per TYPO3 \u00bb Protezione del sito di livello successivo","description":"Soluzione efficace per il plug-in captcha per il tuo sito TYPO3 \u279c completamente conforme al GDPR \u2713 facile da usare \u2713 protegge PowerMail, moduli e altro ancora.","robots":{"index":"index","follow":"follow","max-snippet":"max-snippet:-1","max-image-preview":"max-image-preview:large","max-video-preview":"max-video-preview:-1"},"canonical":"https:\/\/www.captcha.eu\/it\/plugin-captcha-per-typo3\/","og_locale":"it_IT","og_type":"article","og_title":"CAPTCHA Plugin for TYPO3 - GDPR-compliant, no cookies, EU-hosted","og_description":"Effective captcha plugin solution for your TYPO3 site \u279c fully GDPR-compliant \u2713 user-friendly \u2713 protect PowerMail, Forms & more.","og_url":"https:\/\/www.captcha.eu\/it\/plugin-captcha-per-typo3\/","og_site_name":"captcha.eu","article_modified_time":"2026-03-26T21:08:59+00:00","og_image":[{"width":356,"height":205,"url":"https:\/\/www.captcha.eu\/wp-content\/uploads\/2024\/02\/image-9.png","type":"image\/png"}],"twitter_card":"summary_large_image","twitter_site":"@captcha_eu","twitter_misc":{"Est. reading time":"5 minutes"},"schema":{"@context":"https:\/\/schema.org","@graph":[{"@type":"WebPage","@id":"https:\/\/www.captcha.eu\/captcha-plugin-for-typo3\/","url":"https:\/\/www.captcha.eu\/captcha-plugin-for-typo3\/","name":"Plugin Captcha per TYPO3 \u00bb Protezione del sito di livello successivo","isPartOf":{"@id":"https:\/\/www.captcha.eu\/#website"},"primaryImageOfPage":{"@id":"https:\/\/www.captcha.eu\/captcha-plugin-for-typo3\/#primaryimage"},"image":{"@id":"https:\/\/www.captcha.eu\/captcha-plugin-for-typo3\/#primaryimage"},"thumbnailUrl":"https:\/\/www.captcha.eu\/wp-content\/uploads\/2024\/02\/image-9.png","datePublished":"2024-08-30T07:50:04+00:00","dateModified":"2026-03-26T21:08:59+00:00","description":"Soluzione efficace per il plug-in captcha per il tuo sito TYPO3 \u279c completamente conforme al GDPR \u2713 facile da usare \u2713 protegge PowerMail, moduli e altro ancora.","breadcrumb":{"@id":"https:\/\/www.captcha.eu\/captcha-plugin-for-typo3\/#breadcrumb"},"inLanguage":"it-IT","potentialAction":[{"@type":"ReadAction","target":["https:\/\/www.captcha.eu\/captcha-plugin-for-typo3\/"]}]},{"@type":"ImageObject","inLanguage":"it-IT","@id":"https:\/\/www.captcha.eu\/captcha-plugin-for-typo3\/#primaryimage","url":"https:\/\/www.captcha.eu\/wp-content\/uploads\/2024\/02\/image-9.png","contentUrl":"https:\/\/www.captcha.eu\/wp-content\/uploads\/2024\/02\/image-9.png"},{"@type":"BreadcrumbList","@id":"https:\/\/www.captcha.eu\/captcha-plugin-for-typo3\/#breadcrumb","itemListElement":[{"@type":"ListItem","position":1,"name":"Home","item":"https:\/\/www.captcha.eu\/"},{"@type":"ListItem","position":2,"name":"CAPTCHA Plugin for TYPO3 &#8211; GDPR-compliant, no cookies, EU-hosted"}]},{"@type":"WebSite","@id":"https:\/\/www.captcha.eu\/#website","url":"https:\/\/www.captcha.eu\/","name":"captcha.eu","description":"La protezione dei messaggi conforme al GDPR | captcha.eu","publisher":{"@id":"https:\/\/www.captcha.eu\/#organization"},"potentialAction":[{"@type":"SearchAction","target":{"@type":"EntryPoint","urlTemplate":"https:\/\/www.captcha.eu\/?s={search_term_string}"},"query-input":{"@type":"PropertyValueSpecification","valueRequired":true,"valueName":"search_term_string"}}],"inLanguage":"it-IT"},{"@type":"Organization","@id":"https:\/\/www.captcha.eu\/#organization","name":"captcha.eu","url":"https:\/\/www.captcha.eu\/","logo":{"@type":"ImageObject","inLanguage":"it-IT","@id":"https:\/\/www.captcha.eu\/#\/schema\/logo\/image\/","url":"https:\/\/www.captcha.eu\/wp-content\/uploads\/2024\/02\/Captcha_mono-C_Logo.svg","contentUrl":"https:\/\/www.captcha.eu\/wp-content\/uploads\/2024\/02\/Captcha_mono-C_Logo.svg","width":24,"height":28,"caption":"captcha.eu"},"image":{"@id":"https:\/\/www.captcha.eu\/#\/schema\/logo\/image\/"},"sameAs":["https:\/\/x.com\/captcha_eu"]}]}},"pbg_featured_image_src":{"full":false,"thumbnail":false,"medium":false,"medium_large":false,"large":false,"1536x1536":false,"2048x2048":false,"trp-custom-language-flag":false},"pbg_author_info":{"display_name":"digitalisten","author_link":"https:\/\/www.captcha.eu\/it\/author\/digitalisten\/","author_img":"<img alt='digitalisten' src='https:\/\/secure.gravatar.com\/avatar\/bc31cf0308270e03455e0f85a3c84110811c227952cecb263b99808ed200063c?s=128&#038;d=mm&#038;r=g' srcset='https:\/\/secure.gravatar.com\/avatar\/bc31cf0308270e03455e0f85a3c84110811c227952cecb263b99808ed200063c?s=256&#038;d=mm&#038;r=g 2x' class='avatar avatar-128 photo' height='128' width='128' loading='lazy' decoding='async'\/>"},"pbg_comment_info":" No Comments","pbg_excerpt":"Unlike reCAPTCHA, captcha.eu requires no cookie consent, transfers no data to the US and integrates into TYPO3 Forms and PowerMail in four steps. TYPO3 is the CMS of choice for thousands of organisations across Germany, Austria and Switzerland, from public authorities and universities to healthcare providers and enterprise websites. Most [&hellip;]","_links":{"self":[{"href":"https:\/\/www.captcha.eu\/it\/wp-json\/wp\/v2\/pages\/1288","targetHints":{"allow":["GET"]}}],"collection":[{"href":"https:\/\/www.captcha.eu\/it\/wp-json\/wp\/v2\/pages"}],"about":[{"href":"https:\/\/www.captcha.eu\/it\/wp-json\/wp\/v2\/types\/page"}],"author":[{"embeddable":true,"href":"https:\/\/www.captcha.eu\/it\/wp-json\/wp\/v2\/users\/2"}],"replies":[{"embeddable":true,"href":"https:\/\/www.captcha.eu\/it\/wp-json\/wp\/v2\/comments?post=1288"}],"version-history":[{"count":9,"href":"https:\/\/www.captcha.eu\/it\/wp-json\/wp\/v2\/pages\/1288\/revisions"}],"predecessor-version":[{"id":3426,"href":"https:\/\/www.captcha.eu\/it\/wp-json\/wp\/v2\/pages\/1288\/revisions\/3426"}],"wp:attachment":[{"href":"https:\/\/www.captcha.eu\/it\/wp-json\/wp\/v2\/media?parent=1288"}],"curies":[{"name":"scrivere","href":"https:\/\/api.w.org\/{rel}","templated":true}]}}