{"id":1284,"date":"2024-08-30T07:59:28","date_gmt":"2024-08-30T07:59:28","guid":{"rendered":"https:\/\/www.captcha.eu\/?page_id=1284"},"modified":"2026-03-26T22:05:41","modified_gmt":"2026-03-26T22:05:41","slug":"plugin-captcha-per-neos","status":"publish","type":"page","link":"https:\/\/www.captcha.eu\/it\/plugin-captcha-per-neos\/","title":{"rendered":"Plugin CAPTCHA per NEOS - conforme al GDPR, senza cookie, ospitato nell'UE"},"content":{"rendered":"<div class=\"wp-block-essential-blocks-advanced-heading  root-eb-advance-heading-49g3a\"><div class=\"eb-parent-wrapper eb-parent-eb-advance-heading-49g3a\"><div class=\"eb-advance-heading-wrapper eb-advance-heading-49g3a button-1 undefined\" data-id=\"eb-advance-heading-49g3a\"><h2 class=\"eb-ah-title\"><span class=\"first-title\">Massima protezione. Facile integrazione.<\/span><\/h2><h3 class=\"eb-ah-subtitle\">La tua potente soluzione captcha per tenere a bada bot e spam<\/h3><div class=\"eb-ah-separator line\"><\/div><\/div><\/div><\/div>\n\n\n\n<div class=\"wp-block-media-text has-media-on-the-right is-stacked-on-mobile is-vertically-aligned-top\" style=\"grid-template-columns:auto 33%\"><div class=\"wp-block-media-text__content\">\n<p>Proteggi all&#039;istante il tuo sito: con l&#039;elegante e potente plugin captcha per NEOS godrai del massimo <strong>protezione contro il traffico indesiderato e la criminalit\u00e0 informatica<\/strong> nei moduli di registrazione, accesso e contatto, mantenendoli al 100% intuitivi: niente pi\u00f9 rompicapo da risolvere, niente pi\u00f9 caselle da spuntare.<\/p>\n\n\n\n<div class=\"wp-block-essential-blocks-button root-eb-button-aoqhd\"><div class=\"eb-parent-wrapper eb-parent-eb-button-aoqhd\"><div class=\"eb-button-wrapper eb-button-alignment eb-button-aoqhd\"><div class=\"eb-button\"><div class=\"eb-button-inner-wrapper\"><a class=\"eb-button-anchor\" href=\"https:\/\/www.neos.io\/download-and-extend\/packages\/captcha-eu\/captcha-eu-neos.html\" rel=\"noopener\">Ottieni il plugin<\/a><\/div><\/div><\/div><\/div><\/div>\n<\/div><figure class=\"wp-block-media-text__media\"><img loading=\"lazy\" decoding=\"async\" width=\"1024\" height=\"1024\" src=\"https:\/\/www.captcha.eu\/wp-content\/uploads\/2024\/02\/Neos-CMS-1024x1024.webp\" alt=\"\" class=\"wp-image-442 size-full\" srcset=\"https:\/\/www.captcha.eu\/wp-content\/uploads\/2024\/02\/Neos-CMS-1024x1024.webp 1024w, https:\/\/www.captcha.eu\/wp-content\/uploads\/2024\/02\/Neos-CMS-300x300.webp 300w, https:\/\/www.captcha.eu\/wp-content\/uploads\/2024\/02\/Neos-CMS-150x150.webp 150w, https:\/\/www.captcha.eu\/wp-content\/uploads\/2024\/02\/Neos-CMS-768x768.webp 768w, https:\/\/www.captcha.eu\/wp-content\/uploads\/2024\/02\/Neos-CMS-1536x1536.webp 1536w, https:\/\/www.captcha.eu\/wp-content\/uploads\/2024\/02\/Neos-CMS.webp 2000w\" sizes=\"auto, (max-width: 1024px) 100vw, 1024px\" \/><\/figure><\/div>\n\n\n\n<p>A differenza di reCAPTCHA, captcha.eu non trasferisce alcun dato negli Stati Uniti, non imposta alcun cookie e non richiede alcun banner di consenso sui moduli che protegge. NEOS \u00e8 un CMS open-source con una forte base in Austria, Germania e Svizzera, costruito da una comunit\u00e0 che prende sul serio la flessibilit\u00e0 editoriale e la qualit\u00e0 tecnica. I suoi utenti tendono a essere agenzie, istituzioni pubbliche e organizzazioni che costruiscono esperienze digitali su misura e non possono permettersi di scendere a compromessi sulla protezione dei dati. reCAPTCHA \u00e8 incompatibile con questo standard: instrada i dati degli utenti attraverso i server statunitensi, richiede il consenso dei cookie su ogni modulo protetto e crea una responsabilit\u00e0 GDPR che si inserisce in modo scomodo in qualsiasi progetto web europeo serio. captcha.eu \u00e8 stato costruito esattamente per questo contesto. Ospitato in Austria, non elabora dati al di fuori dell'UE, non imposta cookie, funziona in modo invisibile in background per gli utenti reali e possiede la certificazione WACA Silver del T\u00dcV Austria per la conformit\u00e0 all'accessibilit\u00e0 WCAG 2.2 AA verificata in modo indipendente, \u00e8 la scelta naturale del CAPTCHA per i progetti NEOS in cui la privacy e l'accessibilit\u00e0 non sono ripensamenti.<\/p>\n\n\n\n<hr class=\"wp-block-separator has-alpha-channel-opacity\"\/>\n\n\n\n<h2 class=\"wp-block-heading has-large-font-size\" id=\"h-how-to-add-a-captcha-to-your-neos-site\">Come aggiungere un captcha al tuo sito NEOS<\/h2>\n\n\n\n<p>Massima protezione contro spam e bot, completamente conforme al GDPR: Il nostro plugin captcha per NEOS, potente e facile da integrare, \u00e8 la soluzione captcha definitiva per aggiungere immediatamente un ulteriore livello di sicurezza al vostro sito, il tutto con un solo clic. Ecco come configurare il plugin captcha.eu in pochi semplici passi:<\/p>\n\n\n\n<div class=\"wp-block-columns is-layout-flex wp-container-core-columns-is-layout-28f84493 wp-block-columns-is-layout-flex\">\n<div class=\"wp-block-column is-layout-flow wp-block-column-is-layout-flow\" style=\"flex-basis:100%\">\n<div class=\"wp-block-group is-content-justification-left is-nowrap is-layout-flex wp-container-core-group-is-layout-a1ed96d5 wp-block-group-is-layout-flex\">\n<h2 class=\"wp-block-heading\" id=\"h-1\">1<\/h2>\n\n\n\n<p class=\"has-link-color wp-elements-d5f5a9135ee15beb82bcb2d06b6e0460\"><a href=\"https:\/\/www.neos.io\/download-and-extend\/packages\/captcha-eu\/captcha-eu-neos.html\">Scarica il plugin<\/a> e installarlo in NEOS tramite Composer.<\/p>\n<\/div>\n\n\n\n<pre class=\"wp-block-code\"><code><code>$ composer require captcha-eu\/neos<\/code><\/code><\/pre>\n\n\n\n<div class=\"wp-block-group is-content-justification-left is-nowrap is-layout-flex wp-container-core-group-is-layout-a1ed96d5 wp-block-group-is-layout-flex\">\n<h2 class=\"wp-block-heading\" id=\"h-2\">2<\/h2>\n\n\n\n<p class=\"has-link-color wp-elements-2e5c1862bf2578b5072c61ab9bd18a64\">Quindi, crea il tuo <strong><a href=\"http:\/\/www.captcha.eu\/it\/\">account captcha.eu<\/a><\/strong>. Accedi e vai al tuo <a href=\"https:\/\/www.captcha.eu\/dashboard\/\">Pannello di controllo<\/a> A <strong>aggiungere un nuovo dominio<\/strong>. Ci\u00f2 generer\u00e0 un <strong>Chiave REST e chiave pubblica<\/strong> \u2013 ti serviranno per configurare il plugin.<\/p>\n<\/div>\n\n\n\n<div class=\"wp-block-group is-nowrap is-layout-flex wp-container-core-group-is-layout-6c531013 wp-block-group-is-layout-flex\">\n<h2 class=\"wp-block-heading\" id=\"h-3\">3 <\/h2>\n\n\n\n<p class=\"has-link-color wp-elements-3240a25c3bbcc518c7fa95f535a07338\">Configura il plugin. Per farlo, copia e incolla semplicemente la chiave REST e la chiave pubblica dal tuo account captcha.eu nel campo corrispondente. <strong>Importante<\/strong>: Negli ambienti di staging, consigliamo vivamente di utilizzare variabili di ambiente per configurare ciascun valore.<\/p>\n<\/div>\n\n\n\n<pre class=\"wp-block-code\"><code><code>CaptchaEU:\n  CaptchaEU:\n    publicKey: 'add-your-site-key'\n    restKey: 'add-your-secret-key'<\/code><\/code><\/pre>\n\n\n\n<div class=\"wp-block-group is-content-justification-left is-nowrap is-layout-flex wp-container-core-group-is-layout-a1ed96d5 wp-block-group-is-layout-flex\">\n<h2 class=\"wp-block-heading\" id=\"h-4\">4<\/h2>\n\n\n\n<p class=\"has-link-color wp-elements-5f9a4ca35af009e8a549cd94089c4df9\">Nel backend NEOS, <strong>creare un nuovo modulo<\/strong> utilizzando Neos.Form.Builder. <strong>Aggiungere<\/strong> IL <strong>captcha.eu<\/strong> plugin per &quot;Elementi modulo personalizzati&quot;.<\/p>\n<\/div>\n\n\n\n<figure class=\"wp-block-image size-large is-resized\"><img decoding=\"async\" src=\"https:\/\/docs.captcha.eu\/files\/neos\/screen.png\" alt=\"\" style=\"width:789px;height:auto\"\/><\/figure>\n\n\n\n<div class=\"wp-block-group is-content-justification-left is-nowrap is-layout-flex wp-container-core-group-is-layout-a1ed96d5 wp-block-group-is-layout-flex\">\n<h2 class=\"wp-block-heading\" id=\"h-5\">5<\/h2>\n\n\n\n<p class=\"has-link-color wp-elements-d2b807491247477e1668e2ae9e70d436\">Ora <strong>attiva il plugin<\/strong> per Neos.Form aggiungendo il nuovo elemento form ai renderizzabili della definizione del form. <strong>Mancia<\/strong>: \u00c8 possibile sovrascrivere la configurazione della chiave pubblica e REST nelle propriet\u00e0 del nodo. <\/p>\n<\/div>\n\n\n\n<pre class=\"wp-block-code\"><code><code>type: 'Neos.Form:Form'\nidentifier: someIdentifier\nlabel: Label\nrenderables:\n  -\n    type: 'Neos.Form:Page'\n    identifier: page-one\n    renderables:\n      -\n        type: 'CaptchaEU.CaptchaEU:Captcha'\n        identifier: captcha\n        label: Captcha\n        properties:\n          publicKey: your-public-key\n          restKey: your-private-key\nfinishers:\n  -<\/code><\/code><\/pre>\n\n\n\n<p><strong>Questo \u00e8 tutto!<\/strong> Il tuo plugin Captcha.eu \u00e8 completamente configurato e pronto per essere utilizzato in tutti i moduli del tuo sito NEOS. Se riscontri problemi durante il processo di installazione o hai altre domande, saremo pi\u00f9 che felici di aiutarti: contattaci semplicemente tramite il nostro <a href=\"https:\/\/www.captcha.eu\/it\/contatto\/\"><mark style=\"background-color:rgba(0, 0, 0, 0)\" class=\"has-inline-color has-primary-color\">Modulo di Contatto<\/mark><\/a> o chat online, oppure dai un&#039;occhiata al nostro <a href=\"https:\/\/docs.captcha.eu\/neos-install?id=captchaeu-integration-for-neos-form-framework\"><mark style=\"background-color:rgba(0, 0, 0, 0)\" class=\"has-inline-color has-primary-color\">documentazione dettagliata<\/mark><\/a> per ulteriori indicazioni e supporto.<\/p>\n\n\n\n<hr class=\"wp-block-separator has-alpha-channel-opacity is-style-dots\"\/>\n\n\n\n<p class=\"has-link-color wp-elements-c0665975c7a6ec48b56dba96aa1f3072\">Mantieni sempre protetti i tuoi moduli di registrazione, accesso e contatto: che si tratti di uno o pi\u00f9 domini, il nostro <strong>completamente conforme al GDPR<\/strong>, il plugin Captcha.eu facile da usare ti offre tutto ci\u00f2 di cui hai bisogno per <strong>proteggi il tuo sito NEOS da bot e spam<\/strong> \u2013 tutto con un solo clic. Nessun puzzle, nessuna casella da spuntare. Ottieni subito il plugin Captcha per NEOS e scopri la potenza di Captcha.eu!<\/p>\n\n\n\n<div class=\"wp-block-essential-blocks-button root-eb-button-hjckk\"><div class=\"eb-parent-wrapper eb-parent-eb-button-hjckk\"><div class=\"eb-button-wrapper eb-button-alignment eb-button-hjckk\"><div class=\"eb-button\"><div class=\"eb-button-inner-wrapper\"><a class=\"eb-button-anchor\" href=\"https:\/\/www.neos.io\/download-and-extend\/packages\/captcha-eu\/captcha-eu-neos.html\" rel=\"noopener\">Ottieni il plugin<\/a><\/div><\/div><\/div><\/div><\/div>\n<\/div>\n<\/div>","protected":false},"excerpt":{"rendered":"<p>Unlike reCAPTCHA, captcha.eu transfers no data to the US, sets no cookies, and requires no consent banner on any form it protects. NEOS is an open-source CMS with a strong base in Austria, Germany, and Switzerland, built by a community that takes editorial flexibility and technical quality seriously. Its users [&hellip;]<\/p>\n","protected":false},"author":2,"featured_media":0,"parent":0,"menu_order":0,"comment_status":"closed","ping_status":"closed","template":"","meta":{"_acf_changed":false,"_eb_attr":"","footnotes":""},"class_list":["post-1284","page","type-page","status-publish","hentry"],"acf":[],"yoast_head":"<!-- This site is optimized with the Yoast SEO Premium plugin v27.0 (Yoast SEO v27.0) - https:\/\/yoast.com\/product\/yoast-seo-premium-wordpress\/ -->\n<title>Captcha Plugin for NEOS \u00bb Powerful Site Protection<\/title>\n<meta name=\"description\" content=\"Sleek &amp; powerful captcha plugin for your NEOS site \u279c fully GDPR-compliant \u2713 user-friendly \u2713 instant safeguard \u2713 maximum site protection \u2713\" \/>\n<meta name=\"robots\" content=\"index, follow, max-snippet:-1, max-image-preview:large, max-video-preview:-1\" \/>\n<link rel=\"canonical\" href=\"https:\/\/www.captcha.eu\/it\/plugin-captcha-per-neos\/\" \/>\n<meta property=\"og:locale\" content=\"it_IT\" \/>\n<meta property=\"og:type\" content=\"article\" \/>\n<meta property=\"og:title\" content=\"CAPTCHA Plugin for NEOS - GDPR-compliant, no cookies, EU-hosted\" \/>\n<meta property=\"og:description\" content=\"Sleek &amp; powerful captcha plugin for your NEOS site \u279c fully GDPR-compliant \u2713 user-friendly \u2713 instant safeguard \u2713 maximum site protection \u2713\" \/>\n<meta property=\"og:url\" content=\"https:\/\/www.captcha.eu\/it\/plugin-captcha-per-neos\/\" \/>\n<meta property=\"og:site_name\" content=\"captcha.eu\" \/>\n<meta property=\"article:modified_time\" content=\"2026-03-26T22:05:41+00:00\" \/>\n<meta property=\"og:image\" content=\"https:\/\/www.captcha.eu\/wp-content\/uploads\/2024\/02\/Neos-CMS.webp\" \/>\n\t<meta property=\"og:image:width\" content=\"2000\" \/>\n\t<meta property=\"og:image:height\" content=\"2000\" \/>\n\t<meta property=\"og:image:type\" content=\"image\/webp\" \/>\n<meta name=\"twitter:card\" content=\"summary_large_image\" \/>\n<meta name=\"twitter:site\" content=\"@captcha_eu\" \/>\n<meta name=\"twitter:label1\" content=\"Est. reading time\" \/>\n\t<meta name=\"twitter:data1\" content=\"3 minutes\" \/>\n<script type=\"application\/ld+json\" class=\"yoast-schema-graph\">{\"@context\":\"https:\/\/schema.org\",\"@graph\":[{\"@type\":\"WebPage\",\"@id\":\"https:\/\/www.captcha.eu\/captcha-plugin-for-neos\/\",\"url\":\"https:\/\/www.captcha.eu\/captcha-plugin-for-neos\/\",\"name\":\"Captcha Plugin for NEOS \u00bb Powerful Site Protection\",\"isPartOf\":{\"@id\":\"https:\/\/www.captcha.eu\/#website\"},\"primaryImageOfPage\":{\"@id\":\"https:\/\/www.captcha.eu\/captcha-plugin-for-neos\/#primaryimage\"},\"image\":{\"@id\":\"https:\/\/www.captcha.eu\/captcha-plugin-for-neos\/#primaryimage\"},\"thumbnailUrl\":\"https:\/\/www.captcha.eu\/wp-content\/uploads\/2024\/02\/Neos-CMS-1024x1024.webp\",\"datePublished\":\"2024-08-30T07:59:28+00:00\",\"dateModified\":\"2026-03-26T22:05:41+00:00\",\"description\":\"Sleek & powerful captcha plugin for your NEOS site \u279c fully GDPR-compliant \u2713 user-friendly \u2713 instant safeguard \u2713 maximum site protection \u2713\",\"breadcrumb\":{\"@id\":\"https:\/\/www.captcha.eu\/captcha-plugin-for-neos\/#breadcrumb\"},\"inLanguage\":\"it-IT\",\"potentialAction\":[{\"@type\":\"ReadAction\",\"target\":[\"https:\/\/www.captcha.eu\/captcha-plugin-for-neos\/\"]}]},{\"@type\":\"ImageObject\",\"inLanguage\":\"it-IT\",\"@id\":\"https:\/\/www.captcha.eu\/captcha-plugin-for-neos\/#primaryimage\",\"url\":\"https:\/\/www.captcha.eu\/wp-content\/uploads\/2024\/02\/Neos-CMS-1024x1024.webp\",\"contentUrl\":\"https:\/\/www.captcha.eu\/wp-content\/uploads\/2024\/02\/Neos-CMS-1024x1024.webp\"},{\"@type\":\"BreadcrumbList\",\"@id\":\"https:\/\/www.captcha.eu\/captcha-plugin-for-neos\/#breadcrumb\",\"itemListElement\":[{\"@type\":\"ListItem\",\"position\":1,\"name\":\"Home\",\"item\":\"https:\/\/www.captcha.eu\/\"},{\"@type\":\"ListItem\",\"position\":2,\"name\":\"CAPTCHA Plugin for NEOS &#8211; GDPR-compliant, no cookies, EU-hosted\"}]},{\"@type\":\"WebSite\",\"@id\":\"https:\/\/www.captcha.eu\/#website\",\"url\":\"https:\/\/www.captcha.eu\/\",\"name\":\"captcha.eu\",\"description\":\"The GDPR-compliant message protection | captcha.eu\",\"publisher\":{\"@id\":\"https:\/\/www.captcha.eu\/#organization\"},\"potentialAction\":[{\"@type\":\"SearchAction\",\"target\":{\"@type\":\"EntryPoint\",\"urlTemplate\":\"https:\/\/www.captcha.eu\/?s={search_term_string}\"},\"query-input\":{\"@type\":\"PropertyValueSpecification\",\"valueRequired\":true,\"valueName\":\"search_term_string\"}}],\"inLanguage\":\"it-IT\"},{\"@type\":\"Organization\",\"@id\":\"https:\/\/www.captcha.eu\/#organization\",\"name\":\"captcha.eu\",\"url\":\"https:\/\/www.captcha.eu\/\",\"logo\":{\"@type\":\"ImageObject\",\"inLanguage\":\"it-IT\",\"@id\":\"https:\/\/www.captcha.eu\/#\/schema\/logo\/image\/\",\"url\":\"https:\/\/www.captcha.eu\/wp-content\/uploads\/2024\/02\/Captcha_mono-C_Logo.svg\",\"contentUrl\":\"https:\/\/www.captcha.eu\/wp-content\/uploads\/2024\/02\/Captcha_mono-C_Logo.svg\",\"width\":24,\"height\":28,\"caption\":\"captcha.eu\"},\"image\":{\"@id\":\"https:\/\/www.captcha.eu\/#\/schema\/logo\/image\/\"},\"sameAs\":[\"https:\/\/x.com\/captcha_eu\"]}]}<\/script>\n<!-- \/ Yoast SEO Premium plugin. -->","yoast_head_json":{"title":"Plugin Captcha per NEOS \u00bb Potente protezione del sito","description":"Plugin captcha elegante e potente per il tuo sito NEOS \u279c completamente conforme al GDPR \u2713 intuitivo \u2713 protezione immediata \u2713 massima protezione del sito \u2713","robots":{"index":"index","follow":"follow","max-snippet":"max-snippet:-1","max-image-preview":"max-image-preview:large","max-video-preview":"max-video-preview:-1"},"canonical":"https:\/\/www.captcha.eu\/it\/plugin-captcha-per-neos\/","og_locale":"it_IT","og_type":"article","og_title":"CAPTCHA Plugin for NEOS - GDPR-compliant, no cookies, EU-hosted","og_description":"Sleek & powerful captcha plugin for your NEOS site \u279c fully GDPR-compliant \u2713 user-friendly \u2713 instant safeguard \u2713 maximum site protection \u2713","og_url":"https:\/\/www.captcha.eu\/it\/plugin-captcha-per-neos\/","og_site_name":"captcha.eu","article_modified_time":"2026-03-26T22:05:41+00:00","og_image":[{"width":2000,"height":2000,"url":"https:\/\/www.captcha.eu\/wp-content\/uploads\/2024\/02\/Neos-CMS.webp","type":"image\/webp"}],"twitter_card":"summary_large_image","twitter_site":"@captcha_eu","twitter_misc":{"Est. reading time":"3 minutes"},"schema":{"@context":"https:\/\/schema.org","@graph":[{"@type":"WebPage","@id":"https:\/\/www.captcha.eu\/captcha-plugin-for-neos\/","url":"https:\/\/www.captcha.eu\/captcha-plugin-for-neos\/","name":"Plugin Captcha per NEOS \u00bb Potente protezione del sito","isPartOf":{"@id":"https:\/\/www.captcha.eu\/#website"},"primaryImageOfPage":{"@id":"https:\/\/www.captcha.eu\/captcha-plugin-for-neos\/#primaryimage"},"image":{"@id":"https:\/\/www.captcha.eu\/captcha-plugin-for-neos\/#primaryimage"},"thumbnailUrl":"https:\/\/www.captcha.eu\/wp-content\/uploads\/2024\/02\/Neos-CMS-1024x1024.webp","datePublished":"2024-08-30T07:59:28+00:00","dateModified":"2026-03-26T22:05:41+00:00","description":"Plugin captcha elegante e potente per il tuo sito NEOS \u279c completamente conforme al GDPR \u2713 intuitivo \u2713 protezione immediata \u2713 massima protezione del sito \u2713","breadcrumb":{"@id":"https:\/\/www.captcha.eu\/captcha-plugin-for-neos\/#breadcrumb"},"inLanguage":"it-IT","potentialAction":[{"@type":"ReadAction","target":["https:\/\/www.captcha.eu\/captcha-plugin-for-neos\/"]}]},{"@type":"ImageObject","inLanguage":"it-IT","@id":"https:\/\/www.captcha.eu\/captcha-plugin-for-neos\/#primaryimage","url":"https:\/\/www.captcha.eu\/wp-content\/uploads\/2024\/02\/Neos-CMS-1024x1024.webp","contentUrl":"https:\/\/www.captcha.eu\/wp-content\/uploads\/2024\/02\/Neos-CMS-1024x1024.webp"},{"@type":"BreadcrumbList","@id":"https:\/\/www.captcha.eu\/captcha-plugin-for-neos\/#breadcrumb","itemListElement":[{"@type":"ListItem","position":1,"name":"Home","item":"https:\/\/www.captcha.eu\/"},{"@type":"ListItem","position":2,"name":"CAPTCHA Plugin for NEOS &#8211; GDPR-compliant, no cookies, EU-hosted"}]},{"@type":"WebSite","@id":"https:\/\/www.captcha.eu\/#website","url":"https:\/\/www.captcha.eu\/","name":"captcha.eu","description":"La protezione dei messaggi conforme al GDPR | captcha.eu","publisher":{"@id":"https:\/\/www.captcha.eu\/#organization"},"potentialAction":[{"@type":"SearchAction","target":{"@type":"EntryPoint","urlTemplate":"https:\/\/www.captcha.eu\/?s={search_term_string}"},"query-input":{"@type":"PropertyValueSpecification","valueRequired":true,"valueName":"search_term_string"}}],"inLanguage":"it-IT"},{"@type":"Organization","@id":"https:\/\/www.captcha.eu\/#organization","name":"captcha.eu","url":"https:\/\/www.captcha.eu\/","logo":{"@type":"ImageObject","inLanguage":"it-IT","@id":"https:\/\/www.captcha.eu\/#\/schema\/logo\/image\/","url":"https:\/\/www.captcha.eu\/wp-content\/uploads\/2024\/02\/Captcha_mono-C_Logo.svg","contentUrl":"https:\/\/www.captcha.eu\/wp-content\/uploads\/2024\/02\/Captcha_mono-C_Logo.svg","width":24,"height":28,"caption":"captcha.eu"},"image":{"@id":"https:\/\/www.captcha.eu\/#\/schema\/logo\/image\/"},"sameAs":["https:\/\/x.com\/captcha_eu"]}]}},"pbg_featured_image_src":{"full":false,"thumbnail":false,"medium":false,"medium_large":false,"large":false,"1536x1536":false,"2048x2048":false,"trp-custom-language-flag":false},"pbg_author_info":{"display_name":"digitalisten","author_link":"https:\/\/www.captcha.eu\/it\/author\/digitalisten\/","author_img":"<img alt='digitalisten' src='https:\/\/secure.gravatar.com\/avatar\/bc31cf0308270e03455e0f85a3c84110811c227952cecb263b99808ed200063c?s=128&#038;d=mm&#038;r=g' srcset='https:\/\/secure.gravatar.com\/avatar\/bc31cf0308270e03455e0f85a3c84110811c227952cecb263b99808ed200063c?s=256&#038;d=mm&#038;r=g 2x' class='avatar avatar-128 photo' height='128' width='128' loading='lazy' decoding='async'\/>"},"pbg_comment_info":" No Comments","pbg_excerpt":"Unlike reCAPTCHA, captcha.eu transfers no data to the US, sets no cookies, and requires no consent banner on any form it protects. NEOS is an open-source CMS with a strong base in Austria, Germany, and Switzerland, built by a community that takes editorial flexibility and technical quality seriously. Its users [&hellip;]","_links":{"self":[{"href":"https:\/\/www.captcha.eu\/it\/wp-json\/wp\/v2\/pages\/1284","targetHints":{"allow":["GET"]}}],"collection":[{"href":"https:\/\/www.captcha.eu\/it\/wp-json\/wp\/v2\/pages"}],"about":[{"href":"https:\/\/www.captcha.eu\/it\/wp-json\/wp\/v2\/types\/page"}],"author":[{"embeddable":true,"href":"https:\/\/www.captcha.eu\/it\/wp-json\/wp\/v2\/users\/2"}],"replies":[{"embeddable":true,"href":"https:\/\/www.captcha.eu\/it\/wp-json\/wp\/v2\/comments?post=1284"}],"version-history":[{"count":7,"href":"https:\/\/www.captcha.eu\/it\/wp-json\/wp\/v2\/pages\/1284\/revisions"}],"predecessor-version":[{"id":3443,"href":"https:\/\/www.captcha.eu\/it\/wp-json\/wp\/v2\/pages\/1284\/revisions\/3443"}],"wp:attachment":[{"href":"https:\/\/www.captcha.eu\/it\/wp-json\/wp\/v2\/media?parent=1284"}],"curies":[{"name":"scrivere","href":"https:\/\/api.w.org\/{rel}","templated":true}]}}