{"id":1272,"date":"2024-08-30T07:39:26","date_gmt":"2024-08-30T07:39:26","guid":{"rendered":"https:\/\/www.captcha.eu\/?page_id=1272"},"modified":"2026-03-26T21:31:54","modified_gmt":"2026-03-26T21:31:54","slug":"plugin-captcha-adobe-commerce-magento","status":"publish","type":"page","link":"https:\/\/www.captcha.eu\/it\/plugin-captcha-adobe-commerce-magento\/","title":{"rendered":"Plugin CAPTCHA per Adobe Commerce e Magento 2 - Conforme al GDPR, senza cookie, ospitato in UE"},"content":{"rendered":"<div class=\"wp-block-essential-blocks-advanced-heading  root-eb-advance-heading-49g3a\"><div class=\"eb-parent-wrapper eb-parent-eb-advance-heading-49g3a\"><div class=\"eb-advance-heading-wrapper eb-advance-heading-49g3a button-1 undefined\" data-id=\"eb-advance-heading-49g3a\"><h2 class=\"eb-ah-title\"><span class=\"first-title\">Protezione potente. Facilmente integrabile.<\/span><\/h2><h3 class=\"eb-ah-subtitle\">La soluzione captcha definitiva per il tuo negozio online<\/h3><div class=\"eb-ah-separator line\"><\/div><\/div><\/div><\/div>\n\n\n\n<div class=\"wp-block-media-text has-media-on-the-right is-stacked-on-mobile is-vertically-aligned-top\" style=\"grid-template-columns:auto 35%\"><div class=\"wp-block-media-text__content\">\n<p>Scoprite la potenza dei captcha per Adobe Commerce e Magento 2: proteggete efficacemente i vostri login, moduli di contatto e altro ancora da spam, bot e criminalit\u00e0 informatica senza compromettere l'esperienza dell'utente. Nessun cookie, nessun tracciamento - completamente conforme al GDPR.<\/p>\n\n\n\n<div class=\"wp-block-essential-blocks-button root-eb-button-aoqhd\"><div class=\"eb-parent-wrapper eb-parent-eb-button-aoqhd\"><div class=\"eb-button-wrapper eb-button-alignment eb-button-aoqhd\"><div class=\"eb-button\"><div class=\"eb-button-inner-wrapper\"><a class=\"eb-button-anchor\" href=\"https:\/\/commercemarketplace.adobe.com\/captcha-eu-magento.html\" rel=\"noopener\">Ottieni il plugin<\/a><\/div><\/div><\/div><\/div><\/div>\n<\/div><figure class=\"wp-block-media-text__media\"><img loading=\"lazy\" decoding=\"async\" width=\"357\" height=\"205\" src=\"https:\/\/www.captcha.eu\/wp-content\/uploads\/2024\/02\/image-7.png\" alt=\"\" class=\"wp-image-724 size-full\" srcset=\"https:\/\/www.captcha.eu\/wp-content\/uploads\/2024\/02\/image-7.png 357w, https:\/\/www.captcha.eu\/wp-content\/uploads\/2024\/02\/image-7-300x172.png 300w, https:\/\/www.captcha.eu\/wp-content\/uploads\/2024\/02\/image-7-18x10.png 18w\" sizes=\"auto, (max-width: 357px) 100vw, 357px\" \/><\/figure><\/div>\n\n\n\n<p>A differenza di reCAPTCHA, captcha.eu non trasferisce alcun dato negli Stati Uniti, non imposta alcun cookie e non richiede alcun banner di consenso nel vostro negozio. Adobe Commerce e Magento 2 alimentano migliaia di negozi online in tutta Europa, dai rivenditori di fascia media ai cataloghi aziendali. Per tutti loro, la conformit\u00e0 al GDPR \u00e8 obbligatoria e l'esperienza di checkout \u00e8 fondamentale. Allo stesso tempo, i negozi Magento sono un obiettivo primario per gli attacchi automatizzati: carding, in cui i dati della carta rubata vengono testati al momento del checkout; registrazioni di account falsi; e spam di moduli che inquinano le analisi e fanno aumentare i costi di assistenza. captcha.eu protegge esattamente questi punti di ingresso, login, registrazione, reset della password, iscrizione alla newsletter e moduli di checkout, funzionando in modo invisibile in background, senza enigmi e senza attriti per i clienti legittimi. \u00c8 ospitato interamente in Austria, non elabora dati al di fuori dell'UE, non imposta cookie e possiede la certificazione WACA Silver del T\u00dcV Austria per la conformit\u00e0 all'accessibilit\u00e0 WCAG 2.2 AA verificata in modo indipendente.<\/p>\n\n\n\n<h2 class=\"wp-block-heading has-large-font-size\" id=\"h-how-to-add-a-captcha-to-adobe-commerce-and-magento-2\">Come aggiungere un captcha ad Adobe Commerce e Magento 2<\/h2>\n\n\n\n<p>In modo efficace <strong>proteggere gli accessi, i moduli di contatto e altro ancora<\/strong> attraverso il tuo sito <strong>contro il traffico indesiderato e lo spam<\/strong> con il plugin captcha.eu. <strong>Elegante<\/strong>, <strong>potente <\/strong>E <strong>facile da integrare<\/strong>, la nostra soluzione captcha ti consente di aggiungere un ulteriore livello di sicurezza in un istante, e di porre fine alle caselle da spuntare e ai puzzle da risolvere. Ecco come impostare il plugin captcha per Adobe Commerce o Magento 2:<\/p>\n\n\n\n<div class=\"wp-block-columns is-layout-flex wp-container-core-columns-is-layout-28f84493 wp-block-columns-is-layout-flex\">\n<div class=\"wp-block-column is-layout-flow wp-block-column-is-layout-flow\" style=\"flex-basis:100%\">\n<div class=\"wp-block-group is-content-justification-left is-nowrap is-layout-flex wp-container-core-group-is-layout-a1ed96d5 wp-block-group-is-layout-flex\">\n<h2 class=\"wp-block-heading\" id=\"h-1\">1<\/h2>\n\n\n\n<p class=\"has-link-color wp-elements-f163e311de9c1e8c236836904f463731\">Primo, <a href=\"https:\/\/commercemarketplace.adobe.com\/captcha-eu-magento.html\">scarica il plugin<\/a> da Commerce Marketplace. Se stai impostando captcha.eu per Adobe Commerce, puoi passare direttamente al passaggio 4.<\/p>\n<\/div>\n\n\n\n<figure class=\"wp-block-image size-large is-resized\"><img decoding=\"async\" src=\"https:\/\/docs.captcha.eu\/files\/adobe-commerce-magento\/captcha-eu-marketplace.png\" alt=\"\" style=\"width:687px;height:auto\"\/><\/figure>\n\n\n\n<div class=\"wp-block-group is-content-justification-left is-nowrap is-layout-flex wp-container-core-group-is-layout-a1ed96d5 wp-block-group-is-layout-flex\">\n<h2 class=\"wp-block-heading\" id=\"h-2\">2<\/h2>\n\n\n\n<p class=\"has-link-color wp-elements-f1ef75caed7df150848d6356e5cff6ba\">Per installare il plugin per Magento, dovrai <strong>usa Compositore<\/strong> (che puoi scaricare <a href=\"https:\/\/getcomposer.org\/\">Qui<\/a>). Assicurati che le tue chiavi di accesso siano impostate di conseguenza, poich\u00e9 Composer utilizzer\u00e0 queste credenziali per connettersi e scaricare l&#039;estensione da Commerce Marketplace. Quindi vai al tuo <strong>Console\/Shell SSH<\/strong> E <strong>installare l&#039;estensione<\/strong> dall&#039;interno della cartella \/magento. <strong>Nota<\/strong>: Captcha.eu richiede Magento 2.X.<\/p>\n<\/div>\n\n\n\n<pre class=\"wp-block-code\"><code>compositore richiede captcha-eu\/magento<\/code><\/pre>\n\n\n\n<div class=\"wp-block-group is-content-justification-left is-nowrap is-layout-flex wp-container-core-group-is-layout-a1ed96d5 wp-block-group-is-layout-flex\">\n<h2 class=\"wp-block-heading\" id=\"h-3\">3<\/h2>\n\n\n\n<p class=\"has-link-color wp-elements-4fea0013e63bc2714f436a979bea62c9\">Dopo l&#039;installazione, esegui i seguenti comandi per aggiornare la configurazione e accedere al plugin tramite il backend di Magento 2:<\/p>\n<\/div>\n\n\n\n<pre class=\"wp-block-code\"><code>configurazione php bin\/magento:aggiornamento; configurazione php bin\/magento:di:compilazione; configurazione php bin\/magento:static-content:deploy -f; cache php bin\/magento:pulizia; cache php bin\/magento:svuotamento;<\/code><\/pre>\n\n\n\n<div class=\"wp-block-group is-content-justification-left is-nowrap is-layout-flex wp-container-core-group-is-layout-a1ed96d5 wp-block-group-is-layout-flex\">\n<h2 class=\"wp-block-heading\" id=\"h-4\">4<\/h2>\n\n\n\n<p class=\"has-link-color wp-elements-f531a0d6f686f038e28dc448f190b911\">Installa l&#039;estensione tramite Composer (che puoi scaricare <a href=\"https:\/\/getcomposer.org\/\">Qui<\/a>), utilizzando il seguente frammento:<\/p>\n<\/div>\n\n\n\n<pre class=\"wp-block-code\"><code>compositore richiede captcha-eu\/magento:1.0.0 --no-update<\/code><\/pre>\n\n\n\n<div class=\"wp-block-group is-content-justification-left is-nowrap is-layout-flex wp-container-core-group-is-layout-a1ed96d5 wp-block-group-is-layout-flex\">\n<h2 class=\"wp-block-heading\" id=\"h-5\">5<\/h2>\n\n\n\n<p class=\"has-link-color wp-elements-c846dfcfec9818e4f21364e7b849d0a8\">Controllare il <strong>stato del modulo<\/strong> e impostare i parametri richiesti (abilita\/disabilita).<\/p>\n<\/div>\n\n\n\n<pre class=\"wp-block-code\"><code># abilita il modulo bin\/magento:abilita CaptchaEU_Captcha # disabilita il modulo bin\/magento:disabilita CaptchaEU_Captcha<\/code><\/pre>\n\n\n\n<div class=\"wp-block-group is-content-justification-left is-nowrap is-layout-flex wp-container-core-group-is-layout-a1ed96d5 wp-block-group-is-layout-flex\">\n<h2 class=\"wp-block-heading\" id=\"h-6\">6<\/h2>\n\n\n\n<p class=\"has-link-color wp-elements-4391d0740d55432e44b8df6833d31c8b\">Successivamente, dovrai <a href=\"http:\/\/www.captcha.eu\/it\/login\/\"><strong>creare un account Captcha.eu<\/strong><\/a>. Poi <strong>login<\/strong> e vai su &quot;domini&quot; nel tuo <a href=\"https:\/\/www.captcha.eu\/dashboard\/\">dashboard<\/a> A <strong>aggiungere<\/strong> IL <strong>dominio<\/strong> che vuoi proteggere. Questo generer\u00e0 una chiave REST e una chiave pubblica. Quindi torna alla tua interfaccia di amministrazione Adobe Commerce o Magento 2. A proposito: il tuo <strong>prime 100 convalide<\/strong> sono completamente <strong>gratuito<\/strong>!<\/p>\n<\/div>\n\n\n\n<div class=\"wp-block-group is-content-justification-left is-nowrap is-layout-flex wp-container-core-group-is-layout-a1ed96d5 wp-block-group-is-layout-flex\">\n<h2 class=\"wp-block-heading\" id=\"h-7\">7<\/h2>\n\n\n\n<p class=\"has-link-color wp-elements-a6d9ec8d3c61f4c02c7f4938eaaca9fc\">Vai a <strong>Negozi &gt; Configurazione &gt; Captcha.eu<\/strong> nell&#039;interfaccia di Adobe Commerce o Magento 2 per <strong>attiva il plugin<\/strong>Per fare ci\u00f2, copia il REST e la chiave pubblica dalla dashboard di captcha.eu e incollali nei campi pertinenti nelle impostazioni &quot;Configurazione generale&quot;. <\/p>\n<\/div>\n\n\n\n<figure class=\"wp-block-image size-large is-resized\"><img decoding=\"async\" src=\"https:\/\/docs.captcha.eu\/files\/adobe-commerce-magento\/settings-general.png\" alt=\"\" style=\"width:941px;height:auto\"\/><\/figure>\n\n\n\n<div class=\"wp-block-group is-content-justification-left is-nowrap is-layout-flex wp-container-core-group-is-layout-a1ed96d5 wp-block-group-is-layout-flex\">\n<h2 class=\"wp-block-heading\" id=\"h-8\">8<\/h2>\n\n\n\n<p class=\"has-link-color wp-elements-ee4b3f7cb102f9df608844f21384beb6\">Scegli quali aree del tuo sito vuoi proteggere usando captcha.eu. Questo include la protezione per tutti i tuoi accessi e moduli, tra cui registrazione, iscrizioni alla newsletter, dimenticanza della password e altro. <\/p>\n<\/div>\n\n\n\n<figure class=\"wp-block-image size-large is-resized\"><img decoding=\"async\" src=\"https:\/\/docs.captcha.eu\/files\/adobe-commerce-magento\/settings-frontend.png\" alt=\"\" style=\"width:915px;height:auto\"\/><\/figure>\n\n\n\n<p class=\"has-link-color wp-elements-3831dbcaac5d8e3cfa80d27588891eee\"><strong>Questo \u00e8 tutto!<\/strong> Il tuo sito Adobe Commerce\/Magento 2 \u00e8 ora protetto con il plugin Captcha.eu. Se riscontri problemi durante il percorso o hai domande specifiche sul processo di installazione, il nostro <a href=\"https:\/\/docs.captcha.eu\/adobecommerce-magento2-install?id=enabledisable-module\">documentazione dettagliata<\/a> \u00e8 qui per aiutarti. Oppure contattaci direttamente per ricevere ulteriore assistenza e supporto, tramite il nostro <a href=\"https:\/\/www.captcha.eu\/it\/contatto\/\">Modulo di Contatto<\/a> o funzione di chat online.<\/p>\n\n\n\n<hr class=\"wp-block-separator has-alpha-channel-opacity is-style-dots\"\/>\n\n\n\n<p class=\"has-link-color wp-elements-355b7c1c82cdf2920305accbfd67a562\">Dagli accessi alle iscrizioni alla newsletter e ai moduli di contatto: il nostro <strong>potente<\/strong>, <strong>facile da integrare<\/strong> Il plugin captcha.eu \u00e8 la soluzione captcha definitiva per <strong>proteggi il tuo sito Adobe Commerce o Magento 2 da traffico indesiderato e spam<\/strong> \u2013 mettendo al primo posto i clienti eliminando la risoluzione di enigmi e la spunta delle caselle. E, cosa migliore di tutte: \u00e8 completamente conforme a&nbsp;<strong>Normative UE sulla protezione dei dati<\/strong>. Nessun cookie, nessun tracciamento. Scarica subito il plugin captcha per Adobe Commerce o Magento 2!<\/p>\n\n\n\n<div class=\"wp-block-essential-blocks-button root-eb-button-hjckk\"><div class=\"eb-parent-wrapper eb-parent-eb-button-hjckk\"><div class=\"eb-button-wrapper eb-button-alignment eb-button-hjckk\"><div class=\"eb-button\"><div class=\"eb-button-inner-wrapper\"><a class=\"eb-button-anchor\" href=\"https:\/\/commercemarketplace.adobe.com\/captcha-eu-magento.html\" rel=\"noopener\">Ottieni il plugin<\/a><\/div><\/div><\/div><\/div><\/div>\n<\/div>\n<\/div>\n\n\n\n<p><\/p>","protected":false},"excerpt":{"rendered":"<p>Unlike reCAPTCHA, captcha.eu transfers no data to the US, sets no cookies, and requires no consent banner anywhere in your store. Adobe Commerce and Magento 2 power thousands of online shops across Europe, from mid-market retailers to enterprise catalogues. For all of them, GDPR compliance is mandatory and checkout experience [&hellip;]<\/p>\n","protected":false},"author":2,"featured_media":0,"parent":0,"menu_order":0,"comment_status":"closed","ping_status":"closed","template":"","meta":{"_acf_changed":false,"_eb_attr":"","footnotes":""},"class_list":["post-1272","page","type-page","status-publish","hentry"],"acf":[],"yoast_head":"<!-- This site is optimized with the Yoast SEO Premium plugin v27.0 (Yoast SEO v27.0) - https:\/\/yoast.com\/product\/yoast-seo-premium-wordpress\/ -->\n<title>Captcha Plugin for Adobe Commerce &amp; Magento 2 \u00bb Get it now<\/title>\n<meta name=\"description\" content=\"Captcha plugin for Adobe Commerce &amp; Magento 2 \u279c fully GDPR-compliant \u2713 user-friendly \u2713 easy to use \u2713 protect sign-ups, logins &amp; contact forms.\" \/>\n<meta name=\"robots\" content=\"index, follow, max-snippet:-1, max-image-preview:large, max-video-preview:-1\" \/>\n<link rel=\"canonical\" href=\"https:\/\/www.captcha.eu\/it\/plugin-captcha-adobe-commerce-magento\/\" \/>\n<meta property=\"og:locale\" content=\"it_IT\" \/>\n<meta property=\"og:type\" content=\"article\" \/>\n<meta property=\"og:title\" content=\"CAPTCHA Plugin for Adobe Commerce &amp; Magento 2 - GDPR-compliant, no cookies, EU-hosted\" \/>\n<meta property=\"og:description\" content=\"Captcha plugin for Adobe Commerce &amp; Magento 2 \u279c fully GDPR-compliant \u2713 user-friendly \u2713 easy to use \u2713 protect sign-ups, logins &amp; contact forms.\" \/>\n<meta property=\"og:url\" content=\"https:\/\/www.captcha.eu\/it\/plugin-captcha-adobe-commerce-magento\/\" \/>\n<meta property=\"og:site_name\" content=\"captcha.eu\" \/>\n<meta property=\"article:modified_time\" content=\"2026-03-26T21:31:54+00:00\" \/>\n<meta property=\"og:image\" content=\"https:\/\/www.captcha.eu\/wp-content\/uploads\/2024\/02\/image-7.png\" \/>\n\t<meta property=\"og:image:width\" content=\"357\" \/>\n\t<meta property=\"og:image:height\" content=\"205\" \/>\n\t<meta property=\"og:image:type\" content=\"image\/png\" \/>\n<meta name=\"twitter:card\" content=\"summary_large_image\" \/>\n<meta name=\"twitter:site\" content=\"@captcha_eu\" \/>\n<meta name=\"twitter:label1\" content=\"Est. reading time\" \/>\n\t<meta name=\"twitter:data1\" content=\"4 minutes\" \/>\n<script type=\"application\/ld+json\" class=\"yoast-schema-graph\">{\"@context\":\"https:\/\/schema.org\",\"@graph\":[{\"@type\":\"WebPage\",\"@id\":\"https:\/\/www.captcha.eu\/captcha-plugin-adobe-commerce-magento\/\",\"url\":\"https:\/\/www.captcha.eu\/captcha-plugin-adobe-commerce-magento\/\",\"name\":\"Captcha Plugin for Adobe Commerce & Magento 2 \u00bb Get it now\",\"isPartOf\":{\"@id\":\"https:\/\/www.captcha.eu\/#website\"},\"primaryImageOfPage\":{\"@id\":\"https:\/\/www.captcha.eu\/captcha-plugin-adobe-commerce-magento\/#primaryimage\"},\"image\":{\"@id\":\"https:\/\/www.captcha.eu\/captcha-plugin-adobe-commerce-magento\/#primaryimage\"},\"thumbnailUrl\":\"https:\/\/www.captcha.eu\/wp-content\/uploads\/2024\/02\/image-7.png\",\"datePublished\":\"2024-08-30T07:39:26+00:00\",\"dateModified\":\"2026-03-26T21:31:54+00:00\",\"description\":\"Captcha plugin for Adobe Commerce & Magento 2 \u279c fully GDPR-compliant \u2713 user-friendly \u2713 easy to use \u2713 protect sign-ups, logins & contact forms.\",\"breadcrumb\":{\"@id\":\"https:\/\/www.captcha.eu\/captcha-plugin-adobe-commerce-magento\/#breadcrumb\"},\"inLanguage\":\"it-IT\",\"potentialAction\":[{\"@type\":\"ReadAction\",\"target\":[\"https:\/\/www.captcha.eu\/captcha-plugin-adobe-commerce-magento\/\"]}]},{\"@type\":\"ImageObject\",\"inLanguage\":\"it-IT\",\"@id\":\"https:\/\/www.captcha.eu\/captcha-plugin-adobe-commerce-magento\/#primaryimage\",\"url\":\"https:\/\/www.captcha.eu\/wp-content\/uploads\/2024\/02\/image-7.png\",\"contentUrl\":\"https:\/\/www.captcha.eu\/wp-content\/uploads\/2024\/02\/image-7.png\"},{\"@type\":\"BreadcrumbList\",\"@id\":\"https:\/\/www.captcha.eu\/captcha-plugin-adobe-commerce-magento\/#breadcrumb\",\"itemListElement\":[{\"@type\":\"ListItem\",\"position\":1,\"name\":\"Home\",\"item\":\"https:\/\/www.captcha.eu\/\"},{\"@type\":\"ListItem\",\"position\":2,\"name\":\"CAPTCHA Plugin for Adobe Commerce &amp; Magento 2 &#8211; GDPR-compliant, no cookies, EU-hosted\"}]},{\"@type\":\"WebSite\",\"@id\":\"https:\/\/www.captcha.eu\/#website\",\"url\":\"https:\/\/www.captcha.eu\/\",\"name\":\"captcha.eu\",\"description\":\"The GDPR-compliant message protection | captcha.eu\",\"publisher\":{\"@id\":\"https:\/\/www.captcha.eu\/#organization\"},\"potentialAction\":[{\"@type\":\"SearchAction\",\"target\":{\"@type\":\"EntryPoint\",\"urlTemplate\":\"https:\/\/www.captcha.eu\/?s={search_term_string}\"},\"query-input\":{\"@type\":\"PropertyValueSpecification\",\"valueRequired\":true,\"valueName\":\"search_term_string\"}}],\"inLanguage\":\"it-IT\"},{\"@type\":\"Organization\",\"@id\":\"https:\/\/www.captcha.eu\/#organization\",\"name\":\"captcha.eu\",\"url\":\"https:\/\/www.captcha.eu\/\",\"logo\":{\"@type\":\"ImageObject\",\"inLanguage\":\"it-IT\",\"@id\":\"https:\/\/www.captcha.eu\/#\/schema\/logo\/image\/\",\"url\":\"https:\/\/www.captcha.eu\/wp-content\/uploads\/2024\/02\/Captcha_mono-C_Logo.svg\",\"contentUrl\":\"https:\/\/www.captcha.eu\/wp-content\/uploads\/2024\/02\/Captcha_mono-C_Logo.svg\",\"width\":24,\"height\":28,\"caption\":\"captcha.eu\"},\"image\":{\"@id\":\"https:\/\/www.captcha.eu\/#\/schema\/logo\/image\/\"},\"sameAs\":[\"https:\/\/x.com\/captcha_eu\"]}]}<\/script>\n<!-- \/ Yoast SEO Premium plugin. -->","yoast_head_json":{"title":"Plugin Captcha per Adobe Commerce e Magento 2 \u00bb Scaricalo ora","description":"Plugin Captcha per Adobe Commerce e Magento 2 \u279c completamente conforme al GDPR \u2713 intuitivo \u2713 facile da usare \u2713 protegge le registrazioni, gli accessi e i moduli di contatto.","robots":{"index":"index","follow":"follow","max-snippet":"max-snippet:-1","max-image-preview":"max-image-preview:large","max-video-preview":"max-video-preview:-1"},"canonical":"https:\/\/www.captcha.eu\/it\/plugin-captcha-adobe-commerce-magento\/","og_locale":"it_IT","og_type":"article","og_title":"CAPTCHA Plugin for Adobe Commerce &amp; Magento 2 - GDPR-compliant, no cookies, EU-hosted","og_description":"Captcha plugin for Adobe Commerce & Magento 2 \u279c fully GDPR-compliant \u2713 user-friendly \u2713 easy to use \u2713 protect sign-ups, logins & contact forms.","og_url":"https:\/\/www.captcha.eu\/it\/plugin-captcha-adobe-commerce-magento\/","og_site_name":"captcha.eu","article_modified_time":"2026-03-26T21:31:54+00:00","og_image":[{"width":357,"height":205,"url":"https:\/\/www.captcha.eu\/wp-content\/uploads\/2024\/02\/image-7.png","type":"image\/png"}],"twitter_card":"summary_large_image","twitter_site":"@captcha_eu","twitter_misc":{"Est. reading time":"4 minutes"},"schema":{"@context":"https:\/\/schema.org","@graph":[{"@type":"WebPage","@id":"https:\/\/www.captcha.eu\/captcha-plugin-adobe-commerce-magento\/","url":"https:\/\/www.captcha.eu\/captcha-plugin-adobe-commerce-magento\/","name":"Plugin Captcha per Adobe Commerce e Magento 2 \u00bb Scaricalo ora","isPartOf":{"@id":"https:\/\/www.captcha.eu\/#website"},"primaryImageOfPage":{"@id":"https:\/\/www.captcha.eu\/captcha-plugin-adobe-commerce-magento\/#primaryimage"},"image":{"@id":"https:\/\/www.captcha.eu\/captcha-plugin-adobe-commerce-magento\/#primaryimage"},"thumbnailUrl":"https:\/\/www.captcha.eu\/wp-content\/uploads\/2024\/02\/image-7.png","datePublished":"2024-08-30T07:39:26+00:00","dateModified":"2026-03-26T21:31:54+00:00","description":"Plugin Captcha per Adobe Commerce e Magento 2 \u279c completamente conforme al GDPR \u2713 intuitivo \u2713 facile da usare \u2713 protegge le registrazioni, gli accessi e i moduli di contatto.","breadcrumb":{"@id":"https:\/\/www.captcha.eu\/captcha-plugin-adobe-commerce-magento\/#breadcrumb"},"inLanguage":"it-IT","potentialAction":[{"@type":"ReadAction","target":["https:\/\/www.captcha.eu\/captcha-plugin-adobe-commerce-magento\/"]}]},{"@type":"ImageObject","inLanguage":"it-IT","@id":"https:\/\/www.captcha.eu\/captcha-plugin-adobe-commerce-magento\/#primaryimage","url":"https:\/\/www.captcha.eu\/wp-content\/uploads\/2024\/02\/image-7.png","contentUrl":"https:\/\/www.captcha.eu\/wp-content\/uploads\/2024\/02\/image-7.png"},{"@type":"BreadcrumbList","@id":"https:\/\/www.captcha.eu\/captcha-plugin-adobe-commerce-magento\/#breadcrumb","itemListElement":[{"@type":"ListItem","position":1,"name":"Home","item":"https:\/\/www.captcha.eu\/"},{"@type":"ListItem","position":2,"name":"CAPTCHA Plugin for Adobe Commerce &amp; Magento 2 &#8211; GDPR-compliant, no cookies, EU-hosted"}]},{"@type":"WebSite","@id":"https:\/\/www.captcha.eu\/#website","url":"https:\/\/www.captcha.eu\/","name":"captcha.eu","description":"La protezione dei messaggi conforme al GDPR | captcha.eu","publisher":{"@id":"https:\/\/www.captcha.eu\/#organization"},"potentialAction":[{"@type":"SearchAction","target":{"@type":"EntryPoint","urlTemplate":"https:\/\/www.captcha.eu\/?s={search_term_string}"},"query-input":{"@type":"PropertyValueSpecification","valueRequired":true,"valueName":"search_term_string"}}],"inLanguage":"it-IT"},{"@type":"Organization","@id":"https:\/\/www.captcha.eu\/#organization","name":"captcha.eu","url":"https:\/\/www.captcha.eu\/","logo":{"@type":"ImageObject","inLanguage":"it-IT","@id":"https:\/\/www.captcha.eu\/#\/schema\/logo\/image\/","url":"https:\/\/www.captcha.eu\/wp-content\/uploads\/2024\/02\/Captcha_mono-C_Logo.svg","contentUrl":"https:\/\/www.captcha.eu\/wp-content\/uploads\/2024\/02\/Captcha_mono-C_Logo.svg","width":24,"height":28,"caption":"captcha.eu"},"image":{"@id":"https:\/\/www.captcha.eu\/#\/schema\/logo\/image\/"},"sameAs":["https:\/\/x.com\/captcha_eu"]}]}},"pbg_featured_image_src":{"full":false,"thumbnail":false,"medium":false,"medium_large":false,"large":false,"1536x1536":false,"2048x2048":false,"trp-custom-language-flag":false},"pbg_author_info":{"display_name":"digitalisten","author_link":"https:\/\/www.captcha.eu\/it\/author\/digitalisten\/","author_img":"<img alt='digitalisten' src='https:\/\/secure.gravatar.com\/avatar\/bc31cf0308270e03455e0f85a3c84110811c227952cecb263b99808ed200063c?s=128&#038;d=mm&#038;r=g' srcset='https:\/\/secure.gravatar.com\/avatar\/bc31cf0308270e03455e0f85a3c84110811c227952cecb263b99808ed200063c?s=256&#038;d=mm&#038;r=g 2x' class='avatar avatar-128 photo' height='128' width='128' loading='lazy' decoding='async'\/>"},"pbg_comment_info":" No Comments","pbg_excerpt":"Unlike reCAPTCHA, captcha.eu transfers no data to the US, sets no cookies, and requires no consent banner anywhere in your store. Adobe Commerce and Magento 2 power thousands of online shops across Europe, from mid-market retailers to enterprise catalogues. For all of them, GDPR compliance is mandatory and checkout experience [&hellip;]","_links":{"self":[{"href":"https:\/\/www.captcha.eu\/it\/wp-json\/wp\/v2\/pages\/1272","targetHints":{"allow":["GET"]}}],"collection":[{"href":"https:\/\/www.captcha.eu\/it\/wp-json\/wp\/v2\/pages"}],"about":[{"href":"https:\/\/www.captcha.eu\/it\/wp-json\/wp\/v2\/types\/page"}],"author":[{"embeddable":true,"href":"https:\/\/www.captcha.eu\/it\/wp-json\/wp\/v2\/users\/2"}],"replies":[{"embeddable":true,"href":"https:\/\/www.captcha.eu\/it\/wp-json\/wp\/v2\/comments?post=1272"}],"version-history":[{"count":8,"href":"https:\/\/www.captcha.eu\/it\/wp-json\/wp\/v2\/pages\/1272\/revisions"}],"predecessor-version":[{"id":3437,"href":"https:\/\/www.captcha.eu\/it\/wp-json\/wp\/v2\/pages\/1272\/revisions\/3437"}],"wp:attachment":[{"href":"https:\/\/www.captcha.eu\/it\/wp-json\/wp\/v2\/media?parent=1272"}],"curies":[{"name":"scrivere","href":"https:\/\/api.w.org\/{rel}","templated":true}]}}