{"id":799,"date":"2024-02-26T19:17:34","date_gmt":"2024-02-26T19:17:34","guid":{"rendered":"https:\/\/wp.captcha.eu\/?page_id=799"},"modified":"2024-03-26T13:35:02","modified_gmt":"2024-03-26T13:35:02","slug":"biscuits","status":"publish","type":"page","link":"https:\/\/www.captcha.eu\/fr\/biscuits\/","title":{"rendered":"Cookies et donn\u00e9es d&#039;identification \u00e9lectronique"},"content":{"rendered":"<h2 class=\"wp-block-heading\">Que sont les cookies et les donn\u00e9es d&#039;identification \u00e9lectronique ?<\/h2>\n\n\n\n<p>Un cookie est une s\u00e9quence de caract\u00e8res et de chiffres stock\u00e9s dans le navigateur de l&#039;utilisateur sous un nom sp\u00e9cifi\u00e9. \u00c0 chaque processus de chargement, le navigateur envoie automatiquement, sauf indication contraire de l&#039;utilisateur, envoie automatiquement toutes les informations qui peuvent \u00eatre n\u00e9cessaires pour la correction de la page demand\u00e9e. Cela inclut l&#039;adresse IP, diverses informations sur l&#039;appareil (telles que UserAgent, syst\u00e8me d&#039;exploitation, navigateur, appareil final) ainsi que le nom et le contenu de tous les cookies et identifiants fournis techniquement.<\/p>\n\n\n\n<p>Certains cookies ne sont lisibles que pour la page actuellement consult\u00e9e (cookies de premi\u00e8re partie), d&#039;autres cookies peuvent \u00eatre lus et stock\u00e9s ind\u00e9pendamment de la page actuellement visit\u00e9e que vous visitez actuellement (cookies de troisi\u00e8me partie). captcha.eu fera tout ce qui est techniquement possible pour emp\u00eacher l&#039;utilisation de cookies tiers uniquement avec le consentement de l&#039;utilisateur. Les cookies ont automatiquement une dur\u00e9e de vie maximale. Cette dur\u00e9e de vie maximale est renouvel\u00e9e \u00e0 chaque utilisation du cookie par l&#039;initiateur du cookie. La dur\u00e9e sp\u00e9cifique du cookie est d\u00e9termin\u00e9e par l&#039;initiateur du cookie. le navigateur supprime le cookie sans autre action.<\/p>\n\n\n\n<h2 class=\"wp-block-heading\">A quoi servent les cookies ?<\/h2>\n\n\n\n<p>Les cookies contribuent \u00e0 am\u00e9liorer l&#039;exp\u00e9rience utilisateur sur un site Web et \u00e0 am\u00e9liorer l&#039;exp\u00e9rience utilisateur sur un site Web et \u00e0 le rendre plus convivial. Les param\u00e8tres individuels des pages ou le nom d&#039;utilisateur sont stock\u00e9s dans des cookies et automatiquement pris en compte ou sugg\u00e9r\u00e9s lors d&#039;une nouvelle consultation de la page. sugg\u00e9r\u00e9. En outre, les cookies sont utilis\u00e9s pour enregistrer statistiquement la plage (nombre) de statistiques et pour personnaliser le contenu de la page (par exemple, des recommandations d&#039;articles). recommandations d&#039;articles) \u00e0 personnaliser. Les cookies sont \u00e9galement utilis\u00e9s pour (personnaliser) et mesurer le succ\u00e8s de la publicit\u00e9.<\/p>\n\n\n\n<h2 class=\"wp-block-heading\">A quoi servent les donn\u00e9es d\u2019identification \u00e9lectronique ?<\/h2>\n\n\n\n<p>Le traitement des informations sur l&#039;appareil sert \u00e0 adapter le contenu de la page \u00e0 l&#039;appareil final de l&#039;utilisateur. Il peut s&#039;agir d&#039;une version de la version optimis\u00e9e de la page pour l&#039;appareil final ou d&#039;un contenu de page individualis\u00e9.<\/p>\n\n\n\n<h2 class=\"wp-block-heading\">A quelles fins les cookies et traitements de donn\u00e9es d&#039;identification \u00e9lectronique utilis\u00e9s sur captcha.eu ?<\/h2>\n\n\n\n<ul class=\"wp-block-list\">\n<li>Essentiel\n<ul class=\"wp-block-list\">\n<li>captcha.eu utilise des cookies et des donn\u00e9es d&#039;identification \u00e9lectronique pour assurer une pr\u00e9sentation correcte, correcte et s\u00e9curis\u00e9e du site. Cela inclut la pr\u00e9sentation du contenu du site, la d\u00e9fense contre d&#039;\u00e9ventuelles cyberattaques ainsi que le traitement s\u00e9curis\u00e9 du processus de paiement. Tous les cookies de notre processeur de paiement \u00ab\u00a0Stripe\u00a0\u00bb ne sont d\u00e9finis que sur la page de traitement des paiements. page de traitement des paiements.<\/li>\n<\/ul>\n<\/li>\n\n\n\n<li>Publicit\u00e9\n<ul class=\"wp-block-list\">\n<li>captcha.eu ne d\u00e9finit ni ne traite de cookies publicitaires.<\/li>\n<\/ul>\n<\/li>\n\n\n\n<li>Analyses d&#039;audience Internet\n<ul class=\"wp-block-list\">\n<li>captcha.eu utilise un logiciel d&#039;analyse Web pour mesurer les performances du site Web et des articles individuels. Ces donn\u00e9es sont utilis\u00e9es pour mesurer le succ\u00e8s interne et contribuent \u00e0 am\u00e9liorer notre produit. captcha.eu utilise l&#039;analyse Web uniquement avec le consentement de l&#039;utilisateur dans nos param\u00e8tres de confidentialit\u00e9.<\/li>\n<\/ul>\n<\/li>\n<\/ul>\n\n\n\n<h3 class=\"wp-block-heading\">La r\u00e9vocation du consentement au traitement est possible \u00e0 tout moment via nos param\u00e8tres de confidentialit\u00e9. Les cookies d\u00e9j\u00e0 stock\u00e9s peuvent \u00eatre supprim\u00e9s \u00e0 tout moment dans le navigateur sous \u00ab Param\u00e8tres \u00bb.<\/h3>","protected":false},"excerpt":{"rendered":"<p>What are cookies and electronic identification data? A cookie is a sequence of characters and digits that are stored in the user&#8217;s browser browser under a specified name. With each loading process, the browser automatically sends, if not otherwise set by the user automatically sends all the information that may [&hellip;]<\/p>\n","protected":false},"author":1,"featured_media":0,"parent":0,"menu_order":0,"comment_status":"closed","ping_status":"closed","template":"","meta":{"_acf_changed":false,"_eb_attr":"","footnotes":""},"class_list":["post-799","page","type-page","status-publish","hentry"],"acf":[],"yoast_head":"<!-- This site is optimized with the Yoast SEO Premium plugin v27.0 (Yoast SEO v27.0) - https:\/\/yoast.com\/product\/yoast-seo-premium-wordpress\/ -->\n<title>Captcha Cookies \u00bb All about electronic identification data<\/title>\n<meta name=\"description\" content=\"All about Captcha cookies &amp; electronic identification data \u279c Definition, application &amp; use explained \u2713 Consent &amp; settings on Captcha.eu \u2713 Learn more!\" \/>\n<meta name=\"robots\" content=\"index, follow, max-snippet:-1, max-image-preview:large, max-video-preview:-1\" \/>\n<link rel=\"canonical\" href=\"https:\/\/www.captcha.eu\/fr\/biscuits\/\" \/>\n<meta property=\"og:locale\" content=\"fr_FR\" \/>\n<meta property=\"og:type\" content=\"article\" \/>\n<meta property=\"og:title\" content=\"Cookies and electronic identification data\" \/>\n<meta property=\"og:description\" content=\"All about Captcha cookies &amp; electronic identification data \u279c Definition, application &amp; use explained \u2713 Consent &amp; settings on Captcha.eu \u2713 Learn more!\" \/>\n<meta property=\"og:url\" content=\"https:\/\/www.captcha.eu\/fr\/biscuits\/\" \/>\n<meta property=\"og:site_name\" content=\"captcha.eu\" \/>\n<meta property=\"article:modified_time\" content=\"2024-03-26T13:35:02+00:00\" \/>\n<meta name=\"twitter:card\" content=\"summary_large_image\" \/>\n<meta name=\"twitter:site\" content=\"@captcha_eu\" \/>\n<meta name=\"twitter:label1\" content=\"Est. reading time\" \/>\n\t<meta name=\"twitter:data1\" content=\"3 minutes\" \/>\n<script type=\"application\/ld+json\" class=\"yoast-schema-graph\">{\"@context\":\"https:\/\/schema.org\",\"@graph\":[{\"@type\":\"WebPage\",\"@id\":\"https:\/\/www.captcha.eu\/cookies\/\",\"url\":\"https:\/\/www.captcha.eu\/cookies\/\",\"name\":\"Captcha Cookies \u00bb All about electronic identification data\",\"isPartOf\":{\"@id\":\"https:\/\/www.captcha.eu\/#website\"},\"datePublished\":\"2024-02-26T19:17:34+00:00\",\"dateModified\":\"2024-03-26T13:35:02+00:00\",\"description\":\"All about Captcha cookies & electronic identification data \u279c Definition, application & use explained \u2713 Consent & settings on Captcha.eu \u2713 Learn more!\",\"breadcrumb\":{\"@id\":\"https:\/\/www.captcha.eu\/cookies\/#breadcrumb\"},\"inLanguage\":\"fr-FR\",\"potentialAction\":[{\"@type\":\"ReadAction\",\"target\":[\"https:\/\/www.captcha.eu\/cookies\/\"]}]},{\"@type\":\"BreadcrumbList\",\"@id\":\"https:\/\/www.captcha.eu\/cookies\/#breadcrumb\",\"itemListElement\":[{\"@type\":\"ListItem\",\"position\":1,\"name\":\"Home\",\"item\":\"https:\/\/www.captcha.eu\/\"},{\"@type\":\"ListItem\",\"position\":2,\"name\":\"Cookies and electronic identification data\"}]},{\"@type\":\"WebSite\",\"@id\":\"https:\/\/www.captcha.eu\/#website\",\"url\":\"https:\/\/www.captcha.eu\/\",\"name\":\"captcha.eu\",\"description\":\"The GDPR-compliant message protection | captcha.eu\",\"publisher\":{\"@id\":\"https:\/\/www.captcha.eu\/#organization\"},\"potentialAction\":[{\"@type\":\"SearchAction\",\"target\":{\"@type\":\"EntryPoint\",\"urlTemplate\":\"https:\/\/www.captcha.eu\/?s={search_term_string}\"},\"query-input\":{\"@type\":\"PropertyValueSpecification\",\"valueRequired\":true,\"valueName\":\"search_term_string\"}}],\"inLanguage\":\"fr-FR\"},{\"@type\":\"Organization\",\"@id\":\"https:\/\/www.captcha.eu\/#organization\",\"name\":\"captcha.eu\",\"url\":\"https:\/\/www.captcha.eu\/\",\"logo\":{\"@type\":\"ImageObject\",\"inLanguage\":\"fr-FR\",\"@id\":\"https:\/\/www.captcha.eu\/#\/schema\/logo\/image\/\",\"url\":\"https:\/\/www.captcha.eu\/wp-content\/uploads\/2024\/02\/Captcha_mono-C_Logo.svg\",\"contentUrl\":\"https:\/\/www.captcha.eu\/wp-content\/uploads\/2024\/02\/Captcha_mono-C_Logo.svg\",\"width\":24,\"height\":28,\"caption\":\"captcha.eu\"},\"image\":{\"@id\":\"https:\/\/www.captcha.eu\/#\/schema\/logo\/image\/\"},\"sameAs\":[\"https:\/\/x.com\/captcha_eu\"]}]}<\/script>\n<!-- \/ Yoast SEO Premium plugin. -->","yoast_head_json":{"title":"Cookies Captcha \u00bb Tout sur les donn\u00e9es d&#039;identification \u00e9lectronique","description":"Tout sur les cookies Captcha &amp; les donn\u00e9es d&#039;identification \u00e9lectronique \u279c D\u00e9finition, application &amp; utilisation expliqu\u00e9es \u2713 Consentement &amp; param\u00e9trage sur Captcha.eu \u2713 En savoir plus !","robots":{"index":"index","follow":"follow","max-snippet":"max-snippet:-1","max-image-preview":"max-image-preview:large","max-video-preview":"max-video-preview:-1"},"canonical":"https:\/\/www.captcha.eu\/fr\/biscuits\/","og_locale":"fr_FR","og_type":"article","og_title":"Cookies and electronic identification data","og_description":"All about Captcha cookies & electronic identification data \u279c Definition, application & use explained \u2713 Consent & settings on Captcha.eu \u2713 Learn more!","og_url":"https:\/\/www.captcha.eu\/fr\/biscuits\/","og_site_name":"captcha.eu","article_modified_time":"2024-03-26T13:35:02+00:00","twitter_card":"summary_large_image","twitter_site":"@captcha_eu","twitter_misc":{"Est. reading time":"3 minutes"},"schema":{"@context":"https:\/\/schema.org","@graph":[{"@type":"WebPage","@id":"https:\/\/www.captcha.eu\/cookies\/","url":"https:\/\/www.captcha.eu\/cookies\/","name":"Cookies Captcha \u00bb Tout sur les donn\u00e9es d&#039;identification \u00e9lectronique","isPartOf":{"@id":"https:\/\/www.captcha.eu\/#website"},"datePublished":"2024-02-26T19:17:34+00:00","dateModified":"2024-03-26T13:35:02+00:00","description":"Tout sur les cookies Captcha &amp; les donn\u00e9es d&#039;identification \u00e9lectronique \u279c D\u00e9finition, application &amp; utilisation expliqu\u00e9es \u2713 Consentement &amp; param\u00e9trage sur Captcha.eu \u2713 En savoir plus !","breadcrumb":{"@id":"https:\/\/www.captcha.eu\/cookies\/#breadcrumb"},"inLanguage":"fr-FR","potentialAction":[{"@type":"ReadAction","target":["https:\/\/www.captcha.eu\/cookies\/"]}]},{"@type":"BreadcrumbList","@id":"https:\/\/www.captcha.eu\/cookies\/#breadcrumb","itemListElement":[{"@type":"ListItem","position":1,"name":"Home","item":"https:\/\/www.captcha.eu\/"},{"@type":"ListItem","position":2,"name":"Cookies and electronic identification data"}]},{"@type":"WebSite","@id":"https:\/\/www.captcha.eu\/#website","url":"https:\/\/www.captcha.eu\/","name":"captcha.eu","description":"La protection des messages conforme au GDPR | captcha.eu","publisher":{"@id":"https:\/\/www.captcha.eu\/#organization"},"potentialAction":[{"@type":"SearchAction","target":{"@type":"EntryPoint","urlTemplate":"https:\/\/www.captcha.eu\/?s={search_term_string}"},"query-input":{"@type":"PropertyValueSpecification","valueRequired":true,"valueName":"search_term_string"}}],"inLanguage":"fr-FR"},{"@type":"Organization","@id":"https:\/\/www.captcha.eu\/#organization","name":"captcha.eu","url":"https:\/\/www.captcha.eu\/","logo":{"@type":"ImageObject","inLanguage":"fr-FR","@id":"https:\/\/www.captcha.eu\/#\/schema\/logo\/image\/","url":"https:\/\/www.captcha.eu\/wp-content\/uploads\/2024\/02\/Captcha_mono-C_Logo.svg","contentUrl":"https:\/\/www.captcha.eu\/wp-content\/uploads\/2024\/02\/Captcha_mono-C_Logo.svg","width":24,"height":28,"caption":"captcha.eu"},"image":{"@id":"https:\/\/www.captcha.eu\/#\/schema\/logo\/image\/"},"sameAs":["https:\/\/x.com\/captcha_eu"]}]}},"pbg_featured_image_src":{"full":false,"thumbnail":false,"medium":false,"medium_large":false,"large":false,"1536x1536":false,"2048x2048":false,"trp-custom-language-flag":false},"pbg_author_info":{"display_name":"Captcha","author_link":"https:\/\/www.captcha.eu\/fr\/author\/admin\/","author_img":"<img alt='Captcha' src='https:\/\/secure.gravatar.com\/avatar\/48b669a092d552f5f30202f8da848c93fa4c54f8c2b3167568ed5cbccbe4994a?s=128&#038;d=mm&#038;r=g' srcset='https:\/\/secure.gravatar.com\/avatar\/48b669a092d552f5f30202f8da848c93fa4c54f8c2b3167568ed5cbccbe4994a?s=256&#038;d=mm&#038;r=g 2x' class='avatar avatar-128 photo' height='128' width='128' loading='lazy' decoding='async'\/>"},"pbg_comment_info":" No Comments","pbg_excerpt":"What are cookies and electronic identification data? A cookie is a sequence of characters and digits that are stored in the user&#8217;s browser browser under a specified name. With each loading process, the browser automatically sends, if not otherwise set by the user automatically sends all the information that may [&hellip;]","_links":{"self":[{"href":"https:\/\/www.captcha.eu\/fr\/wp-json\/wp\/v2\/pages\/799","targetHints":{"allow":["GET"]}}],"collection":[{"href":"https:\/\/www.captcha.eu\/fr\/wp-json\/wp\/v2\/pages"}],"about":[{"href":"https:\/\/www.captcha.eu\/fr\/wp-json\/wp\/v2\/types\/page"}],"author":[{"embeddable":true,"href":"https:\/\/www.captcha.eu\/fr\/wp-json\/wp\/v2\/users\/1"}],"replies":[{"embeddable":true,"href":"https:\/\/www.captcha.eu\/fr\/wp-json\/wp\/v2\/comments?post=799"}],"version-history":[{"count":1,"href":"https:\/\/www.captcha.eu\/fr\/wp-json\/wp\/v2\/pages\/799\/revisions"}],"predecessor-version":[{"id":800,"href":"https:\/\/www.captcha.eu\/fr\/wp-json\/wp\/v2\/pages\/799\/revisions\/800"}],"wp:attachment":[{"href":"https:\/\/www.captcha.eu\/fr\/wp-json\/wp\/v2\/media?parent=799"}],"curies":[{"name":"wp","href":"https:\/\/api.w.org\/{rel}","templated":true}]}}