{"id":649,"date":"2024-02-25T21:20:13","date_gmt":"2024-02-25T21:20:13","guid":{"rendered":"https:\/\/wp.captcha.eu\/?page_id=649"},"modified":"2024-03-27T13:18:07","modified_gmt":"2024-03-27T13:18:07","slug":"questions-frequemment-posees","status":"publish","type":"page","link":"https:\/\/www.captcha.eu\/fr\/questions-frequemment-posees\/","title":{"rendered":"Questions fr\u00e9quemment pos\u00e9es"},"content":{"rendered":"<div class=\"wp-block-gutena-accordion gutena-accordion-block gutena-accordion-block-9bfd25-3d is-layout-flow wp-block-gutena-accordion-is-layout-flow\" data-single=\"false\">\n<div class=\"wp-block-gutena-accordion-panel gutena-accordion-block__panel\">\n<div class=\"wp-block-gutena-accordion-panel-title gutena-accordion-block__panel-title\"><div class=\"gutena-accordion-block__panel-title-inner\">\n<h6 class=\"wp-block-heading has-text-align-left\" style=\"margin-top:0px;margin-right:0px;margin-bottom:0px;margin-left:0px\">Qu&#039;est-ce qu&#039;un robot\u00a0?<\/h6>\n<div class=\"trigger-plus-minus\"><div class=\"horizontal\"><\/div><div class=\"vertical\"><\/div><\/div><\/div><\/div>\n\n\n\n<div class=\"wp-block-gutena-accordion-panel-content gutena-accordion-block__panel-content\"><div class=\"gutena-accordion-block__panel-content-inner\">\n<p style=\"margin-top:0;margin-bottom:0\">Un bot fait r\u00e9f\u00e9rence \u00e0 un script ou \u00e0 un processus automatis\u00e9 qui tente de manipuler des donn\u00e9es. Des exemples de telles manipulations incluent le spam de sections de commentaires, la falsification de sondages ou de votes, les gains de tirages au sort ou le scalping de produits.<\/p>\n<\/div><\/div>\n<\/div>\n\n\n\n<div class=\"wp-block-gutena-accordion-panel gutena-accordion-block__panel\">\n<div class=\"wp-block-gutena-accordion-panel-title gutena-accordion-block__panel-title\"><div class=\"gutena-accordion-block__panel-title-inner\">\n<h6 class=\"wp-block-heading has-text-align-left\" style=\"margin-top:0px;margin-right:0px;margin-bottom:0px;margin-left:0px\">Quelle part du trafic Web provient des robots\u00a0?<\/h6>\n<div class=\"trigger-plus-minus\"><div class=\"horizontal\"><\/div><div class=\"vertical\"><\/div><\/div><\/div><\/div>\n\n\n\n<div class=\"wp-block-gutena-accordion-panel-content gutena-accordion-block__panel-content\"><div class=\"gutena-accordion-block__panel-content-inner\">\n<p style=\"margin-top:0;margin-bottom:0\">Le pourcentage du trafic Web attribu\u00e9 aux robots peut varier consid\u00e9rablement, mais on estime qu&#039;environ 40% de l&#039;ensemble du trafic est g\u00e9n\u00e9r\u00e9 par les robots. Lorsqu&#039;ils sont class\u00e9s en bons robots, tels que les robots d&#039;exploration, et en mauvais robots, ces derniers constituent environ 25%.<\/p>\n<\/div><\/div>\n<\/div>\n\n\n\n<div class=\"wp-block-gutena-accordion-panel gutena-accordion-block__panel\">\n<div class=\"wp-block-gutena-accordion-panel-title gutena-accordion-block__panel-title\"><div class=\"gutena-accordion-block__panel-title-inner\">\n<h6 class=\"wp-block-heading has-text-align-left\" style=\"margin-top:0px;margin-right:0px;margin-bottom:0px;margin-left:0px\">Comment captcha.eu emp\u00eache-t-il le trafic de robots\u00a0?<\/h6>\n<div class=\"trigger-plus-minus\"><div class=\"horizontal\"><\/div><div class=\"vertical\"><\/div><\/div><\/div><\/div>\n\n\n\n<div class=\"wp-block-gutena-accordion-panel-content gutena-accordion-block__panel-content\"><div class=\"gutena-accordion-block__panel-content-inner\">\n<p style=\"margin-top:0;margin-bottom:0\">captcha.eu utilise des technologies de pointe, notamment l&#039;apprentissage automatique et les d\u00e9fis cryptographiques, pour d\u00e9tecter et dissuader le trafic de robots. L&#039;ensemble du processus est enti\u00e8rement conforme \u00e0 la r\u00e9glementation GDPR et fonctionne dans les limites de la juridiction europ\u00e9enne.<\/p>\n<\/div><\/div>\n<\/div>\n\n\n\n<div class=\"wp-block-gutena-accordion-panel gutena-accordion-block__panel\">\n<div class=\"wp-block-gutena-accordion-panel-title gutena-accordion-block__panel-title\"><div class=\"gutena-accordion-block__panel-title-inner\">\n<h6 class=\"wp-block-heading has-text-align-left\" style=\"margin-top:0px;margin-right:0px;margin-bottom:0px;margin-left:0px\">Pourquoi choisir captcha.eu<\/h6>\n<div class=\"trigger-plus-minus\"><div class=\"horizontal\"><\/div><div class=\"vertical\"><\/div><\/div><\/div><\/div>\n\n\n\n<div class=\"wp-block-gutena-accordion-panel-content gutena-accordion-block__panel-content\"><div class=\"gutena-accordion-block__panel-content-inner\">\n<p style=\"margin-top:0;margin-bottom:0\">captcha.eu fournit un produit fiable et largement test\u00e9 qui s&#039;int\u00e8gre parfaitement aux sites Web sans compromettre l&#039;exp\u00e9rience utilisateur. Avec captcha.eu, les utilisateurs peuvent mettre fin \u00e0 leur recherche de solutions de feux tricolores.<\/p>\n<\/div><\/div>\n<\/div>\n\n\n\n<div class=\"wp-block-gutena-accordion-panel gutena-accordion-block__panel\">\n<div class=\"wp-block-gutena-accordion-panel-title gutena-accordion-block__panel-title\"><div class=\"gutena-accordion-block__panel-title-inner\">\n<h6 class=\"wp-block-heading has-text-align-left\" style=\"margin-top:0px;margin-right:0px;margin-bottom:0px;margin-left:0px\">Comment prot\u00e9ger mon site WordPress<\/h6>\n<div class=\"trigger-plus-minus\"><div class=\"horizontal\"><\/div><div class=\"vertical\"><\/div><\/div><\/div><\/div>\n\n\n\n<div class=\"wp-block-gutena-accordion-panel-content gutena-accordion-block__panel-content\"><div class=\"gutena-accordion-block__panel-content-inner\">\n<p style=\"margin-top:0;margin-bottom:0\">captcha.eu s&#039;int\u00e8gre de mani\u00e8re transparente \u00e0 tout formulaire, sondage ou syst\u00e8me similaire bas\u00e9 sur le Web. Nous proposons \u00e9galement un plugin WordPress gratuit et enti\u00e8rement entretenu qui prend en charge une vari\u00e9t\u00e9 de plugins de formulaires WordPress, notamment ContactForm7 et NinjaForms. Si votre plugin pr\u00e9f\u00e9r\u00e9 ne figure pas dans la liste, notre \u00e9quipe d&#039;assistance par chat est \u00e0 votre disposition pour vous aider.<\/p>\n<\/div><\/div>\n<\/div>\n\n\n\n<div class=\"wp-block-gutena-accordion-panel gutena-accordion-block__panel\">\n<div class=\"wp-block-gutena-accordion-panel-title gutena-accordion-block__panel-title\"><div class=\"gutena-accordion-block__panel-title-inner\">\n<h6 class=\"wp-block-heading has-text-align-left\" style=\"margin-top:0px;margin-right:0px;margin-bottom:0px;margin-left:0px\">Comment puis-je entrer en contact\u00a0?<\/h6>\n<div class=\"trigger-plus-minus\"><div class=\"horizontal\"><\/div><div class=\"vertical\"><\/div><\/div><\/div><\/div>\n\n\n\n<div class=\"wp-block-gutena-accordion-panel-content gutena-accordion-block__panel-content\"><div class=\"gutena-accordion-block__panel-content-inner\">\n<p style=\"margin-top:0;margin-bottom:0\">Notre \u00e9quipe d&#039;assistance par chat et par e-mail sur place \u00e0\u00a0\n        <span class=\"captcha_mailhide_root\" title=\"Cliquez sur le bouton pour masquer le contenu\" data-payload=\"alZSNkdnT1pQYm94SEk5MDV2emhLMUVKSWpHODNCeEttUlpSUDF3dFJKbG16TDdua2tIbXhXZ3NjT0x3ME9YZlczc1YxT09UOGNZcGZwNXNnaWZCYVRzYnNWRTVhaHJYdER2MmZFWW16MmxtaHNiRjhKTEpxbWFyV1A0cTN3WmU=\" tabindex=\"0\">\n        <img class=\"inline_logo\" src=\"https:\/\/www.captcha.eu\/wp-content\/uploads\/2024\/02\/image-1.png\" width=\"10\" alt=\"Voici une adresse email cach\u00e9e. Cliquez dessus et l&#039;adresse lisible appara\u00eetra au m\u00eame endroit sous peu.\"  \/> <span aria-hidden=\"true\" aria-live=\"polite\" class=\"captcha_real_mail\" >mail...@....eu<\/span>\n            <span class=\"captcha_mailhide_slider inactive\"><\/span>\n            <span class=\"screen-reader-status\" aria-live=\"assertive\" style=\"position: absolute; left: -9999px;\"><\/span>\n        <\/span> \n    \n        \u00a0sont disponibles pour r\u00e9pondre \u00e0 toutes vos questions ou pr\u00e9occupations.<\/p>\n\n\n\n<p>vous pouvez \u00e9galement utiliser notre <a href=\"https:\/\/www.captcha.eu\/fr\/contactez-nous\/\">formulaire de contact prot\u00e9g\u00e9 par le captcha.<\/a>.<\/p>\n<\/div><\/div>\n<\/div>\n<\/div>","protected":false},"excerpt":{"rendered":"","protected":false},"author":1,"featured_media":0,"parent":0,"menu_order":0,"comment_status":"closed","ping_status":"closed","template":"","meta":{"_acf_changed":false,"_eb_attr":"","footnotes":""},"class_list":["post-649","page","type-page","status-publish","hentry"],"acf":[],"yoast_head":"<!-- This site is optimized with the Yoast SEO Premium plugin v27.0 (Yoast SEO v27.0) - https:\/\/yoast.com\/product\/yoast-seo-premium-wordpress\/ -->\n<title>Captcha FAQs \u00bb Alle Antworten &amp; Infos<\/title>\n<meta name=\"description\" content=\"Alle Antworten zu den h\u00e4ufigsten Captcha-Fragen \u279c Was ist ein Bot \u2713 Wie viel Web-Traffic kommt von Bots \u2713 Sicherheit &amp; Vorteile \u2713 Mehr entdecken!\" \/>\n<meta name=\"robots\" content=\"index, follow, max-snippet:-1, max-image-preview:large, max-video-preview:-1\" \/>\n<link rel=\"canonical\" href=\"https:\/\/www.captcha.eu\/fr\/questions-frequemment-posees\/\" \/>\n<meta property=\"og:locale\" content=\"fr_FR\" \/>\n<meta property=\"og:type\" content=\"article\" \/>\n<meta property=\"og:title\" content=\"Frequently asked questions\" \/>\n<meta property=\"og:description\" content=\"Alle Antworten zu den h\u00e4ufigsten Captcha-Fragen \u279c Was ist ein Bot \u2713 Wie viel Web-Traffic kommt von Bots \u2713 Sicherheit &amp; Vorteile \u2713 Mehr entdecken!\" \/>\n<meta property=\"og:url\" content=\"https:\/\/www.captcha.eu\/fr\/questions-frequemment-posees\/\" \/>\n<meta property=\"og:site_name\" content=\"captcha.eu\" \/>\n<meta property=\"article:modified_time\" content=\"2024-03-27T13:18:07+00:00\" \/>\n<meta name=\"twitter:card\" content=\"summary_large_image\" \/>\n<meta name=\"twitter:site\" content=\"@captcha_eu\" \/>\n<meta name=\"twitter:label1\" content=\"Est. reading time\" \/>\n\t<meta name=\"twitter:data1\" content=\"2 minutes\" \/>\n<script type=\"application\/ld+json\" class=\"yoast-schema-graph\">{\"@context\":\"https:\/\/schema.org\",\"@graph\":[{\"@type\":\"WebPage\",\"@id\":\"https:\/\/www.captcha.eu\/frequently-asked-questions\/\",\"url\":\"https:\/\/www.captcha.eu\/frequently-asked-questions\/\",\"name\":\"Captcha FAQs \u00bb Alle Antworten & Infos\",\"isPartOf\":{\"@id\":\"https:\/\/www.captcha.eu\/#website\"},\"datePublished\":\"2024-02-25T21:20:13+00:00\",\"dateModified\":\"2024-03-27T13:18:07+00:00\",\"description\":\"Alle Antworten zu den h\u00e4ufigsten Captcha-Fragen \u279c Was ist ein Bot \u2713 Wie viel Web-Traffic kommt von Bots \u2713 Sicherheit & Vorteile \u2713 Mehr entdecken!\",\"breadcrumb\":{\"@id\":\"https:\/\/www.captcha.eu\/frequently-asked-questions\/#breadcrumb\"},\"inLanguage\":\"fr-FR\",\"potentialAction\":[{\"@type\":\"ReadAction\",\"target\":[\"https:\/\/www.captcha.eu\/frequently-asked-questions\/\"]}]},{\"@type\":\"BreadcrumbList\",\"@id\":\"https:\/\/www.captcha.eu\/frequently-asked-questions\/#breadcrumb\",\"itemListElement\":[{\"@type\":\"ListItem\",\"position\":1,\"name\":\"Home\",\"item\":\"https:\/\/www.captcha.eu\/\"},{\"@type\":\"ListItem\",\"position\":2,\"name\":\"Frequently asked questions\"}]},{\"@type\":\"WebSite\",\"@id\":\"https:\/\/www.captcha.eu\/#website\",\"url\":\"https:\/\/www.captcha.eu\/\",\"name\":\"captcha.eu\",\"description\":\"The GDPR-compliant message protection | captcha.eu\",\"publisher\":{\"@id\":\"https:\/\/www.captcha.eu\/#organization\"},\"potentialAction\":[{\"@type\":\"SearchAction\",\"target\":{\"@type\":\"EntryPoint\",\"urlTemplate\":\"https:\/\/www.captcha.eu\/?s={search_term_string}\"},\"query-input\":{\"@type\":\"PropertyValueSpecification\",\"valueRequired\":true,\"valueName\":\"search_term_string\"}}],\"inLanguage\":\"fr-FR\"},{\"@type\":\"Organization\",\"@id\":\"https:\/\/www.captcha.eu\/#organization\",\"name\":\"captcha.eu\",\"url\":\"https:\/\/www.captcha.eu\/\",\"logo\":{\"@type\":\"ImageObject\",\"inLanguage\":\"fr-FR\",\"@id\":\"https:\/\/www.captcha.eu\/#\/schema\/logo\/image\/\",\"url\":\"https:\/\/www.captcha.eu\/wp-content\/uploads\/2024\/02\/Captcha_mono-C_Logo.svg\",\"contentUrl\":\"https:\/\/www.captcha.eu\/wp-content\/uploads\/2024\/02\/Captcha_mono-C_Logo.svg\",\"width\":24,\"height\":28,\"caption\":\"captcha.eu\"},\"image\":{\"@id\":\"https:\/\/www.captcha.eu\/#\/schema\/logo\/image\/\"},\"sameAs\":[\"https:\/\/x.com\/captcha_eu\"]}]}<\/script>\n<!-- \/ Yoast SEO Premium plugin. -->","yoast_head_json":{"title":"FAQ Captcha \u00bb Toutes les r\u00e9ponses et informations","description":"Toutes les r\u00e9ponses aux principaux fragments de Captcha \u279c Il s&#039;agit d&#039;un robot \u2713 Le trafic Web le plus efficace est fourni par les robots \u2713 S\u00e9curit\u00e9 et avantages \u2713 Plus d&#039;informations\u00a0!","robots":{"index":"index","follow":"follow","max-snippet":"max-snippet:-1","max-image-preview":"max-image-preview:large","max-video-preview":"max-video-preview:-1"},"canonical":"https:\/\/www.captcha.eu\/fr\/questions-frequemment-posees\/","og_locale":"fr_FR","og_type":"article","og_title":"Frequently asked questions","og_description":"Alle Antworten zu den h\u00e4ufigsten Captcha-Fragen \u279c Was ist ein Bot \u2713 Wie viel Web-Traffic kommt von Bots \u2713 Sicherheit & Vorteile \u2713 Mehr entdecken!","og_url":"https:\/\/www.captcha.eu\/fr\/questions-frequemment-posees\/","og_site_name":"captcha.eu","article_modified_time":"2024-03-27T13:18:07+00:00","twitter_card":"summary_large_image","twitter_site":"@captcha_eu","twitter_misc":{"Est. reading time":"2 minutes"},"schema":{"@context":"https:\/\/schema.org","@graph":[{"@type":"WebPage","@id":"https:\/\/www.captcha.eu\/frequently-asked-questions\/","url":"https:\/\/www.captcha.eu\/frequently-asked-questions\/","name":"FAQ Captcha \u00bb Toutes les r\u00e9ponses et informations","isPartOf":{"@id":"https:\/\/www.captcha.eu\/#website"},"datePublished":"2024-02-25T21:20:13+00:00","dateModified":"2024-03-27T13:18:07+00:00","description":"Toutes les r\u00e9ponses aux principaux fragments de Captcha \u279c Il s&#039;agit d&#039;un robot \u2713 Le trafic Web le plus efficace est fourni par les robots \u2713 S\u00e9curit\u00e9 et avantages \u2713 Plus d&#039;informations\u00a0!","breadcrumb":{"@id":"https:\/\/www.captcha.eu\/frequently-asked-questions\/#breadcrumb"},"inLanguage":"fr-FR","potentialAction":[{"@type":"ReadAction","target":["https:\/\/www.captcha.eu\/frequently-asked-questions\/"]}]},{"@type":"BreadcrumbList","@id":"https:\/\/www.captcha.eu\/frequently-asked-questions\/#breadcrumb","itemListElement":[{"@type":"ListItem","position":1,"name":"Home","item":"https:\/\/www.captcha.eu\/"},{"@type":"ListItem","position":2,"name":"Frequently asked questions"}]},{"@type":"WebSite","@id":"https:\/\/www.captcha.eu\/#website","url":"https:\/\/www.captcha.eu\/","name":"captcha.eu","description":"La protection des messages conforme au GDPR | captcha.eu","publisher":{"@id":"https:\/\/www.captcha.eu\/#organization"},"potentialAction":[{"@type":"SearchAction","target":{"@type":"EntryPoint","urlTemplate":"https:\/\/www.captcha.eu\/?s={search_term_string}"},"query-input":{"@type":"PropertyValueSpecification","valueRequired":true,"valueName":"search_term_string"}}],"inLanguage":"fr-FR"},{"@type":"Organization","@id":"https:\/\/www.captcha.eu\/#organization","name":"captcha.eu","url":"https:\/\/www.captcha.eu\/","logo":{"@type":"ImageObject","inLanguage":"fr-FR","@id":"https:\/\/www.captcha.eu\/#\/schema\/logo\/image\/","url":"https:\/\/www.captcha.eu\/wp-content\/uploads\/2024\/02\/Captcha_mono-C_Logo.svg","contentUrl":"https:\/\/www.captcha.eu\/wp-content\/uploads\/2024\/02\/Captcha_mono-C_Logo.svg","width":24,"height":28,"caption":"captcha.eu"},"image":{"@id":"https:\/\/www.captcha.eu\/#\/schema\/logo\/image\/"},"sameAs":["https:\/\/x.com\/captcha_eu"]}]}},"pbg_featured_image_src":{"full":false,"thumbnail":false,"medium":false,"medium_large":false,"large":false,"1536x1536":false,"2048x2048":false,"trp-custom-language-flag":false},"pbg_author_info":{"display_name":"Captcha","author_link":"https:\/\/www.captcha.eu\/fr\/author\/admin\/","author_img":"<img alt='Captcha' src='https:\/\/secure.gravatar.com\/avatar\/48b669a092d552f5f30202f8da848c93fa4c54f8c2b3167568ed5cbccbe4994a?s=128&#038;d=mm&#038;r=g' srcset='https:\/\/secure.gravatar.com\/avatar\/48b669a092d552f5f30202f8da848c93fa4c54f8c2b3167568ed5cbccbe4994a?s=256&#038;d=mm&#038;r=g 2x' class='avatar avatar-128 photo' height='128' width='128' loading='lazy' decoding='async'\/>"},"pbg_comment_info":" No Comments","pbg_excerpt":null,"_links":{"self":[{"href":"https:\/\/www.captcha.eu\/fr\/wp-json\/wp\/v2\/pages\/649","targetHints":{"allow":["GET"]}}],"collection":[{"href":"https:\/\/www.captcha.eu\/fr\/wp-json\/wp\/v2\/pages"}],"about":[{"href":"https:\/\/www.captcha.eu\/fr\/wp-json\/wp\/v2\/types\/page"}],"author":[{"embeddable":true,"href":"https:\/\/www.captcha.eu\/fr\/wp-json\/wp\/v2\/users\/1"}],"replies":[{"embeddable":true,"href":"https:\/\/www.captcha.eu\/fr\/wp-json\/wp\/v2\/comments?post=649"}],"version-history":[{"count":3,"href":"https:\/\/www.captcha.eu\/fr\/wp-json\/wp\/v2\/pages\/649\/revisions"}],"predecessor-version":[{"id":2596,"href":"https:\/\/www.captcha.eu\/fr\/wp-json\/wp\/v2\/pages\/649\/revisions\/2596"}],"wp:attachment":[{"href":"https:\/\/www.captcha.eu\/fr\/wp-json\/wp\/v2\/media?parent=649"}],"curies":[{"name":"wp","href":"https:\/\/api.w.org\/{rel}","templated":true}]}}