{"id":1930,"date":"2025-04-23T08:29:40","date_gmt":"2025-04-23T08:29:40","guid":{"rendered":"https:\/\/www.captcha.eu\/?page_id=1930"},"modified":"2025-04-23T08:29:41","modified_gmt":"2025-04-23T08:29:41","slug":"formulaire-de-contact-avec-protection-anti-spam","status":"publish","type":"page","link":"https:\/\/www.captcha.eu\/fr\/formulaire-de-contact-avec-protection-anti-spam\/","title":{"rendered":"Protection efficace contre le spam pour les formulaires de contact"},"content":{"rendered":"<p>Les formulaires de contact sont l&#039;un des \u00e9l\u00e9ments les plus importants de tout site web. Ils servent de canal de communication direct entre les visiteurs et les op\u00e9rateurs du site, que ce soit pour des demandes de renseignements, le support client ou des opportunit\u00e9s commerciales. Cependant, ces formulaires sont fr\u00e9quemment la cible de robots automatis\u00e9s qui envoient d&#039;importants volumes de spam. Il est donc essentiel pour les propri\u00e9taires de sites web de prot\u00e9ger leurs formulaires contre de telles attaques, id\u00e9alement avec une solution conviviale et respectueuse de la vie priv\u00e9e.<\/p>\n\n\n\n<figure class=\"wp-block-image size-large is-resized\"><img data-dominant-color=\"7e8dc3\" data-has-transparency=\"false\" loading=\"lazy\" decoding=\"async\" width=\"1024\" height=\"576\" sizes=\"auto, (max-width: 1024px) 100vw, 1024px\" src=\"https:\/\/www.captcha.eu\/wp-content\/uploads\/2025\/04\/Design-ohne-Titel9-1024x576.png\" alt=\"Une illustration vectorielle plate d&#039;un ordinateur portable avec un formulaire de contact et un robot frustr\u00e9 aux prises avec un CAPTCHA.\" class=\"wp-image-1932 not-transparent\" style=\"--dominant-color: #7e8dc3; width:1180px;height:auto\" srcset=\"https:\/\/www.captcha.eu\/wp-content\/uploads\/2025\/04\/Design-ohne-Titel9-1024x576.png 1024w, https:\/\/www.captcha.eu\/wp-content\/uploads\/2025\/04\/Design-ohne-Titel9-300x169.png 300w, https:\/\/www.captcha.eu\/wp-content\/uploads\/2025\/04\/Design-ohne-Titel9-768x432.png 768w, https:\/\/www.captcha.eu\/wp-content\/uploads\/2025\/04\/Design-ohne-Titel9-1536x864.png 1536w, https:\/\/www.captcha.eu\/wp-content\/uploads\/2025\/04\/Design-ohne-Titel9-18x10.png 18w, https:\/\/www.captcha.eu\/wp-content\/uploads\/2025\/04\/Design-ohne-Titel9.png 1920w\" \/><figcaption class=\"wp-element-caption\">G\u00e9n\u00e9r\u00e9 par Google Gemini<\/figcaption><\/figure>\n\n\n\n<div class=\"wp-block-yoast-seo-table-of-contents yoast-table-of-contents\"><h2>Table des mati\u00e8res<\/h2><ul><li><a href=\"#h-why-are-contact-forms-vulnerable-to-spam\" data-level=\"3\">Pourquoi les formulaires de contact sont-ils vuln\u00e9rables au spam\u00a0?<\/a><\/li><li><a href=\"#h-common-spam-protection-for-contact-forms-their-strengths-and-limitations\" data-level=\"3\">Protection anti-spam courante pour les formulaires de contact\u00a0: leurs points forts et leurs limites<\/a><\/li><li><a href=\"#h-invisible-captcha-a-modern-approach-to-bot-detection\" data-level=\"3\">CAPTCHA invisible\u00a0: une approche moderne de la d\u00e9tection des robots<\/a><\/li><li><a href=\"#h-european-alternatives-captcha-eu-as-a-privacy-friendly-solution\" data-level=\"3\">Alternatives europ\u00e9ennes\u00a0: Captcha.eu, une solution respectueuse de la vie priv\u00e9e<\/a><\/li><li><a href=\"#h-conclusion-strong-spam-protection-starts-with-the-right-tools\" data-level=\"3\">Conclusion\u00a0: une protection efficace contre le spam commence par les bons outils<\/a><\/li><\/ul><\/div>\n\n\n\n<h3 class=\"wp-block-heading\" id=\"h-why-are-contact-forms-vulnerable-to-spam\">Pourquoi les formulaires de contact sont-ils vuln\u00e9rables au spam\u00a0?<\/h3>\n\n\n\n<p>Les robots scrutent constamment Internet \u00e0 la recherche de formulaires non prot\u00e9g\u00e9s. D\u00e8s qu&#039;ils en trouvent un, ils l&#039;utilisent pour inonder les bo\u00eetes de r\u00e9ception de spams, de messages d&#039;hame\u00e7onnage ou de liens malveillants. Les formulaires sans mesures de s\u00e9curit\u00e9 ad\u00e9quates deviennent des cibles faciles. M\u00eame les protections les plus courantes, comme les CAPTCHA de base, ne parviennent souvent pas \u00e0 arr\u00eater les robots les plus avanc\u00e9s. C&#039;est pourquoi une protection solide et intelligente est non seulement utile, mais essentielle. Elle doit aller de pair avec la convivialit\u00e9 et le respect des r\u00e9glementations en mati\u00e8re de confidentialit\u00e9.<\/p>\n\n\n\n<h3 class=\"wp-block-heading\">Qu\u2019est-ce qui rend un formulaire de contact vraiment efficace\u00a0?<\/h3>\n\n\n\n<p>Un formulaire de contact vraiment efficace ne se limite pas \u00e0 recueillir des demandes\u00a0: il offre une exp\u00e9rience utilisateur fluide et sans frustration. Les visiteurs doivent pouvoir envoyer leurs messages facilement, sans se retrouver confront\u00e9s \u00e0 des t\u00e2ches complexes ni \u00e0 des obstacles. Parall\u00e8lement, le formulaire doit bloquer efficacement les spams sans compromettre la convivialit\u00e9 ni enfreindre les lois sur la protection des donn\u00e9es. Choisir la bonne technologie antispam est essentiel\u00a0: id\u00e9alement, elle doit fonctionner discr\u00e8tement en arri\u00e8re-plan, \u00e9viter de traiter les donn\u00e9es personnelles des utilisateurs et distinguer pr\u00e9cis\u00e9ment les personnes r\u00e9elles des robots.<\/p>\n\n\n\n<p>Le choix de la technologie antispam joue un r\u00f4le crucial. Id\u00e9alement, elle devrait fonctionner silencieusement en arri\u00e8re-plan, \u00e9viter de collecter les donn\u00e9es personnelles des utilisateurs et distinguer pr\u00e9cis\u00e9ment les humains des robots.<\/p>\n\n\n\n<h3 class=\"wp-block-heading\" id=\"h-common-spam-protection-for-contact-forms-their-strengths-and-limitations\">Protection anti-spam courante pour les formulaires de contact\u00a0: leurs points forts et leurs limites<\/h3>\n\n\n\n<p><strong>Filtres de mots<\/strong><br>Une m\u00e9thode de base consiste \u00e0 filtrer des mots sp\u00e9cifiques souvent associ\u00e9s au spam, tels que \u00ab\u00a0casino\u00a0\u00bb, \u00ab\u00a0crypto\u00a0\u00bb ou \u00ab\u00a0adulte\u00a0\u00bb. Bien que simple \u00e0 mettre en \u0153uvre, cette approche est sujette aux faux positifs et peut \u00eatre facilement contourn\u00e9e par les robots spammeurs gr\u00e2ce \u00e0 de l\u00e9g\u00e8res variantes.<\/p>\n\n\n\n<p><strong>Pots de miel<\/strong><br>Il s&#039;agit de champs de formulaire cach\u00e9s, visibles uniquement par les robots. Si un robot remplit ce champ invisible, il est identifi\u00e9 et bloqu\u00e9. Bien qu&#039;\u00e9l\u00e9gants dans leur concept, les pots de miel ne sont plus efficaces contre les robots sophistiqu\u00e9s capables de les d\u00e9tecter et de les \u00e9viter.<\/p>\n\n\n\n<p><strong>CAPTCHA traditionnels<\/strong><br>Les CAPTCHA mettent les utilisateurs au d\u00e9fi d&#039;identifier des images ou de r\u00e9soudre des probl\u00e8mes math\u00e9matiques. Bien qu&#039;ils offrent une protection, ils sont souvent perturbateurs, peu adapt\u00e9s aux utilisateurs en situation de handicap et peuvent ne pas respecter les exigences de confidentialit\u00e9 des donn\u00e9es en raison des pratiques de collecte.<\/p>\n\n\n\n<p><strong>Validation bas\u00e9e sur le temps<\/strong><br>Cette m\u00e9thode d\u00e9tecte les robots en mesurant la vitesse de soumission d&#039;un formulaire. Si quelqu&#039;un remplit un formulaire en quelques secondes seulement, c&#039;est un signe \u00e9vident de comportement automatis\u00e9. Comme la plupart des utilisateurs ont besoin de plus de temps, le syst\u00e8me signale les soumissions anormalement rapides et les bloque sans affecter les utilisateurs authentiques.<\/p>\n\n\n\n<p><strong>Validation bas\u00e9e sur JavaScript<\/strong><br>Cette approche bloque les robots en exigeant JavaScript pour compl\u00e9ter le formulaire. Lorsque le formulaire ne fonctionne qu&#039;avec JavaScript activ\u00e9, la plupart des robots basiques sont automatiquement filtr\u00e9s. Bien que cette m\u00e9thode offre une protection solide, elle n\u00e9cessite une configuration technique solide et peut ne pas arr\u00eater les robots avanc\u00e9s capables d&#039;ex\u00e9cuter des scripts.<\/p>\n\n\n\n<p><strong>Double opt-in<\/strong><br>Cette strat\u00e9gie ajoute une couche de v\u00e9rification suppl\u00e9mentaire. Apr\u00e8s la soumission d&#039;un formulaire, le syst\u00e8me envoie un e-mail de confirmation. Ce n&#039;est que lorsque l&#039;utilisateur clique sur le lien que le message est trait\u00e9. Cela garantit l&#039;authenticit\u00e9 du contact et prot\u00e8ge les utilisateurs et les administrateurs contre le spam et les fausses soumissions.<\/p>\n\n\n\n<p><strong>Limitation du d\u00e9bit IP<\/strong><br>Cette tactique contr\u00f4le la fr\u00e9quence \u00e0 laquelle un formulaire peut \u00eatre soumis depuis la m\u00eame adresse IP. Si trop de soumissions arrivent en peu de temps, le syst\u00e8me limite les entr\u00e9es suppl\u00e9mentaires. Cela r\u00e9duit efficacement les vagues de spam et les attaques de robots, tout en permettant aux utilisateurs r\u00e9els d&#039;interagir sans probl\u00e8me.<\/p>\n\n\n\n<p><strong>Tokenisation JavaScript<\/strong><br>Cette technique utilise JavaScript pour g\u00e9n\u00e9rer un jeton unique lors du chargement du formulaire. Lors de la soumission, le syst\u00e8me v\u00e9rifie le jeton c\u00f4t\u00e9 serveur. Les robots incapables d&#039;ex\u00e9cuter des scripts ne pourront pas g\u00e9n\u00e9rer le jeton\u00a0; leurs soumissions seront donc automatiquement rejet\u00e9es.<\/p>\n\n\n\n<p><strong>Analyse comportementale<\/strong><br>Les outils anti-spam modernes peuvent analyser les mouvements de la souris, les mod\u00e8les de d\u00e9filement et le comportement de clic pour d\u00e9terminer si un utilisateur r\u00e9el ou un robot interagit avec le formulaire, le tout sans interaction de l&#039;utilisateur.<\/p>\n\n\n\n<h3 class=\"wp-block-heading\" id=\"h-invisible-captcha-a-modern-approach-to-bot-detection\">CAPTCHA invisible\u00a0: une approche moderne de la d\u00e9tection des robots<\/h3>\n\n\n\n<p>Les CAPTCHA invisibles fonctionnent silencieusement en arri\u00e8re-plan et analysent les comportements pour d\u00e9terminer si un visiteur est humain. Cette approche am\u00e9liore consid\u00e9rablement l&#039;exp\u00e9rience utilisateur, mais peut soulever des questions concernant le traitement et la confidentialit\u00e9 des donn\u00e9es, en particulier lorsqu&#039;elles sont fournies par des entreprises bas\u00e9es aux \u00c9tats-Unis.<\/p>\n\n\n\n<p>Ces services am\u00e9ricains ne sont pas intrins\u00e8quement ill\u00e9gaux, mais font souvent l\u2019objet de discussions continues sur la confidentialit\u00e9 en raison de transferts potentiels de donn\u00e9es vers des pays tiers, ce qui peut poser des probl\u00e8mes de conformit\u00e9 au RGPD.<\/p>\n\n\n\n<h3 class=\"wp-block-heading\" id=\"h-european-alternatives-captcha-eu-as-a-privacy-friendly-solution\">Alternatives europ\u00e9ennes\u00a0: Captcha.eu, une solution respectueuse de la vie priv\u00e9e<\/h3>\n\n\n\n<p><a href=\"https:\/\/www.captcha.eu\/fr\/\">Captcha.eu<\/a> est un service CAPTCHA d\u00e9velopp\u00e9 et h\u00e9berg\u00e9 en Autriche, sp\u00e9cialement con\u00e7u pour la confidentialit\u00e9 et l&#039;accessibilit\u00e9. Il traite uniquement des donn\u00e9es techniques anonymis\u00e9es\u00a0; aucune donn\u00e9e personnelle de l&#039;utilisateur n&#039;est collect\u00e9e ni stock\u00e9e. Il s&#039;agit donc d&#039;une solution hautement conforme au RGPD et p\u00e9renne.<\/p>\n\n\n\n<p>En plus, <a href=\"https:\/\/www.captcha.eu\/fr\/\">Captcha.eu<\/a> a \u00e9t\u00e9 certifi\u00e9 sans obstacle par T\u00dcV Autriche et a re\u00e7u le <a href=\"https:\/\/waca.at\/\">WACA<\/a> Certificat Argent. Il garantit une accessibilit\u00e9 totale aux personnes handicap\u00e9es et constitue une option id\u00e9ale en pr\u00e9vision de la prochaine pand\u00e9mie. <a href=\"https:\/\/commission.europa.eu\/strategy-and-policy\/policies\/justice-and-fundamental-rights\/disability\/union-equality-strategy-rights-persons-disabilities-2021-2030\/european-accessibility-act_en\">Acte l\u00e9gislatif europ\u00e9en sur l&#039;accessibilit\u00e9<\/a>, qui exige une plus grande inclusion num\u00e9rique.<\/p>\n\n\n\n<p><a href=\"https:\/\/www.captcha.eu\/fr\/\">Captcha.eu<\/a> Fonctionne enti\u00e8rement en arri\u00e8re-plan\u00a0: sans casse-t\u00eates, cases \u00e0 cocher et clics suppl\u00e9mentaires. Pendant que les utilisateurs remplissent le formulaire, la demande est v\u00e9rifi\u00e9e en silence gr\u00e2ce \u00e0 divers signaux techniques. Le r\u00e9sultat est un formulaire de contact convivial, accessible et juridiquement fiable.<\/p>\n\n\n\n<h3 class=\"wp-block-heading\" id=\"h-conclusion-strong-spam-protection-starts-with-the-right-tools\">Conclusion\u00a0: une protection efficace contre le spam commence par les bons outils<\/h3>\n\n\n\n<p>Un formulaire de contact bien con\u00e7u doit \u00eatre simple d&#039;utilisation, mais aussi s\u00e9curis\u00e9. Dans l&#039;environnement num\u00e9rique actuel, soucieux de la confidentialit\u00e9, il ne doit pas se contenter de bloquer les robots\u00a0: il doit \u00e9galement respecter les droits des utilisateurs et garantir l&#039;inclusion.<\/p>\n\n\n\n<p>Les techniques traditionnelles comme les filtres de mots et les pots de miel offrent une protection de base, mais sont insuffisantes face aux menaces de spam modernes. Les CAPTCHA standard peuvent nuire \u00e0 l&#039;exp\u00e9rience utilisateur et cr\u00e9er des obstacles \u00e0 l&#039;accessibilit\u00e9.<\/p>\n\n\n\n<p>Des solutions innovantes et conformes au RGPD comme <a href=\"https:\/\/www.captcha.eu\/fr\/\">Captcha.eu<\/a> Apporter une r\u00e9ponse plus globale\u00a0: protection invisible contre le spam, absence de traitement des donn\u00e9es personnelles des utilisateurs et accessibilit\u00e9 totale. Ces solutions r\u00e9duisent non seulement le spam, mais am\u00e9liorent \u00e9galement l&#039;exp\u00e9rience utilisateur, la conformit\u00e9 l\u00e9gale et l&#039;inclusion num\u00e9rique.<\/p>\n\n\n\n<p>Si vous cherchez \u00e0 s\u00e9curiser votre formulaire de contact sans sacrifier la confidentialit\u00e9 ou la convivialit\u00e9, <a href=\"https:\/\/www.captcha.eu\/fr\/\">Captcha.eu<\/a> est un choix intelligent et tourn\u00e9 vers l\u2019avenir.<\/p>\n\n\n\n<p><\/p>","protected":false},"excerpt":{"rendered":"<p>Contact forms are one of the most important elements on any website. They serve as a direct communication channel between visitors and site operators, whether for inquiries, customer support, or business opportunities. However, these forms are frequent targets for automated bots that send large volumes of spam messages. Therefore, it [&hellip;]<\/p>\n","protected":false},"author":1,"featured_media":1932,"parent":0,"menu_order":0,"comment_status":"closed","ping_status":"closed","template":"","meta":{"_acf_changed":false,"_eb_attr":"","footnotes":""},"class_list":["post-1930","page","type-page","status-publish","has-post-thumbnail","hentry"],"acf":[],"yoast_head":"<!-- This site is optimized with the Yoast SEO Premium plugin v27.0 (Yoast SEO v27.0) - https:\/\/yoast.com\/product\/yoast-seo-premium-wordpress\/ -->\n<title>Effective Spam Protection for Contact Forms<\/title>\n<meta name=\"description\" content=\"\ud83d\udd12\ufe0f How to secure your contact form from spam bots with effective methods like CAPTCHAs, honeypots, and alternatives such as Captcha.eu.\" \/>\n<meta name=\"robots\" content=\"index, follow, max-snippet:-1, max-image-preview:large, max-video-preview:-1\" \/>\n<link rel=\"canonical\" href=\"https:\/\/www.captcha.eu\/fr\/formulaire-de-contact-avec-protection-anti-spam\/\" \/>\n<meta property=\"og:locale\" content=\"fr_FR\" \/>\n<meta property=\"og:type\" content=\"article\" \/>\n<meta property=\"og:title\" content=\"Effective Spam Protection for Contact Forms\" \/>\n<meta property=\"og:description\" content=\"\ud83d\udd12\ufe0f How to secure your contact form from spam bots with effective methods like CAPTCHAs, honeypots, and alternatives such as Captcha.eu.\" \/>\n<meta property=\"og:url\" content=\"https:\/\/www.captcha.eu\/fr\/formulaire-de-contact-avec-protection-anti-spam\/\" \/>\n<meta property=\"og:site_name\" content=\"captcha.eu\" \/>\n<meta property=\"article:modified_time\" content=\"2025-04-23T08:29:41+00:00\" \/>\n<meta property=\"og:image\" content=\"https:\/\/www.captcha.eu\/wp-content\/uploads\/2025\/04\/Design-ohne-Titel9.png\" \/>\n\t<meta property=\"og:image:width\" content=\"1920\" \/>\n\t<meta property=\"og:image:height\" content=\"1080\" \/>\n\t<meta property=\"og:image:type\" content=\"image\/png\" \/>\n<meta name=\"twitter:card\" content=\"summary_large_image\" \/>\n<meta name=\"twitter:site\" content=\"@captcha_eu\" \/>\n<meta name=\"twitter:label1\" content=\"Est. reading time\" \/>\n\t<meta name=\"twitter:data1\" content=\"5 minutes\" \/>\n<script type=\"application\/ld+json\" class=\"yoast-schema-graph\">{\"@context\":\"https:\/\/schema.org\",\"@graph\":[{\"@type\":\"WebPage\",\"@id\":\"https:\/\/www.captcha.eu\/contact-form-with-spam-protection\/\",\"url\":\"https:\/\/www.captcha.eu\/contact-form-with-spam-protection\/\",\"name\":\"Effective Spam Protection for Contact Forms\",\"isPartOf\":{\"@id\":\"https:\/\/www.captcha.eu\/#website\"},\"primaryImageOfPage\":{\"@id\":\"https:\/\/www.captcha.eu\/contact-form-with-spam-protection\/#primaryimage\"},\"image\":{\"@id\":\"https:\/\/www.captcha.eu\/contact-form-with-spam-protection\/#primaryimage\"},\"thumbnailUrl\":\"https:\/\/www.captcha.eu\/wp-content\/uploads\/2025\/04\/Design-ohne-Titel9.png\",\"datePublished\":\"2025-04-23T08:29:40+00:00\",\"dateModified\":\"2025-04-23T08:29:41+00:00\",\"description\":\"\ud83d\udd12\ufe0f How to secure your contact form from spam bots with effective methods like CAPTCHAs, honeypots, and alternatives such as Captcha.eu.\",\"breadcrumb\":{\"@id\":\"https:\/\/www.captcha.eu\/contact-form-with-spam-protection\/#breadcrumb\"},\"inLanguage\":\"fr-FR\",\"potentialAction\":[{\"@type\":\"ReadAction\",\"target\":[\"https:\/\/www.captcha.eu\/contact-form-with-spam-protection\/\"]}],\"accessibilityFeature\":[\"tableOfContents\"]},{\"@type\":\"ImageObject\",\"inLanguage\":\"fr-FR\",\"@id\":\"https:\/\/www.captcha.eu\/contact-form-with-spam-protection\/#primaryimage\",\"url\":\"https:\/\/www.captcha.eu\/wp-content\/uploads\/2025\/04\/Design-ohne-Titel9.png\",\"contentUrl\":\"https:\/\/www.captcha.eu\/wp-content\/uploads\/2025\/04\/Design-ohne-Titel9.png\",\"width\":1920,\"height\":1080,\"caption\":\"Generated by Google Gemini\"},{\"@type\":\"BreadcrumbList\",\"@id\":\"https:\/\/www.captcha.eu\/contact-form-with-spam-protection\/#breadcrumb\",\"itemListElement\":[{\"@type\":\"ListItem\",\"position\":1,\"name\":\"Home\",\"item\":\"https:\/\/www.captcha.eu\/\"},{\"@type\":\"ListItem\",\"position\":2,\"name\":\"Effective Spam Protection for Contact Forms\"}]},{\"@type\":\"WebSite\",\"@id\":\"https:\/\/www.captcha.eu\/#website\",\"url\":\"https:\/\/www.captcha.eu\/\",\"name\":\"captcha.eu\",\"description\":\"The GDPR-compliant message protection | captcha.eu\",\"publisher\":{\"@id\":\"https:\/\/www.captcha.eu\/#organization\"},\"potentialAction\":[{\"@type\":\"SearchAction\",\"target\":{\"@type\":\"EntryPoint\",\"urlTemplate\":\"https:\/\/www.captcha.eu\/?s={search_term_string}\"},\"query-input\":{\"@type\":\"PropertyValueSpecification\",\"valueRequired\":true,\"valueName\":\"search_term_string\"}}],\"inLanguage\":\"fr-FR\"},{\"@type\":\"Organization\",\"@id\":\"https:\/\/www.captcha.eu\/#organization\",\"name\":\"captcha.eu\",\"url\":\"https:\/\/www.captcha.eu\/\",\"logo\":{\"@type\":\"ImageObject\",\"inLanguage\":\"fr-FR\",\"@id\":\"https:\/\/www.captcha.eu\/#\/schema\/logo\/image\/\",\"url\":\"https:\/\/www.captcha.eu\/wp-content\/uploads\/2024\/02\/Captcha_mono-C_Logo.svg\",\"contentUrl\":\"https:\/\/www.captcha.eu\/wp-content\/uploads\/2024\/02\/Captcha_mono-C_Logo.svg\",\"width\":24,\"height\":28,\"caption\":\"captcha.eu\"},\"image\":{\"@id\":\"https:\/\/www.captcha.eu\/#\/schema\/logo\/image\/\"},\"sameAs\":[\"https:\/\/x.com\/captcha_eu\"]}]}<\/script>\n<!-- \/ Yoast SEO Premium plugin. -->","yoast_head_json":{"title":"Protection efficace contre le spam pour les formulaires de contact","description":"\ud83d\udd12\ufe0f Comment s\u00e9curiser votre formulaire de contact contre les robots spammeurs avec des m\u00e9thodes efficaces comme les CAPTCHA, les honeypots et les alternatives telles que Captcha.eu.","robots":{"index":"index","follow":"follow","max-snippet":"max-snippet:-1","max-image-preview":"max-image-preview:large","max-video-preview":"max-video-preview:-1"},"canonical":"https:\/\/www.captcha.eu\/fr\/formulaire-de-contact-avec-protection-anti-spam\/","og_locale":"fr_FR","og_type":"article","og_title":"Effective Spam Protection for Contact Forms","og_description":"\ud83d\udd12\ufe0f How to secure your contact form from spam bots with effective methods like CAPTCHAs, honeypots, and alternatives such as Captcha.eu.","og_url":"https:\/\/www.captcha.eu\/fr\/formulaire-de-contact-avec-protection-anti-spam\/","og_site_name":"captcha.eu","article_modified_time":"2025-04-23T08:29:41+00:00","og_image":[{"width":1920,"height":1080,"url":"https:\/\/www.captcha.eu\/wp-content\/uploads\/2025\/04\/Design-ohne-Titel9.png","type":"image\/png"}],"twitter_card":"summary_large_image","twitter_site":"@captcha_eu","twitter_misc":{"Est. reading time":"5 minutes"},"schema":{"@context":"https:\/\/schema.org","@graph":[{"@type":"WebPage","@id":"https:\/\/www.captcha.eu\/contact-form-with-spam-protection\/","url":"https:\/\/www.captcha.eu\/contact-form-with-spam-protection\/","name":"Protection efficace contre le spam pour les formulaires de contact","isPartOf":{"@id":"https:\/\/www.captcha.eu\/#website"},"primaryImageOfPage":{"@id":"https:\/\/www.captcha.eu\/contact-form-with-spam-protection\/#primaryimage"},"image":{"@id":"https:\/\/www.captcha.eu\/contact-form-with-spam-protection\/#primaryimage"},"thumbnailUrl":"https:\/\/www.captcha.eu\/wp-content\/uploads\/2025\/04\/Design-ohne-Titel9.png","datePublished":"2025-04-23T08:29:40+00:00","dateModified":"2025-04-23T08:29:41+00:00","description":"\ud83d\udd12\ufe0f Comment s\u00e9curiser votre formulaire de contact contre les robots spammeurs avec des m\u00e9thodes efficaces comme les CAPTCHA, les honeypots et les alternatives telles que Captcha.eu.","breadcrumb":{"@id":"https:\/\/www.captcha.eu\/contact-form-with-spam-protection\/#breadcrumb"},"inLanguage":"fr-FR","potentialAction":[{"@type":"ReadAction","target":["https:\/\/www.captcha.eu\/contact-form-with-spam-protection\/"]}],"accessibilityFeature":["tableOfContents"]},{"@type":"ImageObject","inLanguage":"fr-FR","@id":"https:\/\/www.captcha.eu\/contact-form-with-spam-protection\/#primaryimage","url":"https:\/\/www.captcha.eu\/wp-content\/uploads\/2025\/04\/Design-ohne-Titel9.png","contentUrl":"https:\/\/www.captcha.eu\/wp-content\/uploads\/2025\/04\/Design-ohne-Titel9.png","width":1920,"height":1080,"caption":"Generated by Google Gemini"},{"@type":"BreadcrumbList","@id":"https:\/\/www.captcha.eu\/contact-form-with-spam-protection\/#breadcrumb","itemListElement":[{"@type":"ListItem","position":1,"name":"Home","item":"https:\/\/www.captcha.eu\/"},{"@type":"ListItem","position":2,"name":"Effective Spam Protection for Contact Forms"}]},{"@type":"WebSite","@id":"https:\/\/www.captcha.eu\/#website","url":"https:\/\/www.captcha.eu\/","name":"captcha.eu","description":"La protection des messages conforme au GDPR | captcha.eu","publisher":{"@id":"https:\/\/www.captcha.eu\/#organization"},"potentialAction":[{"@type":"SearchAction","target":{"@type":"EntryPoint","urlTemplate":"https:\/\/www.captcha.eu\/?s={search_term_string}"},"query-input":{"@type":"PropertyValueSpecification","valueRequired":true,"valueName":"search_term_string"}}],"inLanguage":"fr-FR"},{"@type":"Organization","@id":"https:\/\/www.captcha.eu\/#organization","name":"captcha.eu","url":"https:\/\/www.captcha.eu\/","logo":{"@type":"ImageObject","inLanguage":"fr-FR","@id":"https:\/\/www.captcha.eu\/#\/schema\/logo\/image\/","url":"https:\/\/www.captcha.eu\/wp-content\/uploads\/2024\/02\/Captcha_mono-C_Logo.svg","contentUrl":"https:\/\/www.captcha.eu\/wp-content\/uploads\/2024\/02\/Captcha_mono-C_Logo.svg","width":24,"height":28,"caption":"captcha.eu"},"image":{"@id":"https:\/\/www.captcha.eu\/#\/schema\/logo\/image\/"},"sameAs":["https:\/\/x.com\/captcha_eu"]}]}},"pbg_featured_image_src":{"full":["https:\/\/www.captcha.eu\/wp-content\/uploads\/2025\/04\/Design-ohne-Titel9.png",1920,1080,false],"thumbnail":["https:\/\/www.captcha.eu\/wp-content\/uploads\/2025\/04\/Design-ohne-Titel9-150x150.png",150,150,true],"medium":["https:\/\/www.captcha.eu\/wp-content\/uploads\/2025\/04\/Design-ohne-Titel9-300x169.png",300,169,true],"medium_large":["https:\/\/www.captcha.eu\/wp-content\/uploads\/2025\/04\/Design-ohne-Titel9-768x432.png",768,432,true],"large":["https:\/\/www.captcha.eu\/wp-content\/uploads\/2025\/04\/Design-ohne-Titel9-1024x576.png",1024,576,true],"1536x1536":["https:\/\/www.captcha.eu\/wp-content\/uploads\/2025\/04\/Design-ohne-Titel9-1536x864.png",1536,864,true],"2048x2048":["https:\/\/www.captcha.eu\/wp-content\/uploads\/2025\/04\/Design-ohne-Titel9.png",1920,1080,false],"trp-custom-language-flag":["https:\/\/www.captcha.eu\/wp-content\/uploads\/2025\/04\/Design-ohne-Titel9-18x10.png",18,10,true]},"pbg_author_info":{"display_name":"Captcha","author_link":"https:\/\/www.captcha.eu\/fr\/author\/admin\/","author_img":"<img alt='Captcha' src='https:\/\/secure.gravatar.com\/avatar\/48b669a092d552f5f30202f8da848c93fa4c54f8c2b3167568ed5cbccbe4994a?s=128&#038;d=mm&#038;r=g' srcset='https:\/\/secure.gravatar.com\/avatar\/48b669a092d552f5f30202f8da848c93fa4c54f8c2b3167568ed5cbccbe4994a?s=256&#038;d=mm&#038;r=g 2x' class='avatar avatar-128 photo' height='128' width='128' loading='lazy' decoding='async'\/>"},"pbg_comment_info":" No Comments","pbg_excerpt":"Contact forms are one of the most important elements on any website. They serve as a direct communication channel between visitors and site operators, whether for inquiries, customer support, or business opportunities. However, these forms are frequent targets for automated bots that send large volumes of spam messages. Therefore, it [&hellip;]","_links":{"self":[{"href":"https:\/\/www.captcha.eu\/fr\/wp-json\/wp\/v2\/pages\/1930","targetHints":{"allow":["GET"]}}],"collection":[{"href":"https:\/\/www.captcha.eu\/fr\/wp-json\/wp\/v2\/pages"}],"about":[{"href":"https:\/\/www.captcha.eu\/fr\/wp-json\/wp\/v2\/types\/page"}],"author":[{"embeddable":true,"href":"https:\/\/www.captcha.eu\/fr\/wp-json\/wp\/v2\/users\/1"}],"replies":[{"embeddable":true,"href":"https:\/\/www.captcha.eu\/fr\/wp-json\/wp\/v2\/comments?post=1930"}],"version-history":[{"count":2,"href":"https:\/\/www.captcha.eu\/fr\/wp-json\/wp\/v2\/pages\/1930\/revisions"}],"predecessor-version":[{"id":1934,"href":"https:\/\/www.captcha.eu\/fr\/wp-json\/wp\/v2\/pages\/1930\/revisions\/1934"}],"wp:featuredmedia":[{"embeddable":true,"href":"https:\/\/www.captcha.eu\/fr\/wp-json\/wp\/v2\/media\/1932"}],"wp:attachment":[{"href":"https:\/\/www.captcha.eu\/fr\/wp-json\/wp\/v2\/media?parent=1930"}],"curies":[{"name":"wp","href":"https:\/\/api.w.org\/{rel}","templated":true}]}}