{"id":1807,"date":"2025-03-13T11:56:58","date_gmt":"2025-03-13T11:56:58","guid":{"rendered":"https:\/\/www.captcha.eu\/?page_id=1807"},"modified":"2025-03-21T10:37:24","modified_gmt":"2025-03-21T10:37:24","slug":"accessibilite-du-web","status":"publish","type":"page","link":"https:\/\/www.captcha.eu\/fr\/accessibilite-du-web\/","title":{"rendered":"Notre solution captcha est certifi\u00e9e sans barri\u00e8re !"},"content":{"rendered":"<p>Notre application Captcha a re\u00e7u le certificat d&#039;accessibilit\u00e9 Web Autriche (WACA) niveau argent d\u00e9cern\u00e9 par T\u00dcV Autriche.<\/p>\n\n\n\n<figure class=\"wp-block-image size-large is-resized\"><img data-dominant-color=\"e5e5e5\" data-has-transparency=\"true\" loading=\"lazy\" decoding=\"async\" width=\"1024\" height=\"489\" sizes=\"auto, (max-width: 413px) 100vw, 413px\" src=\"https:\/\/www.captcha.eu\/wp-content\/uploads\/2025\/03\/WACA_Badge_Silver_2025_Captcha_GmbH-1024x489.png\" alt=\"\" class=\"wp-image-1866 has-transparency\" style=\"--dominant-color: #e5e5e5; width:413px;height:auto\" srcset=\"https:\/\/www.captcha.eu\/wp-content\/uploads\/2025\/03\/WACA_Badge_Silver_2025_Captcha_GmbH-1024x489.png 1024w, https:\/\/www.captcha.eu\/wp-content\/uploads\/2025\/03\/WACA_Badge_Silver_2025_Captcha_GmbH-300x143.png 300w, https:\/\/www.captcha.eu\/wp-content\/uploads\/2025\/03\/WACA_Badge_Silver_2025_Captcha_GmbH-768x367.png 768w, https:\/\/www.captcha.eu\/wp-content\/uploads\/2025\/03\/WACA_Badge_Silver_2025_Captcha_GmbH-1536x733.png 1536w, https:\/\/www.captcha.eu\/wp-content\/uploads\/2025\/03\/WACA_Badge_Silver_2025_Captcha_GmbH-2048x977.png 2048w, https:\/\/www.captcha.eu\/wp-content\/uploads\/2025\/03\/WACA_Badge_Silver_2025_Captcha_GmbH-18x9.png 18w\" \/><\/figure>\n\n\n\n<p>Cela signifie que notre solution r\u00e9pond parfaitement aux exigences d&#039;accessibilit\u00e9 des WCAG 2.2 \u2013 AA et est donc accessible \u00e0 tous. Nous envoyons ainsi un signal clair en faveur de l&#039;inclusion num\u00e9rique et renfor\u00e7ons notre engagement \u00e0 permettre \u00e0 chacun d&#039;utiliser les services num\u00e9riques sur un pied d&#039;\u00e9galit\u00e9.<\/p>\n\n\n\n<p class=\"has-tiny-font-size\" style=\"margin-top:var(--wp--preset--spacing--30);margin-bottom:var(--wp--preset--spacing--30)\"><em>La certification concerne notre application, install\u00e9e sur la page de test\u00a0: captcha.eu\/test-2-2, et non sur le site web captcha.eu. Les formulaires et les boutons d&#039;envoi des pages de test et client n&#039;ont pas \u00e9t\u00e9 inclus dans le test, car ils ne font pas partie de l&#039;application captcha.eu, mais sont cr\u00e9\u00e9s par le client concern\u00e9.<\/em><\/p>\n\n\n\n<blockquote class=\"wp-block-quote is-layout-flow wp-block-quote-is-layout-flow\">\n<p>En tant que fournisseur autrichien de solutions captcha accessibles et conformes au RGPD, nous consid\u00e9rons qu&#039;il est de notre responsabilit\u00e9 de rendre Internet accessible \u00e0 tous. L&#039;accessibilit\u00e9 n&#039;est pas un simple ajout, mais un \u00e9l\u00e9ment essentiel de notre philosophie. Notre objectif est d&#039;offrir \u00e0 tous les utilisateurs, quelles que soient leurs limitations individuelles, une interaction simple et s\u00e9curis\u00e9e avec nos clients.<\/p>\n<\/blockquote>\n\n\n\n<p class=\"has-small-font-size\" style=\"margin-top:var(--wp--preset--spacing--30);margin-bottom:var(--wp--preset--spacing--30)\">Manuel Rostorfer et Helmut Januschka, directeurs g\u00e9n\u00e9raux de Captcha.eu<\/p>\n\n\n\n<p><strong>L&#039;accessibilit\u00e9 num\u00e9rique : un b\u00e9n\u00e9fice pour tous<\/strong><\/p>\n\n\n\n<p>Un Internet accessible implique de concevoir des contenus et des applications num\u00e9riques de mani\u00e8re \u00e0 ce qu&#039;ils soient accessibles \u00e0 tous, quelles que soient leurs capacit\u00e9s ou leurs limitations. En Autriche, environ 1,7 million de personnes vivent avec un handicap temporaire ou permanent (source\u00a0: Statistique Autriche). Mais l&#039;accessibilit\u00e9 num\u00e9rique va bien au-del\u00e0 de la responsabilit\u00e9 sociale\u00a0: elle am\u00e9liore la convivialit\u00e9 pour tous et garantit que chacun puisse interagir avec les services en ligne de mani\u00e8re intuitive et sans barri\u00e8res. Notre solution captcha contribue \u00e0 rendre les espaces num\u00e9riques plus inclusifs tout en optimisant l&#039;exp\u00e9rience utilisateur sur les sites web de nos clients.<\/p>\n\n\n\n<p><strong>Quels crit\u00e8res doivent \u00eatre remplis pour obtenir le certificat d&#039;accessibilit\u00e9 Web Autriche dans la cat\u00e9gorie \u00ab ARGENT \u00bb ?<\/strong><\/p>\n\n\n\n<ul class=\"wp-block-list\">\n<li>Le site Web\/l&#039;application r\u00e9pond en grande partie aux crit\u00e8res de r\u00e9ussite WCAG 2.2 AA<\/li>\n\n\n\n<li>L&#039;ensemble du contenu est accessible \u00e0 tous les utilisateurs<\/li>\n\n\n\n<li>La fonctionnalit\u00e9 de base est accessible \u00e0 tous les utilisateurs sans restriction<\/li>\n\n\n\n<li>Certaines parties des fonctionnalit\u00e9s \u00e9tendues ou facultatives sont plus difficiles \u00e0 utiliser pour certains utilisateurs, mais restent accessibles<\/li>\n<\/ul>\n\n\n\n<iframe id=\"certificate_iframe\" title=\"Certificat WACA\" height=\"320\" width=\"450\" frameborder=\"0\"><\/iframe>\n<script>\n\twindow.onload = function() {\n\t\tdocument.getElementById('certificate_iframe').setAttribute(\"src\", \"https:\/\/einreichportal.waca.at\/certificate\/badge-v2.html?badge-size=small-vertical&domain=\"+window.location.hostname);\n\t}\n<\/script>\n\n\n\n<p>En savoir plus:<br>Certificat d&#039;accessibilit\u00e9 Web Autriche<br>Web sans barri\u00e8res<\/p>\n\n\n\n<p><\/p>","protected":false},"excerpt":{"rendered":"<p>Our Captcha application was awarded the Web Accessibility Certificate Austria (WACA) silver level by T\u00dcV Austria. This means that our solution meets the accessibility requirements of WCAG 2.2 &#8211; AA to a very high degree and is therefore accessible to everyone. We are thus sending out a clear signal for [&hellip;]<\/p>\n","protected":false},"author":1,"featured_media":1866,"parent":0,"menu_order":0,"comment_status":"closed","ping_status":"closed","template":"","meta":{"_acf_changed":false,"_eb_attr":"","footnotes":""},"class_list":["post-1807","page","type-page","status-publish","has-post-thumbnail","hentry"],"acf":[],"yoast_head":"<!-- This site is optimized with the Yoast SEO Premium plugin v27.0 (Yoast SEO v27.0) - https:\/\/yoast.com\/product\/yoast-seo-premium-wordpress\/ -->\n<title>Our captcha solution is barrier-free certified! - captcha.eu<\/title>\n<meta name=\"robots\" content=\"index, follow, max-snippet:-1, max-image-preview:large, max-video-preview:-1\" \/>\n<link rel=\"canonical\" href=\"https:\/\/www.captcha.eu\/fr\/accessibilite-du-web\/\" \/>\n<meta property=\"og:locale\" content=\"fr_FR\" \/>\n<meta property=\"og:type\" content=\"article\" \/>\n<meta property=\"og:title\" content=\"Our captcha solution is barrier-free certified!\" \/>\n<meta property=\"og:description\" content=\"Our Captcha application was awarded the Web Accessibility Certificate Austria (WACA) silver level by T\u00dcV Austria. This means that our solution meets the accessibility requirements of WCAG 2.2 &#8211; AA to a very high degree and is therefore accessible to everyone. We are thus sending out a clear signal for [&hellip;]\" \/>\n<meta property=\"og:url\" content=\"https:\/\/www.captcha.eu\/fr\/accessibilite-du-web\/\" \/>\n<meta property=\"og:site_name\" content=\"captcha.eu\" \/>\n<meta property=\"article:modified_time\" content=\"2025-03-21T10:37:24+00:00\" \/>\n<meta property=\"og:image\" content=\"https:\/\/www.captcha.eu\/wp-content\/uploads\/2025\/03\/WACA_Badge_Silver_2025_Captcha_GmbH.png\" \/>\n\t<meta property=\"og:image:width\" content=\"3139\" \/>\n\t<meta property=\"og:image:height\" content=\"1498\" \/>\n\t<meta property=\"og:image:type\" content=\"image\/png\" \/>\n<meta name=\"twitter:card\" content=\"summary_large_image\" \/>\n<meta name=\"twitter:site\" content=\"@captcha_eu\" \/>\n<meta name=\"twitter:label1\" content=\"Est. reading time\" \/>\n\t<meta name=\"twitter:data1\" content=\"2 minutes\" \/>\n<script type=\"application\/ld+json\" class=\"yoast-schema-graph\">{\"@context\":\"https:\/\/schema.org\",\"@graph\":[{\"@type\":\"WebPage\",\"@id\":\"https:\/\/www.captcha.eu\/web-accessibility\/\",\"url\":\"https:\/\/www.captcha.eu\/web-accessibility\/\",\"name\":\"Our captcha solution is barrier-free certified! - captcha.eu\",\"isPartOf\":{\"@id\":\"https:\/\/www.captcha.eu\/#website\"},\"primaryImageOfPage\":{\"@id\":\"https:\/\/www.captcha.eu\/web-accessibility\/#primaryimage\"},\"image\":{\"@id\":\"https:\/\/www.captcha.eu\/web-accessibility\/#primaryimage\"},\"thumbnailUrl\":\"https:\/\/www.captcha.eu\/wp-content\/uploads\/2025\/03\/WACA_Badge_Silver_2025_Captcha_GmbH.png\",\"datePublished\":\"2025-03-13T11:56:58+00:00\",\"dateModified\":\"2025-03-21T10:37:24+00:00\",\"breadcrumb\":{\"@id\":\"https:\/\/www.captcha.eu\/web-accessibility\/#breadcrumb\"},\"inLanguage\":\"fr-FR\",\"potentialAction\":[{\"@type\":\"ReadAction\",\"target\":[\"https:\/\/www.captcha.eu\/web-accessibility\/\"]}]},{\"@type\":\"ImageObject\",\"inLanguage\":\"fr-FR\",\"@id\":\"https:\/\/www.captcha.eu\/web-accessibility\/#primaryimage\",\"url\":\"https:\/\/www.captcha.eu\/wp-content\/uploads\/2025\/03\/WACA_Badge_Silver_2025_Captcha_GmbH.png\",\"contentUrl\":\"https:\/\/www.captcha.eu\/wp-content\/uploads\/2025\/03\/WACA_Badge_Silver_2025_Captcha_GmbH.png\",\"width\":3139,\"height\":1498},{\"@type\":\"BreadcrumbList\",\"@id\":\"https:\/\/www.captcha.eu\/web-accessibility\/#breadcrumb\",\"itemListElement\":[{\"@type\":\"ListItem\",\"position\":1,\"name\":\"Home\",\"item\":\"https:\/\/www.captcha.eu\/\"},{\"@type\":\"ListItem\",\"position\":2,\"name\":\"Our captcha solution is barrier-free certified!\"}]},{\"@type\":\"WebSite\",\"@id\":\"https:\/\/www.captcha.eu\/#website\",\"url\":\"https:\/\/www.captcha.eu\/\",\"name\":\"captcha.eu\",\"description\":\"The GDPR-compliant message protection | captcha.eu\",\"publisher\":{\"@id\":\"https:\/\/www.captcha.eu\/#organization\"},\"potentialAction\":[{\"@type\":\"SearchAction\",\"target\":{\"@type\":\"EntryPoint\",\"urlTemplate\":\"https:\/\/www.captcha.eu\/?s={search_term_string}\"},\"query-input\":{\"@type\":\"PropertyValueSpecification\",\"valueRequired\":true,\"valueName\":\"search_term_string\"}}],\"inLanguage\":\"fr-FR\"},{\"@type\":\"Organization\",\"@id\":\"https:\/\/www.captcha.eu\/#organization\",\"name\":\"captcha.eu\",\"url\":\"https:\/\/www.captcha.eu\/\",\"logo\":{\"@type\":\"ImageObject\",\"inLanguage\":\"fr-FR\",\"@id\":\"https:\/\/www.captcha.eu\/#\/schema\/logo\/image\/\",\"url\":\"https:\/\/www.captcha.eu\/wp-content\/uploads\/2024\/02\/Captcha_mono-C_Logo.svg\",\"contentUrl\":\"https:\/\/www.captcha.eu\/wp-content\/uploads\/2024\/02\/Captcha_mono-C_Logo.svg\",\"width\":24,\"height\":28,\"caption\":\"captcha.eu\"},\"image\":{\"@id\":\"https:\/\/www.captcha.eu\/#\/schema\/logo\/image\/\"},\"sameAs\":[\"https:\/\/x.com\/captcha_eu\"]}]}<\/script>\n<!-- \/ Yoast SEO Premium plugin. -->","yoast_head_json":{"title":"Notre solution captcha est certifi\u00e9e sans barri\u00e8res\u00a0! - captcha.eu","robots":{"index":"index","follow":"follow","max-snippet":"max-snippet:-1","max-image-preview":"max-image-preview:large","max-video-preview":"max-video-preview:-1"},"canonical":"https:\/\/www.captcha.eu\/fr\/accessibilite-du-web\/","og_locale":"fr_FR","og_type":"article","og_title":"Our captcha solution is barrier-free certified!","og_description":"Our Captcha application was awarded the Web Accessibility Certificate Austria (WACA) silver level by T\u00dcV Austria. This means that our solution meets the accessibility requirements of WCAG 2.2 &#8211; AA to a very high degree and is therefore accessible to everyone. We are thus sending out a clear signal for [&hellip;]","og_url":"https:\/\/www.captcha.eu\/fr\/accessibilite-du-web\/","og_site_name":"captcha.eu","article_modified_time":"2025-03-21T10:37:24+00:00","og_image":[{"width":3139,"height":1498,"url":"https:\/\/www.captcha.eu\/wp-content\/uploads\/2025\/03\/WACA_Badge_Silver_2025_Captcha_GmbH.png","type":"image\/png"}],"twitter_card":"summary_large_image","twitter_site":"@captcha_eu","twitter_misc":{"Est. reading time":"2 minutes"},"schema":{"@context":"https:\/\/schema.org","@graph":[{"@type":"WebPage","@id":"https:\/\/www.captcha.eu\/web-accessibility\/","url":"https:\/\/www.captcha.eu\/web-accessibility\/","name":"Notre solution captcha est certifi\u00e9e sans barri\u00e8res\u00a0! - captcha.eu","isPartOf":{"@id":"https:\/\/www.captcha.eu\/#website"},"primaryImageOfPage":{"@id":"https:\/\/www.captcha.eu\/web-accessibility\/#primaryimage"},"image":{"@id":"https:\/\/www.captcha.eu\/web-accessibility\/#primaryimage"},"thumbnailUrl":"https:\/\/www.captcha.eu\/wp-content\/uploads\/2025\/03\/WACA_Badge_Silver_2025_Captcha_GmbH.png","datePublished":"2025-03-13T11:56:58+00:00","dateModified":"2025-03-21T10:37:24+00:00","breadcrumb":{"@id":"https:\/\/www.captcha.eu\/web-accessibility\/#breadcrumb"},"inLanguage":"fr-FR","potentialAction":[{"@type":"ReadAction","target":["https:\/\/www.captcha.eu\/web-accessibility\/"]}]},{"@type":"ImageObject","inLanguage":"fr-FR","@id":"https:\/\/www.captcha.eu\/web-accessibility\/#primaryimage","url":"https:\/\/www.captcha.eu\/wp-content\/uploads\/2025\/03\/WACA_Badge_Silver_2025_Captcha_GmbH.png","contentUrl":"https:\/\/www.captcha.eu\/wp-content\/uploads\/2025\/03\/WACA_Badge_Silver_2025_Captcha_GmbH.png","width":3139,"height":1498},{"@type":"BreadcrumbList","@id":"https:\/\/www.captcha.eu\/web-accessibility\/#breadcrumb","itemListElement":[{"@type":"ListItem","position":1,"name":"Home","item":"https:\/\/www.captcha.eu\/"},{"@type":"ListItem","position":2,"name":"Our captcha solution is barrier-free certified!"}]},{"@type":"WebSite","@id":"https:\/\/www.captcha.eu\/#website","url":"https:\/\/www.captcha.eu\/","name":"captcha.eu","description":"La protection des messages conforme au GDPR | captcha.eu","publisher":{"@id":"https:\/\/www.captcha.eu\/#organization"},"potentialAction":[{"@type":"SearchAction","target":{"@type":"EntryPoint","urlTemplate":"https:\/\/www.captcha.eu\/?s={search_term_string}"},"query-input":{"@type":"PropertyValueSpecification","valueRequired":true,"valueName":"search_term_string"}}],"inLanguage":"fr-FR"},{"@type":"Organization","@id":"https:\/\/www.captcha.eu\/#organization","name":"captcha.eu","url":"https:\/\/www.captcha.eu\/","logo":{"@type":"ImageObject","inLanguage":"fr-FR","@id":"https:\/\/www.captcha.eu\/#\/schema\/logo\/image\/","url":"https:\/\/www.captcha.eu\/wp-content\/uploads\/2024\/02\/Captcha_mono-C_Logo.svg","contentUrl":"https:\/\/www.captcha.eu\/wp-content\/uploads\/2024\/02\/Captcha_mono-C_Logo.svg","width":24,"height":28,"caption":"captcha.eu"},"image":{"@id":"https:\/\/www.captcha.eu\/#\/schema\/logo\/image\/"},"sameAs":["https:\/\/x.com\/captcha_eu"]}]}},"pbg_featured_image_src":{"full":["https:\/\/www.captcha.eu\/wp-content\/uploads\/2025\/03\/WACA_Badge_Silver_2025_Captcha_GmbH.png",3139,1498,false],"thumbnail":["https:\/\/www.captcha.eu\/wp-content\/uploads\/2025\/03\/WACA_Badge_Silver_2025_Captcha_GmbH-150x150.png",150,150,true],"medium":["https:\/\/www.captcha.eu\/wp-content\/uploads\/2025\/03\/WACA_Badge_Silver_2025_Captcha_GmbH-300x143.png",300,143,true],"medium_large":["https:\/\/www.captcha.eu\/wp-content\/uploads\/2025\/03\/WACA_Badge_Silver_2025_Captcha_GmbH-768x367.png",768,367,true],"large":["https:\/\/www.captcha.eu\/wp-content\/uploads\/2025\/03\/WACA_Badge_Silver_2025_Captcha_GmbH-1024x489.png",1024,489,true],"1536x1536":["https:\/\/www.captcha.eu\/wp-content\/uploads\/2025\/03\/WACA_Badge_Silver_2025_Captcha_GmbH-1536x733.png",1536,733,true],"2048x2048":["https:\/\/www.captcha.eu\/wp-content\/uploads\/2025\/03\/WACA_Badge_Silver_2025_Captcha_GmbH-2048x977.png",2048,977,true],"trp-custom-language-flag":["https:\/\/www.captcha.eu\/wp-content\/uploads\/2025\/03\/WACA_Badge_Silver_2025_Captcha_GmbH-18x9.png",18,9,true]},"pbg_author_info":{"display_name":"Captcha","author_link":"https:\/\/www.captcha.eu\/fr\/author\/admin\/","author_img":"<img alt='Captcha' src='https:\/\/secure.gravatar.com\/avatar\/48b669a092d552f5f30202f8da848c93fa4c54f8c2b3167568ed5cbccbe4994a?s=128&#038;d=mm&#038;r=g' srcset='https:\/\/secure.gravatar.com\/avatar\/48b669a092d552f5f30202f8da848c93fa4c54f8c2b3167568ed5cbccbe4994a?s=256&#038;d=mm&#038;r=g 2x' class='avatar avatar-128 photo' height='128' width='128' loading='lazy' decoding='async'\/>"},"pbg_comment_info":" No Comments","pbg_excerpt":"Our Captcha application was awarded the Web Accessibility Certificate Austria (WACA) silver level by T\u00dcV Austria. This means that our solution meets the accessibility requirements of WCAG 2.2 &#8211; AA to a very high degree and is therefore accessible to everyone. We are thus sending out a clear signal for [&hellip;]","_links":{"self":[{"href":"https:\/\/www.captcha.eu\/fr\/wp-json\/wp\/v2\/pages\/1807","targetHints":{"allow":["GET"]}}],"collection":[{"href":"https:\/\/www.captcha.eu\/fr\/wp-json\/wp\/v2\/pages"}],"about":[{"href":"https:\/\/www.captcha.eu\/fr\/wp-json\/wp\/v2\/types\/page"}],"author":[{"embeddable":true,"href":"https:\/\/www.captcha.eu\/fr\/wp-json\/wp\/v2\/users\/1"}],"replies":[{"embeddable":true,"href":"https:\/\/www.captcha.eu\/fr\/wp-json\/wp\/v2\/comments?post=1807"}],"version-history":[{"count":15,"href":"https:\/\/www.captcha.eu\/fr\/wp-json\/wp\/v2\/pages\/1807\/revisions"}],"predecessor-version":[{"id":1877,"href":"https:\/\/www.captcha.eu\/fr\/wp-json\/wp\/v2\/pages\/1807\/revisions\/1877"}],"wp:featuredmedia":[{"embeddable":true,"href":"https:\/\/www.captcha.eu\/fr\/wp-json\/wp\/v2\/media\/1866"}],"wp:attachment":[{"href":"https:\/\/www.captcha.eu\/fr\/wp-json\/wp\/v2\/media?parent=1807"}],"curies":[{"name":"wp","href":"https:\/\/api.w.org\/{rel}","templated":true}]}}