{"id":1284,"date":"2024-08-30T07:59:28","date_gmt":"2024-08-30T07:59:28","guid":{"rendered":"https:\/\/www.captcha.eu\/?page_id=1284"},"modified":"2026-03-26T22:05:41","modified_gmt":"2026-03-26T22:05:41","slug":"plugin-captcha-pour-neos","status":"publish","type":"page","link":"https:\/\/www.captcha.eu\/fr\/plugin-captcha-pour-neos\/","title":{"rendered":"Plugin CAPTCHA pour NEOS - conforme au RGPD, pas de cookies, h\u00e9berg\u00e9 dans l'UE"},"content":{"rendered":"<div class=\"wp-block-essential-blocks-advanced-heading  root-eb-advance-heading-49g3a\"><div class=\"eb-parent-wrapper eb-parent-eb-advance-heading-49g3a\"><div class=\"eb-advance-heading-wrapper eb-advance-heading-49g3a button-1 undefined\" data-id=\"eb-advance-heading-49g3a\"><h2 class=\"eb-ah-title\"><span class=\"first-title\">Protection maximale. Int\u00e9gration facile.<\/span><\/h2><h3 class=\"eb-ah-subtitle\">Votre puissante solution captcha pour \u00e9loigner les robots et le spam<\/h3><div class=\"eb-ah-separator line\"><\/div><\/div><\/div><\/div>\n\n\n\n<div class=\"wp-block-media-text has-media-on-the-right is-stacked-on-mobile is-vertically-aligned-top\" style=\"grid-template-columns:auto 33%\"><div class=\"wp-block-media-text__content\">\n<p>Prot\u00e9gez instantan\u00e9ment votre site : avec le plugin captcha \u00e9l\u00e9gant et puissant pour NEOS, vous profiterez d&#039;un maximum <strong>protection contre le trafic ind\u00e9sirable et la cybercriminalit\u00e9<\/strong> sur vos formulaires d&#039;inscription, de connexion et de contact tout en le gardant 100% convivial - plus besoin de r\u00e9soudre des \u00e9nigmes, plus besoin de cocher des cases.<\/p>\n\n\n\n<div class=\"wp-block-essential-blocks-button root-eb-button-aoqhd\"><div class=\"eb-parent-wrapper eb-parent-eb-button-aoqhd\"><div class=\"eb-button-wrapper eb-button-alignment eb-button-aoqhd\"><div class=\"eb-button\"><div class=\"eb-button-inner-wrapper\"><a class=\"eb-button-anchor\" href=\"https:\/\/www.neos.io\/download-and-extend\/packages\/captcha-eu\/captcha-eu-neos.html\" rel=\"noopener\">Obtenir le plugin<\/a><\/div><\/div><\/div><\/div><\/div>\n<\/div><figure class=\"wp-block-media-text__media\"><img loading=\"lazy\" decoding=\"async\" width=\"1024\" height=\"1024\" src=\"https:\/\/www.captcha.eu\/wp-content\/uploads\/2024\/02\/Neos-CMS-1024x1024.webp\" alt=\"\" class=\"wp-image-442 size-full\" srcset=\"https:\/\/www.captcha.eu\/wp-content\/uploads\/2024\/02\/Neos-CMS-1024x1024.webp 1024w, https:\/\/www.captcha.eu\/wp-content\/uploads\/2024\/02\/Neos-CMS-300x300.webp 300w, https:\/\/www.captcha.eu\/wp-content\/uploads\/2024\/02\/Neos-CMS-150x150.webp 150w, https:\/\/www.captcha.eu\/wp-content\/uploads\/2024\/02\/Neos-CMS-768x768.webp 768w, https:\/\/www.captcha.eu\/wp-content\/uploads\/2024\/02\/Neos-CMS-1536x1536.webp 1536w, https:\/\/www.captcha.eu\/wp-content\/uploads\/2024\/02\/Neos-CMS.webp 2000w\" sizes=\"auto, (max-width: 1024px) 100vw, 1024px\" \/><\/figure><\/div>\n\n\n\n<p>Contrairement \u00e0 reCAPTCHA, captcha.eu ne transf\u00e8re aucune donn\u00e9e aux \u00c9tats-Unis, n'installe aucun cookie et n'exige aucune banni\u00e8re de consentement sur les formulaires qu'il prot\u00e8ge. NEOS est un syst\u00e8me de gestion de contenu (CMS) \u00e0 code source ouvert, solidement implant\u00e9 en Autriche, en Allemagne et en Suisse, construit par une communaut\u00e9 qui accorde une grande importance \u00e0 la flexibilit\u00e9 \u00e9ditoriale et \u00e0 la qualit\u00e9 technique. Ses utilisateurs ont tendance \u00e0 \u00eatre des agences, des institutions publiques et des organisations qui construisent des exp\u00e9riences num\u00e9riques sur mesure et ne peuvent pas se permettre de faire des compromis sur la protection des donn\u00e9es. reCAPTCHA est incompatible avec cette norme : il achemine les donn\u00e9es des utilisateurs \u00e0 travers des serveurs am\u00e9ricains, exige le consentement des cookies sur chaque formulaire prot\u00e9g\u00e9, et cr\u00e9e une responsabilit\u00e9 RGPD qui s'inscrit maladroitement dans tout projet web europ\u00e9en s\u00e9rieux. captcha.eu a \u00e9t\u00e9 construit exactement dans ce contexte. H\u00e9berg\u00e9 en Autriche, ne traitant aucune donn\u00e9e en dehors de l'UE, n'installant aucun cookie, fonctionnant de mani\u00e8re invisible en arri\u00e8re-plan pour les utilisateurs r\u00e9els, et d\u00e9tenant la certification WACA Silver de T\u00dcV Austria pour la conformit\u00e9 \u00e0 l'accessibilit\u00e9 WCAG 2.2 AA v\u00e9rifi\u00e9e de mani\u00e8re ind\u00e9pendante, c'est le choix naturel du CAPTCHA pour les projets NEOS o\u00f9 la vie priv\u00e9e et l'accessibilit\u00e9 ne sont pas des consid\u00e9rations secondaires.<\/p>\n\n\n\n<hr class=\"wp-block-separator has-alpha-channel-opacity\"\/>\n\n\n\n<h2 class=\"wp-block-heading has-large-font-size\" id=\"h-how-to-add-a-captcha-to-your-neos-site\">Comment ajouter un captcha \u00e0 votre site NEOS<\/h2>\n\n\n\n<p>Protection maximale contre le spam et les robots, enti\u00e8rement conforme au RGPD: Notre puissant plugin captcha pour NEOS, facile \u00e0 int\u00e9grer, est la solution captcha ultime pour ajouter instantan\u00e9ment une couche suppl\u00e9mentaire de s\u00e9curit\u00e9 \u00e0 votre site - en un seul clic. Voici comment installer le plugin captcha.eu en quelques \u00e9tapes simples :<\/p>\n\n\n\n<div class=\"wp-block-columns is-layout-flex wp-container-core-columns-is-layout-28f84493 wp-block-columns-is-layout-flex\">\n<div class=\"wp-block-column is-layout-flow wp-block-column-is-layout-flow\" style=\"flex-basis:100%\">\n<div class=\"wp-block-group is-content-justification-left is-nowrap is-layout-flex wp-container-core-group-is-layout-a1ed96d5 wp-block-group-is-layout-flex\">\n<h2 class=\"wp-block-heading\" id=\"h-1\">1<\/h2>\n\n\n\n<p class=\"has-link-color wp-elements-d5f5a9135ee15beb82bcb2d06b6e0460\"><a href=\"https:\/\/www.neos.io\/download-and-extend\/packages\/captcha-eu\/captcha-eu-neos.html\">T\u00e9l\u00e9charger le plugin<\/a> et installez-le dans NEOS via Composer.<\/p>\n<\/div>\n\n\n\n<pre class=\"wp-block-code\"><code><code>$ composer require captcha-eu\/neos<\/code><\/code><\/pre>\n\n\n\n<div class=\"wp-block-group is-content-justification-left is-nowrap is-layout-flex wp-container-core-group-is-layout-a1ed96d5 wp-block-group-is-layout-flex\">\n<h2 class=\"wp-block-heading\" id=\"h-2\">2<\/h2>\n\n\n\n<p class=\"has-link-color wp-elements-2e5c1862bf2578b5072c61ab9bd18a64\">Ensuite, cr\u00e9ez votre <strong><a href=\"http:\/\/www.captcha.eu\/fr\/\">compte captcha.eu<\/a><\/strong>Connectez-vous et acc\u00e9dez \u00e0 votre <a href=\"https:\/\/www.captcha.eu\/dashboard\/\">tableau de bord<\/a> \u00e0 <strong>ajouter un nouveau domaine<\/strong>. Cela va g\u00e9n\u00e9rer un <strong>Cl\u00e9 REST et cl\u00e9 publique<\/strong> \u2013 vous en aurez besoin pour configurer le plugin.<\/p>\n<\/div>\n\n\n\n<div class=\"wp-block-group is-nowrap is-layout-flex wp-container-core-group-is-layout-6c531013 wp-block-group-is-layout-flex\">\n<h2 class=\"wp-block-heading\" id=\"h-3\">3 <\/h2>\n\n\n\n<p class=\"has-link-color wp-elements-3240a25c3bbcc518c7fa95f535a07338\">Configurez le plugin. Pour cela, copiez et collez simplement la cl\u00e9 REST et la cl\u00e9 publique de votre compte captcha.eu dans le champ correspondant. <strong>Important<\/strong>:Dans les environnements de pr\u00e9paration, nous recommandons fortement d&#039;utiliser des variables d&#039;environnement pour configurer chaque valeur.<\/p>\n<\/div>\n\n\n\n<pre class=\"wp-block-code\"><code><code>CaptchaEU:\n  CaptchaEU:\n    publicKey: 'add-your-site-key'\n    restKey: 'add-your-secret-key'<\/code><\/code><\/pre>\n\n\n\n<div class=\"wp-block-group is-content-justification-left is-nowrap is-layout-flex wp-container-core-group-is-layout-a1ed96d5 wp-block-group-is-layout-flex\">\n<h2 class=\"wp-block-heading\" id=\"h-4\">4<\/h2>\n\n\n\n<p class=\"has-link-color wp-elements-5f9a4ca35af009e8a549cd94089c4df9\">Dans le backend NEOS, <strong>cr\u00e9er un nouveau formulaire<\/strong> en utilisant Neos.Form.Builder. <strong>Ajouter<\/strong> le <strong>captcha.eu<\/strong> plugin pour \u00ab\u00a0\u00c9l\u00e9ments de formulaire personnalis\u00e9s\u00a0\u00bb.<\/p>\n<\/div>\n\n\n\n<figure class=\"wp-block-image size-large is-resized\"><img decoding=\"async\" src=\"https:\/\/docs.captcha.eu\/files\/neos\/screen.png\" alt=\"\" style=\"width:789px;height:auto\"\/><\/figure>\n\n\n\n<div class=\"wp-block-group is-content-justification-left is-nowrap is-layout-flex wp-container-core-group-is-layout-a1ed96d5 wp-block-group-is-layout-flex\">\n<h2 class=\"wp-block-heading\" id=\"h-5\">5<\/h2>\n\n\n\n<p class=\"has-link-color wp-elements-d2b807491247477e1668e2ae9e70d436\">Maintenant <strong>cliquez sur<\/strong> pour Neos.Form en ajoutant le nouvel \u00e9l\u00e9ment de formulaire \u00e0 vos rendus de d\u00e9finition de formulaire. <strong>Conseil<\/strong>:Vous pouvez remplacer la configuration de votre cl\u00e9 publique et REST dans les propri\u00e9t\u00e9s du n\u0153ud. <\/p>\n<\/div>\n\n\n\n<pre class=\"wp-block-code\"><code><code>type: 'Neos.Form:Form'\nidentifier: someIdentifier\nlabel: Label\nrenderables:\n  -\n    type: 'Neos.Form:Page'\n    identifier: page-one\n    renderables:\n      -\n        type: 'CaptchaEU.CaptchaEU:Captcha'\n        identifier: captcha\n        label: Captcha\n        properties:\n          publicKey: your-public-key\n          restKey: your-private-key\nfinishers:\n  -<\/code><\/code><\/pre>\n\n\n\n<p><strong>C&#039;est \u00e7a!<\/strong> Votre plugin Captcha.eu est enti\u00e8rement configur\u00e9 et pr\u00eat \u00e0 \u00eatre utilis\u00e9 sur tous les formulaires de votre site NEOS. Si vous rencontrez des probl\u00e8mes lors du processus d&#039;installation ou si vous avez d&#039;autres questions, nous serons ravis de vous aider : contactez-nous simplement via notre <a href=\"https:\/\/www.captcha.eu\/fr\/contact\/\"><mark style=\"background-color:rgba(0, 0, 0, 0)\" class=\"has-inline-color has-primary-color\">formulaire de contact prot\u00e9g\u00e9 par le captcha.<\/mark><\/a> ou chat en ligne, ou consultez notre <a href=\"https:\/\/docs.captcha.eu\/neos-install?id=captchaeu-integration-for-neos-form-framework\"><mark style=\"background-color:rgba(0, 0, 0, 0)\" class=\"has-inline-color has-primary-color\">documentation d\u00e9taill\u00e9e<\/mark><\/a> pour plus de conseils et de soutien.<\/p>\n\n\n\n<hr class=\"wp-block-separator has-alpha-channel-opacity is-style-dots\"\/>\n\n\n\n<p class=\"has-link-color wp-elements-c0665975c7a6ec48b56dba96aa1f3072\">Prot\u00e9gez \u00e0 tout moment vos formulaires d&#039;inscription, de connexion et de contact : qu&#039;il s&#039;agisse d&#039;un ou de plusieurs domaines, notre <strong>enti\u00e8rement conforme au RGPD<\/strong>, le plugin Captcha.eu facile \u00e0 utiliser vous offre tout ce dont vous avez besoin pour <strong>prot\u00e9gez votre site NEOS contre les robots et le spam<\/strong> \u2013 tout cela en un seul clic. Pas de casse-t\u00eate, pas de cases \u00e0 cocher. Obtenez d\u00e8s maintenant le plugin Captcha pour NEOS et d\u00e9couvrez la puissance de Captcha.eu !<\/p>\n\n\n\n<div class=\"wp-block-essential-blocks-button root-eb-button-hjckk\"><div class=\"eb-parent-wrapper eb-parent-eb-button-hjckk\"><div class=\"eb-button-wrapper eb-button-alignment eb-button-hjckk\"><div class=\"eb-button\"><div class=\"eb-button-inner-wrapper\"><a class=\"eb-button-anchor\" href=\"https:\/\/www.neos.io\/download-and-extend\/packages\/captcha-eu\/captcha-eu-neos.html\" rel=\"noopener\">Obtenir le plugin<\/a><\/div><\/div><\/div><\/div><\/div>\n<\/div>\n<\/div>","protected":false},"excerpt":{"rendered":"<p>Unlike reCAPTCHA, captcha.eu transfers no data to the US, sets no cookies, and requires no consent banner on any form it protects. NEOS is an open-source CMS with a strong base in Austria, Germany, and Switzerland, built by a community that takes editorial flexibility and technical quality seriously. Its users [&hellip;]<\/p>\n","protected":false},"author":2,"featured_media":0,"parent":0,"menu_order":0,"comment_status":"closed","ping_status":"closed","template":"","meta":{"_acf_changed":false,"_eb_attr":"","footnotes":""},"class_list":["post-1284","page","type-page","status-publish","hentry"],"acf":[],"yoast_head":"<!-- This site is optimized with the Yoast SEO Premium plugin v27.0 (Yoast SEO v27.0) - https:\/\/yoast.com\/product\/yoast-seo-premium-wordpress\/ -->\n<title>Captcha Plugin for NEOS \u00bb Powerful Site Protection<\/title>\n<meta name=\"description\" content=\"Sleek &amp; powerful captcha plugin for your NEOS site \u279c fully GDPR-compliant \u2713 user-friendly \u2713 instant safeguard \u2713 maximum site protection \u2713\" \/>\n<meta name=\"robots\" content=\"index, follow, max-snippet:-1, max-image-preview:large, max-video-preview:-1\" \/>\n<link rel=\"canonical\" href=\"https:\/\/www.captcha.eu\/fr\/plugin-captcha-pour-neos\/\" \/>\n<meta property=\"og:locale\" content=\"fr_FR\" \/>\n<meta property=\"og:type\" content=\"article\" \/>\n<meta property=\"og:title\" content=\"CAPTCHA Plugin for NEOS - GDPR-compliant, no cookies, EU-hosted\" \/>\n<meta property=\"og:description\" content=\"Sleek &amp; powerful captcha plugin for your NEOS site \u279c fully GDPR-compliant \u2713 user-friendly \u2713 instant safeguard \u2713 maximum site protection \u2713\" \/>\n<meta property=\"og:url\" content=\"https:\/\/www.captcha.eu\/fr\/plugin-captcha-pour-neos\/\" \/>\n<meta property=\"og:site_name\" content=\"captcha.eu\" \/>\n<meta property=\"article:modified_time\" content=\"2026-03-26T22:05:41+00:00\" \/>\n<meta property=\"og:image\" content=\"https:\/\/www.captcha.eu\/wp-content\/uploads\/2024\/02\/Neos-CMS.webp\" \/>\n\t<meta property=\"og:image:width\" content=\"2000\" \/>\n\t<meta property=\"og:image:height\" content=\"2000\" \/>\n\t<meta property=\"og:image:type\" content=\"image\/webp\" \/>\n<meta name=\"twitter:card\" content=\"summary_large_image\" \/>\n<meta name=\"twitter:site\" content=\"@captcha_eu\" \/>\n<meta name=\"twitter:label1\" content=\"Est. reading time\" \/>\n\t<meta name=\"twitter:data1\" content=\"3 minutes\" \/>\n<script type=\"application\/ld+json\" class=\"yoast-schema-graph\">{\"@context\":\"https:\/\/schema.org\",\"@graph\":[{\"@type\":\"WebPage\",\"@id\":\"https:\/\/www.captcha.eu\/captcha-plugin-for-neos\/\",\"url\":\"https:\/\/www.captcha.eu\/captcha-plugin-for-neos\/\",\"name\":\"Captcha Plugin for NEOS \u00bb Powerful Site Protection\",\"isPartOf\":{\"@id\":\"https:\/\/www.captcha.eu\/#website\"},\"primaryImageOfPage\":{\"@id\":\"https:\/\/www.captcha.eu\/captcha-plugin-for-neos\/#primaryimage\"},\"image\":{\"@id\":\"https:\/\/www.captcha.eu\/captcha-plugin-for-neos\/#primaryimage\"},\"thumbnailUrl\":\"https:\/\/www.captcha.eu\/wp-content\/uploads\/2024\/02\/Neos-CMS-1024x1024.webp\",\"datePublished\":\"2024-08-30T07:59:28+00:00\",\"dateModified\":\"2026-03-26T22:05:41+00:00\",\"description\":\"Sleek & powerful captcha plugin for your NEOS site \u279c fully GDPR-compliant \u2713 user-friendly \u2713 instant safeguard \u2713 maximum site protection \u2713\",\"breadcrumb\":{\"@id\":\"https:\/\/www.captcha.eu\/captcha-plugin-for-neos\/#breadcrumb\"},\"inLanguage\":\"fr-FR\",\"potentialAction\":[{\"@type\":\"ReadAction\",\"target\":[\"https:\/\/www.captcha.eu\/captcha-plugin-for-neos\/\"]}]},{\"@type\":\"ImageObject\",\"inLanguage\":\"fr-FR\",\"@id\":\"https:\/\/www.captcha.eu\/captcha-plugin-for-neos\/#primaryimage\",\"url\":\"https:\/\/www.captcha.eu\/wp-content\/uploads\/2024\/02\/Neos-CMS-1024x1024.webp\",\"contentUrl\":\"https:\/\/www.captcha.eu\/wp-content\/uploads\/2024\/02\/Neos-CMS-1024x1024.webp\"},{\"@type\":\"BreadcrumbList\",\"@id\":\"https:\/\/www.captcha.eu\/captcha-plugin-for-neos\/#breadcrumb\",\"itemListElement\":[{\"@type\":\"ListItem\",\"position\":1,\"name\":\"Home\",\"item\":\"https:\/\/www.captcha.eu\/\"},{\"@type\":\"ListItem\",\"position\":2,\"name\":\"CAPTCHA Plugin for NEOS &#8211; GDPR-compliant, no cookies, EU-hosted\"}]},{\"@type\":\"WebSite\",\"@id\":\"https:\/\/www.captcha.eu\/#website\",\"url\":\"https:\/\/www.captcha.eu\/\",\"name\":\"captcha.eu\",\"description\":\"The GDPR-compliant message protection | captcha.eu\",\"publisher\":{\"@id\":\"https:\/\/www.captcha.eu\/#organization\"},\"potentialAction\":[{\"@type\":\"SearchAction\",\"target\":{\"@type\":\"EntryPoint\",\"urlTemplate\":\"https:\/\/www.captcha.eu\/?s={search_term_string}\"},\"query-input\":{\"@type\":\"PropertyValueSpecification\",\"valueRequired\":true,\"valueName\":\"search_term_string\"}}],\"inLanguage\":\"fr-FR\"},{\"@type\":\"Organization\",\"@id\":\"https:\/\/www.captcha.eu\/#organization\",\"name\":\"captcha.eu\",\"url\":\"https:\/\/www.captcha.eu\/\",\"logo\":{\"@type\":\"ImageObject\",\"inLanguage\":\"fr-FR\",\"@id\":\"https:\/\/www.captcha.eu\/#\/schema\/logo\/image\/\",\"url\":\"https:\/\/www.captcha.eu\/wp-content\/uploads\/2024\/02\/Captcha_mono-C_Logo.svg\",\"contentUrl\":\"https:\/\/www.captcha.eu\/wp-content\/uploads\/2024\/02\/Captcha_mono-C_Logo.svg\",\"width\":24,\"height\":28,\"caption\":\"captcha.eu\"},\"image\":{\"@id\":\"https:\/\/www.captcha.eu\/#\/schema\/logo\/image\/\"},\"sameAs\":[\"https:\/\/x.com\/captcha_eu\"]}]}<\/script>\n<!-- \/ Yoast SEO Premium plugin. -->","yoast_head_json":{"title":"Plugin Captcha pour NEOS \u00bb Protection de site puissante","description":"Plugin captcha \u00e9l\u00e9gant et puissant pour votre site NEOS \u279c enti\u00e8rement conforme au RGPD \u2713 convivial \u2713 sauvegarde instantan\u00e9e \u2713 protection maximale du site \u2713","robots":{"index":"index","follow":"follow","max-snippet":"max-snippet:-1","max-image-preview":"max-image-preview:large","max-video-preview":"max-video-preview:-1"},"canonical":"https:\/\/www.captcha.eu\/fr\/plugin-captcha-pour-neos\/","og_locale":"fr_FR","og_type":"article","og_title":"CAPTCHA Plugin for NEOS - GDPR-compliant, no cookies, EU-hosted","og_description":"Sleek & powerful captcha plugin for your NEOS site \u279c fully GDPR-compliant \u2713 user-friendly \u2713 instant safeguard \u2713 maximum site protection \u2713","og_url":"https:\/\/www.captcha.eu\/fr\/plugin-captcha-pour-neos\/","og_site_name":"captcha.eu","article_modified_time":"2026-03-26T22:05:41+00:00","og_image":[{"width":2000,"height":2000,"url":"https:\/\/www.captcha.eu\/wp-content\/uploads\/2024\/02\/Neos-CMS.webp","type":"image\/webp"}],"twitter_card":"summary_large_image","twitter_site":"@captcha_eu","twitter_misc":{"Est. reading time":"3 minutes"},"schema":{"@context":"https:\/\/schema.org","@graph":[{"@type":"WebPage","@id":"https:\/\/www.captcha.eu\/captcha-plugin-for-neos\/","url":"https:\/\/www.captcha.eu\/captcha-plugin-for-neos\/","name":"Plugin Captcha pour NEOS \u00bb Protection de site puissante","isPartOf":{"@id":"https:\/\/www.captcha.eu\/#website"},"primaryImageOfPage":{"@id":"https:\/\/www.captcha.eu\/captcha-plugin-for-neos\/#primaryimage"},"image":{"@id":"https:\/\/www.captcha.eu\/captcha-plugin-for-neos\/#primaryimage"},"thumbnailUrl":"https:\/\/www.captcha.eu\/wp-content\/uploads\/2024\/02\/Neos-CMS-1024x1024.webp","datePublished":"2024-08-30T07:59:28+00:00","dateModified":"2026-03-26T22:05:41+00:00","description":"Plugin captcha \u00e9l\u00e9gant et puissant pour votre site NEOS \u279c enti\u00e8rement conforme au RGPD \u2713 convivial \u2713 sauvegarde instantan\u00e9e \u2713 protection maximale du site \u2713","breadcrumb":{"@id":"https:\/\/www.captcha.eu\/captcha-plugin-for-neos\/#breadcrumb"},"inLanguage":"fr-FR","potentialAction":[{"@type":"ReadAction","target":["https:\/\/www.captcha.eu\/captcha-plugin-for-neos\/"]}]},{"@type":"ImageObject","inLanguage":"fr-FR","@id":"https:\/\/www.captcha.eu\/captcha-plugin-for-neos\/#primaryimage","url":"https:\/\/www.captcha.eu\/wp-content\/uploads\/2024\/02\/Neos-CMS-1024x1024.webp","contentUrl":"https:\/\/www.captcha.eu\/wp-content\/uploads\/2024\/02\/Neos-CMS-1024x1024.webp"},{"@type":"BreadcrumbList","@id":"https:\/\/www.captcha.eu\/captcha-plugin-for-neos\/#breadcrumb","itemListElement":[{"@type":"ListItem","position":1,"name":"Home","item":"https:\/\/www.captcha.eu\/"},{"@type":"ListItem","position":2,"name":"CAPTCHA Plugin for NEOS &#8211; GDPR-compliant, no cookies, EU-hosted"}]},{"@type":"WebSite","@id":"https:\/\/www.captcha.eu\/#website","url":"https:\/\/www.captcha.eu\/","name":"captcha.eu","description":"La protection des messages conforme au GDPR | captcha.eu","publisher":{"@id":"https:\/\/www.captcha.eu\/#organization"},"potentialAction":[{"@type":"SearchAction","target":{"@type":"EntryPoint","urlTemplate":"https:\/\/www.captcha.eu\/?s={search_term_string}"},"query-input":{"@type":"PropertyValueSpecification","valueRequired":true,"valueName":"search_term_string"}}],"inLanguage":"fr-FR"},{"@type":"Organization","@id":"https:\/\/www.captcha.eu\/#organization","name":"captcha.eu","url":"https:\/\/www.captcha.eu\/","logo":{"@type":"ImageObject","inLanguage":"fr-FR","@id":"https:\/\/www.captcha.eu\/#\/schema\/logo\/image\/","url":"https:\/\/www.captcha.eu\/wp-content\/uploads\/2024\/02\/Captcha_mono-C_Logo.svg","contentUrl":"https:\/\/www.captcha.eu\/wp-content\/uploads\/2024\/02\/Captcha_mono-C_Logo.svg","width":24,"height":28,"caption":"captcha.eu"},"image":{"@id":"https:\/\/www.captcha.eu\/#\/schema\/logo\/image\/"},"sameAs":["https:\/\/x.com\/captcha_eu"]}]}},"pbg_featured_image_src":{"full":false,"thumbnail":false,"medium":false,"medium_large":false,"large":false,"1536x1536":false,"2048x2048":false,"trp-custom-language-flag":false},"pbg_author_info":{"display_name":"digitalisten","author_link":"https:\/\/www.captcha.eu\/fr\/author\/digitalisten\/","author_img":"<img alt='digitalisten' src='https:\/\/secure.gravatar.com\/avatar\/bc31cf0308270e03455e0f85a3c84110811c227952cecb263b99808ed200063c?s=128&#038;d=mm&#038;r=g' srcset='https:\/\/secure.gravatar.com\/avatar\/bc31cf0308270e03455e0f85a3c84110811c227952cecb263b99808ed200063c?s=256&#038;d=mm&#038;r=g 2x' class='avatar avatar-128 photo' height='128' width='128' loading='lazy' decoding='async'\/>"},"pbg_comment_info":" No Comments","pbg_excerpt":"Unlike reCAPTCHA, captcha.eu transfers no data to the US, sets no cookies, and requires no consent banner on any form it protects. NEOS is an open-source CMS with a strong base in Austria, Germany, and Switzerland, built by a community that takes editorial flexibility and technical quality seriously. Its users [&hellip;]","_links":{"self":[{"href":"https:\/\/www.captcha.eu\/fr\/wp-json\/wp\/v2\/pages\/1284","targetHints":{"allow":["GET"]}}],"collection":[{"href":"https:\/\/www.captcha.eu\/fr\/wp-json\/wp\/v2\/pages"}],"about":[{"href":"https:\/\/www.captcha.eu\/fr\/wp-json\/wp\/v2\/types\/page"}],"author":[{"embeddable":true,"href":"https:\/\/www.captcha.eu\/fr\/wp-json\/wp\/v2\/users\/2"}],"replies":[{"embeddable":true,"href":"https:\/\/www.captcha.eu\/fr\/wp-json\/wp\/v2\/comments?post=1284"}],"version-history":[{"count":7,"href":"https:\/\/www.captcha.eu\/fr\/wp-json\/wp\/v2\/pages\/1284\/revisions"}],"predecessor-version":[{"id":3443,"href":"https:\/\/www.captcha.eu\/fr\/wp-json\/wp\/v2\/pages\/1284\/revisions\/3443"}],"wp:attachment":[{"href":"https:\/\/www.captcha.eu\/fr\/wp-json\/wp\/v2\/media?parent=1284"}],"curies":[{"name":"wp","href":"https:\/\/api.w.org\/{rel}","templated":true}]}}