{"id":1272,"date":"2024-08-30T07:39:26","date_gmt":"2024-08-30T07:39:26","guid":{"rendered":"https:\/\/www.captcha.eu\/?page_id=1272"},"modified":"2026-03-26T21:31:54","modified_gmt":"2026-03-26T21:31:54","slug":"module-captcha-adobe-commerce-magento","status":"publish","type":"page","link":"https:\/\/www.captcha.eu\/fr\/module-captcha-adobe-commerce-magento\/","title":{"rendered":"Plugin CAPTCHA pour Adobe Commerce &amp; Magento 2 - conforme au RGPD, pas de cookies, h\u00e9berg\u00e9 dans l'UE"},"content":{"rendered":"<div class=\"wp-block-essential-blocks-advanced-heading  root-eb-advance-heading-49g3a\"><div class=\"eb-parent-wrapper eb-parent-eb-advance-heading-49g3a\"><div class=\"eb-advance-heading-wrapper eb-advance-heading-49g3a button-1 undefined\" data-id=\"eb-advance-heading-49g3a\"><h2 class=\"eb-ah-title\"><span class=\"first-title\">Protection puissante. Facilement int\u00e9grable.<\/span><\/h2><h3 class=\"eb-ah-subtitle\">La solution captcha ultime pour votre boutique en ligne<\/h3><div class=\"eb-ah-separator line\"><\/div><\/div><\/div><\/div>\n\n\n\n<div class=\"wp-block-media-text has-media-on-the-right is-stacked-on-mobile is-vertically-aligned-top\" style=\"grid-template-columns:auto 35%\"><div class=\"wp-block-media-text__content\">\n<p>D\u00e9couvrez la puissance du captcha pour Adobe Commerce et Magento 2 : prot\u00e9gez efficacement vos identifiants, formulaires de contact et autres contre le spam, les robots et la cybercriminalit\u00e9 sans compromettre l'exp\u00e9rience utilisateur. Pas de cookies, pas de suivi - enti\u00e8rement conforme au RGPD.<\/p>\n\n\n\n<div class=\"wp-block-essential-blocks-button root-eb-button-aoqhd\"><div class=\"eb-parent-wrapper eb-parent-eb-button-aoqhd\"><div class=\"eb-button-wrapper eb-button-alignment eb-button-aoqhd\"><div class=\"eb-button\"><div class=\"eb-button-inner-wrapper\"><a class=\"eb-button-anchor\" href=\"https:\/\/commercemarketplace.adobe.com\/captcha-eu-magento.html\" rel=\"noopener\">Obtenir le plugin<\/a><\/div><\/div><\/div><\/div><\/div>\n<\/div><figure class=\"wp-block-media-text__media\"><img loading=\"lazy\" decoding=\"async\" width=\"357\" height=\"205\" src=\"https:\/\/www.captcha.eu\/wp-content\/uploads\/2024\/02\/image-7.png\" alt=\"\" class=\"wp-image-724 size-full\" srcset=\"https:\/\/www.captcha.eu\/wp-content\/uploads\/2024\/02\/image-7.png 357w, https:\/\/www.captcha.eu\/wp-content\/uploads\/2024\/02\/image-7-300x172.png 300w, https:\/\/www.captcha.eu\/wp-content\/uploads\/2024\/02\/image-7-18x10.png 18w\" sizes=\"auto, (max-width: 357px) 100vw, 357px\" \/><\/figure><\/div>\n\n\n\n<p>Contrairement \u00e0 reCAPTCHA, captcha.eu ne transf\u00e8re aucune donn\u00e9e aux \u00c9tats-Unis, n'installe aucun cookie et ne requiert aucune banni\u00e8re de consentement dans votre boutique. Adobe Commerce et Magento 2 alimentent des milliers de boutiques en ligne en Europe, qu'il s'agisse de d\u00e9taillants de taille moyenne ou de catalogues d'entreprise. Pour chacun d'entre eux, la conformit\u00e9 au RGPD est obligatoire et l'exp\u00e9rience de paiement est essentielle. En m\u00eame temps, les boutiques Magento sont une cible privil\u00e9gi\u00e9e pour les attaques automatis\u00e9es : le carding, o\u00f9 les d\u00e9tails d'une carte vol\u00e9e sont test\u00e9s \u00e0 la caisse, les faux enregistrements de compte et les spams de formulaire qui polluent les analyses et augmentent les co\u00fbts de support. captcha.eu prot\u00e8ge exactement ces points d'entr\u00e9e, les formulaires de connexion, d'enregistrement, de r\u00e9initialisation de mot de passe, d'inscription \u00e0 la newsletter et de caisse, en fonctionnant invisiblement en arri\u00e8re-plan sans casse-t\u00eate et sans friction pour les clients l\u00e9gitimes. Il est enti\u00e8rement h\u00e9berg\u00e9 en Autriche, ne traite aucune donn\u00e9e en dehors de l'UE, ne cr\u00e9e pas de cookies et d\u00e9tient la certification WACA Silver de T\u00dcV Austria pour la conformit\u00e9 \u00e0 l'accessibilit\u00e9 WCAG 2.2 AA v\u00e9rifi\u00e9e de mani\u00e8re ind\u00e9pendante.<\/p>\n\n\n\n<h2 class=\"wp-block-heading has-large-font-size\" id=\"h-how-to-add-a-captcha-to-adobe-commerce-and-magento-2\">Comment ajouter un captcha \u00e0 Adobe Commerce et Magento 2<\/h2>\n\n\n\n<p>Efficacement <strong>prot\u00e9ger les connexions, les formulaires de contact et plus encore<\/strong> sur votre site <strong>contre le trafic ind\u00e9sirable et le spam<\/strong> avec le plugin captcha.eu. <strong>Lisse<\/strong>, <strong>puissant <\/strong>\u00e0 la page des <strong>facile \u00e0 int\u00e9grer<\/strong>, notre solution captcha vous permet d&#039;ajouter instantan\u00e9ment une couche de s\u00e9curit\u00e9 suppl\u00e9mentaire et de mettre fin aux cases \u00e0 cocher et aux \u00e9nigmes \u00e0 r\u00e9soudre. Voici comment configurer le plug-in captcha pour Adobe Commerce ou Magento 2\u00a0:<\/p>\n\n\n\n<div class=\"wp-block-columns is-layout-flex wp-container-core-columns-is-layout-28f84493 wp-block-columns-is-layout-flex\">\n<div class=\"wp-block-column is-layout-flow wp-block-column-is-layout-flow\" style=\"flex-basis:100%\">\n<div class=\"wp-block-group is-content-justification-left is-nowrap is-layout-flex wp-container-core-group-is-layout-a1ed96d5 wp-block-group-is-layout-flex\">\n<h2 class=\"wp-block-heading\" id=\"h-1\">1<\/h2>\n\n\n\n<p class=\"has-link-color wp-elements-f163e311de9c1e8c236836904f463731\">D&#039;abord, <a href=\"https:\/\/commercemarketplace.adobe.com\/captcha-eu-magento.html\">t\u00e9l\u00e9charger le plugin<\/a> depuis Commerce Marketplace. Si vous configurez captcha.eu pour Adobe Commerce, vous pouvez passer \u00e0 l&#039;\u00e9tape 4.<\/p>\n<\/div>\n\n\n\n<figure class=\"wp-block-image size-large is-resized\"><img decoding=\"async\" src=\"https:\/\/docs.captcha.eu\/files\/adobe-commerce-magento\/captcha-eu-marketplace.png\" alt=\"\" style=\"width:687px;height:auto\"\/><\/figure>\n\n\n\n<div class=\"wp-block-group is-content-justification-left is-nowrap is-layout-flex wp-container-core-group-is-layout-a1ed96d5 wp-block-group-is-layout-flex\">\n<h2 class=\"wp-block-heading\" id=\"h-2\">2<\/h2>\n\n\n\n<p class=\"has-link-color wp-elements-f1ef75caed7df150848d6356e5cff6ba\">Pour installer le plugin pour Magento, vous devrez <strong>utiliser Composer<\/strong> (que vous pouvez t\u00e9l\u00e9charger <a href=\"https:\/\/getcomposer.org\/\">ici<\/a>). Assurez-vous que vos cl\u00e9s d&#039;acc\u00e8s sont configur\u00e9es en cons\u00e9quence, car Composer utilisera ces informations d&#039;identification pour se connecter et t\u00e9l\u00e9charger l&#039;extension depuis Commerce Marketplace. Acc\u00e9dez ensuite \u00e0 votre <strong>Console\/Shell SSH<\/strong> \u00e0 la page des <strong>installer l&#039;extension<\/strong> depuis l&#039;int\u00e9rieur du dossier \/magento. <strong>Note<\/strong>: Captcha.eu n\u00e9cessite Magento 2.X.<\/p>\n<\/div>\n\n\n\n<pre class=\"wp-block-code\"><code>compositeur n\u00e9cessite captcha-eu\/magento<\/code><\/pre>\n\n\n\n<div class=\"wp-block-group is-content-justification-left is-nowrap is-layout-flex wp-container-core-group-is-layout-a1ed96d5 wp-block-group-is-layout-flex\">\n<h2 class=\"wp-block-heading\" id=\"h-3\">3<\/h2>\n\n\n\n<p class=\"has-link-color wp-elements-4fea0013e63bc2714f436a979bea62c9\">Apr\u00e8s l&#039;installation, ex\u00e9cutez les commandes suivantes pour mettre \u00e0 jour votre configuration et acc\u00e9der au plugin via le backend Magento 2\u00a0:<\/p>\n<\/div>\n\n\n\n<pre class=\"wp-block-code\"><code>Configuration de php bin\/magento\u00a0:\u00a0mise \u00e0 niveau\u00a0; Configuration de php bin\/magento\u00a0:\u00a0di\u00a0:\u00a0compilation\u00a0; Configuration de php bin\/magento\u00a0:\u00a0contenu statique\u00a0:\u00a0d\u00e9ploiement -f\u00a0; Cache de php bin\/magento\u00a0:\u00a0nettoyage\u00a0; Cache de php bin\/magento\u00a0:\u00a0vidage\u00a0;<\/code><\/pre>\n\n\n\n<div class=\"wp-block-group is-content-justification-left is-nowrap is-layout-flex wp-container-core-group-is-layout-a1ed96d5 wp-block-group-is-layout-flex\">\n<h2 class=\"wp-block-heading\" id=\"h-4\">4<\/h2>\n\n\n\n<p class=\"has-link-color wp-elements-f531a0d6f686f038e28dc448f190b911\">Installez l&#039;extension via Composer (que vous pouvez t\u00e9l\u00e9charger <a href=\"https:\/\/getcomposer.org\/\">ici<\/a>), en utilisant l&#039;extrait suivant\u00a0:<\/p>\n<\/div>\n\n\n\n<pre class=\"wp-block-code\"><code>compositeur n\u00e9cessite captcha-eu\/magento:1.0.0 --no-update<\/code><\/pre>\n\n\n\n<div class=\"wp-block-group is-content-justification-left is-nowrap is-layout-flex wp-container-core-group-is-layout-a1ed96d5 wp-block-group-is-layout-flex\">\n<h2 class=\"wp-block-heading\" id=\"h-5\">5<\/h2>\n\n\n\n<p class=\"has-link-color wp-elements-c846dfcfec9818e4f21364e7b849d0a8\">V\u00e9rifiez le <strong>\u00e9tat du module<\/strong> et d\u00e9finissez les param\u00e8tres requis (activer\/d\u00e9sactiver).<\/p>\n<\/div>\n\n\n\n<pre class=\"wp-block-code\"><code># activer le module bin\/magento\u00a0:\u00a0activer CaptchaEU_Captcha # d\u00e9sactiver le module bin\/magento\u00a0:\u00a0d\u00e9sactiver CaptchaEU_Captcha<\/code><\/pre>\n\n\n\n<div class=\"wp-block-group is-content-justification-left is-nowrap is-layout-flex wp-container-core-group-is-layout-a1ed96d5 wp-block-group-is-layout-flex\">\n<h2 class=\"wp-block-heading\" id=\"h-6\">6<\/h2>\n\n\n\n<p class=\"has-link-color wp-elements-4391d0740d55432e44b8df6833d31c8b\">Ensuite, vous devrez <a href=\"http:\/\/www.captcha.eu\/fr\/login\/\"><strong>cr\u00e9er un compte Captcha.eu<\/strong><\/a>. Alors <strong>connectez-vous<\/strong> et allez dans \u00ab\u00a0domaines\u00a0\u00bb dans votre <a href=\"https:\/\/www.captcha.eu\/dashboard\/\">dashboard<\/a> \u00e0 <strong>ajouter<\/strong> le <strong>domaine<\/strong> vous souhaitez prot\u00e9ger. Cela g\u00e9n\u00e9rera une cl\u00e9 REST et une cl\u00e9 publique. Revenez ensuite \u00e0 votre interface d&#039;administration Adobe Commerce ou Magento 2. Au fait : votre <strong>100 premi\u00e8res validations<\/strong> sont compl\u00e8tement <strong>gratuit<\/strong>!<\/p>\n<\/div>\n\n\n\n<div class=\"wp-block-group is-content-justification-left is-nowrap is-layout-flex wp-container-core-group-is-layout-a1ed96d5 wp-block-group-is-layout-flex\">\n<h2 class=\"wp-block-heading\" id=\"h-7\">7<\/h2>\n\n\n\n<p class=\"has-link-color wp-elements-a6d9ec8d3c61f4c02c7f4938eaaca9fc\">Aller \u00e0 <strong>Boutiques &gt; Configuration &gt; Captcha.eu<\/strong> dans l&#039;interface Adobe Commerce ou Magento 2 pour <strong>cliquez sur<\/strong>Pour ce faire, copiez le REST et la cl\u00e9 publique de votre tableau de bord captcha.eu et collez-les dans les champs correspondants des param\u00e8tres \u00ab Configuration g\u00e9n\u00e9rale \u00bb. <\/p>\n<\/div>\n\n\n\n<figure class=\"wp-block-image size-large is-resized\"><img decoding=\"async\" src=\"https:\/\/docs.captcha.eu\/files\/adobe-commerce-magento\/settings-general.png\" alt=\"\" style=\"width:941px;height:auto\"\/><\/figure>\n\n\n\n<div class=\"wp-block-group is-content-justification-left is-nowrap is-layout-flex wp-container-core-group-is-layout-a1ed96d5 wp-block-group-is-layout-flex\">\n<h2 class=\"wp-block-heading\" id=\"h-8\">8<\/h2>\n\n\n\n<p class=\"has-link-color wp-elements-ee4b3f7cb102f9df608844f21384beb6\">Choisissez les zones de votre site que vous souhaitez prot\u00e9ger \u00e0 l&#039;aide de captcha.eu. Cela comprend la protection de toutes vos connexions et formulaires, y compris l&#039;inscription, les inscriptions \u00e0 la newsletter, l&#039;oubli de mot de passe et bien plus encore. <\/p>\n<\/div>\n\n\n\n<figure class=\"wp-block-image size-large is-resized\"><img decoding=\"async\" src=\"https:\/\/docs.captcha.eu\/files\/adobe-commerce-magento\/settings-frontend.png\" alt=\"\" style=\"width:915px;height:auto\"\/><\/figure>\n\n\n\n<p class=\"has-link-color wp-elements-3831dbcaac5d8e3cfa80d27588891eee\"><strong>C&#039;est \u00e7a!<\/strong> Votre site Adobe Commerce\/Magento 2 est d\u00e9sormais prot\u00e9g\u00e9 par le plugin Captcha.eu. Si vous rencontrez des probl\u00e8mes en cours de route ou si vous avez des questions sp\u00e9cifiques concernant le processus d&#039;installation, notre <a href=\"https:\/\/docs.captcha.eu\/adobecommerce-magento2-install?id=enabledisable-module\">documentation d\u00e9taill\u00e9e<\/a> est l\u00e0 pour vous aider. Ou contactez-nous directement pour obtenir des conseils et une assistance suppl\u00e9mentaires, soit via notre <a href=\"https:\/\/www.captcha.eu\/fr\/contact\/\">formulaire de contact prot\u00e9g\u00e9 par le captcha.<\/a> ou fonction de chat en ligne.<\/p>\n\n\n\n<hr class=\"wp-block-separator has-alpha-channel-opacity is-style-dots\"\/>\n\n\n\n<p class=\"has-link-color wp-elements-355b7c1c82cdf2920305accbfd67a562\">Des identifiants aux inscriptions \u00e0 la newsletter et aux formulaires de contact : notre <strong>puissant<\/strong>, <strong>facile \u00e0 int\u00e9grer<\/strong> Le plugin captcha.eu est la solution captcha ultime pour <strong>prot\u00e9gez votre site Adobe Commerce ou Magento 2 contre le trafic ind\u00e9sirable et le spam<\/strong> \u2013 tout en donnant la priorit\u00e9 aux clients en \u00e9liminant les casse-t\u00eates et les cases \u00e0 cocher. Et le meilleur de tout : il est enti\u00e8rement conforme aux normes&nbsp;<strong>R\u00e8glement de l&#039;UE sur la protection des donn\u00e9es<\/strong>. Pas de cookies, pas de suivi. T\u00e9l\u00e9chargez d\u00e8s maintenant le plugin captcha pour Adobe Commerce ou Magento 2\u00a0!<\/p>\n\n\n\n<div class=\"wp-block-essential-blocks-button root-eb-button-hjckk\"><div class=\"eb-parent-wrapper eb-parent-eb-button-hjckk\"><div class=\"eb-button-wrapper eb-button-alignment eb-button-hjckk\"><div class=\"eb-button\"><div class=\"eb-button-inner-wrapper\"><a class=\"eb-button-anchor\" href=\"https:\/\/commercemarketplace.adobe.com\/captcha-eu-magento.html\" rel=\"noopener\">Obtenir le plugin<\/a><\/div><\/div><\/div><\/div><\/div>\n<\/div>\n<\/div>\n\n\n\n<p><\/p>","protected":false},"excerpt":{"rendered":"<p>Unlike reCAPTCHA, captcha.eu transfers no data to the US, sets no cookies, and requires no consent banner anywhere in your store. Adobe Commerce and Magento 2 power thousands of online shops across Europe, from mid-market retailers to enterprise catalogues. For all of them, GDPR compliance is mandatory and checkout experience [&hellip;]<\/p>\n","protected":false},"author":2,"featured_media":0,"parent":0,"menu_order":0,"comment_status":"closed","ping_status":"closed","template":"","meta":{"_acf_changed":false,"_eb_attr":"","footnotes":""},"class_list":["post-1272","page","type-page","status-publish","hentry"],"acf":[],"yoast_head":"<!-- This site is optimized with the Yoast SEO Premium plugin v27.0 (Yoast SEO v27.0) - https:\/\/yoast.com\/product\/yoast-seo-premium-wordpress\/ -->\n<title>Captcha Plugin for Adobe Commerce &amp; Magento 2 \u00bb Get it now<\/title>\n<meta name=\"description\" content=\"Captcha plugin for Adobe Commerce &amp; Magento 2 \u279c fully GDPR-compliant \u2713 user-friendly \u2713 easy to use \u2713 protect sign-ups, logins &amp; contact forms.\" \/>\n<meta name=\"robots\" content=\"index, follow, max-snippet:-1, max-image-preview:large, max-video-preview:-1\" \/>\n<link rel=\"canonical\" href=\"https:\/\/www.captcha.eu\/fr\/module-captcha-adobe-commerce-magento\/\" \/>\n<meta property=\"og:locale\" content=\"fr_FR\" \/>\n<meta property=\"og:type\" content=\"article\" \/>\n<meta property=\"og:title\" content=\"CAPTCHA Plugin for Adobe Commerce &amp; Magento 2 - GDPR-compliant, no cookies, EU-hosted\" \/>\n<meta property=\"og:description\" content=\"Captcha plugin for Adobe Commerce &amp; Magento 2 \u279c fully GDPR-compliant \u2713 user-friendly \u2713 easy to use \u2713 protect sign-ups, logins &amp; contact forms.\" \/>\n<meta property=\"og:url\" content=\"https:\/\/www.captcha.eu\/fr\/module-captcha-adobe-commerce-magento\/\" \/>\n<meta property=\"og:site_name\" content=\"captcha.eu\" \/>\n<meta property=\"article:modified_time\" content=\"2026-03-26T21:31:54+00:00\" \/>\n<meta property=\"og:image\" content=\"https:\/\/www.captcha.eu\/wp-content\/uploads\/2024\/02\/image-7.png\" \/>\n\t<meta property=\"og:image:width\" content=\"357\" \/>\n\t<meta property=\"og:image:height\" content=\"205\" \/>\n\t<meta property=\"og:image:type\" content=\"image\/png\" \/>\n<meta name=\"twitter:card\" content=\"summary_large_image\" \/>\n<meta name=\"twitter:site\" content=\"@captcha_eu\" \/>\n<meta name=\"twitter:label1\" content=\"Est. reading time\" \/>\n\t<meta name=\"twitter:data1\" content=\"4 minutes\" \/>\n<script type=\"application\/ld+json\" class=\"yoast-schema-graph\">{\"@context\":\"https:\/\/schema.org\",\"@graph\":[{\"@type\":\"WebPage\",\"@id\":\"https:\/\/www.captcha.eu\/captcha-plugin-adobe-commerce-magento\/\",\"url\":\"https:\/\/www.captcha.eu\/captcha-plugin-adobe-commerce-magento\/\",\"name\":\"Captcha Plugin for Adobe Commerce & Magento 2 \u00bb Get it now\",\"isPartOf\":{\"@id\":\"https:\/\/www.captcha.eu\/#website\"},\"primaryImageOfPage\":{\"@id\":\"https:\/\/www.captcha.eu\/captcha-plugin-adobe-commerce-magento\/#primaryimage\"},\"image\":{\"@id\":\"https:\/\/www.captcha.eu\/captcha-plugin-adobe-commerce-magento\/#primaryimage\"},\"thumbnailUrl\":\"https:\/\/www.captcha.eu\/wp-content\/uploads\/2024\/02\/image-7.png\",\"datePublished\":\"2024-08-30T07:39:26+00:00\",\"dateModified\":\"2026-03-26T21:31:54+00:00\",\"description\":\"Captcha plugin for Adobe Commerce & Magento 2 \u279c fully GDPR-compliant \u2713 user-friendly \u2713 easy to use \u2713 protect sign-ups, logins & contact forms.\",\"breadcrumb\":{\"@id\":\"https:\/\/www.captcha.eu\/captcha-plugin-adobe-commerce-magento\/#breadcrumb\"},\"inLanguage\":\"fr-FR\",\"potentialAction\":[{\"@type\":\"ReadAction\",\"target\":[\"https:\/\/www.captcha.eu\/captcha-plugin-adobe-commerce-magento\/\"]}]},{\"@type\":\"ImageObject\",\"inLanguage\":\"fr-FR\",\"@id\":\"https:\/\/www.captcha.eu\/captcha-plugin-adobe-commerce-magento\/#primaryimage\",\"url\":\"https:\/\/www.captcha.eu\/wp-content\/uploads\/2024\/02\/image-7.png\",\"contentUrl\":\"https:\/\/www.captcha.eu\/wp-content\/uploads\/2024\/02\/image-7.png\"},{\"@type\":\"BreadcrumbList\",\"@id\":\"https:\/\/www.captcha.eu\/captcha-plugin-adobe-commerce-magento\/#breadcrumb\",\"itemListElement\":[{\"@type\":\"ListItem\",\"position\":1,\"name\":\"Home\",\"item\":\"https:\/\/www.captcha.eu\/\"},{\"@type\":\"ListItem\",\"position\":2,\"name\":\"CAPTCHA Plugin for Adobe Commerce &amp; Magento 2 &#8211; GDPR-compliant, no cookies, EU-hosted\"}]},{\"@type\":\"WebSite\",\"@id\":\"https:\/\/www.captcha.eu\/#website\",\"url\":\"https:\/\/www.captcha.eu\/\",\"name\":\"captcha.eu\",\"description\":\"The GDPR-compliant message protection | captcha.eu\",\"publisher\":{\"@id\":\"https:\/\/www.captcha.eu\/#organization\"},\"potentialAction\":[{\"@type\":\"SearchAction\",\"target\":{\"@type\":\"EntryPoint\",\"urlTemplate\":\"https:\/\/www.captcha.eu\/?s={search_term_string}\"},\"query-input\":{\"@type\":\"PropertyValueSpecification\",\"valueRequired\":true,\"valueName\":\"search_term_string\"}}],\"inLanguage\":\"fr-FR\"},{\"@type\":\"Organization\",\"@id\":\"https:\/\/www.captcha.eu\/#organization\",\"name\":\"captcha.eu\",\"url\":\"https:\/\/www.captcha.eu\/\",\"logo\":{\"@type\":\"ImageObject\",\"inLanguage\":\"fr-FR\",\"@id\":\"https:\/\/www.captcha.eu\/#\/schema\/logo\/image\/\",\"url\":\"https:\/\/www.captcha.eu\/wp-content\/uploads\/2024\/02\/Captcha_mono-C_Logo.svg\",\"contentUrl\":\"https:\/\/www.captcha.eu\/wp-content\/uploads\/2024\/02\/Captcha_mono-C_Logo.svg\",\"width\":24,\"height\":28,\"caption\":\"captcha.eu\"},\"image\":{\"@id\":\"https:\/\/www.captcha.eu\/#\/schema\/logo\/image\/\"},\"sameAs\":[\"https:\/\/x.com\/captcha_eu\"]}]}<\/script>\n<!-- \/ Yoast SEO Premium plugin. -->","yoast_head_json":{"title":"Plugin Captcha pour Adobe Commerce et Magento 2 \u00bb Obtenez-le maintenant","description":"Plugin Captcha pour Adobe Commerce et Magento 2 \u279c enti\u00e8rement conforme au RGPD \u2713 convivial \u2713 facile \u00e0 utiliser \u2713 prot\u00e8ge les inscriptions, les connexions et les formulaires de contact.","robots":{"index":"index","follow":"follow","max-snippet":"max-snippet:-1","max-image-preview":"max-image-preview:large","max-video-preview":"max-video-preview:-1"},"canonical":"https:\/\/www.captcha.eu\/fr\/module-captcha-adobe-commerce-magento\/","og_locale":"fr_FR","og_type":"article","og_title":"CAPTCHA Plugin for Adobe Commerce &amp; Magento 2 - GDPR-compliant, no cookies, EU-hosted","og_description":"Captcha plugin for Adobe Commerce & Magento 2 \u279c fully GDPR-compliant \u2713 user-friendly \u2713 easy to use \u2713 protect sign-ups, logins & contact forms.","og_url":"https:\/\/www.captcha.eu\/fr\/module-captcha-adobe-commerce-magento\/","og_site_name":"captcha.eu","article_modified_time":"2026-03-26T21:31:54+00:00","og_image":[{"width":357,"height":205,"url":"https:\/\/www.captcha.eu\/wp-content\/uploads\/2024\/02\/image-7.png","type":"image\/png"}],"twitter_card":"summary_large_image","twitter_site":"@captcha_eu","twitter_misc":{"Est. reading time":"4 minutes"},"schema":{"@context":"https:\/\/schema.org","@graph":[{"@type":"WebPage","@id":"https:\/\/www.captcha.eu\/captcha-plugin-adobe-commerce-magento\/","url":"https:\/\/www.captcha.eu\/captcha-plugin-adobe-commerce-magento\/","name":"Plugin Captcha pour Adobe Commerce et Magento 2 \u00bb Obtenez-le maintenant","isPartOf":{"@id":"https:\/\/www.captcha.eu\/#website"},"primaryImageOfPage":{"@id":"https:\/\/www.captcha.eu\/captcha-plugin-adobe-commerce-magento\/#primaryimage"},"image":{"@id":"https:\/\/www.captcha.eu\/captcha-plugin-adobe-commerce-magento\/#primaryimage"},"thumbnailUrl":"https:\/\/www.captcha.eu\/wp-content\/uploads\/2024\/02\/image-7.png","datePublished":"2024-08-30T07:39:26+00:00","dateModified":"2026-03-26T21:31:54+00:00","description":"Plugin Captcha pour Adobe Commerce et Magento 2 \u279c enti\u00e8rement conforme au RGPD \u2713 convivial \u2713 facile \u00e0 utiliser \u2713 prot\u00e8ge les inscriptions, les connexions et les formulaires de contact.","breadcrumb":{"@id":"https:\/\/www.captcha.eu\/captcha-plugin-adobe-commerce-magento\/#breadcrumb"},"inLanguage":"fr-FR","potentialAction":[{"@type":"ReadAction","target":["https:\/\/www.captcha.eu\/captcha-plugin-adobe-commerce-magento\/"]}]},{"@type":"ImageObject","inLanguage":"fr-FR","@id":"https:\/\/www.captcha.eu\/captcha-plugin-adobe-commerce-magento\/#primaryimage","url":"https:\/\/www.captcha.eu\/wp-content\/uploads\/2024\/02\/image-7.png","contentUrl":"https:\/\/www.captcha.eu\/wp-content\/uploads\/2024\/02\/image-7.png"},{"@type":"BreadcrumbList","@id":"https:\/\/www.captcha.eu\/captcha-plugin-adobe-commerce-magento\/#breadcrumb","itemListElement":[{"@type":"ListItem","position":1,"name":"Home","item":"https:\/\/www.captcha.eu\/"},{"@type":"ListItem","position":2,"name":"CAPTCHA Plugin for Adobe Commerce &amp; Magento 2 &#8211; GDPR-compliant, no cookies, EU-hosted"}]},{"@type":"WebSite","@id":"https:\/\/www.captcha.eu\/#website","url":"https:\/\/www.captcha.eu\/","name":"captcha.eu","description":"La protection des messages conforme au GDPR | captcha.eu","publisher":{"@id":"https:\/\/www.captcha.eu\/#organization"},"potentialAction":[{"@type":"SearchAction","target":{"@type":"EntryPoint","urlTemplate":"https:\/\/www.captcha.eu\/?s={search_term_string}"},"query-input":{"@type":"PropertyValueSpecification","valueRequired":true,"valueName":"search_term_string"}}],"inLanguage":"fr-FR"},{"@type":"Organization","@id":"https:\/\/www.captcha.eu\/#organization","name":"captcha.eu","url":"https:\/\/www.captcha.eu\/","logo":{"@type":"ImageObject","inLanguage":"fr-FR","@id":"https:\/\/www.captcha.eu\/#\/schema\/logo\/image\/","url":"https:\/\/www.captcha.eu\/wp-content\/uploads\/2024\/02\/Captcha_mono-C_Logo.svg","contentUrl":"https:\/\/www.captcha.eu\/wp-content\/uploads\/2024\/02\/Captcha_mono-C_Logo.svg","width":24,"height":28,"caption":"captcha.eu"},"image":{"@id":"https:\/\/www.captcha.eu\/#\/schema\/logo\/image\/"},"sameAs":["https:\/\/x.com\/captcha_eu"]}]}},"pbg_featured_image_src":{"full":false,"thumbnail":false,"medium":false,"medium_large":false,"large":false,"1536x1536":false,"2048x2048":false,"trp-custom-language-flag":false},"pbg_author_info":{"display_name":"digitalisten","author_link":"https:\/\/www.captcha.eu\/fr\/author\/digitalisten\/","author_img":"<img alt='digitalisten' src='https:\/\/secure.gravatar.com\/avatar\/bc31cf0308270e03455e0f85a3c84110811c227952cecb263b99808ed200063c?s=128&#038;d=mm&#038;r=g' srcset='https:\/\/secure.gravatar.com\/avatar\/bc31cf0308270e03455e0f85a3c84110811c227952cecb263b99808ed200063c?s=256&#038;d=mm&#038;r=g 2x' class='avatar avatar-128 photo' height='128' width='128' loading='lazy' decoding='async'\/>"},"pbg_comment_info":" No Comments","pbg_excerpt":"Unlike reCAPTCHA, captcha.eu transfers no data to the US, sets no cookies, and requires no consent banner anywhere in your store. Adobe Commerce and Magento 2 power thousands of online shops across Europe, from mid-market retailers to enterprise catalogues. For all of them, GDPR compliance is mandatory and checkout experience [&hellip;]","_links":{"self":[{"href":"https:\/\/www.captcha.eu\/fr\/wp-json\/wp\/v2\/pages\/1272","targetHints":{"allow":["GET"]}}],"collection":[{"href":"https:\/\/www.captcha.eu\/fr\/wp-json\/wp\/v2\/pages"}],"about":[{"href":"https:\/\/www.captcha.eu\/fr\/wp-json\/wp\/v2\/types\/page"}],"author":[{"embeddable":true,"href":"https:\/\/www.captcha.eu\/fr\/wp-json\/wp\/v2\/users\/2"}],"replies":[{"embeddable":true,"href":"https:\/\/www.captcha.eu\/fr\/wp-json\/wp\/v2\/comments?post=1272"}],"version-history":[{"count":8,"href":"https:\/\/www.captcha.eu\/fr\/wp-json\/wp\/v2\/pages\/1272\/revisions"}],"predecessor-version":[{"id":3437,"href":"https:\/\/www.captcha.eu\/fr\/wp-json\/wp\/v2\/pages\/1272\/revisions\/3437"}],"wp:attachment":[{"href":"https:\/\/www.captcha.eu\/fr\/wp-json\/wp\/v2\/media?parent=1272"}],"curies":[{"name":"wp","href":"https:\/\/api.w.org\/{rel}","templated":true}]}}