{"id":1260,"date":"2024-08-30T07:25:08","date_gmt":"2024-08-30T07:25:08","guid":{"rendered":"https:\/\/www.captcha.eu\/?page_id=1260"},"modified":"2024-08-30T08:28:53","modified_gmt":"2024-08-30T08:28:53","slug":"plugin-captcha-pour-cms-craft","status":"publish","type":"page","link":"https:\/\/www.captcha.eu\/fr\/plugin-captcha-pour-cms-craft\/","title":{"rendered":"Plugin Captcha pour CMS Craft"},"content":{"rendered":"<div class=\"wp-block-essential-blocks-advanced-heading  root-eb-advance-heading-49g3a\"><div class=\"eb-parent-wrapper eb-parent-eb-advance-heading-49g3a\"><div class=\"eb-advance-heading-wrapper eb-advance-heading-49g3a button-1\" data-id=\"eb-advance-heading-49g3a\"><h2 class=\"eb-ah-title\">Fiable. S\u00e9curis\u00e9. Enti\u00e8rement conforme au RGPD.<\/h2><h3 class=\"eb-ah-subtitle\">Prot\u00e9gez instantan\u00e9ment votre site contre le trafic ind\u00e9sirable et le spam<\/h3><div class=\"eb-ah-separator line\"><\/div><\/div><\/div><\/div>\n\n\n\n<div class=\"wp-block-media-text has-media-on-the-right is-stacked-on-mobile is-vertically-aligned-top\" style=\"grid-template-columns:auto 29%\"><div class=\"wp-block-media-text__content\">\n<p>\u00c0 la recherche de <strong>prot\u00e9ger les formulaires d&#039;inscription, de connexion et de contact<\/strong> sur votre site Craft CMS ? Prot\u00e9gez instantan\u00e9ment votre site contre les robots et le spam gr\u00e2ce \u00e0 notre solution \u00e9l\u00e9gante, facile \u00e0 utiliser et <strong>enti\u00e8rement conforme au RGPD<\/strong> Plugin Captcha.eu \u2013 sans compromis sur l&#039;exp\u00e9rience utilisateur. Obtenez le plugin captcha Craft CMS maintenant !<\/p>\n\n\n\n<div class=\"wp-block-essential-blocks-button  root-eb-button-aoqhd\"><div class=\"eb-parent-wrapper eb-parent-eb-button-aoqhd\"><div class=\"eb-button-wrapper eb-button-alignment eb-button-aoqhd\"><div class=\"eb-button\"><a class=\"eb-button-anchor\" href=\"https:\/\/plugins.craftcms.com\/captcha-eu?craft4=\" rel=\"noopener\">Obtenir le plugin<\/a><\/div><\/div><\/div><\/div>\n<\/div><figure class=\"wp-block-media-text__media\"><img loading=\"lazy\" decoding=\"async\" width=\"150\" height=\"150\" src=\"https:\/\/www.captcha.eu\/wp-content\/uploads\/2024\/02\/image-6.png\" alt=\"\" class=\"wp-image-722 size-full\" srcset=\"https:\/\/www.captcha.eu\/wp-content\/uploads\/2024\/02\/image-6.png 150w, https:\/\/www.captcha.eu\/wp-content\/uploads\/2024\/02\/image-6-12x12.png 12w\" sizes=\"auto, (max-width: 150px) 100vw, 150px\" \/><\/figure><\/div>\n\n\n\n<h2 class=\"wp-block-heading has-large-font-size\" id=\"h-how-to-add-captcha-to-your-craft-cms-site\">Comment ajouter un captcha \u00e0 votre site Craft CMS<\/h2>\n\n\n\n<p>Appr\u00e9cier <strong>protection maximale contre les robots ind\u00e9sirables et le spam<\/strong> avec le plugin captcha.eu pour les sites Craft CMS : <strong>Facilement int\u00e9gr\u00e9<\/strong>, pr\u00eat \u00e0 l&#039;emploi et <strong>enti\u00e8rement conforme au RGPD<\/strong>, notre <strong>\u00e9l\u00e9gant et puissant<\/strong> La solution captcha ajoutera instantan\u00e9ment une couche de s\u00e9curit\u00e9 suppl\u00e9mentaire \u00e0 vos formulaires d&#039;inscription, de connexion et de contact, y compris Formie. Voici comment configurer le plugin Captcha.eu pour votre site Craft CMS en quelques \u00e9tapes simples\u00a0:<\/p>\n\n\n\n<div class=\"wp-block-columns is-layout-flex wp-container-core-columns-is-layout-28f84493 wp-block-columns-is-layout-flex\">\n<div class=\"wp-block-column is-layout-flow wp-block-column-is-layout-flow\" style=\"flex-basis:100%\">\n<div class=\"wp-block-group is-content-justification-left is-nowrap is-layout-flex wp-container-core-group-is-layout-a1ed96d5 wp-block-group-is-layout-flex\">\n<h2 class=\"wp-block-heading\" id=\"h-1\">1<\/h2>\n\n\n\n<p class=\"has-link-color wp-elements-a49321218484637b190a61efcd49b16b\">Installez le <a href=\"https:\/\/extensions.joomla.org\/extension\/access-a-security\/captcha-eu\/\">plugin<\/a> soit via le magasin de plugins, soit via composer\u00a0:<\/p>\n<\/div>\n\n\n\n<pre class=\"wp-block-code\"><code><code>composer require captcha-eu\/craftcms\n.\/craft plugin\/install captcha-eu<\/code><\/code><\/pre>\n\n\n\n<div class=\"wp-block-group is-content-justification-left is-nowrap is-layout-flex wp-container-core-group-is-layout-a1ed96d5 wp-block-group-is-layout-flex\">\n<h2 class=\"wp-block-heading\" id=\"h-2\">2<\/h2>\n\n\n\n<p class=\"has-link-color wp-elements-64042c8c89ff1457eacfba8bded0de05\">Ensuite, vous devez cr\u00e9er un <strong><a href=\"http:\/\/www.captcha.eu\/fr\/\">compte captcha.eu<\/a><\/strong>Connectez-vous et acc\u00e9dez \u00e0 \u00ab\u00a0domaines\u00a0\u00bb dans le <a href=\"https:\/\/www.captcha.eu\/dashboard\/\">tableau de bord<\/a> \u00e0 <strong>ajouter un nouveau domaine<\/strong>. Cela va g\u00e9n\u00e9rer un <strong>Cl\u00e9 de repos et cl\u00e9 publique<\/strong>, dont vous aurez besoin pour l\u2019\u00e9tape 3 du processus d\u2019installation.<\/p>\n<\/div>\n\n\n\n<div class=\"wp-block-group is-nowrap is-layout-flex wp-container-core-group-is-layout-6c531013 wp-block-group-is-layout-flex\">\n<h2 class=\"wp-block-heading\" id=\"h-3\">3 <\/h2>\n\n\n\n<p class=\"has-link-color wp-elements-445e0f19d7afe060438e8a63c602c960\">Dans Craft CMS, acc\u00e9dez \u00e0&nbsp;<strong>\/admin\/param\u00e8tres\/plugins\/captcha-eu<\/strong>&nbsp;pour configurer le plugin captcha.eu. Copiez et collez la cl\u00e9 de repos et la cl\u00e9 publique de votre compte captcha.eu dans le champ correspondant. <strong>Important<\/strong>:Dans les environnements de pr\u00e9paration, nous recommandons fortement d&#039;utiliser des variables d&#039;environnement pour configurer chaque valeur.<\/p>\n<\/div>\n\n\n\n<figure class=\"wp-block-image size-large\"><img decoding=\"async\" src=\"https:\/\/docs.captcha.eu\/files\/craft\/craft-settings.png\" alt=\"\"\/><\/figure>\n\n\n\n<div class=\"wp-block-group is-content-justification-left is-nowrap is-layout-flex wp-container-core-group-is-layout-a1ed96d5 wp-block-group-is-layout-flex\">\n<h2 class=\"wp-block-heading\" id=\"h-4\">4<\/h2>\n\n\n\n<p class=\"has-link-color wp-elements-e5e301be82d269c09930bbb60bda7de0\">Dans le mod\u00e8le de site HTML, assurez-vous d&#039;inclure les \u00e9l\u00e9ments suivants dans votre <strong>&lt;form&gt;<\/strong> <strong>\u00e9tiqueter<\/strong>:<\/p>\n<\/div>\n\n\n\n<p><code>{{craft.captchaEU.intercept()}}<\/code><\/p>\n\n\n\n<p><strong>C&#039;est \u00e7a!<\/strong> Votre plugin Captcha.eu est enti\u00e8rement configur\u00e9 et pr\u00eat \u00e0 \u00eatre utilis\u00e9 sur tous les types de formulaires de connexion et de contact sur votre site. Vous avez des questions ou des probl\u00e8mes lors de la configuration du plugin ? Rendez-vous directement sur notre <a href=\"https:\/\/docs.captcha.eu\/craft-install?id=installation\"><mark style=\"background-color:rgba(0, 0, 0, 0)\" class=\"has-inline-color has-primary-color\">documentation d\u00e9taill\u00e9e<\/mark><\/a> pour plus de conseils. Alternativement, notre \u00e9quipe d&#039;assistance est \u00e0 votre disposition pour vous aider \u00e0 configurer\u00a0: il vous suffit de nous contacter via notre <a href=\"https:\/\/www.captcha.eu\/fr\/contact\/\"><mark style=\"background-color:rgba(0, 0, 0, 0)\" class=\"has-inline-color has-primary-color\">formulaire de contact prot\u00e9g\u00e9 par le captcha.<\/mark><\/a>!<\/p>\n\n\n\n<hr class=\"wp-block-separator has-alpha-channel-opacity is-style-dots\"\/>\n\n\n\n<div class=\"wp-block-essential-blocks-advanced-heading  root-eb-advance-heading-vur0b\"><div class=\"eb-parent-wrapper eb-parent-eb-advance-heading-vur0b\"><div class=\"eb-advance-heading-wrapper eb-advance-heading-vur0b button-1\" data-id=\"eb-advance-heading-vur0b\"><h2 class=\"eb-ah-title\">Comment activer le captcha pour Formie d\u00e8s la sortie de la bo\u00eete<\/h2><h3 class=\"eb-ah-subtitle\">Gardez vos formulaires sans spam<\/h3><\/div><\/div><\/div>\n\n\n\n<p>Le plugin Captcha.eu prend \u00e9galement en charge Formie d\u00e8s sa sortie de la bo\u00eete et constitue la solution conviviale ultime pour prot\u00e9ger vos formulaires contre les robots et le spam.<\/p>\n\n\n\n<p>Pour l&#039;activer, il suffit d&#039;aller sur <strong>\/admin\/formie\/settings\/captchas#tab-FormieCaptchaEU<\/strong> et ajoutez \u00e0 la fois la cl\u00e9 de repos et la cl\u00e9 publique de votre compte captcha.eu. Comme pour tout autre captcha utilis\u00e9 dans Formie, vous pouvez affiner la configuration dans les param\u00e8tres \u00ab\u00a0int\u00e9gration\u00a0\u00bb directement dans Formie.<\/p>\n\n\n\n<p class=\"has-link-color wp-elements-aa6008ae79f2d4968441f0b20175de6a\">Que vous cherchiez \u00e0 prot\u00e9ger <strong>un ou plusieurs domaines<\/strong>, le plugin captcha.eu vous offre tout ce dont vous avez besoin pour garder votre <strong>formulaires de connexion et de contact sans spam<\/strong>Personnalisable, pr\u00eat \u00e0 l&#039;emploi et enti\u00e8rement conforme aux r\u00e8gles et r\u00e9glementations de l&#039;UE en mati\u00e8re de protection des donn\u00e9es, notre module compl\u00e9mentaire \u00e9l\u00e9gant et puissant garantira <strong>protection maximale<\/strong> sur vos sites Craft CMS tout en privil\u00e9giant l&#039;exp\u00e9rience utilisateur - plus besoin de r\u00e9soudre des \u00e9nigmes\u00a0!<\/p>\n\n\n\n<div class=\"wp-block-essential-blocks-button  root-eb-button-hjckk\"><div class=\"eb-parent-wrapper eb-parent-eb-button-hjckk\"><div class=\"eb-button-wrapper eb-button-alignment eb-button-hjckk\"><div class=\"eb-button\"><a class=\"eb-button-anchor\" href=\"https:\/\/plugins.craftcms.com\/captcha-eu?craft4=\" rel=\"noopener\">Obtenir le plugin<\/a><\/div><\/div><\/div><\/div>\n<\/div>\n<\/div>","protected":false},"excerpt":{"rendered":"<p>How to add captcha to your Craft CMS site Enjoy maximum protection against unwanted bots and spam with the captcha.eu plugin for Craft CMS sites: Easily integrated, ready to use and fully GDPR-compliant, our sleek and powerful captcha solution will instantly add an extra layer of security to your sign-up, [&hellip;]<\/p>\n","protected":false},"author":2,"featured_media":0,"parent":0,"menu_order":0,"comment_status":"closed","ping_status":"closed","template":"","meta":{"_acf_changed":false,"_eb_attr":"","footnotes":""},"class_list":["post-1260","page","type-page","status-publish","hentry"],"acf":[],"yoast_head":"<!-- This site is optimized with the Yoast SEO Premium plugin v27.0 (Yoast SEO v27.0) - https:\/\/yoast.com\/product\/yoast-seo-premium-wordpress\/ -->\n<title>Captcha Plugin for Craft CMS \u00bb Instantly safeguard your site<\/title>\n<meta name=\"description\" content=\"Add our captcha plugin solution to your Craft CMS site \u279c fully GDPR-compliant \u2713 user-friendly \u2713 protect sign-ups, logins &amp; contact forms.\" \/>\n<meta name=\"robots\" content=\"index, follow, max-snippet:-1, max-image-preview:large, max-video-preview:-1\" \/>\n<link rel=\"canonical\" href=\"https:\/\/www.captcha.eu\/fr\/plugin-captcha-pour-cms-craft\/\" \/>\n<meta property=\"og:locale\" content=\"fr_FR\" \/>\n<meta property=\"og:type\" content=\"article\" \/>\n<meta property=\"og:title\" content=\"Craft CMS Captcha Plugin\" \/>\n<meta property=\"og:description\" content=\"Add our captcha plugin solution to your Craft CMS site \u279c fully GDPR-compliant \u2713 user-friendly \u2713 protect sign-ups, logins &amp; contact forms.\" \/>\n<meta property=\"og:url\" content=\"https:\/\/www.captcha.eu\/fr\/plugin-captcha-pour-cms-craft\/\" \/>\n<meta property=\"og:site_name\" content=\"captcha.eu\" \/>\n<meta property=\"article:modified_time\" content=\"2024-08-30T08:28:53+00:00\" \/>\n<meta property=\"og:image\" content=\"https:\/\/www.captcha.eu\/wp-content\/uploads\/2024\/02\/image-6.png\" \/>\n<meta name=\"twitter:card\" content=\"summary_large_image\" \/>\n<meta name=\"twitter:site\" content=\"@captcha_eu\" \/>\n<meta name=\"twitter:label1\" content=\"Est. reading time\" \/>\n\t<meta name=\"twitter:data1\" content=\"3 minutes\" \/>\n<script type=\"application\/ld+json\" class=\"yoast-schema-graph\">{\"@context\":\"https:\/\/schema.org\",\"@graph\":[{\"@type\":\"WebPage\",\"@id\":\"https:\/\/www.captcha.eu\/craft-cms-captcha-plugin\/\",\"url\":\"https:\/\/www.captcha.eu\/craft-cms-captcha-plugin\/\",\"name\":\"Captcha Plugin for Craft CMS \u00bb Instantly safeguard your site\",\"isPartOf\":{\"@id\":\"https:\/\/www.captcha.eu\/#website\"},\"primaryImageOfPage\":{\"@id\":\"https:\/\/www.captcha.eu\/craft-cms-captcha-plugin\/#primaryimage\"},\"image\":{\"@id\":\"https:\/\/www.captcha.eu\/craft-cms-captcha-plugin\/#primaryimage\"},\"thumbnailUrl\":\"https:\/\/www.captcha.eu\/wp-content\/uploads\/2024\/02\/image-6.png\",\"datePublished\":\"2024-08-30T07:25:08+00:00\",\"dateModified\":\"2024-08-30T08:28:53+00:00\",\"description\":\"Add our captcha plugin solution to your Craft CMS site \u279c fully GDPR-compliant \u2713 user-friendly \u2713 protect sign-ups, logins & contact forms.\",\"breadcrumb\":{\"@id\":\"https:\/\/www.captcha.eu\/craft-cms-captcha-plugin\/#breadcrumb\"},\"inLanguage\":\"fr-FR\",\"potentialAction\":[{\"@type\":\"ReadAction\",\"target\":[\"https:\/\/www.captcha.eu\/craft-cms-captcha-plugin\/\"]}]},{\"@type\":\"ImageObject\",\"inLanguage\":\"fr-FR\",\"@id\":\"https:\/\/www.captcha.eu\/craft-cms-captcha-plugin\/#primaryimage\",\"url\":\"https:\/\/www.captcha.eu\/wp-content\/uploads\/2024\/02\/image-6.png\",\"contentUrl\":\"https:\/\/www.captcha.eu\/wp-content\/uploads\/2024\/02\/image-6.png\"},{\"@type\":\"BreadcrumbList\",\"@id\":\"https:\/\/www.captcha.eu\/craft-cms-captcha-plugin\/#breadcrumb\",\"itemListElement\":[{\"@type\":\"ListItem\",\"position\":1,\"name\":\"Home\",\"item\":\"https:\/\/www.captcha.eu\/\"},{\"@type\":\"ListItem\",\"position\":2,\"name\":\"Craft CMS Captcha Plugin\"}]},{\"@type\":\"WebSite\",\"@id\":\"https:\/\/www.captcha.eu\/#website\",\"url\":\"https:\/\/www.captcha.eu\/\",\"name\":\"captcha.eu\",\"description\":\"The GDPR-compliant message protection | captcha.eu\",\"publisher\":{\"@id\":\"https:\/\/www.captcha.eu\/#organization\"},\"potentialAction\":[{\"@type\":\"SearchAction\",\"target\":{\"@type\":\"EntryPoint\",\"urlTemplate\":\"https:\/\/www.captcha.eu\/?s={search_term_string}\"},\"query-input\":{\"@type\":\"PropertyValueSpecification\",\"valueRequired\":true,\"valueName\":\"search_term_string\"}}],\"inLanguage\":\"fr-FR\"},{\"@type\":\"Organization\",\"@id\":\"https:\/\/www.captcha.eu\/#organization\",\"name\":\"captcha.eu\",\"url\":\"https:\/\/www.captcha.eu\/\",\"logo\":{\"@type\":\"ImageObject\",\"inLanguage\":\"fr-FR\",\"@id\":\"https:\/\/www.captcha.eu\/#\/schema\/logo\/image\/\",\"url\":\"https:\/\/www.captcha.eu\/wp-content\/uploads\/2024\/02\/Captcha_mono-C_Logo.svg\",\"contentUrl\":\"https:\/\/www.captcha.eu\/wp-content\/uploads\/2024\/02\/Captcha_mono-C_Logo.svg\",\"width\":24,\"height\":28,\"caption\":\"captcha.eu\"},\"image\":{\"@id\":\"https:\/\/www.captcha.eu\/#\/schema\/logo\/image\/\"},\"sameAs\":[\"https:\/\/x.com\/captcha_eu\"]}]}<\/script>\n<!-- \/ Yoast SEO Premium plugin. -->","yoast_head_json":{"title":"Plugin Captcha pour Craft CMS \u00bb Prot\u00e9gez instantan\u00e9ment votre site","description":"Ajoutez notre solution de plugin captcha \u00e0 votre site Craft CMS \u279c enti\u00e8rement conforme au RGPD \u2713 convivial \u2713 prot\u00e9gez les inscriptions, les connexions et les formulaires de contact.","robots":{"index":"index","follow":"follow","max-snippet":"max-snippet:-1","max-image-preview":"max-image-preview:large","max-video-preview":"max-video-preview:-1"},"canonical":"https:\/\/www.captcha.eu\/fr\/plugin-captcha-pour-cms-craft\/","og_locale":"fr_FR","og_type":"article","og_title":"Craft CMS Captcha Plugin","og_description":"Add our captcha plugin solution to your Craft CMS site \u279c fully GDPR-compliant \u2713 user-friendly \u2713 protect sign-ups, logins & contact forms.","og_url":"https:\/\/www.captcha.eu\/fr\/plugin-captcha-pour-cms-craft\/","og_site_name":"captcha.eu","article_modified_time":"2024-08-30T08:28:53+00:00","og_image":[{"url":"https:\/\/www.captcha.eu\/wp-content\/uploads\/2024\/02\/image-6.png","type":"","width":"","height":""}],"twitter_card":"summary_large_image","twitter_site":"@captcha_eu","twitter_misc":{"Est. reading time":"3 minutes"},"schema":{"@context":"https:\/\/schema.org","@graph":[{"@type":"WebPage","@id":"https:\/\/www.captcha.eu\/craft-cms-captcha-plugin\/","url":"https:\/\/www.captcha.eu\/craft-cms-captcha-plugin\/","name":"Plugin Captcha pour Craft CMS \u00bb Prot\u00e9gez instantan\u00e9ment votre site","isPartOf":{"@id":"https:\/\/www.captcha.eu\/#website"},"primaryImageOfPage":{"@id":"https:\/\/www.captcha.eu\/craft-cms-captcha-plugin\/#primaryimage"},"image":{"@id":"https:\/\/www.captcha.eu\/craft-cms-captcha-plugin\/#primaryimage"},"thumbnailUrl":"https:\/\/www.captcha.eu\/wp-content\/uploads\/2024\/02\/image-6.png","datePublished":"2024-08-30T07:25:08+00:00","dateModified":"2024-08-30T08:28:53+00:00","description":"Ajoutez notre solution de plugin captcha \u00e0 votre site Craft CMS \u279c enti\u00e8rement conforme au RGPD \u2713 convivial \u2713 prot\u00e9gez les inscriptions, les connexions et les formulaires de contact.","breadcrumb":{"@id":"https:\/\/www.captcha.eu\/craft-cms-captcha-plugin\/#breadcrumb"},"inLanguage":"fr-FR","potentialAction":[{"@type":"ReadAction","target":["https:\/\/www.captcha.eu\/craft-cms-captcha-plugin\/"]}]},{"@type":"ImageObject","inLanguage":"fr-FR","@id":"https:\/\/www.captcha.eu\/craft-cms-captcha-plugin\/#primaryimage","url":"https:\/\/www.captcha.eu\/wp-content\/uploads\/2024\/02\/image-6.png","contentUrl":"https:\/\/www.captcha.eu\/wp-content\/uploads\/2024\/02\/image-6.png"},{"@type":"BreadcrumbList","@id":"https:\/\/www.captcha.eu\/craft-cms-captcha-plugin\/#breadcrumb","itemListElement":[{"@type":"ListItem","position":1,"name":"Home","item":"https:\/\/www.captcha.eu\/"},{"@type":"ListItem","position":2,"name":"Craft CMS Captcha Plugin"}]},{"@type":"WebSite","@id":"https:\/\/www.captcha.eu\/#website","url":"https:\/\/www.captcha.eu\/","name":"captcha.eu","description":"La protection des messages conforme au GDPR | captcha.eu","publisher":{"@id":"https:\/\/www.captcha.eu\/#organization"},"potentialAction":[{"@type":"SearchAction","target":{"@type":"EntryPoint","urlTemplate":"https:\/\/www.captcha.eu\/?s={search_term_string}"},"query-input":{"@type":"PropertyValueSpecification","valueRequired":true,"valueName":"search_term_string"}}],"inLanguage":"fr-FR"},{"@type":"Organization","@id":"https:\/\/www.captcha.eu\/#organization","name":"captcha.eu","url":"https:\/\/www.captcha.eu\/","logo":{"@type":"ImageObject","inLanguage":"fr-FR","@id":"https:\/\/www.captcha.eu\/#\/schema\/logo\/image\/","url":"https:\/\/www.captcha.eu\/wp-content\/uploads\/2024\/02\/Captcha_mono-C_Logo.svg","contentUrl":"https:\/\/www.captcha.eu\/wp-content\/uploads\/2024\/02\/Captcha_mono-C_Logo.svg","width":24,"height":28,"caption":"captcha.eu"},"image":{"@id":"https:\/\/www.captcha.eu\/#\/schema\/logo\/image\/"},"sameAs":["https:\/\/x.com\/captcha_eu"]}]}},"pbg_featured_image_src":{"full":false,"thumbnail":false,"medium":false,"medium_large":false,"large":false,"1536x1536":false,"2048x2048":false,"trp-custom-language-flag":false},"pbg_author_info":{"display_name":"digitalisten","author_link":"https:\/\/www.captcha.eu\/fr\/author\/digitalisten\/","author_img":"<img alt='digitalisten' src='https:\/\/secure.gravatar.com\/avatar\/bc31cf0308270e03455e0f85a3c84110811c227952cecb263b99808ed200063c?s=128&#038;d=mm&#038;r=g' srcset='https:\/\/secure.gravatar.com\/avatar\/bc31cf0308270e03455e0f85a3c84110811c227952cecb263b99808ed200063c?s=256&#038;d=mm&#038;r=g 2x' class='avatar avatar-128 photo' height='128' width='128' loading='lazy' decoding='async'\/>"},"pbg_comment_info":" No Comments","pbg_excerpt":"How to add captcha to your Craft CMS site Enjoy maximum protection against unwanted bots and spam with the captcha.eu plugin for Craft CMS sites: Easily integrated, ready to use and fully GDPR-compliant, our sleek and powerful captcha solution will instantly add an extra layer of security to your sign-up, [&hellip;]","_links":{"self":[{"href":"https:\/\/www.captcha.eu\/fr\/wp-json\/wp\/v2\/pages\/1260","targetHints":{"allow":["GET"]}}],"collection":[{"href":"https:\/\/www.captcha.eu\/fr\/wp-json\/wp\/v2\/pages"}],"about":[{"href":"https:\/\/www.captcha.eu\/fr\/wp-json\/wp\/v2\/types\/page"}],"author":[{"embeddable":true,"href":"https:\/\/www.captcha.eu\/fr\/wp-json\/wp\/v2\/users\/2"}],"replies":[{"embeddable":true,"href":"https:\/\/www.captcha.eu\/fr\/wp-json\/wp\/v2\/comments?post=1260"}],"version-history":[{"count":5,"href":"https:\/\/www.captcha.eu\/fr\/wp-json\/wp\/v2\/pages\/1260\/revisions"}],"predecessor-version":[{"id":1336,"href":"https:\/\/www.captcha.eu\/fr\/wp-json\/wp\/v2\/pages\/1260\/revisions\/1336"}],"wp:attachment":[{"href":"https:\/\/www.captcha.eu\/fr\/wp-json\/wp\/v2\/media?parent=1260"}],"curies":[{"name":"wp","href":"https:\/\/api.w.org\/{rel}","templated":true}]}}