{"id":799,"date":"2024-02-26T19:17:34","date_gmt":"2024-02-26T19:17:34","guid":{"rendered":"https:\/\/wp.captcha.eu\/?page_id=799"},"modified":"2024-03-26T13:35:02","modified_gmt":"2024-03-26T13:35:02","slug":"galletas","status":"publish","type":"page","link":"https:\/\/www.captcha.eu\/es\/galletas\/","title":{"rendered":"Cookies y datos de identificaci\u00f3n electr\u00f3nica"},"content":{"rendered":"<h2 class=\"wp-block-heading\">\u00bfQu\u00e9 son las cookies y los datos de identificaci\u00f3n electr\u00f3nica?<\/h2>\n\n\n\n<p>Una cookie es una secuencia de caracteres y d\u00edgitos que se almacenan en el navegador del usuario con un nombre espec\u00edfico. Con cada proceso de carga, el navegador env\u00eda autom\u00e1ticamente, si no se establece lo contrario por parte del usuario, env\u00eda autom\u00e1ticamente toda la informaci\u00f3n que pueda ser necesaria para el correcto funcionamiento de la p\u00e1gina solicitada. Esto incluye la direcci\u00f3n IP, informaci\u00f3n diversa del dispositivo (como UserAgent, sistema operativo, navegador, dispositivo final), as\u00ed como el nombre y el contenido de todas las cookies e identificadores proporcionados t\u00e9cnicamente.<\/p>\n\n\n\n<p>Algunas cookies solo se pueden leer para la p\u00e1gina a la que se accede actualmente (cookies de origen), otras cookies se pueden leer y almacenar independientemente de la p\u00e1gina visitada actualmente (cookies de terceros). captcha.eu har\u00e1 todo lo t\u00e9cnicamente posible para impedir el uso de cookies de terceros \u00fanicamente con el consentimiento del usuario. Las cookies tienen autom\u00e1ticamente una duraci\u00f3n m\u00e1xima. Esta vida \u00fatil m\u00e1xima se renueva cada vez que el iniciador de la cookie utiliza la cookie. La duraci\u00f3n espec\u00edfica de la cookie est\u00e1 determinada por el iniciador de la cookie. el navegador elimina la cookie sin realizar ninguna otra acci\u00f3n.<\/p>\n\n\n\n<h2 class=\"wp-block-heading\">\u00bfPara qu\u00e9 se utilizan las cookies?<\/h2>\n\n\n\n<p>Las cookies ayudan a mejorar la experiencia del usuario en un sitio web y a mejorar la experiencia del usuario en un sitio web y hacerlo m\u00e1s f\u00e1cil de usar. La configuraci\u00f3n individual de cada p\u00e1gina o el nombre de usuario se almacenan en cookies y se tienen en cuenta o se sugieren autom\u00e1ticamente cuando se vuelve a acceder a la p\u00e1gina. sugiri\u00f3. Adem\u00e1s, las cookies se utilizan para registrar estad\u00edsticamente el rango (n\u00famero) de p\u00e1ginas y para personalizar el contenido de la p\u00e1gina (por ejemplo, recomendaciones de art\u00edculos). recomendaciones de art\u00edculos) para personalizar. Las cookies tambi\u00e9n se utilizan para (personalizar) y medir el \u00e9xito de la publicidad.<\/p>\n\n\n\n<h2 class=\"wp-block-heading\">\u00bfPara qu\u00e9 se utilizan los datos de identificaci\u00f3n electr\u00f3nica?<\/h2>\n\n\n\n<p>El procesamiento de informaci\u00f3n del dispositivo sirve para adaptar el contenido de la p\u00e1gina al respectivo dispositivo final del usuario. Puede ser una versi\u00f3n de la versi\u00f3n optimizada de la p\u00e1gina para el dispositivo final o contenido de p\u00e1gina individualizado.<\/p>\n\n\n\n<h2 class=\"wp-block-heading\">\u00bfCon qu\u00e9 finalidades se utilizan las cookies y el tratamiento de datos de identificaci\u00f3n electr\u00f3nica en captcha.eu?<\/h2>\n\n\n\n<ul class=\"wp-block-list\">\n<li>B\u00e1sico\n<ul class=\"wp-block-list\">\n<li>captcha.eu utiliza cookies y datos de identificaci\u00f3n electr\u00f3nica para garantizar una presentaci\u00f3n correcta y segura del sitio. Esto incluye la presentaci\u00f3n del contenido del sitio, la defensa contra posibles ciberataques y el manejo seguro del proceso de pago. Las cookies de nuestro procesador de pagos &#039;Stripe&#039; solo se configuran en la p\u00e1gina de procesamiento de pagos. p\u00e1gina de procesamiento de pagos.<\/li>\n<\/ul>\n<\/li>\n\n\n\n<li>Publicidad\n<ul class=\"wp-block-list\">\n<li>captcha.eu no establece ni procesa cookies publicitarias.<\/li>\n<\/ul>\n<\/li>\n\n\n\n<li>Analista de la red\n<ul class=\"wp-block-list\">\n<li>captcha.eu utiliza software de an\u00e1lisis web para medir el rendimiento del sitio web y de los art\u00edculos individuales. Estos datos se utilizan para medir el \u00e9xito interno y ayudar a mejorar nuestro producto. captcha.eu utiliza an\u00e1lisis web s\u00f3lo con el consentimiento del usuario en nuestra configuraci\u00f3n de privacidad.<\/li>\n<\/ul>\n<\/li>\n<\/ul>\n\n\n\n<h3 class=\"wp-block-heading\">La revocaci\u00f3n del consentimiento para el procesamiento es posible en cualquier momento a trav\u00e9s de nuestra configuraci\u00f3n de privacidad. Las cookies ya almacenadas se pueden eliminar en cualquier momento en el navegador en &quot;Configuraci\u00f3n&quot;.<\/h3>","protected":false},"excerpt":{"rendered":"<p>What are cookies and electronic identification data? A cookie is a sequence of characters and digits that are stored in the user&#8217;s browser browser under a specified name. With each loading process, the browser automatically sends, if not otherwise set by the user automatically sends all the information that may [&hellip;]<\/p>\n","protected":false},"author":1,"featured_media":0,"parent":0,"menu_order":0,"comment_status":"closed","ping_status":"closed","template":"","meta":{"_acf_changed":false,"_eb_attr":"","footnotes":""},"class_list":["post-799","page","type-page","status-publish","hentry"],"acf":[],"yoast_head":"<!-- This site is optimized with the Yoast SEO Premium plugin v27.0 (Yoast SEO v27.0) - https:\/\/yoast.com\/product\/yoast-seo-premium-wordpress\/ -->\n<title>Captcha Cookies \u00bb All about electronic identification data<\/title>\n<meta name=\"description\" content=\"All about Captcha cookies &amp; electronic identification data \u279c Definition, application &amp; use explained \u2713 Consent &amp; settings on Captcha.eu \u2713 Learn more!\" \/>\n<meta name=\"robots\" content=\"index, follow, max-snippet:-1, max-image-preview:large, max-video-preview:-1\" \/>\n<link rel=\"canonical\" href=\"https:\/\/www.captcha.eu\/es\/galletas\/\" \/>\n<meta property=\"og:locale\" content=\"es_ES\" \/>\n<meta property=\"og:type\" content=\"article\" \/>\n<meta property=\"og:title\" content=\"Cookies and electronic identification data\" \/>\n<meta property=\"og:description\" content=\"All about Captcha cookies &amp; electronic identification data \u279c Definition, application &amp; use explained \u2713 Consent &amp; settings on Captcha.eu \u2713 Learn more!\" \/>\n<meta property=\"og:url\" content=\"https:\/\/www.captcha.eu\/es\/galletas\/\" \/>\n<meta property=\"og:site_name\" content=\"captcha.eu\" \/>\n<meta property=\"article:modified_time\" content=\"2024-03-26T13:35:02+00:00\" \/>\n<meta name=\"twitter:card\" content=\"summary_large_image\" \/>\n<meta name=\"twitter:site\" content=\"@captcha_eu\" \/>\n<meta name=\"twitter:label1\" content=\"Est. reading time\" \/>\n\t<meta name=\"twitter:data1\" content=\"3 minutes\" \/>\n<script type=\"application\/ld+json\" class=\"yoast-schema-graph\">{\"@context\":\"https:\/\/schema.org\",\"@graph\":[{\"@type\":\"WebPage\",\"@id\":\"https:\/\/www.captcha.eu\/cookies\/\",\"url\":\"https:\/\/www.captcha.eu\/cookies\/\",\"name\":\"Captcha Cookies \u00bb All about electronic identification data\",\"isPartOf\":{\"@id\":\"https:\/\/www.captcha.eu\/#website\"},\"datePublished\":\"2024-02-26T19:17:34+00:00\",\"dateModified\":\"2024-03-26T13:35:02+00:00\",\"description\":\"All about Captcha cookies & electronic identification data \u279c Definition, application & use explained \u2713 Consent & settings on Captcha.eu \u2713 Learn more!\",\"breadcrumb\":{\"@id\":\"https:\/\/www.captcha.eu\/cookies\/#breadcrumb\"},\"inLanguage\":\"es-ES\",\"potentialAction\":[{\"@type\":\"ReadAction\",\"target\":[\"https:\/\/www.captcha.eu\/cookies\/\"]}]},{\"@type\":\"BreadcrumbList\",\"@id\":\"https:\/\/www.captcha.eu\/cookies\/#breadcrumb\",\"itemListElement\":[{\"@type\":\"ListItem\",\"position\":1,\"name\":\"Home\",\"item\":\"https:\/\/www.captcha.eu\/\"},{\"@type\":\"ListItem\",\"position\":2,\"name\":\"Cookies and electronic identification data\"}]},{\"@type\":\"WebSite\",\"@id\":\"https:\/\/www.captcha.eu\/#website\",\"url\":\"https:\/\/www.captcha.eu\/\",\"name\":\"captcha.eu\",\"description\":\"The GDPR-compliant message protection | captcha.eu\",\"publisher\":{\"@id\":\"https:\/\/www.captcha.eu\/#organization\"},\"potentialAction\":[{\"@type\":\"SearchAction\",\"target\":{\"@type\":\"EntryPoint\",\"urlTemplate\":\"https:\/\/www.captcha.eu\/?s={search_term_string}\"},\"query-input\":{\"@type\":\"PropertyValueSpecification\",\"valueRequired\":true,\"valueName\":\"search_term_string\"}}],\"inLanguage\":\"es-ES\"},{\"@type\":\"Organization\",\"@id\":\"https:\/\/www.captcha.eu\/#organization\",\"name\":\"captcha.eu\",\"url\":\"https:\/\/www.captcha.eu\/\",\"logo\":{\"@type\":\"ImageObject\",\"inLanguage\":\"es-ES\",\"@id\":\"https:\/\/www.captcha.eu\/#\/schema\/logo\/image\/\",\"url\":\"https:\/\/www.captcha.eu\/wp-content\/uploads\/2024\/02\/Captcha_mono-C_Logo.svg\",\"contentUrl\":\"https:\/\/www.captcha.eu\/wp-content\/uploads\/2024\/02\/Captcha_mono-C_Logo.svg\",\"width\":24,\"height\":28,\"caption\":\"captcha.eu\"},\"image\":{\"@id\":\"https:\/\/www.captcha.eu\/#\/schema\/logo\/image\/\"},\"sameAs\":[\"https:\/\/x.com\/captcha_eu\"]}]}<\/script>\n<!-- \/ Yoast SEO Premium plugin. -->","yoast_head_json":{"title":"Cookies Captcha \u00bb Todo sobre los datos de identificaci\u00f3n electr\u00f3nica","description":"Todo sobre las cookies Captcha y los datos de identificaci\u00f3n electr\u00f3nica \u279c Definici\u00f3n, aplicaci\u00f3n y uso explicados \u2713 Consentimiento y configuraci\u00f3n en Captcha.eu \u2713 \u00a1M\u00e1s informaci\u00f3n!","robots":{"index":"index","follow":"follow","max-snippet":"max-snippet:-1","max-image-preview":"max-image-preview:large","max-video-preview":"max-video-preview:-1"},"canonical":"https:\/\/www.captcha.eu\/es\/galletas\/","og_locale":"es_ES","og_type":"article","og_title":"Cookies and electronic identification data","og_description":"All about Captcha cookies & electronic identification data \u279c Definition, application & use explained \u2713 Consent & settings on Captcha.eu \u2713 Learn more!","og_url":"https:\/\/www.captcha.eu\/es\/galletas\/","og_site_name":"captcha.eu","article_modified_time":"2024-03-26T13:35:02+00:00","twitter_card":"summary_large_image","twitter_site":"@captcha_eu","twitter_misc":{"Est. reading time":"3 minutes"},"schema":{"@context":"https:\/\/schema.org","@graph":[{"@type":"WebPage","@id":"https:\/\/www.captcha.eu\/cookies\/","url":"https:\/\/www.captcha.eu\/cookies\/","name":"Cookies Captcha \u00bb Todo sobre los datos de identificaci\u00f3n electr\u00f3nica","isPartOf":{"@id":"https:\/\/www.captcha.eu\/#website"},"datePublished":"2024-02-26T19:17:34+00:00","dateModified":"2024-03-26T13:35:02+00:00","description":"Todo sobre las cookies Captcha y los datos de identificaci\u00f3n electr\u00f3nica \u279c Definici\u00f3n, aplicaci\u00f3n y uso explicados \u2713 Consentimiento y configuraci\u00f3n en Captcha.eu \u2713 \u00a1M\u00e1s informaci\u00f3n!","breadcrumb":{"@id":"https:\/\/www.captcha.eu\/cookies\/#breadcrumb"},"inLanguage":"es-ES","potentialAction":[{"@type":"ReadAction","target":["https:\/\/www.captcha.eu\/cookies\/"]}]},{"@type":"BreadcrumbList","@id":"https:\/\/www.captcha.eu\/cookies\/#breadcrumb","itemListElement":[{"@type":"ListItem","position":1,"name":"Home","item":"https:\/\/www.captcha.eu\/"},{"@type":"ListItem","position":2,"name":"Cookies and electronic identification data"}]},{"@type":"WebSite","@id":"https:\/\/www.captcha.eu\/#website","url":"https:\/\/www.captcha.eu\/","name":"captcha.eu","description":"La protecci\u00f3n de mensajes conforme al GDPR | captcha.eu","publisher":{"@id":"https:\/\/www.captcha.eu\/#organization"},"potentialAction":[{"@type":"SearchAction","target":{"@type":"EntryPoint","urlTemplate":"https:\/\/www.captcha.eu\/?s={search_term_string}"},"query-input":{"@type":"PropertyValueSpecification","valueRequired":true,"valueName":"search_term_string"}}],"inLanguage":"es-ES"},{"@type":"Organization","@id":"https:\/\/www.captcha.eu\/#organization","name":"captcha.eu","url":"https:\/\/www.captcha.eu\/","logo":{"@type":"ImageObject","inLanguage":"es-ES","@id":"https:\/\/www.captcha.eu\/#\/schema\/logo\/image\/","url":"https:\/\/www.captcha.eu\/wp-content\/uploads\/2024\/02\/Captcha_mono-C_Logo.svg","contentUrl":"https:\/\/www.captcha.eu\/wp-content\/uploads\/2024\/02\/Captcha_mono-C_Logo.svg","width":24,"height":28,"caption":"captcha.eu"},"image":{"@id":"https:\/\/www.captcha.eu\/#\/schema\/logo\/image\/"},"sameAs":["https:\/\/x.com\/captcha_eu"]}]}},"pbg_featured_image_src":{"full":false,"thumbnail":false,"medium":false,"medium_large":false,"large":false,"1536x1536":false,"2048x2048":false,"trp-custom-language-flag":false},"pbg_author_info":{"display_name":"Captcha","author_link":"https:\/\/www.captcha.eu\/es\/author\/admin\/","author_img":"<img alt='Captcha' src='https:\/\/secure.gravatar.com\/avatar\/48b669a092d552f5f30202f8da848c93fa4c54f8c2b3167568ed5cbccbe4994a?s=128&#038;d=mm&#038;r=g' srcset='https:\/\/secure.gravatar.com\/avatar\/48b669a092d552f5f30202f8da848c93fa4c54f8c2b3167568ed5cbccbe4994a?s=256&#038;d=mm&#038;r=g 2x' class='avatar avatar-128 photo' height='128' width='128' loading='lazy' decoding='async'\/>"},"pbg_comment_info":" No Comments","pbg_excerpt":"What are cookies and electronic identification data? A cookie is a sequence of characters and digits that are stored in the user&#8217;s browser browser under a specified name. With each loading process, the browser automatically sends, if not otherwise set by the user automatically sends all the information that may [&hellip;]","_links":{"self":[{"href":"https:\/\/www.captcha.eu\/es\/wp-json\/wp\/v2\/pages\/799","targetHints":{"allow":["GET"]}}],"collection":[{"href":"https:\/\/www.captcha.eu\/es\/wp-json\/wp\/v2\/pages"}],"about":[{"href":"https:\/\/www.captcha.eu\/es\/wp-json\/wp\/v2\/types\/page"}],"author":[{"embeddable":true,"href":"https:\/\/www.captcha.eu\/es\/wp-json\/wp\/v2\/users\/1"}],"replies":[{"embeddable":true,"href":"https:\/\/www.captcha.eu\/es\/wp-json\/wp\/v2\/comments?post=799"}],"version-history":[{"count":1,"href":"https:\/\/www.captcha.eu\/es\/wp-json\/wp\/v2\/pages\/799\/revisions"}],"predecessor-version":[{"id":800,"href":"https:\/\/www.captcha.eu\/es\/wp-json\/wp\/v2\/pages\/799\/revisions\/800"}],"wp:attachment":[{"href":"https:\/\/www.captcha.eu\/es\/wp-json\/wp\/v2\/media?parent=799"}],"curies":[{"name":"Gracias","href":"https:\/\/api.w.org\/{rel}","templated":true}]}}