{"id":778,"date":"2024-02-26T18:57:17","date_gmt":"2024-02-26T18:57:17","guid":{"rendered":"https:\/\/wp.captcha.eu\/?page_id=778"},"modified":"2024-03-28T10:18:58","modified_gmt":"2024-03-28T10:18:58","slug":"por-que-captcha","status":"publish","type":"page","link":"https:\/\/www.captcha.eu\/es\/por-que-captcha\/","title":{"rendered":"\u00bfPor qu\u00e9 Captcha.eu?"},"content":{"rendered":"<p class=\"has-text-align-left\">Captcha - Protecci\u00f3n contra bots conforme a GDPR<\/p>\n\n\n\n<div class=\"wp-block-columns is-layout-flex wp-container-core-columns-is-layout-b29573f9 wp-block-columns-is-layout-flex\" style=\"margin-top:4rem;margin-bottom:4rem\">\n<div class=\"wp-block-column is-layout-flow wp-block-column-is-layout-flow\">\n<figure class=\"wp-block-image size-full\"><img loading=\"lazy\" decoding=\"async\" width=\"711\" height=\"410\" sizes=\"auto, (max-width: 711px) 100vw, 711px\" src=\"https:\/\/www.captcha.eu\/wp-content\/uploads\/2024\/02\/image-11.png\" alt=\"\" class=\"wp-image-782\" srcset=\"https:\/\/www.captcha.eu\/wp-content\/uploads\/2024\/02\/image-11.png 711w, https:\/\/www.captcha.eu\/wp-content\/uploads\/2024\/02\/image-11-300x173.png 300w, https:\/\/www.captcha.eu\/wp-content\/uploads\/2024\/02\/image-11-18x10.png 18w\" \/><\/figure>\n<\/div>\n\n\n\n<div class=\"wp-block-column is-vertically-aligned-center is-layout-flow wp-block-column-is-layout-flow\">\n<div class=\"wp-block-group is-layout-constrained wp-block-group-is-layout-constrained\">\n<h2 class=\"wp-block-heading has-extra-large-font-size\" style=\"margin-top:1rem\">Sin datos personales<\/h2>\n\n\n\n<p class=\"has-medium-font-size\">Nuestro servicio anti-bot respeta la normativa general de protecci\u00f3n de datos m\u00e1s estricta y no almacena ning\u00fan dato personal de sus usuarios finales.<\/p>\n<\/div>\n<\/div>\n<\/div>\n\n\n\n<div class=\"wp-block-columns is-layout-flex wp-container-core-columns-is-layout-b29573f9 wp-block-columns-is-layout-flex\" style=\"margin-top:4rem;margin-bottom:4rem\">\n<div class=\"wp-block-column is-layout-flow wp-block-column-is-layout-flow\">\n<figure class=\"wp-block-image size-full\"><img loading=\"lazy\" decoding=\"async\" width=\"711\" height=\"410\" sizes=\"auto, (max-width: 711px) 100vw, 711px\" src=\"https:\/\/www.captcha.eu\/wp-content\/uploads\/2024\/02\/image-12.png\" alt=\"\" class=\"wp-image-785\" srcset=\"https:\/\/www.captcha.eu\/wp-content\/uploads\/2024\/02\/image-12.png 711w, https:\/\/www.captcha.eu\/wp-content\/uploads\/2024\/02\/image-12-300x173.png 300w, https:\/\/www.captcha.eu\/wp-content\/uploads\/2024\/02\/image-12-18x10.png 18w\" \/><\/figure>\n<\/div>\n\n\n\n<div class=\"wp-block-column is-vertically-aligned-center is-layout-flow wp-block-column-is-layout-flow\">\n<div class=\"wp-block-group is-layout-constrained wp-block-group-is-layout-constrained\">\n<h2 class=\"wp-block-heading has-extra-large-font-size\" style=\"margin-top:1rem\">Sin procesamiento de cookies<\/h2>\n\n\n\n<p class=\"has-medium-font-size\">Nuestra soluci\u00f3n para el usuario final no utiliza cookies. Esto protege a sus usuarios finales de ser rastreados y monitoreados de un sitio web a otro.<\/p>\n<\/div>\n<\/div>\n<\/div>\n\n\n\n<div class=\"wp-block-columns is-layout-flex wp-container-core-columns-is-layout-b29573f9 wp-block-columns-is-layout-flex\" style=\"margin-top:4rem;margin-bottom:4rem\">\n<div class=\"wp-block-column is-layout-flow wp-block-column-is-layout-flow\">\n<figure class=\"wp-block-image size-full\"><img loading=\"lazy\" decoding=\"async\" width=\"711\" height=\"410\" sizes=\"auto, (max-width: 711px) 100vw, 711px\" src=\"https:\/\/www.captcha.eu\/wp-content\/uploads\/2024\/02\/image-13.png\" alt=\"\" class=\"wp-image-786\" srcset=\"https:\/\/www.captcha.eu\/wp-content\/uploads\/2024\/02\/image-13.png 711w, https:\/\/www.captcha.eu\/wp-content\/uploads\/2024\/02\/image-13-300x173.png 300w, https:\/\/www.captcha.eu\/wp-content\/uploads\/2024\/02\/image-13-18x10.png 18w\" \/><\/figure>\n<\/div>\n\n\n\n<div class=\"wp-block-column is-vertically-aligned-center is-layout-flow wp-block-column-is-layout-flow\">\n<div class=\"wp-block-group is-layout-constrained wp-block-group-is-layout-constrained\">\n<h2 class=\"wp-block-heading has-extra-large-font-size\" style=\"margin-top:1rem\">No discriminacion<\/h2>\n\n\n\n<p class=\"has-medium-font-size\">Las tareas ordinarias de CAPTCHA no son f\u00e1ciles para todos. Nuestra soluci\u00f3n funciona sin barreras y, por tanto, es accesible para todos.<\/p>\n<\/div>\n<\/div>\n<\/div>\n\n\n\n<div class=\"wp-block-columns is-layout-flex wp-container-core-columns-is-layout-b29573f9 wp-block-columns-is-layout-flex\" style=\"margin-top:4rem;margin-bottom:4rem\">\n<div class=\"wp-block-column is-layout-flow wp-block-column-is-layout-flow\">\n<figure class=\"wp-block-image size-full\"><img loading=\"lazy\" decoding=\"async\" width=\"711\" height=\"410\" sizes=\"auto, (max-width: 711px) 100vw, 711px\" src=\"https:\/\/www.captcha.eu\/wp-content\/uploads\/2024\/02\/image-14.png\" alt=\"\" class=\"wp-image-788\" srcset=\"https:\/\/www.captcha.eu\/wp-content\/uploads\/2024\/02\/image-14.png 711w, https:\/\/www.captcha.eu\/wp-content\/uploads\/2024\/02\/image-14-300x173.png 300w, https:\/\/www.captcha.eu\/wp-content\/uploads\/2024\/02\/image-14-18x10.png 18w\" \/><\/figure>\n<\/div>\n\n\n\n<div class=\"wp-block-column is-vertically-aligned-center is-layout-flow wp-block-column-is-layout-flow\">\n<div class=\"wp-block-group is-layout-constrained wp-block-group-is-layout-constrained\">\n<h2 class=\"wp-block-heading has-extra-large-font-size\" style=\"margin-top:1rem\">Procesamiento de datos descentralizado<\/h2>\n\n\n\n<p class=\"has-medium-font-size\">De forma predeterminada, las solicitudes se procesan en el punto de presencia m\u00e1s cercano al punto de acceso del usuario final.<\/p>\n<\/div>\n<\/div>\n<\/div>","protected":false},"excerpt":{"rendered":"<p>Captcha &#8211; GDPR-compliant bot protection No Personal Data Our anti-bot service respects the highest general data protection regulation and does not store any personal data of your end users. No cookie processing Our end-user solution does not use cookies. This protects your end-users from being tracked and monitored from website [&hellip;]<\/p>\n","protected":false},"author":1,"featured_media":0,"parent":0,"menu_order":0,"comment_status":"closed","ping_status":"closed","template":"","meta":{"_acf_changed":false,"_eb_attr":"","footnotes":""},"class_list":["post-778","page","type-page","status-publish","hentry"],"acf":[],"yoast_head":"<!-- This site is optimized with the Yoast SEO Premium plugin v27.0 (Yoast SEO v27.0) - https:\/\/yoast.com\/product\/yoast-seo-premium-wordpress\/ -->\n<title>Why captcha? \u00bb Advantages of GDPR-compliant bot protection<\/title>\n<meta name=\"description\" content=\"Advantages of Captcha \u279c No Personal Data \u2713 No cookie processing \u2713 No discrimination \u2713 Decentralized data processing \u2713 Read more!\" \/>\n<meta name=\"robots\" content=\"index, follow, max-snippet:-1, max-image-preview:large, max-video-preview:-1\" \/>\n<link rel=\"canonical\" href=\"https:\/\/www.captcha.eu\/es\/por-que-captcha\/\" \/>\n<meta property=\"og:locale\" content=\"es_ES\" \/>\n<meta property=\"og:type\" content=\"article\" \/>\n<meta property=\"og:title\" content=\"Why Captcha.eu?\" \/>\n<meta property=\"og:description\" content=\"Advantages of Captcha \u279c No Personal Data \u2713 No cookie processing \u2713 No discrimination \u2713 Decentralized data processing \u2713 Read more!\" \/>\n<meta property=\"og:url\" content=\"https:\/\/www.captcha.eu\/es\/por-que-captcha\/\" \/>\n<meta property=\"og:site_name\" content=\"captcha.eu\" \/>\n<meta property=\"article:modified_time\" content=\"2024-03-28T10:18:58+00:00\" \/>\n<meta property=\"og:image\" content=\"https:\/\/www.captcha.eu\/wp-content\/uploads\/2024\/02\/image-11.png\" \/>\n<meta name=\"twitter:card\" content=\"summary_large_image\" \/>\n<meta name=\"twitter:site\" content=\"@captcha_eu\" \/>\n<meta name=\"twitter:label1\" content=\"Est. reading time\" \/>\n\t<meta name=\"twitter:data1\" content=\"2 minutes\" \/>\n<script type=\"application\/ld+json\" class=\"yoast-schema-graph\">{\"@context\":\"https:\/\/schema.org\",\"@graph\":[{\"@type\":\"WebPage\",\"@id\":\"https:\/\/www.captcha.eu\/why-captcha\/\",\"url\":\"https:\/\/www.captcha.eu\/why-captcha\/\",\"name\":\"Why captcha? \u00bb Advantages of GDPR-compliant bot protection\",\"isPartOf\":{\"@id\":\"https:\/\/www.captcha.eu\/#website\"},\"primaryImageOfPage\":{\"@id\":\"https:\/\/www.captcha.eu\/why-captcha\/#primaryimage\"},\"image\":{\"@id\":\"https:\/\/www.captcha.eu\/why-captcha\/#primaryimage\"},\"thumbnailUrl\":\"https:\/\/www.captcha.eu\/wp-content\/uploads\/2024\/02\/image-11.png\",\"datePublished\":\"2024-02-26T18:57:17+00:00\",\"dateModified\":\"2024-03-28T10:18:58+00:00\",\"description\":\"Advantages of Captcha \u279c No Personal Data \u2713 No cookie processing \u2713 No discrimination \u2713 Decentralized data processing \u2713 Read more!\",\"breadcrumb\":{\"@id\":\"https:\/\/www.captcha.eu\/why-captcha\/#breadcrumb\"},\"inLanguage\":\"es-ES\",\"potentialAction\":[{\"@type\":\"ReadAction\",\"target\":[\"https:\/\/www.captcha.eu\/why-captcha\/\"]}]},{\"@type\":\"ImageObject\",\"inLanguage\":\"es-ES\",\"@id\":\"https:\/\/www.captcha.eu\/why-captcha\/#primaryimage\",\"url\":\"https:\/\/www.captcha.eu\/wp-content\/uploads\/2024\/02\/image-11.png\",\"contentUrl\":\"https:\/\/www.captcha.eu\/wp-content\/uploads\/2024\/02\/image-11.png\"},{\"@type\":\"BreadcrumbList\",\"@id\":\"https:\/\/www.captcha.eu\/why-captcha\/#breadcrumb\",\"itemListElement\":[{\"@type\":\"ListItem\",\"position\":1,\"name\":\"Home\",\"item\":\"https:\/\/www.captcha.eu\/\"},{\"@type\":\"ListItem\",\"position\":2,\"name\":\"Why Captcha.eu?\"}]},{\"@type\":\"WebSite\",\"@id\":\"https:\/\/www.captcha.eu\/#website\",\"url\":\"https:\/\/www.captcha.eu\/\",\"name\":\"captcha.eu\",\"description\":\"The GDPR-compliant message protection | captcha.eu\",\"publisher\":{\"@id\":\"https:\/\/www.captcha.eu\/#organization\"},\"potentialAction\":[{\"@type\":\"SearchAction\",\"target\":{\"@type\":\"EntryPoint\",\"urlTemplate\":\"https:\/\/www.captcha.eu\/?s={search_term_string}\"},\"query-input\":{\"@type\":\"PropertyValueSpecification\",\"valueRequired\":true,\"valueName\":\"search_term_string\"}}],\"inLanguage\":\"es-ES\"},{\"@type\":\"Organization\",\"@id\":\"https:\/\/www.captcha.eu\/#organization\",\"name\":\"captcha.eu\",\"url\":\"https:\/\/www.captcha.eu\/\",\"logo\":{\"@type\":\"ImageObject\",\"inLanguage\":\"es-ES\",\"@id\":\"https:\/\/www.captcha.eu\/#\/schema\/logo\/image\/\",\"url\":\"https:\/\/www.captcha.eu\/wp-content\/uploads\/2024\/02\/Captcha_mono-C_Logo.svg\",\"contentUrl\":\"https:\/\/www.captcha.eu\/wp-content\/uploads\/2024\/02\/Captcha_mono-C_Logo.svg\",\"width\":24,\"height\":28,\"caption\":\"captcha.eu\"},\"image\":{\"@id\":\"https:\/\/www.captcha.eu\/#\/schema\/logo\/image\/\"},\"sameAs\":[\"https:\/\/x.com\/captcha_eu\"]}]}<\/script>\n<!-- \/ Yoast SEO Premium plugin. -->","yoast_head_json":{"title":"\u00bfPor qu\u00e9 captcha? \u00bb Ventajas de la protecci\u00f3n contra bots conforme al RGPD","description":"Ventajas de Captcha \u279c Sin datos personales \u2713 Sin procesamiento de cookies \u2713 Sin discriminaci\u00f3n \u2713 Procesamiento de datos descentralizado \u2713 \u00a1Leer m\u00e1s!","robots":{"index":"index","follow":"follow","max-snippet":"max-snippet:-1","max-image-preview":"max-image-preview:large","max-video-preview":"max-video-preview:-1"},"canonical":"https:\/\/www.captcha.eu\/es\/por-que-captcha\/","og_locale":"es_ES","og_type":"article","og_title":"Why Captcha.eu?","og_description":"Advantages of Captcha \u279c No Personal Data \u2713 No cookie processing \u2713 No discrimination \u2713 Decentralized data processing \u2713 Read more!","og_url":"https:\/\/www.captcha.eu\/es\/por-que-captcha\/","og_site_name":"captcha.eu","article_modified_time":"2024-03-28T10:18:58+00:00","og_image":[{"url":"https:\/\/www.captcha.eu\/wp-content\/uploads\/2024\/02\/image-11.png","type":"","width":"","height":""}],"twitter_card":"summary_large_image","twitter_site":"@captcha_eu","twitter_misc":{"Est. reading time":"2 minutes"},"schema":{"@context":"https:\/\/schema.org","@graph":[{"@type":"WebPage","@id":"https:\/\/www.captcha.eu\/why-captcha\/","url":"https:\/\/www.captcha.eu\/why-captcha\/","name":"\u00bfPor qu\u00e9 captcha? \u00bb Ventajas de la protecci\u00f3n contra bots conforme al RGPD","isPartOf":{"@id":"https:\/\/www.captcha.eu\/#website"},"primaryImageOfPage":{"@id":"https:\/\/www.captcha.eu\/why-captcha\/#primaryimage"},"image":{"@id":"https:\/\/www.captcha.eu\/why-captcha\/#primaryimage"},"thumbnailUrl":"https:\/\/www.captcha.eu\/wp-content\/uploads\/2024\/02\/image-11.png","datePublished":"2024-02-26T18:57:17+00:00","dateModified":"2024-03-28T10:18:58+00:00","description":"Ventajas de Captcha \u279c Sin datos personales \u2713 Sin procesamiento de cookies \u2713 Sin discriminaci\u00f3n \u2713 Procesamiento de datos descentralizado \u2713 \u00a1Leer m\u00e1s!","breadcrumb":{"@id":"https:\/\/www.captcha.eu\/why-captcha\/#breadcrumb"},"inLanguage":"es-ES","potentialAction":[{"@type":"ReadAction","target":["https:\/\/www.captcha.eu\/why-captcha\/"]}]},{"@type":"ImageObject","inLanguage":"es-ES","@id":"https:\/\/www.captcha.eu\/why-captcha\/#primaryimage","url":"https:\/\/www.captcha.eu\/wp-content\/uploads\/2024\/02\/image-11.png","contentUrl":"https:\/\/www.captcha.eu\/wp-content\/uploads\/2024\/02\/image-11.png"},{"@type":"BreadcrumbList","@id":"https:\/\/www.captcha.eu\/why-captcha\/#breadcrumb","itemListElement":[{"@type":"ListItem","position":1,"name":"Home","item":"https:\/\/www.captcha.eu\/"},{"@type":"ListItem","position":2,"name":"Why Captcha.eu?"}]},{"@type":"WebSite","@id":"https:\/\/www.captcha.eu\/#website","url":"https:\/\/www.captcha.eu\/","name":"captcha.eu","description":"La protecci\u00f3n de mensajes conforme al GDPR | captcha.eu","publisher":{"@id":"https:\/\/www.captcha.eu\/#organization"},"potentialAction":[{"@type":"SearchAction","target":{"@type":"EntryPoint","urlTemplate":"https:\/\/www.captcha.eu\/?s={search_term_string}"},"query-input":{"@type":"PropertyValueSpecification","valueRequired":true,"valueName":"search_term_string"}}],"inLanguage":"es-ES"},{"@type":"Organization","@id":"https:\/\/www.captcha.eu\/#organization","name":"captcha.eu","url":"https:\/\/www.captcha.eu\/","logo":{"@type":"ImageObject","inLanguage":"es-ES","@id":"https:\/\/www.captcha.eu\/#\/schema\/logo\/image\/","url":"https:\/\/www.captcha.eu\/wp-content\/uploads\/2024\/02\/Captcha_mono-C_Logo.svg","contentUrl":"https:\/\/www.captcha.eu\/wp-content\/uploads\/2024\/02\/Captcha_mono-C_Logo.svg","width":24,"height":28,"caption":"captcha.eu"},"image":{"@id":"https:\/\/www.captcha.eu\/#\/schema\/logo\/image\/"},"sameAs":["https:\/\/x.com\/captcha_eu"]}]}},"pbg_featured_image_src":{"full":false,"thumbnail":false,"medium":false,"medium_large":false,"large":false,"1536x1536":false,"2048x2048":false,"trp-custom-language-flag":false},"pbg_author_info":{"display_name":"Captcha","author_link":"https:\/\/www.captcha.eu\/es\/author\/admin\/","author_img":"<img alt='Captcha' src='https:\/\/secure.gravatar.com\/avatar\/48b669a092d552f5f30202f8da848c93fa4c54f8c2b3167568ed5cbccbe4994a?s=128&#038;d=mm&#038;r=g' srcset='https:\/\/secure.gravatar.com\/avatar\/48b669a092d552f5f30202f8da848c93fa4c54f8c2b3167568ed5cbccbe4994a?s=256&#038;d=mm&#038;r=g 2x' class='avatar avatar-128 photo' height='128' width='128' loading='lazy' decoding='async'\/>"},"pbg_comment_info":" No Comments","pbg_excerpt":"Captcha &#8211; GDPR-compliant bot protection No Personal Data Our anti-bot service respects the highest general data protection regulation and does not store any personal data of your end users. No cookie processing Our end-user solution does not use cookies. This protects your end-users from being tracked and monitored from website [&hellip;]","_links":{"self":[{"href":"https:\/\/www.captcha.eu\/es\/wp-json\/wp\/v2\/pages\/778","targetHints":{"allow":["GET"]}}],"collection":[{"href":"https:\/\/www.captcha.eu\/es\/wp-json\/wp\/v2\/pages"}],"about":[{"href":"https:\/\/www.captcha.eu\/es\/wp-json\/wp\/v2\/types\/page"}],"author":[{"embeddable":true,"href":"https:\/\/www.captcha.eu\/es\/wp-json\/wp\/v2\/users\/1"}],"replies":[{"embeddable":true,"href":"https:\/\/www.captcha.eu\/es\/wp-json\/wp\/v2\/comments?post=778"}],"version-history":[{"count":7,"href":"https:\/\/www.captcha.eu\/es\/wp-json\/wp\/v2\/pages\/778\/revisions"}],"predecessor-version":[{"id":930,"href":"https:\/\/www.captcha.eu\/es\/wp-json\/wp\/v2\/pages\/778\/revisions\/930"}],"wp:attachment":[{"href":"https:\/\/www.captcha.eu\/es\/wp-json\/wp\/v2\/media?parent=778"}],"curies":[{"name":"Gracias","href":"https:\/\/api.w.org\/{rel}","templated":true}]}}