{"id":1930,"date":"2025-04-23T08:29:40","date_gmt":"2025-04-23T08:29:40","guid":{"rendered":"https:\/\/www.captcha.eu\/?page_id=1930"},"modified":"2025-04-23T08:29:41","modified_gmt":"2025-04-23T08:29:41","slug":"formulario-de-contacto-con-proteccion-antispam","status":"publish","type":"page","link":"https:\/\/www.captcha.eu\/es\/formulario-de-contacto-con-proteccion-antispam\/","title":{"rendered":"Protecci\u00f3n eficaz contra spam para formularios de contacto"},"content":{"rendered":"<p>Los formularios de contacto son uno de los elementos m\u00e1s importantes de cualquier sitio web. Sirven como canal de comunicaci\u00f3n directo entre los visitantes y los administradores del sitio, ya sea para consultas, atenci\u00f3n al cliente u oportunidades de negocio. Sin embargo, estos formularios son blancos frecuentes de bots automatizados que env\u00edan grandes cantidades de spam. Por lo tanto, es fundamental que los propietarios de sitios web protejan sus formularios contra estos ataques, idealmente con una soluci\u00f3n intuitiva y que respete la privacidad.<\/p>\n\n\n\n<figure class=\"wp-block-image size-large is-resized\"><img data-dominant-color=\"7e8dc3\" data-has-transparency=\"false\" loading=\"lazy\" decoding=\"async\" width=\"1024\" height=\"576\" sizes=\"auto, (max-width: 1024px) 100vw, 1024px\" src=\"https:\/\/www.captcha.eu\/wp-content\/uploads\/2025\/04\/Design-ohne-Titel9-1024x576.png\" alt=\"Una ilustraci\u00f3n vectorial plana de una computadora port\u00e1til con un formulario de contacto y un robot frustrado que lucha con un CAPTCHA.\" class=\"wp-image-1932 not-transparent\" style=\"--dominant-color: #7e8dc3; width:1180px;height:auto\" srcset=\"https:\/\/www.captcha.eu\/wp-content\/uploads\/2025\/04\/Design-ohne-Titel9-1024x576.png 1024w, https:\/\/www.captcha.eu\/wp-content\/uploads\/2025\/04\/Design-ohne-Titel9-300x169.png 300w, https:\/\/www.captcha.eu\/wp-content\/uploads\/2025\/04\/Design-ohne-Titel9-768x432.png 768w, https:\/\/www.captcha.eu\/wp-content\/uploads\/2025\/04\/Design-ohne-Titel9-1536x864.png 1536w, https:\/\/www.captcha.eu\/wp-content\/uploads\/2025\/04\/Design-ohne-Titel9-18x10.png 18w, https:\/\/www.captcha.eu\/wp-content\/uploads\/2025\/04\/Design-ohne-Titel9.png 1920w\" \/><figcaption class=\"wp-element-caption\">Generado por Google Gemini<\/figcaption><\/figure>\n\n\n\n<div class=\"wp-block-yoast-seo-table-of-contents yoast-table-of-contents\"><h2>Tabla de contenido<\/h2><ul><li><a href=\"#h-why-are-contact-forms-vulnerable-to-spam\" data-level=\"3\">\u00bfPor qu\u00e9 los formularios de contacto son vulnerables al spam?<\/a><\/li><li><a href=\"#h-common-spam-protection-for-contact-forms-their-strengths-and-limitations\" data-level=\"3\">Protecci\u00f3n antispam com\u00fan para formularios de contacto: ventajas y desventajas<\/a><\/li><li><a href=\"#h-invisible-captcha-a-modern-approach-to-bot-detection\" data-level=\"3\">CAPTCHA invisible: un enfoque moderno para la detecci\u00f3n de bots<\/a><\/li><li><a href=\"#h-european-alternatives-captcha-eu-as-a-privacy-friendly-solution\" data-level=\"3\">Alternativas europeas: Captcha.eu como soluci\u00f3n respetuosa con la privacidad<\/a><\/li><li><a href=\"#h-conclusion-strong-spam-protection-starts-with-the-right-tools\" data-level=\"3\">Conclusi\u00f3n: una protecci\u00f3n eficaz contra el spam comienza con las herramientas adecuadas<\/a><\/li><\/ul><\/div>\n\n\n\n<h3 class=\"wp-block-heading\" id=\"h-why-are-contact-forms-vulnerable-to-spam\">\u00bfPor qu\u00e9 los formularios de contacto son vulnerables al spam?<\/h3>\n\n\n\n<p>Los bots escanean constantemente internet en busca de formularios sin protecci\u00f3n. Una vez que encuentran uno, lo usan para inundar las bandejas de entrada con spam, mensajes de phishing o enlaces da\u00f1inos. Los formularios sin las medidas de seguridad adecuadas se convierten en blancos f\u00e1ciles. Incluso las medidas de seguridad m\u00e1s comunes, como los CAPTCHA b\u00e1sicos, a menudo no logran detener a los bots m\u00e1s avanzados de la actualidad. Por eso, una protecci\u00f3n s\u00f3lida e inteligente no solo es \u00fatil, sino esencial. Y debe ir de la mano con la facilidad de uso y el cumplimiento de las normativas de privacidad.<\/p>\n\n\n\n<h3 class=\"wp-block-heading\">\u00bfQu\u00e9 hace que un formulario de contacto sea realmente efectivo?<\/h3>\n\n\n\n<p>Un formulario de contacto verdaderamente eficaz va m\u00e1s all\u00e1 de simplemente recopilar consultas: crea una experiencia de usuario fluida y sin frustraciones. Los visitantes deben poder enviar sus mensajes f\u00e1cilmente, sin tareas confusas ni obst\u00e1culos. Al mismo tiempo, el formulario debe bloquear el spam eficazmente sin comprometer la usabilidad ni infringir las leyes de protecci\u00f3n de datos. Elegir la tecnolog\u00eda antispam adecuada es clave: idealmente, debe funcionar silenciosamente en segundo plano, evitar el procesamiento de datos personales del usuario y distinguir con precisi\u00f3n a las personas reales de los bots.<\/p>\n\n\n\n<p>La elecci\u00f3n de la tecnolog\u00eda antispam es crucial. Idealmente, deber\u00eda funcionar silenciosamente en segundo plano, evitar la recopilaci\u00f3n de datos personales del usuario y, aun as\u00ed, distinguir con precisi\u00f3n entre humanos y bots.<\/p>\n\n\n\n<h3 class=\"wp-block-heading\" id=\"h-common-spam-protection-for-contact-forms-their-strengths-and-limitations\">Protecci\u00f3n antispam com\u00fan para formularios de contacto: ventajas y desventajas<\/h3>\n\n\n\n<p><strong>Filtros de palabras<\/strong><br>Un m\u00e9todo b\u00e1sico consiste en filtrar palabras espec\u00edficas que suelen asociarse con spam, como &quot;casino&quot;, &quot;cripto&quot; o &quot;adultos&quot;. Si bien es f\u00e1cil de implementar, este enfoque es propenso a falsos positivos y puede ser f\u00e1cilmente eludido por bots de spam mediante peque\u00f1as variaciones.<\/p>\n\n\n\n<p><strong>tarros de miel<\/strong><br>Estos son campos de formulario ocultos que solo los bots pueden ver. Si un bot llena el campo invisible, se le identifica y se bloquea. Aunque su concepto es elegante, los honeypots ya no son eficaces contra bots sofisticados que pueden detectarlos y evitarlos.<\/p>\n\n\n\n<p><strong>CAPTCHA tradicionales<\/strong><br>Los CAPTCHAs desaf\u00edan a los usuarios con tareas como identificar im\u00e1genes o resolver problemas matem\u00e1ticos. Si bien ofrecen protecci\u00f3n, suelen ser disruptivos, poco amigables para usuarios con discapacidades y podr\u00edan no cumplir con los requisitos de privacidad de datos debido a las pr\u00e1cticas de recopilaci\u00f3n de datos.<\/p>\n\n\n\n<p><strong>Validaci\u00f3n basada en el tiempo<\/strong><br>Este m\u00e9todo detecta bots midiendo la velocidad de env\u00edo de un formulario. Si alguien completa un formulario en tan solo unos segundos, es una clara se\u00f1al de comportamiento automatizado. Dado que la mayor\u00eda de los humanos necesitan m\u00e1s tiempo, el sistema detecta env\u00edos inusualmente r\u00e1pidos y los bloquea sin afectar a los usuarios reales.<\/p>\n\n\n\n<p><strong>Validaci\u00f3n basada en JavaScript<\/strong><br>Este enfoque detiene los bots al requerir JavaScript para completar el formulario. Cuando el formulario solo funciona con JavaScript habilitado, la mayor\u00eda de los bots b\u00e1sicos se filtran autom\u00e1ticamente. Si bien este m\u00e9todo ofrece una protecci\u00f3n s\u00f3lida, requiere una configuraci\u00f3n t\u00e9cnicamente s\u00f3lida y podr\u00eda no detener los bots avanzados que ejecutan scripts.<\/p>\n\n\n\n<p><strong>Doble opt-in<\/strong><br>Esta estrategia a\u00f1ade un nivel adicional de verificaci\u00f3n. Tras enviar un formulario, el sistema env\u00eda un correo electr\u00f3nico de confirmaci\u00f3n. Solo cuando el usuario hace clic en el enlace, el sistema procesa el mensaje. Esto garantiza la autenticidad del contacto y protege tanto a usuarios como a administradores del spam y los env\u00edos falsos.<\/p>\n\n\n\n<p><strong>Limitaci\u00f3n de velocidad de IP<\/strong><br>Esta t\u00e1ctica controla la frecuencia con la que se puede enviar un formulario desde la misma direcci\u00f3n IP. Si se reciben demasiados env\u00edos en poco tiempo, el sistema limita las entradas posteriores. Reduce eficazmente las oleadas de spam y los ataques de bots, a la vez que permite que los usuarios reales interact\u00faen sin problemas.<\/p>\n\n\n\n<p><strong>Tokenizaci\u00f3n de JavaScript<\/strong><br>Esta t\u00e9cnica utiliza JavaScript para generar un token \u00fanico al cargar el formulario. Durante el env\u00edo, el sistema verifica el token en el servidor. Los bots que no puedan ejecutar scripts no podr\u00e1n generar el token, por lo que sus env\u00edos se rechazan autom\u00e1ticamente.<\/p>\n\n\n\n<p><strong>An\u00e1lisis del comportamiento<\/strong><br>Las herramientas antispam modernas pueden analizar el movimiento del mouse, los patrones de desplazamiento y el comportamiento de los clics para determinar si un usuario real o un bot est\u00e1 interactuando con el formulario, todo sin interacci\u00f3n del usuario.<\/p>\n\n\n\n<h3 class=\"wp-block-heading\" id=\"h-invisible-captcha-a-modern-approach-to-bot-detection\">CAPTCHA invisible: un enfoque moderno para la detecci\u00f3n de bots<\/h3>\n\n\n\n<p>Los CAPTCHA invisibles operan silenciosamente en segundo plano y eval\u00faan patrones de comportamiento para determinar si un visitante es humano. Este enfoque mejora considerablemente la experiencia del usuario, pero puede plantear dudas sobre el manejo de datos y la privacidad, especialmente cuando son proporcionados por empresas estadounidenses.<\/p>\n\n\n\n<p>Estos servicios estadounidenses no son inherentemente ilegales, pero a menudo son objeto de constantes debates sobre privacidad debido a posibles transferencias de datos a terceros pa\u00edses, lo que puede plantear desaf\u00edos de cumplimiento seg\u00fan el RGPD.<\/p>\n\n\n\n<h3 class=\"wp-block-heading\" id=\"h-european-alternatives-captcha-eu-as-a-privacy-friendly-solution\">Alternativas europeas: Captcha.eu como soluci\u00f3n respetuosa con la privacidad<\/h3>\n\n\n\n<p><a href=\"https:\/\/www.captcha.eu\/es\/\">Captcha.eu<\/a> Es un servicio CAPTCHA desarrollado y alojado en Austria, dise\u00f1ado espec\u00edficamente para la privacidad y la accesibilidad. Solo procesa datos t\u00e9cnicos an\u00f3nimos; no se recopilan ni almacenan datos personales del usuario. Esto lo convierte en una soluci\u00f3n que cumple con el RGPD y est\u00e1 preparada para el futuro.<\/p>\n\n\n\n<p>Adem\u00e1s, <a href=\"https:\/\/www.captcha.eu\/es\/\">Captcha.eu<\/a> Ha sido certificado como libre de barreras por T\u00dcV Austria y ha recibido el <a href=\"https:\/\/waca.at\/\">WACA<\/a> Certificado Plata. Esto garantiza la accesibilidad total para usuarios con discapacidad y lo posiciona como una opci\u00f3n ideal ante el futuro. <a href=\"https:\/\/commission.europa.eu\/strategy-and-policy\/policies\/justice-and-fundamental-rights\/disability\/union-equality-strategy-rights-persons-disabilities-2021-2030\/european-accessibility-act_en\">Ley Europea de Accesibilidad<\/a>, que exige una mayor inclusi\u00f3n digital.<\/p>\n\n\n\n<p><a href=\"https:\/\/www.captcha.eu\/es\/\">Captcha.eu<\/a> Se ejecuta completamente en segundo plano, sin rompecabezas de im\u00e1genes, casillas de verificaci\u00f3n ni clics adicionales. Mientras los usuarios completan el formulario, el sistema verifica silenciosamente la solicitud bas\u00e1ndose en diversas se\u00f1ales t\u00e9cnicas. El resultado es un formulario de contacto intuitivo, accesible y legalmente seguro.<\/p>\n\n\n\n<h3 class=\"wp-block-heading\" id=\"h-conclusion-strong-spam-protection-starts-with-the-right-tools\">Conclusi\u00f3n: una protecci\u00f3n eficaz contra el spam comienza con las herramientas adecuadas<\/h3>\n\n\n\n<p>Un formulario de contacto bien dise\u00f1ado debe ser f\u00e1cil de usar, pero tambi\u00e9n seguro. Y en el entorno digital actual, donde la privacidad es fundamental, debe ir m\u00e1s all\u00e1 de simplemente bloquear bots: tambi\u00e9n debe respetar los derechos de los usuarios y garantizar la inclusi\u00f3n.<\/p>\n\n\n\n<p>Las t\u00e9cnicas tradicionales, como los filtros de palabras y los honeypots, ofrecen una protecci\u00f3n b\u00e1sica, pero son insuficientes contra las amenazas modernas de spam. Los CAPTCHA est\u00e1ndar pueden perjudicar la experiencia del usuario y crear barreras de accesibilidad.<\/p>\n\n\n\n<p>Soluciones innovadoras y compatibles con el RGPD como <a href=\"https:\/\/www.captcha.eu\/es\/\">Captcha.eu<\/a> Ofrecen una respuesta m\u00e1s integral: protecci\u00f3n invisible contra el spam, sin procesamiento de datos personales del usuario y accesibilidad total. No solo reducen el spam, sino que tambi\u00e9n mejoran la experiencia del usuario, el cumplimiento legal y la inclusi\u00f3n digital.<\/p>\n\n\n\n<p>Si desea proteger su formulario de contacto sin sacrificar la privacidad ni la facilidad de uso, <a href=\"https:\/\/www.captcha.eu\/es\/\">Captcha.eu<\/a> Es una elecci\u00f3n inteligente y preparada para el futuro.<\/p>\n\n\n\n<p><\/p>","protected":false},"excerpt":{"rendered":"<p>Contact forms are one of the most important elements on any website. They serve as a direct communication channel between visitors and site operators, whether for inquiries, customer support, or business opportunities. However, these forms are frequent targets for automated bots that send large volumes of spam messages. Therefore, it [&hellip;]<\/p>\n","protected":false},"author":1,"featured_media":1932,"parent":0,"menu_order":0,"comment_status":"closed","ping_status":"closed","template":"","meta":{"_acf_changed":false,"_eb_attr":"","footnotes":""},"class_list":["post-1930","page","type-page","status-publish","has-post-thumbnail","hentry"],"acf":[],"yoast_head":"<!-- This site is optimized with the Yoast SEO Premium plugin v27.0 (Yoast SEO v27.0) - https:\/\/yoast.com\/product\/yoast-seo-premium-wordpress\/ -->\n<title>Effective Spam Protection for Contact Forms<\/title>\n<meta name=\"description\" content=\"\ud83d\udd12\ufe0f How to secure your contact form from spam bots with effective methods like CAPTCHAs, honeypots, and alternatives such as Captcha.eu.\" \/>\n<meta name=\"robots\" content=\"index, follow, max-snippet:-1, max-image-preview:large, max-video-preview:-1\" \/>\n<link rel=\"canonical\" href=\"https:\/\/www.captcha.eu\/es\/formulario-de-contacto-con-proteccion-antispam\/\" \/>\n<meta property=\"og:locale\" content=\"es_ES\" \/>\n<meta property=\"og:type\" content=\"article\" \/>\n<meta property=\"og:title\" content=\"Effective Spam Protection for Contact Forms\" \/>\n<meta property=\"og:description\" content=\"\ud83d\udd12\ufe0f How to secure your contact form from spam bots with effective methods like CAPTCHAs, honeypots, and alternatives such as Captcha.eu.\" \/>\n<meta property=\"og:url\" content=\"https:\/\/www.captcha.eu\/es\/formulario-de-contacto-con-proteccion-antispam\/\" \/>\n<meta property=\"og:site_name\" content=\"captcha.eu\" \/>\n<meta property=\"article:modified_time\" content=\"2025-04-23T08:29:41+00:00\" \/>\n<meta property=\"og:image\" content=\"https:\/\/www.captcha.eu\/wp-content\/uploads\/2025\/04\/Design-ohne-Titel9.png\" \/>\n\t<meta property=\"og:image:width\" content=\"1920\" \/>\n\t<meta property=\"og:image:height\" content=\"1080\" \/>\n\t<meta property=\"og:image:type\" content=\"image\/png\" \/>\n<meta name=\"twitter:card\" content=\"summary_large_image\" \/>\n<meta name=\"twitter:site\" content=\"@captcha_eu\" \/>\n<meta name=\"twitter:label1\" content=\"Est. reading time\" \/>\n\t<meta name=\"twitter:data1\" content=\"5 minutes\" \/>\n<script type=\"application\/ld+json\" class=\"yoast-schema-graph\">{\"@context\":\"https:\/\/schema.org\",\"@graph\":[{\"@type\":\"WebPage\",\"@id\":\"https:\/\/www.captcha.eu\/contact-form-with-spam-protection\/\",\"url\":\"https:\/\/www.captcha.eu\/contact-form-with-spam-protection\/\",\"name\":\"Effective Spam Protection for Contact Forms\",\"isPartOf\":{\"@id\":\"https:\/\/www.captcha.eu\/#website\"},\"primaryImageOfPage\":{\"@id\":\"https:\/\/www.captcha.eu\/contact-form-with-spam-protection\/#primaryimage\"},\"image\":{\"@id\":\"https:\/\/www.captcha.eu\/contact-form-with-spam-protection\/#primaryimage\"},\"thumbnailUrl\":\"https:\/\/www.captcha.eu\/wp-content\/uploads\/2025\/04\/Design-ohne-Titel9.png\",\"datePublished\":\"2025-04-23T08:29:40+00:00\",\"dateModified\":\"2025-04-23T08:29:41+00:00\",\"description\":\"\ud83d\udd12\ufe0f How to secure your contact form from spam bots with effective methods like CAPTCHAs, honeypots, and alternatives such as Captcha.eu.\",\"breadcrumb\":{\"@id\":\"https:\/\/www.captcha.eu\/contact-form-with-spam-protection\/#breadcrumb\"},\"inLanguage\":\"es-ES\",\"potentialAction\":[{\"@type\":\"ReadAction\",\"target\":[\"https:\/\/www.captcha.eu\/contact-form-with-spam-protection\/\"]}],\"accessibilityFeature\":[\"tableOfContents\"]},{\"@type\":\"ImageObject\",\"inLanguage\":\"es-ES\",\"@id\":\"https:\/\/www.captcha.eu\/contact-form-with-spam-protection\/#primaryimage\",\"url\":\"https:\/\/www.captcha.eu\/wp-content\/uploads\/2025\/04\/Design-ohne-Titel9.png\",\"contentUrl\":\"https:\/\/www.captcha.eu\/wp-content\/uploads\/2025\/04\/Design-ohne-Titel9.png\",\"width\":1920,\"height\":1080,\"caption\":\"Generated by Google Gemini\"},{\"@type\":\"BreadcrumbList\",\"@id\":\"https:\/\/www.captcha.eu\/contact-form-with-spam-protection\/#breadcrumb\",\"itemListElement\":[{\"@type\":\"ListItem\",\"position\":1,\"name\":\"Home\",\"item\":\"https:\/\/www.captcha.eu\/\"},{\"@type\":\"ListItem\",\"position\":2,\"name\":\"Effective Spam Protection for Contact Forms\"}]},{\"@type\":\"WebSite\",\"@id\":\"https:\/\/www.captcha.eu\/#website\",\"url\":\"https:\/\/www.captcha.eu\/\",\"name\":\"captcha.eu\",\"description\":\"The GDPR-compliant message protection | captcha.eu\",\"publisher\":{\"@id\":\"https:\/\/www.captcha.eu\/#organization\"},\"potentialAction\":[{\"@type\":\"SearchAction\",\"target\":{\"@type\":\"EntryPoint\",\"urlTemplate\":\"https:\/\/www.captcha.eu\/?s={search_term_string}\"},\"query-input\":{\"@type\":\"PropertyValueSpecification\",\"valueRequired\":true,\"valueName\":\"search_term_string\"}}],\"inLanguage\":\"es-ES\"},{\"@type\":\"Organization\",\"@id\":\"https:\/\/www.captcha.eu\/#organization\",\"name\":\"captcha.eu\",\"url\":\"https:\/\/www.captcha.eu\/\",\"logo\":{\"@type\":\"ImageObject\",\"inLanguage\":\"es-ES\",\"@id\":\"https:\/\/www.captcha.eu\/#\/schema\/logo\/image\/\",\"url\":\"https:\/\/www.captcha.eu\/wp-content\/uploads\/2024\/02\/Captcha_mono-C_Logo.svg\",\"contentUrl\":\"https:\/\/www.captcha.eu\/wp-content\/uploads\/2024\/02\/Captcha_mono-C_Logo.svg\",\"width\":24,\"height\":28,\"caption\":\"captcha.eu\"},\"image\":{\"@id\":\"https:\/\/www.captcha.eu\/#\/schema\/logo\/image\/\"},\"sameAs\":[\"https:\/\/x.com\/captcha_eu\"]}]}<\/script>\n<!-- \/ Yoast SEO Premium plugin. -->","yoast_head_json":{"title":"Protecci\u00f3n eficaz contra spam para formularios de contacto","description":"\ud83d\udd12\ufe0f C\u00f3mo proteger su formulario de contacto de los robots de spam con m\u00e9todos efectivos como CAPTCHAs, honeypots y alternativas como Captcha.eu.","robots":{"index":"index","follow":"follow","max-snippet":"max-snippet:-1","max-image-preview":"max-image-preview:large","max-video-preview":"max-video-preview:-1"},"canonical":"https:\/\/www.captcha.eu\/es\/formulario-de-contacto-con-proteccion-antispam\/","og_locale":"es_ES","og_type":"article","og_title":"Effective Spam Protection for Contact Forms","og_description":"\ud83d\udd12\ufe0f How to secure your contact form from spam bots with effective methods like CAPTCHAs, honeypots, and alternatives such as Captcha.eu.","og_url":"https:\/\/www.captcha.eu\/es\/formulario-de-contacto-con-proteccion-antispam\/","og_site_name":"captcha.eu","article_modified_time":"2025-04-23T08:29:41+00:00","og_image":[{"width":1920,"height":1080,"url":"https:\/\/www.captcha.eu\/wp-content\/uploads\/2025\/04\/Design-ohne-Titel9.png","type":"image\/png"}],"twitter_card":"summary_large_image","twitter_site":"@captcha_eu","twitter_misc":{"Est. reading time":"5 minutes"},"schema":{"@context":"https:\/\/schema.org","@graph":[{"@type":"WebPage","@id":"https:\/\/www.captcha.eu\/contact-form-with-spam-protection\/","url":"https:\/\/www.captcha.eu\/contact-form-with-spam-protection\/","name":"Protecci\u00f3n eficaz contra spam para formularios de contacto","isPartOf":{"@id":"https:\/\/www.captcha.eu\/#website"},"primaryImageOfPage":{"@id":"https:\/\/www.captcha.eu\/contact-form-with-spam-protection\/#primaryimage"},"image":{"@id":"https:\/\/www.captcha.eu\/contact-form-with-spam-protection\/#primaryimage"},"thumbnailUrl":"https:\/\/www.captcha.eu\/wp-content\/uploads\/2025\/04\/Design-ohne-Titel9.png","datePublished":"2025-04-23T08:29:40+00:00","dateModified":"2025-04-23T08:29:41+00:00","description":"\ud83d\udd12\ufe0f C\u00f3mo proteger su formulario de contacto de los robots de spam con m\u00e9todos efectivos como CAPTCHAs, honeypots y alternativas como Captcha.eu.","breadcrumb":{"@id":"https:\/\/www.captcha.eu\/contact-form-with-spam-protection\/#breadcrumb"},"inLanguage":"es-ES","potentialAction":[{"@type":"ReadAction","target":["https:\/\/www.captcha.eu\/contact-form-with-spam-protection\/"]}],"accessibilityFeature":["tableOfContents"]},{"@type":"ImageObject","inLanguage":"es-ES","@id":"https:\/\/www.captcha.eu\/contact-form-with-spam-protection\/#primaryimage","url":"https:\/\/www.captcha.eu\/wp-content\/uploads\/2025\/04\/Design-ohne-Titel9.png","contentUrl":"https:\/\/www.captcha.eu\/wp-content\/uploads\/2025\/04\/Design-ohne-Titel9.png","width":1920,"height":1080,"caption":"Generated by Google Gemini"},{"@type":"BreadcrumbList","@id":"https:\/\/www.captcha.eu\/contact-form-with-spam-protection\/#breadcrumb","itemListElement":[{"@type":"ListItem","position":1,"name":"Home","item":"https:\/\/www.captcha.eu\/"},{"@type":"ListItem","position":2,"name":"Effective Spam Protection for Contact Forms"}]},{"@type":"WebSite","@id":"https:\/\/www.captcha.eu\/#website","url":"https:\/\/www.captcha.eu\/","name":"captcha.eu","description":"La protecci\u00f3n de mensajes conforme al GDPR | captcha.eu","publisher":{"@id":"https:\/\/www.captcha.eu\/#organization"},"potentialAction":[{"@type":"SearchAction","target":{"@type":"EntryPoint","urlTemplate":"https:\/\/www.captcha.eu\/?s={search_term_string}"},"query-input":{"@type":"PropertyValueSpecification","valueRequired":true,"valueName":"search_term_string"}}],"inLanguage":"es-ES"},{"@type":"Organization","@id":"https:\/\/www.captcha.eu\/#organization","name":"captcha.eu","url":"https:\/\/www.captcha.eu\/","logo":{"@type":"ImageObject","inLanguage":"es-ES","@id":"https:\/\/www.captcha.eu\/#\/schema\/logo\/image\/","url":"https:\/\/www.captcha.eu\/wp-content\/uploads\/2024\/02\/Captcha_mono-C_Logo.svg","contentUrl":"https:\/\/www.captcha.eu\/wp-content\/uploads\/2024\/02\/Captcha_mono-C_Logo.svg","width":24,"height":28,"caption":"captcha.eu"},"image":{"@id":"https:\/\/www.captcha.eu\/#\/schema\/logo\/image\/"},"sameAs":["https:\/\/x.com\/captcha_eu"]}]}},"pbg_featured_image_src":{"full":["https:\/\/www.captcha.eu\/wp-content\/uploads\/2025\/04\/Design-ohne-Titel9.png",1920,1080,false],"thumbnail":["https:\/\/www.captcha.eu\/wp-content\/uploads\/2025\/04\/Design-ohne-Titel9-150x150.png",150,150,true],"medium":["https:\/\/www.captcha.eu\/wp-content\/uploads\/2025\/04\/Design-ohne-Titel9-300x169.png",300,169,true],"medium_large":["https:\/\/www.captcha.eu\/wp-content\/uploads\/2025\/04\/Design-ohne-Titel9-768x432.png",768,432,true],"large":["https:\/\/www.captcha.eu\/wp-content\/uploads\/2025\/04\/Design-ohne-Titel9-1024x576.png",1024,576,true],"1536x1536":["https:\/\/www.captcha.eu\/wp-content\/uploads\/2025\/04\/Design-ohne-Titel9-1536x864.png",1536,864,true],"2048x2048":["https:\/\/www.captcha.eu\/wp-content\/uploads\/2025\/04\/Design-ohne-Titel9.png",1920,1080,false],"trp-custom-language-flag":["https:\/\/www.captcha.eu\/wp-content\/uploads\/2025\/04\/Design-ohne-Titel9-18x10.png",18,10,true]},"pbg_author_info":{"display_name":"Captcha","author_link":"https:\/\/www.captcha.eu\/es\/author\/admin\/","author_img":"<img alt='Captcha' src='https:\/\/secure.gravatar.com\/avatar\/48b669a092d552f5f30202f8da848c93fa4c54f8c2b3167568ed5cbccbe4994a?s=128&#038;d=mm&#038;r=g' srcset='https:\/\/secure.gravatar.com\/avatar\/48b669a092d552f5f30202f8da848c93fa4c54f8c2b3167568ed5cbccbe4994a?s=256&#038;d=mm&#038;r=g 2x' class='avatar avatar-128 photo' height='128' width='128' loading='lazy' decoding='async'\/>"},"pbg_comment_info":" No Comments","pbg_excerpt":"Contact forms are one of the most important elements on any website. They serve as a direct communication channel between visitors and site operators, whether for inquiries, customer support, or business opportunities. However, these forms are frequent targets for automated bots that send large volumes of spam messages. Therefore, it [&hellip;]","_links":{"self":[{"href":"https:\/\/www.captcha.eu\/es\/wp-json\/wp\/v2\/pages\/1930","targetHints":{"allow":["GET"]}}],"collection":[{"href":"https:\/\/www.captcha.eu\/es\/wp-json\/wp\/v2\/pages"}],"about":[{"href":"https:\/\/www.captcha.eu\/es\/wp-json\/wp\/v2\/types\/page"}],"author":[{"embeddable":true,"href":"https:\/\/www.captcha.eu\/es\/wp-json\/wp\/v2\/users\/1"}],"replies":[{"embeddable":true,"href":"https:\/\/www.captcha.eu\/es\/wp-json\/wp\/v2\/comments?post=1930"}],"version-history":[{"count":2,"href":"https:\/\/www.captcha.eu\/es\/wp-json\/wp\/v2\/pages\/1930\/revisions"}],"predecessor-version":[{"id":1934,"href":"https:\/\/www.captcha.eu\/es\/wp-json\/wp\/v2\/pages\/1930\/revisions\/1934"}],"wp:featuredmedia":[{"embeddable":true,"href":"https:\/\/www.captcha.eu\/es\/wp-json\/wp\/v2\/media\/1932"}],"wp:attachment":[{"href":"https:\/\/www.captcha.eu\/es\/wp-json\/wp\/v2\/media?parent=1930"}],"curies":[{"name":"Gracias","href":"https:\/\/api.w.org\/{rel}","templated":true}]}}