{"id":1807,"date":"2025-03-13T11:56:58","date_gmt":"2025-03-13T11:56:58","guid":{"rendered":"https:\/\/www.captcha.eu\/?page_id=1807"},"modified":"2025-03-21T10:37:24","modified_gmt":"2025-03-21T10:37:24","slug":"accesibilidad-web","status":"publish","type":"page","link":"https:\/\/www.captcha.eu\/es\/accesibilidad-web\/","title":{"rendered":"\u00a1Nuestra soluci\u00f3n captcha est\u00e1 certificada sin barreras!"},"content":{"rendered":"<p>Nuestra aplicaci\u00f3n Captcha recibi\u00f3 el Certificado de Accesibilidad Web Austria (WACA) nivel plata otorgado por T\u00dcV Austria.<\/p>\n\n\n\n<figure class=\"wp-block-image size-large is-resized\"><img data-dominant-color=\"e5e5e5\" data-has-transparency=\"true\" loading=\"lazy\" decoding=\"async\" width=\"1024\" height=\"489\" sizes=\"auto, (max-width: 413px) 100vw, 413px\" src=\"https:\/\/www.captcha.eu\/wp-content\/uploads\/2025\/03\/WACA_Badge_Silver_2025_Captcha_GmbH-1024x489.png\" alt=\"\" class=\"wp-image-1866 has-transparency\" style=\"--dominant-color: #e5e5e5; width:413px;height:auto\" srcset=\"https:\/\/www.captcha.eu\/wp-content\/uploads\/2025\/03\/WACA_Badge_Silver_2025_Captcha_GmbH-1024x489.png 1024w, https:\/\/www.captcha.eu\/wp-content\/uploads\/2025\/03\/WACA_Badge_Silver_2025_Captcha_GmbH-300x143.png 300w, https:\/\/www.captcha.eu\/wp-content\/uploads\/2025\/03\/WACA_Badge_Silver_2025_Captcha_GmbH-768x367.png 768w, https:\/\/www.captcha.eu\/wp-content\/uploads\/2025\/03\/WACA_Badge_Silver_2025_Captcha_GmbH-1536x733.png 1536w, https:\/\/www.captcha.eu\/wp-content\/uploads\/2025\/03\/WACA_Badge_Silver_2025_Captcha_GmbH-2048x977.png 2048w, https:\/\/www.captcha.eu\/wp-content\/uploads\/2025\/03\/WACA_Badge_Silver_2025_Captcha_GmbH-18x9.png 18w\" \/><\/figure>\n\n\n\n<p>Esto significa que nuestra soluci\u00f3n cumple con los requisitos de accesibilidad WCAG 2.2 \u2013 AA en gran medida y, por lo tanto, es accesible para todos. De esta forma, enviamos una se\u00f1al clara de inclusi\u00f3n digital y reforzamos nuestro compromiso de permitir que todos utilicen los servicios digitales en igualdad de condiciones.<\/p>\n\n\n\n<p class=\"has-tiny-font-size\" style=\"margin-top:var(--wp--preset--spacing--30);margin-bottom:var(--wp--preset--spacing--30)\"><em>La certificaci\u00f3n se refiere a nuestra aplicaci\u00f3n, instalada en la p\u00e1gina de prueba: captcha.eu\/test-2-2, y no al sitio web de captcha.eu. Los formularios y botones de env\u00edo de las p\u00e1ginas de prueba y del cliente no se incluyeron en la prueba, ya que no forman parte de la aplicaci\u00f3n captcha.eu, sino que son creados por el cliente correspondiente.<\/em><\/p>\n\n\n\n<blockquote class=\"wp-block-quote is-layout-flow wp-block-quote-is-layout-flow\">\n<p>Como proveedor austriaco de una soluci\u00f3n de captcha accesible y que cumple con el RGPD, consideramos nuestra responsabilidad hacer que internet sea accesible para todos. La accesibilidad no es un complemento, sino una parte esencial de nuestra filosof\u00eda. Nuestro objetivo es ofrecer a todos los usuarios, independientemente de sus limitaciones individuales, una interacci\u00f3n segura y sencilla con nuestros clientes.<\/p>\n<\/blockquote>\n\n\n\n<p class=\"has-small-font-size\" style=\"margin-top:var(--wp--preset--spacing--30);margin-bottom:var(--wp--preset--spacing--30)\">Manuel Rostorfer y Helmut Januschka, directores generales de Captcha.eu<\/p>\n\n\n\n<p><strong>Accesibilidad digital: un beneficio para todos<\/strong><\/p>\n\n\n\n<p>Una internet accesible implica dise\u00f1ar contenido y aplicaciones digitales de forma que todas las personas puedan usarlas, independientemente de sus capacidades o limitaciones. Alrededor de 1,7 millones de personas en Austria viven con discapacidades temporales o permanentes (fuente: Statistics Austria). Pero la accesibilidad digital va mucho m\u00e1s all\u00e1 de la responsabilidad social: mejora la usabilidad para todos y garantiza que todos puedan interactuar con los servicios en l\u00ednea de forma intuitiva y sin barreras. Nuestra soluci\u00f3n de captcha ayuda a que los espacios digitales sean m\u00e1s inclusivos, a la vez que optimiza la experiencia del usuario en los sitios web de nuestros clientes.<\/p>\n\n\n\n<p><strong>\u00bfQu\u00e9 criterios deben cumplirse para obtener el Certificado de Accesibilidad Web de Austria en la categor\u00eda \u201cPLATA\u201d?<\/strong><\/p>\n\n\n\n<ul class=\"wp-block-list\">\n<li>El sitio web\/aplicaci\u00f3n cumple en gran medida con los criterios de \u00e9xito WCAG 2.2 AA<\/li>\n\n\n\n<li>Todo el contenido es accesible para todos los usuarios.<\/li>\n\n\n\n<li>La funcionalidad b\u00e1sica es accesible para todos los usuarios sin restricciones.<\/li>\n\n\n\n<li>Algunas partes de la funcionalidad extendida u opcional son m\u00e1s complicadas de usar para algunos usuarios, pero a\u00fan as\u00ed son accesibles.<\/li>\n<\/ul>\n\n\n\n<iframe id=\"certificate_iframe\" title=\"Certificado WACA\" height=\"320\" width=\"450\" frameborder=\"0\"><\/iframe>\n<script>\n\twindow.onload = function() {\n\t\tdocument.getElementById('certificate_iframe').setAttribute(\"src\", \"https:\/\/einreichportal.waca.at\/certificate\/badge-v2.html?badge-size=small-vertical&domain=\"+window.location.hostname);\n\t}\n<\/script>\n\n\n\n<p>Leer m\u00e1s:<br>Certificado de Accesibilidad Web de Austria<br>Web sin barreras<\/p>\n\n\n\n<p><\/p>","protected":false},"excerpt":{"rendered":"<p>Our Captcha application was awarded the Web Accessibility Certificate Austria (WACA) silver level by T\u00dcV Austria. This means that our solution meets the accessibility requirements of WCAG 2.2 &#8211; AA to a very high degree and is therefore accessible to everyone. We are thus sending out a clear signal for [&hellip;]<\/p>\n","protected":false},"author":1,"featured_media":1866,"parent":0,"menu_order":0,"comment_status":"closed","ping_status":"closed","template":"","meta":{"_acf_changed":false,"_eb_attr":"","footnotes":""},"class_list":["post-1807","page","type-page","status-publish","has-post-thumbnail","hentry"],"acf":[],"yoast_head":"<!-- This site is optimized with the Yoast SEO Premium plugin v27.0 (Yoast SEO v27.0) - https:\/\/yoast.com\/product\/yoast-seo-premium-wordpress\/ -->\n<title>Our captcha solution is barrier-free certified! - captcha.eu<\/title>\n<meta name=\"robots\" content=\"index, follow, max-snippet:-1, max-image-preview:large, max-video-preview:-1\" \/>\n<link rel=\"canonical\" href=\"https:\/\/www.captcha.eu\/es\/accesibilidad-web\/\" \/>\n<meta property=\"og:locale\" content=\"es_ES\" \/>\n<meta property=\"og:type\" content=\"article\" \/>\n<meta property=\"og:title\" content=\"Our captcha solution is barrier-free certified!\" \/>\n<meta property=\"og:description\" content=\"Our Captcha application was awarded the Web Accessibility Certificate Austria (WACA) silver level by T\u00dcV Austria. This means that our solution meets the accessibility requirements of WCAG 2.2 &#8211; AA to a very high degree and is therefore accessible to everyone. We are thus sending out a clear signal for [&hellip;]\" \/>\n<meta property=\"og:url\" content=\"https:\/\/www.captcha.eu\/es\/accesibilidad-web\/\" \/>\n<meta property=\"og:site_name\" content=\"captcha.eu\" \/>\n<meta property=\"article:modified_time\" content=\"2025-03-21T10:37:24+00:00\" \/>\n<meta property=\"og:image\" content=\"https:\/\/www.captcha.eu\/wp-content\/uploads\/2025\/03\/WACA_Badge_Silver_2025_Captcha_GmbH.png\" \/>\n\t<meta property=\"og:image:width\" content=\"3139\" \/>\n\t<meta property=\"og:image:height\" content=\"1498\" \/>\n\t<meta property=\"og:image:type\" content=\"image\/png\" \/>\n<meta name=\"twitter:card\" content=\"summary_large_image\" \/>\n<meta name=\"twitter:site\" content=\"@captcha_eu\" \/>\n<meta name=\"twitter:label1\" content=\"Est. reading time\" \/>\n\t<meta name=\"twitter:data1\" content=\"2 minutes\" \/>\n<script type=\"application\/ld+json\" class=\"yoast-schema-graph\">{\"@context\":\"https:\/\/schema.org\",\"@graph\":[{\"@type\":\"WebPage\",\"@id\":\"https:\/\/www.captcha.eu\/web-accessibility\/\",\"url\":\"https:\/\/www.captcha.eu\/web-accessibility\/\",\"name\":\"Our captcha solution is barrier-free certified! - captcha.eu\",\"isPartOf\":{\"@id\":\"https:\/\/www.captcha.eu\/#website\"},\"primaryImageOfPage\":{\"@id\":\"https:\/\/www.captcha.eu\/web-accessibility\/#primaryimage\"},\"image\":{\"@id\":\"https:\/\/www.captcha.eu\/web-accessibility\/#primaryimage\"},\"thumbnailUrl\":\"https:\/\/www.captcha.eu\/wp-content\/uploads\/2025\/03\/WACA_Badge_Silver_2025_Captcha_GmbH.png\",\"datePublished\":\"2025-03-13T11:56:58+00:00\",\"dateModified\":\"2025-03-21T10:37:24+00:00\",\"breadcrumb\":{\"@id\":\"https:\/\/www.captcha.eu\/web-accessibility\/#breadcrumb\"},\"inLanguage\":\"es-ES\",\"potentialAction\":[{\"@type\":\"ReadAction\",\"target\":[\"https:\/\/www.captcha.eu\/web-accessibility\/\"]}]},{\"@type\":\"ImageObject\",\"inLanguage\":\"es-ES\",\"@id\":\"https:\/\/www.captcha.eu\/web-accessibility\/#primaryimage\",\"url\":\"https:\/\/www.captcha.eu\/wp-content\/uploads\/2025\/03\/WACA_Badge_Silver_2025_Captcha_GmbH.png\",\"contentUrl\":\"https:\/\/www.captcha.eu\/wp-content\/uploads\/2025\/03\/WACA_Badge_Silver_2025_Captcha_GmbH.png\",\"width\":3139,\"height\":1498},{\"@type\":\"BreadcrumbList\",\"@id\":\"https:\/\/www.captcha.eu\/web-accessibility\/#breadcrumb\",\"itemListElement\":[{\"@type\":\"ListItem\",\"position\":1,\"name\":\"Home\",\"item\":\"https:\/\/www.captcha.eu\/\"},{\"@type\":\"ListItem\",\"position\":2,\"name\":\"Our captcha solution is barrier-free certified!\"}]},{\"@type\":\"WebSite\",\"@id\":\"https:\/\/www.captcha.eu\/#website\",\"url\":\"https:\/\/www.captcha.eu\/\",\"name\":\"captcha.eu\",\"description\":\"The GDPR-compliant message protection | captcha.eu\",\"publisher\":{\"@id\":\"https:\/\/www.captcha.eu\/#organization\"},\"potentialAction\":[{\"@type\":\"SearchAction\",\"target\":{\"@type\":\"EntryPoint\",\"urlTemplate\":\"https:\/\/www.captcha.eu\/?s={search_term_string}\"},\"query-input\":{\"@type\":\"PropertyValueSpecification\",\"valueRequired\":true,\"valueName\":\"search_term_string\"}}],\"inLanguage\":\"es-ES\"},{\"@type\":\"Organization\",\"@id\":\"https:\/\/www.captcha.eu\/#organization\",\"name\":\"captcha.eu\",\"url\":\"https:\/\/www.captcha.eu\/\",\"logo\":{\"@type\":\"ImageObject\",\"inLanguage\":\"es-ES\",\"@id\":\"https:\/\/www.captcha.eu\/#\/schema\/logo\/image\/\",\"url\":\"https:\/\/www.captcha.eu\/wp-content\/uploads\/2024\/02\/Captcha_mono-C_Logo.svg\",\"contentUrl\":\"https:\/\/www.captcha.eu\/wp-content\/uploads\/2024\/02\/Captcha_mono-C_Logo.svg\",\"width\":24,\"height\":28,\"caption\":\"captcha.eu\"},\"image\":{\"@id\":\"https:\/\/www.captcha.eu\/#\/schema\/logo\/image\/\"},\"sameAs\":[\"https:\/\/x.com\/captcha_eu\"]}]}<\/script>\n<!-- \/ Yoast SEO Premium plugin. -->","yoast_head_json":{"title":"\u00a1Nuestra soluci\u00f3n captcha est\u00e1 certificada sin barreras! - captcha.eu","robots":{"index":"index","follow":"follow","max-snippet":"max-snippet:-1","max-image-preview":"max-image-preview:large","max-video-preview":"max-video-preview:-1"},"canonical":"https:\/\/www.captcha.eu\/es\/accesibilidad-web\/","og_locale":"es_ES","og_type":"article","og_title":"Our captcha solution is barrier-free certified!","og_description":"Our Captcha application was awarded the Web Accessibility Certificate Austria (WACA) silver level by T\u00dcV Austria. This means that our solution meets the accessibility requirements of WCAG 2.2 &#8211; AA to a very high degree and is therefore accessible to everyone. We are thus sending out a clear signal for [&hellip;]","og_url":"https:\/\/www.captcha.eu\/es\/accesibilidad-web\/","og_site_name":"captcha.eu","article_modified_time":"2025-03-21T10:37:24+00:00","og_image":[{"width":3139,"height":1498,"url":"https:\/\/www.captcha.eu\/wp-content\/uploads\/2025\/03\/WACA_Badge_Silver_2025_Captcha_GmbH.png","type":"image\/png"}],"twitter_card":"summary_large_image","twitter_site":"@captcha_eu","twitter_misc":{"Est. reading time":"2 minutes"},"schema":{"@context":"https:\/\/schema.org","@graph":[{"@type":"WebPage","@id":"https:\/\/www.captcha.eu\/web-accessibility\/","url":"https:\/\/www.captcha.eu\/web-accessibility\/","name":"\u00a1Nuestra soluci\u00f3n captcha est\u00e1 certificada sin barreras! - captcha.eu","isPartOf":{"@id":"https:\/\/www.captcha.eu\/#website"},"primaryImageOfPage":{"@id":"https:\/\/www.captcha.eu\/web-accessibility\/#primaryimage"},"image":{"@id":"https:\/\/www.captcha.eu\/web-accessibility\/#primaryimage"},"thumbnailUrl":"https:\/\/www.captcha.eu\/wp-content\/uploads\/2025\/03\/WACA_Badge_Silver_2025_Captcha_GmbH.png","datePublished":"2025-03-13T11:56:58+00:00","dateModified":"2025-03-21T10:37:24+00:00","breadcrumb":{"@id":"https:\/\/www.captcha.eu\/web-accessibility\/#breadcrumb"},"inLanguage":"es-ES","potentialAction":[{"@type":"ReadAction","target":["https:\/\/www.captcha.eu\/web-accessibility\/"]}]},{"@type":"ImageObject","inLanguage":"es-ES","@id":"https:\/\/www.captcha.eu\/web-accessibility\/#primaryimage","url":"https:\/\/www.captcha.eu\/wp-content\/uploads\/2025\/03\/WACA_Badge_Silver_2025_Captcha_GmbH.png","contentUrl":"https:\/\/www.captcha.eu\/wp-content\/uploads\/2025\/03\/WACA_Badge_Silver_2025_Captcha_GmbH.png","width":3139,"height":1498},{"@type":"BreadcrumbList","@id":"https:\/\/www.captcha.eu\/web-accessibility\/#breadcrumb","itemListElement":[{"@type":"ListItem","position":1,"name":"Home","item":"https:\/\/www.captcha.eu\/"},{"@type":"ListItem","position":2,"name":"Our captcha solution is barrier-free certified!"}]},{"@type":"WebSite","@id":"https:\/\/www.captcha.eu\/#website","url":"https:\/\/www.captcha.eu\/","name":"captcha.eu","description":"La protecci\u00f3n de mensajes conforme al GDPR | captcha.eu","publisher":{"@id":"https:\/\/www.captcha.eu\/#organization"},"potentialAction":[{"@type":"SearchAction","target":{"@type":"EntryPoint","urlTemplate":"https:\/\/www.captcha.eu\/?s={search_term_string}"},"query-input":{"@type":"PropertyValueSpecification","valueRequired":true,"valueName":"search_term_string"}}],"inLanguage":"es-ES"},{"@type":"Organization","@id":"https:\/\/www.captcha.eu\/#organization","name":"captcha.eu","url":"https:\/\/www.captcha.eu\/","logo":{"@type":"ImageObject","inLanguage":"es-ES","@id":"https:\/\/www.captcha.eu\/#\/schema\/logo\/image\/","url":"https:\/\/www.captcha.eu\/wp-content\/uploads\/2024\/02\/Captcha_mono-C_Logo.svg","contentUrl":"https:\/\/www.captcha.eu\/wp-content\/uploads\/2024\/02\/Captcha_mono-C_Logo.svg","width":24,"height":28,"caption":"captcha.eu"},"image":{"@id":"https:\/\/www.captcha.eu\/#\/schema\/logo\/image\/"},"sameAs":["https:\/\/x.com\/captcha_eu"]}]}},"pbg_featured_image_src":{"full":["https:\/\/www.captcha.eu\/wp-content\/uploads\/2025\/03\/WACA_Badge_Silver_2025_Captcha_GmbH.png",3139,1498,false],"thumbnail":["https:\/\/www.captcha.eu\/wp-content\/uploads\/2025\/03\/WACA_Badge_Silver_2025_Captcha_GmbH-150x150.png",150,150,true],"medium":["https:\/\/www.captcha.eu\/wp-content\/uploads\/2025\/03\/WACA_Badge_Silver_2025_Captcha_GmbH-300x143.png",300,143,true],"medium_large":["https:\/\/www.captcha.eu\/wp-content\/uploads\/2025\/03\/WACA_Badge_Silver_2025_Captcha_GmbH-768x367.png",768,367,true],"large":["https:\/\/www.captcha.eu\/wp-content\/uploads\/2025\/03\/WACA_Badge_Silver_2025_Captcha_GmbH-1024x489.png",1024,489,true],"1536x1536":["https:\/\/www.captcha.eu\/wp-content\/uploads\/2025\/03\/WACA_Badge_Silver_2025_Captcha_GmbH-1536x733.png",1536,733,true],"2048x2048":["https:\/\/www.captcha.eu\/wp-content\/uploads\/2025\/03\/WACA_Badge_Silver_2025_Captcha_GmbH-2048x977.png",2048,977,true],"trp-custom-language-flag":["https:\/\/www.captcha.eu\/wp-content\/uploads\/2025\/03\/WACA_Badge_Silver_2025_Captcha_GmbH-18x9.png",18,9,true]},"pbg_author_info":{"display_name":"Captcha","author_link":"https:\/\/www.captcha.eu\/es\/author\/admin\/","author_img":"<img alt='Captcha' src='https:\/\/secure.gravatar.com\/avatar\/48b669a092d552f5f30202f8da848c93fa4c54f8c2b3167568ed5cbccbe4994a?s=128&#038;d=mm&#038;r=g' srcset='https:\/\/secure.gravatar.com\/avatar\/48b669a092d552f5f30202f8da848c93fa4c54f8c2b3167568ed5cbccbe4994a?s=256&#038;d=mm&#038;r=g 2x' class='avatar avatar-128 photo' height='128' width='128' loading='lazy' decoding='async'\/>"},"pbg_comment_info":" No Comments","pbg_excerpt":"Our Captcha application was awarded the Web Accessibility Certificate Austria (WACA) silver level by T\u00dcV Austria. This means that our solution meets the accessibility requirements of WCAG 2.2 &#8211; AA to a very high degree and is therefore accessible to everyone. We are thus sending out a clear signal for [&hellip;]","_links":{"self":[{"href":"https:\/\/www.captcha.eu\/es\/wp-json\/wp\/v2\/pages\/1807","targetHints":{"allow":["GET"]}}],"collection":[{"href":"https:\/\/www.captcha.eu\/es\/wp-json\/wp\/v2\/pages"}],"about":[{"href":"https:\/\/www.captcha.eu\/es\/wp-json\/wp\/v2\/types\/page"}],"author":[{"embeddable":true,"href":"https:\/\/www.captcha.eu\/es\/wp-json\/wp\/v2\/users\/1"}],"replies":[{"embeddable":true,"href":"https:\/\/www.captcha.eu\/es\/wp-json\/wp\/v2\/comments?post=1807"}],"version-history":[{"count":15,"href":"https:\/\/www.captcha.eu\/es\/wp-json\/wp\/v2\/pages\/1807\/revisions"}],"predecessor-version":[{"id":1877,"href":"https:\/\/www.captcha.eu\/es\/wp-json\/wp\/v2\/pages\/1807\/revisions\/1877"}],"wp:featuredmedia":[{"embeddable":true,"href":"https:\/\/www.captcha.eu\/es\/wp-json\/wp\/v2\/media\/1866"}],"wp:attachment":[{"href":"https:\/\/www.captcha.eu\/es\/wp-json\/wp\/v2\/media?parent=1807"}],"curies":[{"name":"Gracias","href":"https:\/\/api.w.org\/{rel}","templated":true}]}}