{"id":1409,"date":"2024-10-28T18:31:31","date_gmt":"2024-10-28T18:31:31","guid":{"rendered":"https:\/\/www.captcha.eu\/?page_id=1409"},"modified":"2024-10-28T18:56:16","modified_gmt":"2024-10-28T18:56:16","slug":"explicacion-de-las-metricas-clave-del-panel-de-estadisticas","status":"publish","type":"page","link":"https:\/\/www.captcha.eu\/es\/explicacion-de-las-metricas-clave-del-panel-de-estadisticas\/","title":{"rendered":"Explicaci\u00f3n de las m\u00e9tricas clave del panel de control"},"content":{"rendered":"<figure class=\"wp-block-image aligncenter size-full is-resized\"><img data-dominant-color=\"96888d\" data-has-transparency=\"false\" loading=\"lazy\" decoding=\"async\" width=\"1024\" height=\"1024\" sizes=\"auto, (max-width: 562px) 100vw, 562px\" src=\"https:\/\/www.captcha.eu\/wp-content\/uploads\/2024\/10\/image.jpg\" alt=\"\" class=\"wp-image-1410 not-transparent\" style=\"--dominant-color: #96888d; aspect-ratio:1.7777777777777777;object-fit:cover;width:562px;height:auto\" srcset=\"https:\/\/www.captcha.eu\/wp-content\/uploads\/2024\/10\/image.jpg 1024w, https:\/\/www.captcha.eu\/wp-content\/uploads\/2024\/10\/image-300x300.jpg 300w, https:\/\/www.captcha.eu\/wp-content\/uploads\/2024\/10\/image-150x150.jpg 150w, https:\/\/www.captcha.eu\/wp-content\/uploads\/2024\/10\/image-768x768.jpg 768w, https:\/\/www.captcha.eu\/wp-content\/uploads\/2024\/10\/image-12x12.jpg 12w\" \/><\/figure>\n\n\n\n<h4 class=\"wp-block-heading\" id=\"h-1-valid\">1. V\u00e1lido<\/h4>\n\n\n\n<p>El estado &quot;V\u00e1lido&quot; representa el volumen de solicitudes limpias y leg\u00edtimas que pasaron por nuestro sistema sin problemas. Se trata de solicitudes en las que un usuario real complet\u00f3 correctamente el captcha, lo que confirma su autenticidad.<\/p>\n\n\n\n<h4 class=\"wp-block-heading\" id=\"h-2-invalid\">2. No v\u00e1lido<\/h4>\n\n\n\n<p>Las solicitudes etiquetadas como \u201cNo v\u00e1lidas\u201d significan que se present\u00f3 un desaf\u00edo a un bot o una solicitud sospechosa y que la validaci\u00f3n finalmente no tuvo \u00e9xito. Este error puede ocurrir porque el bot proporcion\u00f3 una soluci\u00f3n incorrecta o no pudo completar el captcha. Las solicitudes no v\u00e1lidas, que se muestran en rojo en el panel, ayudan a identificar y bloquear el tr\u00e1fico no deseado, lo que garantiza que solo los usuarios leg\u00edtimos accedan a su sitio.<\/p>\n\n\n\n<h4 class=\"wp-block-heading\" id=\"h-3-re-submits\">3. Reenv\u00edos<\/h4>\n\n\n\n<p>Los reenv\u00edos, marcados en violeta, representan casos en los que un bot intent\u00f3 reutilizar una soluci\u00f3n de captcha previamente validada. Nuestro sistema reconoce estos intentos y los marca como reenv\u00edos. <\/p>\n\n\n\n<h4 class=\"wp-block-heading\" id=\"h-4-billed-validations\">4. Validaciones facturadas<\/h4>\n\n\n\n<p>Las \u201cvalidaciones facturadas\u201d hacen referencia a la cantidad total de impugnaciones que se presentaron y procesaron, lo que constituye la base de la facturaci\u00f3n. Representada por la l\u00ednea azul en el panel, esta m\u00e9trica proporciona una visi\u00f3n clara del uso mensual.<\/p>","protected":false},"excerpt":{"rendered":"<p>1. Valid The &#8220;Valid&#8221; status represents the volume of clean, legitimate requests that passed through our system without issue. These are requests where a real user successfully completed the captcha, validating that they are genuine. 2. Invalid Requests labeled &#8220;Invalid&#8221; signify that a challenge was presented to a bot or [&hellip;]<\/p>\n","protected":false},"author":1,"featured_media":0,"parent":0,"menu_order":0,"comment_status":"closed","ping_status":"closed","template":"","meta":{"_acf_changed":false,"_eb_attr":"","footnotes":""},"class_list":["post-1409","page","type-page","status-publish","hentry"],"acf":[],"yoast_head":"<!-- This site is optimized with the Yoast SEO Premium plugin v27.0 (Yoast SEO v27.0) - https:\/\/yoast.com\/product\/yoast-seo-premium-wordpress\/ -->\n<title>Dashboard Key Metrics Explained - captcha.eu<\/title>\n<meta name=\"robots\" content=\"index, follow, max-snippet:-1, max-image-preview:large, max-video-preview:-1\" \/>\n<link rel=\"canonical\" href=\"https:\/\/www.captcha.eu\/es\/explicacion-de-las-metricas-clave-del-panel-de-estadisticas\/\" \/>\n<meta property=\"og:locale\" content=\"es_ES\" \/>\n<meta property=\"og:type\" content=\"article\" \/>\n<meta property=\"og:title\" content=\"Dashboard Key Metrics Explained\" \/>\n<meta property=\"og:description\" content=\"1. Valid The &#8220;Valid&#8221; status represents the volume of clean, legitimate requests that passed through our system without issue. These are requests where a real user successfully completed the captcha, validating that they are genuine. 2. Invalid Requests labeled &#8220;Invalid&#8221; signify that a challenge was presented to a bot or [&hellip;]\" \/>\n<meta property=\"og:url\" content=\"https:\/\/www.captcha.eu\/es\/explicacion-de-las-metricas-clave-del-panel-de-estadisticas\/\" \/>\n<meta property=\"og:site_name\" content=\"captcha.eu\" \/>\n<meta property=\"article:modified_time\" content=\"2024-10-28T18:56:16+00:00\" \/>\n<meta property=\"og:image\" content=\"https:\/\/www.captcha.eu\/wp-content\/uploads\/2024\/10\/image.jpg\" \/>\n<meta name=\"twitter:card\" content=\"summary_large_image\" \/>\n<meta name=\"twitter:site\" content=\"@captcha_eu\" \/>\n<meta name=\"twitter:label1\" content=\"Est. reading time\" \/>\n\t<meta name=\"twitter:data1\" content=\"1 minute\" \/>\n<script type=\"application\/ld+json\" class=\"yoast-schema-graph\">{\"@context\":\"https:\/\/schema.org\",\"@graph\":[{\"@type\":\"WebPage\",\"@id\":\"https:\/\/www.captcha.eu\/stats-dashboard-key-metrics-explained\/\",\"url\":\"https:\/\/www.captcha.eu\/stats-dashboard-key-metrics-explained\/\",\"name\":\"Dashboard Key Metrics Explained - captcha.eu\",\"isPartOf\":{\"@id\":\"https:\/\/www.captcha.eu\/#website\"},\"primaryImageOfPage\":{\"@id\":\"https:\/\/www.captcha.eu\/stats-dashboard-key-metrics-explained\/#primaryimage\"},\"image\":{\"@id\":\"https:\/\/www.captcha.eu\/stats-dashboard-key-metrics-explained\/#primaryimage\"},\"thumbnailUrl\":\"https:\/\/www.captcha.eu\/wp-content\/uploads\/2024\/10\/image.jpg\",\"datePublished\":\"2024-10-28T18:31:31+00:00\",\"dateModified\":\"2024-10-28T18:56:16+00:00\",\"breadcrumb\":{\"@id\":\"https:\/\/www.captcha.eu\/stats-dashboard-key-metrics-explained\/#breadcrumb\"},\"inLanguage\":\"es-ES\",\"potentialAction\":[{\"@type\":\"ReadAction\",\"target\":[\"https:\/\/www.captcha.eu\/stats-dashboard-key-metrics-explained\/\"]}]},{\"@type\":\"ImageObject\",\"inLanguage\":\"es-ES\",\"@id\":\"https:\/\/www.captcha.eu\/stats-dashboard-key-metrics-explained\/#primaryimage\",\"url\":\"https:\/\/www.captcha.eu\/wp-content\/uploads\/2024\/10\/image.jpg\",\"contentUrl\":\"https:\/\/www.captcha.eu\/wp-content\/uploads\/2024\/10\/image.jpg\"},{\"@type\":\"BreadcrumbList\",\"@id\":\"https:\/\/www.captcha.eu\/stats-dashboard-key-metrics-explained\/#breadcrumb\",\"itemListElement\":[{\"@type\":\"ListItem\",\"position\":1,\"name\":\"Home\",\"item\":\"https:\/\/www.captcha.eu\/\"},{\"@type\":\"ListItem\",\"position\":2,\"name\":\"Dashboard Key Metrics Explained\"}]},{\"@type\":\"WebSite\",\"@id\":\"https:\/\/www.captcha.eu\/#website\",\"url\":\"https:\/\/www.captcha.eu\/\",\"name\":\"captcha.eu\",\"description\":\"The GDPR-compliant message protection | captcha.eu\",\"publisher\":{\"@id\":\"https:\/\/www.captcha.eu\/#organization\"},\"potentialAction\":[{\"@type\":\"SearchAction\",\"target\":{\"@type\":\"EntryPoint\",\"urlTemplate\":\"https:\/\/www.captcha.eu\/?s={search_term_string}\"},\"query-input\":{\"@type\":\"PropertyValueSpecification\",\"valueRequired\":true,\"valueName\":\"search_term_string\"}}],\"inLanguage\":\"es-ES\"},{\"@type\":\"Organization\",\"@id\":\"https:\/\/www.captcha.eu\/#organization\",\"name\":\"captcha.eu\",\"url\":\"https:\/\/www.captcha.eu\/\",\"logo\":{\"@type\":\"ImageObject\",\"inLanguage\":\"es-ES\",\"@id\":\"https:\/\/www.captcha.eu\/#\/schema\/logo\/image\/\",\"url\":\"https:\/\/www.captcha.eu\/wp-content\/uploads\/2024\/02\/Captcha_mono-C_Logo.svg\",\"contentUrl\":\"https:\/\/www.captcha.eu\/wp-content\/uploads\/2024\/02\/Captcha_mono-C_Logo.svg\",\"width\":24,\"height\":28,\"caption\":\"captcha.eu\"},\"image\":{\"@id\":\"https:\/\/www.captcha.eu\/#\/schema\/logo\/image\/\"},\"sameAs\":[\"https:\/\/x.com\/captcha_eu\"]}]}<\/script>\n<!-- \/ Yoast SEO Premium plugin. -->","yoast_head_json":{"title":"Explicaci\u00f3n de las m\u00e9tricas clave del panel de control - captcha.eu","robots":{"index":"index","follow":"follow","max-snippet":"max-snippet:-1","max-image-preview":"max-image-preview:large","max-video-preview":"max-video-preview:-1"},"canonical":"https:\/\/www.captcha.eu\/es\/explicacion-de-las-metricas-clave-del-panel-de-estadisticas\/","og_locale":"es_ES","og_type":"article","og_title":"Dashboard Key Metrics Explained","og_description":"1. Valid The &#8220;Valid&#8221; status represents the volume of clean, legitimate requests that passed through our system without issue. These are requests where a real user successfully completed the captcha, validating that they are genuine. 2. Invalid Requests labeled &#8220;Invalid&#8221; signify that a challenge was presented to a bot or [&hellip;]","og_url":"https:\/\/www.captcha.eu\/es\/explicacion-de-las-metricas-clave-del-panel-de-estadisticas\/","og_site_name":"captcha.eu","article_modified_time":"2024-10-28T18:56:16+00:00","og_image":[{"url":"https:\/\/www.captcha.eu\/wp-content\/uploads\/2024\/10\/image.jpg","type":"","width":"","height":""}],"twitter_card":"summary_large_image","twitter_site":"@captcha_eu","twitter_misc":{"Est. reading time":"1 minute"},"schema":{"@context":"https:\/\/schema.org","@graph":[{"@type":"WebPage","@id":"https:\/\/www.captcha.eu\/stats-dashboard-key-metrics-explained\/","url":"https:\/\/www.captcha.eu\/stats-dashboard-key-metrics-explained\/","name":"Explicaci\u00f3n de las m\u00e9tricas clave del panel de control - captcha.eu","isPartOf":{"@id":"https:\/\/www.captcha.eu\/#website"},"primaryImageOfPage":{"@id":"https:\/\/www.captcha.eu\/stats-dashboard-key-metrics-explained\/#primaryimage"},"image":{"@id":"https:\/\/www.captcha.eu\/stats-dashboard-key-metrics-explained\/#primaryimage"},"thumbnailUrl":"https:\/\/www.captcha.eu\/wp-content\/uploads\/2024\/10\/image.jpg","datePublished":"2024-10-28T18:31:31+00:00","dateModified":"2024-10-28T18:56:16+00:00","breadcrumb":{"@id":"https:\/\/www.captcha.eu\/stats-dashboard-key-metrics-explained\/#breadcrumb"},"inLanguage":"es-ES","potentialAction":[{"@type":"ReadAction","target":["https:\/\/www.captcha.eu\/stats-dashboard-key-metrics-explained\/"]}]},{"@type":"ImageObject","inLanguage":"es-ES","@id":"https:\/\/www.captcha.eu\/stats-dashboard-key-metrics-explained\/#primaryimage","url":"https:\/\/www.captcha.eu\/wp-content\/uploads\/2024\/10\/image.jpg","contentUrl":"https:\/\/www.captcha.eu\/wp-content\/uploads\/2024\/10\/image.jpg"},{"@type":"BreadcrumbList","@id":"https:\/\/www.captcha.eu\/stats-dashboard-key-metrics-explained\/#breadcrumb","itemListElement":[{"@type":"ListItem","position":1,"name":"Home","item":"https:\/\/www.captcha.eu\/"},{"@type":"ListItem","position":2,"name":"Dashboard Key Metrics Explained"}]},{"@type":"WebSite","@id":"https:\/\/www.captcha.eu\/#website","url":"https:\/\/www.captcha.eu\/","name":"captcha.eu","description":"La protecci\u00f3n de mensajes conforme al GDPR | captcha.eu","publisher":{"@id":"https:\/\/www.captcha.eu\/#organization"},"potentialAction":[{"@type":"SearchAction","target":{"@type":"EntryPoint","urlTemplate":"https:\/\/www.captcha.eu\/?s={search_term_string}"},"query-input":{"@type":"PropertyValueSpecification","valueRequired":true,"valueName":"search_term_string"}}],"inLanguage":"es-ES"},{"@type":"Organization","@id":"https:\/\/www.captcha.eu\/#organization","name":"captcha.eu","url":"https:\/\/www.captcha.eu\/","logo":{"@type":"ImageObject","inLanguage":"es-ES","@id":"https:\/\/www.captcha.eu\/#\/schema\/logo\/image\/","url":"https:\/\/www.captcha.eu\/wp-content\/uploads\/2024\/02\/Captcha_mono-C_Logo.svg","contentUrl":"https:\/\/www.captcha.eu\/wp-content\/uploads\/2024\/02\/Captcha_mono-C_Logo.svg","width":24,"height":28,"caption":"captcha.eu"},"image":{"@id":"https:\/\/www.captcha.eu\/#\/schema\/logo\/image\/"},"sameAs":["https:\/\/x.com\/captcha_eu"]}]}},"pbg_featured_image_src":{"full":false,"thumbnail":false,"medium":false,"medium_large":false,"large":false,"1536x1536":false,"2048x2048":false,"trp-custom-language-flag":false},"pbg_author_info":{"display_name":"Captcha","author_link":"https:\/\/www.captcha.eu\/es\/author\/admin\/","author_img":"<img alt='Captcha' src='https:\/\/secure.gravatar.com\/avatar\/48b669a092d552f5f30202f8da848c93fa4c54f8c2b3167568ed5cbccbe4994a?s=128&#038;d=mm&#038;r=g' srcset='https:\/\/secure.gravatar.com\/avatar\/48b669a092d552f5f30202f8da848c93fa4c54f8c2b3167568ed5cbccbe4994a?s=256&#038;d=mm&#038;r=g 2x' class='avatar avatar-128 photo' height='128' width='128' loading='lazy' decoding='async'\/>"},"pbg_comment_info":" No Comments","pbg_excerpt":"1. Valid The &#8220;Valid&#8221; status represents the volume of clean, legitimate requests that passed through our system without issue. These are requests where a real user successfully completed the captcha, validating that they are genuine. 2. Invalid Requests labeled &#8220;Invalid&#8221; signify that a challenge was presented to a bot or [&hellip;]","_links":{"self":[{"href":"https:\/\/www.captcha.eu\/es\/wp-json\/wp\/v2\/pages\/1409","targetHints":{"allow":["GET"]}}],"collection":[{"href":"https:\/\/www.captcha.eu\/es\/wp-json\/wp\/v2\/pages"}],"about":[{"href":"https:\/\/www.captcha.eu\/es\/wp-json\/wp\/v2\/types\/page"}],"author":[{"embeddable":true,"href":"https:\/\/www.captcha.eu\/es\/wp-json\/wp\/v2\/users\/1"}],"replies":[{"embeddable":true,"href":"https:\/\/www.captcha.eu\/es\/wp-json\/wp\/v2\/comments?post=1409"}],"version-history":[{"count":1,"href":"https:\/\/www.captcha.eu\/es\/wp-json\/wp\/v2\/pages\/1409\/revisions"}],"predecessor-version":[{"id":1411,"href":"https:\/\/www.captcha.eu\/es\/wp-json\/wp\/v2\/pages\/1409\/revisions\/1411"}],"wp:attachment":[{"href":"https:\/\/www.captcha.eu\/es\/wp-json\/wp\/v2\/media?parent=1409"}],"curies":[{"name":"Gracias","href":"https:\/\/api.w.org\/{rel}","templated":true}]}}