{"id":1284,"date":"2024-08-30T07:59:28","date_gmt":"2024-08-30T07:59:28","guid":{"rendered":"https:\/\/www.captcha.eu\/?page_id=1284"},"modified":"2026-03-26T22:05:41","modified_gmt":"2026-03-26T22:05:41","slug":"complemento-captcha-para-neos","status":"publish","type":"page","link":"https:\/\/www.captcha.eu\/es\/complemento-captcha-para-neos\/","title":{"rendered":"CAPTCHA Plugin for NEOS - GDPR-compliant, no cookies, EU-hosted"},"content":{"rendered":"<div class=\"wp-block-essential-blocks-advanced-heading  root-eb-advance-heading-49g3a\"><div class=\"eb-parent-wrapper eb-parent-eb-advance-heading-49g3a\"><div class=\"eb-advance-heading-wrapper eb-advance-heading-49g3a button-1 undefined\" data-id=\"eb-advance-heading-49g3a\"><h2 class=\"eb-ah-title\"><span class=\"first-title\">M\u00e1xima protecci\u00f3n. F\u00e1cil integraci\u00f3n.<\/span><\/h2><h3 class=\"eb-ah-subtitle\">Su potente soluci\u00f3n captcha para mantener a raya a los bots y el spam<\/h3><div class=\"eb-ah-separator line\"><\/div><\/div><\/div><\/div>\n\n\n\n<div class=\"wp-block-media-text has-media-on-the-right is-stacked-on-mobile is-vertically-aligned-top\" style=\"grid-template-columns:auto 33%\"><div class=\"wp-block-media-text__content\">\n<p>Proteja instant\u00e1neamente su sitio: con el elegante y poderoso complemento captcha para NEOS, disfrutar\u00e1 de la m\u00e1xima <strong>Protecci\u00f3n contra el tr\u00e1fico no deseado y los delitos cibern\u00e9ticos<\/strong> en sus formularios de registro, inicio de sesi\u00f3n y contacto, manteniendo la facilidad de uso al 100 %, sin tener que resolver acertijos ni marcar casillas.<\/p>\n\n\n\n<div class=\"wp-block-essential-blocks-button root-eb-button-aoqhd\"><div class=\"eb-parent-wrapper eb-parent-eb-button-aoqhd\"><div class=\"eb-button-wrapper eb-button-alignment eb-button-aoqhd\"><div class=\"eb-button\"><div class=\"eb-button-inner-wrapper\"><a class=\"eb-button-anchor\" href=\"https:\/\/www.neos.io\/download-and-extend\/packages\/captcha-eu\/captcha-eu-neos.html\" rel=\"noopener\">Obtener el complemento<\/a><\/div><\/div><\/div><\/div><\/div>\n<\/div><figure class=\"wp-block-media-text__media\"><img loading=\"lazy\" decoding=\"async\" width=\"1024\" height=\"1024\" src=\"https:\/\/www.captcha.eu\/wp-content\/uploads\/2024\/02\/Neos-CMS-1024x1024.webp\" alt=\"\" class=\"wp-image-442 size-full\" srcset=\"https:\/\/www.captcha.eu\/wp-content\/uploads\/2024\/02\/Neos-CMS-1024x1024.webp 1024w, https:\/\/www.captcha.eu\/wp-content\/uploads\/2024\/02\/Neos-CMS-300x300.webp 300w, https:\/\/www.captcha.eu\/wp-content\/uploads\/2024\/02\/Neos-CMS-150x150.webp 150w, https:\/\/www.captcha.eu\/wp-content\/uploads\/2024\/02\/Neos-CMS-768x768.webp 768w, https:\/\/www.captcha.eu\/wp-content\/uploads\/2024\/02\/Neos-CMS-1536x1536.webp 1536w, https:\/\/www.captcha.eu\/wp-content\/uploads\/2024\/02\/Neos-CMS.webp 2000w\" sizes=\"auto, (max-width: 1024px) 100vw, 1024px\" \/><\/figure><\/div>\n\n\n\n<p>A diferencia de reCAPTCHA, captcha.eu no transfiere datos a EE.UU., no instala cookies y no requiere ning\u00fan banner de consentimiento en los formularios que protege. NEOS es un CMS de c\u00f3digo abierto con una s\u00f3lida base en Austria, Alemania y Suiza, construido por una comunidad que se toma en serio la flexibilidad editorial y la calidad t\u00e9cnica. Sus usuarios suelen ser agencias, instituciones p\u00fablicas y organizaciones que crean experiencias digitales a medida y no pueden permitirse renunciar a la protecci\u00f3n de datos. reCAPTCHA es incompatible con esa norma: env\u00eda los datos de los usuarios a trav\u00e9s de servidores estadounidenses, exige el consentimiento de las cookies en todos los formularios protegidos y crea una responsabilidad GDPR que resulta inc\u00f3moda en cualquier proyecto web europeo serio. captcha.eu se cre\u00f3 exactamente para este contexto. Alojado en Austria, sin procesar datos fuera de la UE, sin instalar cookies, funcionando de forma invisible en segundo plano para los usuarios reales, y con la certificaci\u00f3n WACA Silver de T\u00dcV Austria para el cumplimiento de la accesibilidad WCAG 2.2 AA verificada de forma independiente, es la elecci\u00f3n natural de CAPTCHA para los proyectos NEOS en los que la privacidad y la accesibilidad no son algo secundario.<\/p>\n\n\n\n<hr class=\"wp-block-separator has-alpha-channel-opacity\"\/>\n\n\n\n<h2 class=\"wp-block-heading has-large-font-size\" id=\"h-how-to-add-a-captcha-to-your-neos-site\">C\u00f3mo agregar un captcha a su sitio NEOS<\/h2>\n\n\n\n<p>M\u00e1xima protecci\u00f3n contra spam y bots, totalmente compatible con GDPR: Nuestro potente y f\u00e1cil de integrar plugin captcha para NEOS es la soluci\u00f3n captcha definitiva para a\u00f1adir instant\u00e1neamente una capa extra de seguridad a tu sitio web, todo con un solo clic. A continuaci\u00f3n le mostramos c\u00f3mo configurar el plugin captcha.eu en unos sencillos pasos:<\/p>\n\n\n\n<div class=\"wp-block-columns is-layout-flex wp-container-core-columns-is-layout-28f84493 wp-block-columns-is-layout-flex\">\n<div class=\"wp-block-column is-layout-flow wp-block-column-is-layout-flow\" style=\"flex-basis:100%\">\n<div class=\"wp-block-group is-content-justification-left is-nowrap is-layout-flex wp-container-core-group-is-layout-a1ed96d5 wp-block-group-is-layout-flex\">\n<h2 class=\"wp-block-heading\" id=\"h-1\">1<\/h2>\n\n\n\n<p class=\"has-link-color wp-elements-d5f5a9135ee15beb82bcb2d06b6e0460\"><a href=\"https:\/\/www.neos.io\/download-and-extend\/packages\/captcha-eu\/captcha-eu-neos.html\">Descargar el plugin<\/a> e instalarlo en NEOS a trav\u00e9s de Composer.<\/p>\n<\/div>\n\n\n\n<pre class=\"wp-block-code\"><code><code>$ composer require captcha-eu\/neos<\/code><\/code><\/pre>\n\n\n\n<div class=\"wp-block-group is-content-justification-left is-nowrap is-layout-flex wp-container-core-group-is-layout-a1ed96d5 wp-block-group-is-layout-flex\">\n<h2 class=\"wp-block-heading\" id=\"h-2\">2<\/h2>\n\n\n\n<p class=\"has-link-color wp-elements-2e5c1862bf2578b5072c61ab9bd18a64\">A continuaci\u00f3n, crea tu <strong><a href=\"http:\/\/www.captcha.eu\/es\/\">Cuenta captcha.eu<\/a><\/strong>Inicia sesi\u00f3n y ve a tu <a href=\"https:\/\/www.captcha.eu\/dashboard\/\">panel<\/a> a <strong>a\u00f1adir un nuevo dominio<\/strong>Esto generar\u00e1 un <strong>Clave REST y clave p\u00fablica<\/strong> \u2013 Los necesitar\u00e1s para configurar el complemento.<\/p>\n<\/div>\n\n\n\n<div class=\"wp-block-group is-nowrap is-layout-flex wp-container-core-group-is-layout-6c531013 wp-block-group-is-layout-flex\">\n<h2 class=\"wp-block-heading\" id=\"h-3\">3 <\/h2>\n\n\n\n<p class=\"has-link-color wp-elements-3240a25c3bbcc518c7fa95f535a07338\">Configura el complemento. Para ello, simplemente copia y pega la clave REST y la clave p\u00fablica de tu cuenta de captcha.eu en el campo correspondiente. <strong>Importante<\/strong>:En entornos de prueba, recomendamos estrictamente utilizar variables de entorno para configurar cada valor.<\/p>\n<\/div>\n\n\n\n<pre class=\"wp-block-code\"><code><code>CaptchaEU:\n  CaptchaEU:\n    publicKey: 'add-your-site-key'\n    restKey: 'add-your-secret-key'<\/code><\/code><\/pre>\n\n\n\n<div class=\"wp-block-group is-content-justification-left is-nowrap is-layout-flex wp-container-core-group-is-layout-a1ed96d5 wp-block-group-is-layout-flex\">\n<h2 class=\"wp-block-heading\" id=\"h-4\">4<\/h2>\n\n\n\n<p class=\"has-link-color wp-elements-5f9a4ca35af009e8a549cd94089c4df9\">En el backend de NEOS, <strong>crear un nuevo formulario<\/strong> utilizando Neos.Form.Builder. <strong>Agregar<\/strong> el <strong>captcha.eu<\/strong> complemento a \u201cElementos de formulario personalizados\u201d.<\/p>\n<\/div>\n\n\n\n<figure class=\"wp-block-image size-large is-resized\"><img decoding=\"async\" src=\"https:\/\/docs.captcha.eu\/files\/neos\/screen.png\" alt=\"\" style=\"width:789px;height:auto\"\/><\/figure>\n\n\n\n<div class=\"wp-block-group is-content-justification-left is-nowrap is-layout-flex wp-container-core-group-is-layout-a1ed96d5 wp-block-group-is-layout-flex\">\n<h2 class=\"wp-block-heading\" id=\"h-5\">5<\/h2>\n\n\n\n<p class=\"has-link-color wp-elements-d2b807491247477e1668e2ae9e70d436\">Ahora <strong>activar el plugin.<\/strong> para Neos.Form agregando el nuevo elemento de formulario a sus renderizables de definici\u00f3n de formulario. <strong>Consejo<\/strong>:Puede anular la configuraci\u00f3n de su clave p\u00fablica y REST en las propiedades del nodo. <\/p>\n<\/div>\n\n\n\n<pre class=\"wp-block-code\"><code><code>type: 'Neos.Form:Form'\nidentifier: someIdentifier\nlabel: Label\nrenderables:\n  -\n    type: 'Neos.Form:Page'\n    identifier: page-one\n    renderables:\n      -\n        type: 'CaptchaEU.CaptchaEU:Captcha'\n        identifier: captcha\n        label: Captcha\n        properties:\n          publicKey: your-public-key\n          restKey: your-private-key\nfinishers:\n  -<\/code><\/code><\/pre>\n\n\n\n<p><strong>\u00a1Eso es todo!<\/strong> El complemento Captcha.eu ya est\u00e1 configurado y listo para usarse en todos los formularios de su sitio NEOS. Si tiene problemas durante el proceso de instalaci\u00f3n o tiene m\u00e1s preguntas, estaremos encantados de ayudarle: simplemente p\u00f3ngase en contacto con nosotros a trav\u00e9s de nuestro <a href=\"https:\/\/www.captcha.eu\/es\/pongase-en-contacto-con\/\"><mark style=\"background-color:rgba(0, 0, 0, 0)\" class=\"has-inline-color has-primary-color\">formulario de contacto<\/mark><\/a> o chatear en l\u00ednea, o consultar nuestro <a href=\"https:\/\/docs.captcha.eu\/neos-install?id=captchaeu-integration-for-neos-form-framework\"><mark style=\"background-color:rgba(0, 0, 0, 0)\" class=\"has-inline-color has-primary-color\">documentaci\u00f3n detallada<\/mark><\/a> para obtener m\u00e1s orientaci\u00f3n y apoyo.<\/p>\n\n\n\n<hr class=\"wp-block-separator has-alpha-channel-opacity is-style-dots\"\/>\n\n\n\n<p class=\"has-link-color wp-elements-c0665975c7a6ec48b56dba96aa1f3072\">Mantenga sus formularios de registro, inicio de sesi\u00f3n y contacto protegidos en todo momento: ya sea uno o varios dominios, nuestros <strong>totalmente compatible con GDPR<\/strong>El complemento Captcha.eu f\u00e1cil de usar le ofrece todo lo que necesita <strong>Proteja su sitio NEOS contra bots y spam<\/strong> \u2013 Todo con un solo clic. Sin acertijos ni casillas para marcar. \u00a1Obtenga ahora el complemento Captcha para NEOS y descubra el poder de Captcha.eu!<\/p>\n\n\n\n<div class=\"wp-block-essential-blocks-button root-eb-button-hjckk\"><div class=\"eb-parent-wrapper eb-parent-eb-button-hjckk\"><div class=\"eb-button-wrapper eb-button-alignment eb-button-hjckk\"><div class=\"eb-button\"><div class=\"eb-button-inner-wrapper\"><a class=\"eb-button-anchor\" href=\"https:\/\/www.neos.io\/download-and-extend\/packages\/captcha-eu\/captcha-eu-neos.html\" rel=\"noopener\">Obtener el complemento<\/a><\/div><\/div><\/div><\/div><\/div>\n<\/div>\n<\/div>","protected":false},"excerpt":{"rendered":"<p>Unlike reCAPTCHA, captcha.eu transfers no data to the US, sets no cookies, and requires no consent banner on any form it protects. NEOS is an open-source CMS with a strong base in Austria, Germany, and Switzerland, built by a community that takes editorial flexibility and technical quality seriously. Its users [&hellip;]<\/p>\n","protected":false},"author":2,"featured_media":0,"parent":0,"menu_order":0,"comment_status":"closed","ping_status":"closed","template":"","meta":{"_acf_changed":false,"_eb_attr":"","footnotes":""},"class_list":["post-1284","page","type-page","status-publish","hentry"],"acf":[],"yoast_head":"<!-- This site is optimized with the Yoast SEO Premium plugin v27.0 (Yoast SEO v27.0) - https:\/\/yoast.com\/product\/yoast-seo-premium-wordpress\/ -->\n<title>Captcha Plugin for NEOS \u00bb Powerful Site Protection<\/title>\n<meta name=\"description\" content=\"Sleek &amp; powerful captcha plugin for your NEOS site \u279c fully GDPR-compliant \u2713 user-friendly \u2713 instant safeguard \u2713 maximum site protection \u2713\" \/>\n<meta name=\"robots\" content=\"index, follow, max-snippet:-1, max-image-preview:large, max-video-preview:-1\" \/>\n<link rel=\"canonical\" href=\"https:\/\/www.captcha.eu\/es\/complemento-captcha-para-neos\/\" \/>\n<meta property=\"og:locale\" content=\"es_ES\" \/>\n<meta property=\"og:type\" content=\"article\" \/>\n<meta property=\"og:title\" content=\"CAPTCHA Plugin for NEOS - GDPR-compliant, no cookies, EU-hosted\" \/>\n<meta property=\"og:description\" content=\"Sleek &amp; powerful captcha plugin for your NEOS site \u279c fully GDPR-compliant \u2713 user-friendly \u2713 instant safeguard \u2713 maximum site protection \u2713\" \/>\n<meta property=\"og:url\" content=\"https:\/\/www.captcha.eu\/es\/complemento-captcha-para-neos\/\" \/>\n<meta property=\"og:site_name\" content=\"captcha.eu\" \/>\n<meta property=\"article:modified_time\" content=\"2026-03-26T22:05:41+00:00\" \/>\n<meta property=\"og:image\" content=\"https:\/\/www.captcha.eu\/wp-content\/uploads\/2024\/02\/Neos-CMS.webp\" \/>\n\t<meta property=\"og:image:width\" content=\"2000\" \/>\n\t<meta property=\"og:image:height\" content=\"2000\" \/>\n\t<meta property=\"og:image:type\" content=\"image\/webp\" \/>\n<meta name=\"twitter:card\" content=\"summary_large_image\" \/>\n<meta name=\"twitter:site\" content=\"@captcha_eu\" \/>\n<meta name=\"twitter:label1\" content=\"Est. reading time\" \/>\n\t<meta name=\"twitter:data1\" content=\"3 minutes\" \/>\n<script type=\"application\/ld+json\" class=\"yoast-schema-graph\">{\"@context\":\"https:\/\/schema.org\",\"@graph\":[{\"@type\":\"WebPage\",\"@id\":\"https:\/\/www.captcha.eu\/captcha-plugin-for-neos\/\",\"url\":\"https:\/\/www.captcha.eu\/captcha-plugin-for-neos\/\",\"name\":\"Captcha Plugin for NEOS \u00bb Powerful Site Protection\",\"isPartOf\":{\"@id\":\"https:\/\/www.captcha.eu\/#website\"},\"primaryImageOfPage\":{\"@id\":\"https:\/\/www.captcha.eu\/captcha-plugin-for-neos\/#primaryimage\"},\"image\":{\"@id\":\"https:\/\/www.captcha.eu\/captcha-plugin-for-neos\/#primaryimage\"},\"thumbnailUrl\":\"https:\/\/www.captcha.eu\/wp-content\/uploads\/2024\/02\/Neos-CMS-1024x1024.webp\",\"datePublished\":\"2024-08-30T07:59:28+00:00\",\"dateModified\":\"2026-03-26T22:05:41+00:00\",\"description\":\"Sleek & powerful captcha plugin for your NEOS site \u279c fully GDPR-compliant \u2713 user-friendly \u2713 instant safeguard \u2713 maximum site protection \u2713\",\"breadcrumb\":{\"@id\":\"https:\/\/www.captcha.eu\/captcha-plugin-for-neos\/#breadcrumb\"},\"inLanguage\":\"es-ES\",\"potentialAction\":[{\"@type\":\"ReadAction\",\"target\":[\"https:\/\/www.captcha.eu\/captcha-plugin-for-neos\/\"]}]},{\"@type\":\"ImageObject\",\"inLanguage\":\"es-ES\",\"@id\":\"https:\/\/www.captcha.eu\/captcha-plugin-for-neos\/#primaryimage\",\"url\":\"https:\/\/www.captcha.eu\/wp-content\/uploads\/2024\/02\/Neos-CMS-1024x1024.webp\",\"contentUrl\":\"https:\/\/www.captcha.eu\/wp-content\/uploads\/2024\/02\/Neos-CMS-1024x1024.webp\"},{\"@type\":\"BreadcrumbList\",\"@id\":\"https:\/\/www.captcha.eu\/captcha-plugin-for-neos\/#breadcrumb\",\"itemListElement\":[{\"@type\":\"ListItem\",\"position\":1,\"name\":\"Home\",\"item\":\"https:\/\/www.captcha.eu\/\"},{\"@type\":\"ListItem\",\"position\":2,\"name\":\"CAPTCHA Plugin for NEOS &#8211; GDPR-compliant, no cookies, EU-hosted\"}]},{\"@type\":\"WebSite\",\"@id\":\"https:\/\/www.captcha.eu\/#website\",\"url\":\"https:\/\/www.captcha.eu\/\",\"name\":\"captcha.eu\",\"description\":\"The GDPR-compliant message protection | captcha.eu\",\"publisher\":{\"@id\":\"https:\/\/www.captcha.eu\/#organization\"},\"potentialAction\":[{\"@type\":\"SearchAction\",\"target\":{\"@type\":\"EntryPoint\",\"urlTemplate\":\"https:\/\/www.captcha.eu\/?s={search_term_string}\"},\"query-input\":{\"@type\":\"PropertyValueSpecification\",\"valueRequired\":true,\"valueName\":\"search_term_string\"}}],\"inLanguage\":\"es-ES\"},{\"@type\":\"Organization\",\"@id\":\"https:\/\/www.captcha.eu\/#organization\",\"name\":\"captcha.eu\",\"url\":\"https:\/\/www.captcha.eu\/\",\"logo\":{\"@type\":\"ImageObject\",\"inLanguage\":\"es-ES\",\"@id\":\"https:\/\/www.captcha.eu\/#\/schema\/logo\/image\/\",\"url\":\"https:\/\/www.captcha.eu\/wp-content\/uploads\/2024\/02\/Captcha_mono-C_Logo.svg\",\"contentUrl\":\"https:\/\/www.captcha.eu\/wp-content\/uploads\/2024\/02\/Captcha_mono-C_Logo.svg\",\"width\":24,\"height\":28,\"caption\":\"captcha.eu\"},\"image\":{\"@id\":\"https:\/\/www.captcha.eu\/#\/schema\/logo\/image\/\"},\"sameAs\":[\"https:\/\/x.com\/captcha_eu\"]}]}<\/script>\n<!-- \/ Yoast SEO Premium plugin. -->","yoast_head_json":{"title":"Plugin Captcha para NEOS \u00bb Protecci\u00f3n eficaz de sitios","description":"Plugin de captcha elegante y potente para su sitio NEOS \u279c totalmente compatible con GDPR \u2713 f\u00e1cil de usar \u2713 protecci\u00f3n instant\u00e1nea \u2713 m\u00e1xima protecci\u00f3n del sitio \u2713","robots":{"index":"index","follow":"follow","max-snippet":"max-snippet:-1","max-image-preview":"max-image-preview:large","max-video-preview":"max-video-preview:-1"},"canonical":"https:\/\/www.captcha.eu\/es\/complemento-captcha-para-neos\/","og_locale":"es_ES","og_type":"article","og_title":"CAPTCHA Plugin for NEOS - GDPR-compliant, no cookies, EU-hosted","og_description":"Sleek & powerful captcha plugin for your NEOS site \u279c fully GDPR-compliant \u2713 user-friendly \u2713 instant safeguard \u2713 maximum site protection \u2713","og_url":"https:\/\/www.captcha.eu\/es\/complemento-captcha-para-neos\/","og_site_name":"captcha.eu","article_modified_time":"2026-03-26T22:05:41+00:00","og_image":[{"width":2000,"height":2000,"url":"https:\/\/www.captcha.eu\/wp-content\/uploads\/2024\/02\/Neos-CMS.webp","type":"image\/webp"}],"twitter_card":"summary_large_image","twitter_site":"@captcha_eu","twitter_misc":{"Est. reading time":"3 minutes"},"schema":{"@context":"https:\/\/schema.org","@graph":[{"@type":"WebPage","@id":"https:\/\/www.captcha.eu\/captcha-plugin-for-neos\/","url":"https:\/\/www.captcha.eu\/captcha-plugin-for-neos\/","name":"Plugin Captcha para NEOS \u00bb Protecci\u00f3n eficaz de sitios","isPartOf":{"@id":"https:\/\/www.captcha.eu\/#website"},"primaryImageOfPage":{"@id":"https:\/\/www.captcha.eu\/captcha-plugin-for-neos\/#primaryimage"},"image":{"@id":"https:\/\/www.captcha.eu\/captcha-plugin-for-neos\/#primaryimage"},"thumbnailUrl":"https:\/\/www.captcha.eu\/wp-content\/uploads\/2024\/02\/Neos-CMS-1024x1024.webp","datePublished":"2024-08-30T07:59:28+00:00","dateModified":"2026-03-26T22:05:41+00:00","description":"Plugin de captcha elegante y potente para su sitio NEOS \u279c totalmente compatible con GDPR \u2713 f\u00e1cil de usar \u2713 protecci\u00f3n instant\u00e1nea \u2713 m\u00e1xima protecci\u00f3n del sitio \u2713","breadcrumb":{"@id":"https:\/\/www.captcha.eu\/captcha-plugin-for-neos\/#breadcrumb"},"inLanguage":"es-ES","potentialAction":[{"@type":"ReadAction","target":["https:\/\/www.captcha.eu\/captcha-plugin-for-neos\/"]}]},{"@type":"ImageObject","inLanguage":"es-ES","@id":"https:\/\/www.captcha.eu\/captcha-plugin-for-neos\/#primaryimage","url":"https:\/\/www.captcha.eu\/wp-content\/uploads\/2024\/02\/Neos-CMS-1024x1024.webp","contentUrl":"https:\/\/www.captcha.eu\/wp-content\/uploads\/2024\/02\/Neos-CMS-1024x1024.webp"},{"@type":"BreadcrumbList","@id":"https:\/\/www.captcha.eu\/captcha-plugin-for-neos\/#breadcrumb","itemListElement":[{"@type":"ListItem","position":1,"name":"Home","item":"https:\/\/www.captcha.eu\/"},{"@type":"ListItem","position":2,"name":"CAPTCHA Plugin for NEOS &#8211; GDPR-compliant, no cookies, EU-hosted"}]},{"@type":"WebSite","@id":"https:\/\/www.captcha.eu\/#website","url":"https:\/\/www.captcha.eu\/","name":"captcha.eu","description":"La protecci\u00f3n de mensajes conforme al GDPR | captcha.eu","publisher":{"@id":"https:\/\/www.captcha.eu\/#organization"},"potentialAction":[{"@type":"SearchAction","target":{"@type":"EntryPoint","urlTemplate":"https:\/\/www.captcha.eu\/?s={search_term_string}"},"query-input":{"@type":"PropertyValueSpecification","valueRequired":true,"valueName":"search_term_string"}}],"inLanguage":"es-ES"},{"@type":"Organization","@id":"https:\/\/www.captcha.eu\/#organization","name":"captcha.eu","url":"https:\/\/www.captcha.eu\/","logo":{"@type":"ImageObject","inLanguage":"es-ES","@id":"https:\/\/www.captcha.eu\/#\/schema\/logo\/image\/","url":"https:\/\/www.captcha.eu\/wp-content\/uploads\/2024\/02\/Captcha_mono-C_Logo.svg","contentUrl":"https:\/\/www.captcha.eu\/wp-content\/uploads\/2024\/02\/Captcha_mono-C_Logo.svg","width":24,"height":28,"caption":"captcha.eu"},"image":{"@id":"https:\/\/www.captcha.eu\/#\/schema\/logo\/image\/"},"sameAs":["https:\/\/x.com\/captcha_eu"]}]}},"pbg_featured_image_src":{"full":false,"thumbnail":false,"medium":false,"medium_large":false,"large":false,"1536x1536":false,"2048x2048":false,"trp-custom-language-flag":false},"pbg_author_info":{"display_name":"digitalisten","author_link":"https:\/\/www.captcha.eu\/es\/author\/digitalisten\/","author_img":"<img alt='digitalisten' src='https:\/\/secure.gravatar.com\/avatar\/bc31cf0308270e03455e0f85a3c84110811c227952cecb263b99808ed200063c?s=128&#038;d=mm&#038;r=g' srcset='https:\/\/secure.gravatar.com\/avatar\/bc31cf0308270e03455e0f85a3c84110811c227952cecb263b99808ed200063c?s=256&#038;d=mm&#038;r=g 2x' class='avatar avatar-128 photo' height='128' width='128' loading='lazy' decoding='async'\/>"},"pbg_comment_info":" No Comments","pbg_excerpt":"Unlike reCAPTCHA, captcha.eu transfers no data to the US, sets no cookies, and requires no consent banner on any form it protects. NEOS is an open-source CMS with a strong base in Austria, Germany, and Switzerland, built by a community that takes editorial flexibility and technical quality seriously. Its users [&hellip;]","_links":{"self":[{"href":"https:\/\/www.captcha.eu\/es\/wp-json\/wp\/v2\/pages\/1284","targetHints":{"allow":["GET"]}}],"collection":[{"href":"https:\/\/www.captcha.eu\/es\/wp-json\/wp\/v2\/pages"}],"about":[{"href":"https:\/\/www.captcha.eu\/es\/wp-json\/wp\/v2\/types\/page"}],"author":[{"embeddable":true,"href":"https:\/\/www.captcha.eu\/es\/wp-json\/wp\/v2\/users\/2"}],"replies":[{"embeddable":true,"href":"https:\/\/www.captcha.eu\/es\/wp-json\/wp\/v2\/comments?post=1284"}],"version-history":[{"count":7,"href":"https:\/\/www.captcha.eu\/es\/wp-json\/wp\/v2\/pages\/1284\/revisions"}],"predecessor-version":[{"id":3443,"href":"https:\/\/www.captcha.eu\/es\/wp-json\/wp\/v2\/pages\/1284\/revisions\/3443"}],"wp:attachment":[{"href":"https:\/\/www.captcha.eu\/es\/wp-json\/wp\/v2\/media?parent=1284"}],"curies":[{"name":"Gracias","href":"https:\/\/api.w.org\/{rel}","templated":true}]}}