{"id":1272,"date":"2024-08-30T07:39:26","date_gmt":"2024-08-30T07:39:26","guid":{"rendered":"https:\/\/www.captcha.eu\/?page_id=1272"},"modified":"2026-03-26T21:31:54","modified_gmt":"2026-03-26T21:31:54","slug":"complemento-captcha-adobe-commerce-magento","status":"publish","type":"page","link":"https:\/\/www.captcha.eu\/es\/complemento-captcha-adobe-commerce-magento\/","title":{"rendered":"CAPTCHA Plugin para Adobe Commerce y Magento 2 - GDPR-compliant, no cookies, EU-hosted"},"content":{"rendered":"<div class=\"wp-block-essential-blocks-advanced-heading  root-eb-advance-heading-49g3a\"><div class=\"eb-parent-wrapper eb-parent-eb-advance-heading-49g3a\"><div class=\"eb-advance-heading-wrapper eb-advance-heading-49g3a button-1 undefined\" data-id=\"eb-advance-heading-49g3a\"><h2 class=\"eb-ah-title\"><span class=\"first-title\">Protecci\u00f3n potente. F\u00e1cil integraci\u00f3n.<\/span><\/h2><h3 class=\"eb-ah-subtitle\">La soluci\u00f3n captcha definitiva para su tienda online<\/h3><div class=\"eb-ah-separator line\"><\/div><\/div><\/div><\/div>\n\n\n\n<div class=\"wp-block-media-text has-media-on-the-right is-stacked-on-mobile is-vertically-aligned-top\" style=\"grid-template-columns:auto 35%\"><div class=\"wp-block-media-text__content\">\n<p>Descubre el poder de los captcha para Adobe Commerce y Magento 2: protege eficazmente tus inicios de sesi\u00f3n, formularios de contacto y mucho m\u00e1s contra el spam, los bots y la ciberdelincuencia sin comprometer la experiencia del usuario. Sin cookies, sin rastreo - totalmente compatible con GDPR.<\/p>\n\n\n\n<div class=\"wp-block-essential-blocks-button root-eb-button-aoqhd\"><div class=\"eb-parent-wrapper eb-parent-eb-button-aoqhd\"><div class=\"eb-button-wrapper eb-button-alignment eb-button-aoqhd\"><div class=\"eb-button\"><div class=\"eb-button-inner-wrapper\"><a class=\"eb-button-anchor\" href=\"https:\/\/commercemarketplace.adobe.com\/captcha-eu-magento.html\" rel=\"noopener\">Obtener el complemento<\/a><\/div><\/div><\/div><\/div><\/div>\n<\/div><figure class=\"wp-block-media-text__media\"><img loading=\"lazy\" decoding=\"async\" width=\"357\" height=\"205\" src=\"https:\/\/www.captcha.eu\/wp-content\/uploads\/2024\/02\/image-7.png\" alt=\"\" class=\"wp-image-724 size-full\" srcset=\"https:\/\/www.captcha.eu\/wp-content\/uploads\/2024\/02\/image-7.png 357w, https:\/\/www.captcha.eu\/wp-content\/uploads\/2024\/02\/image-7-300x172.png 300w, https:\/\/www.captcha.eu\/wp-content\/uploads\/2024\/02\/image-7-18x10.png 18w\" sizes=\"auto, (max-width: 357px) 100vw, 357px\" \/><\/figure><\/div>\n\n\n\n<p>A diferencia de reCAPTCHA, captcha.eu no transfiere datos a EE.UU., no instala cookies y no requiere ning\u00fan banner de consentimiento en ninguna parte de su tienda. Adobe Commerce y Magento 2 impulsan miles de tiendas en l\u00ednea en toda Europa, desde minoristas medianos hasta cat\u00e1logos empresariales. Para todos ellos, el cumplimiento del GDPR es obligatorio y la experiencia de pago es fundamental. Al mismo tiempo, las tiendas Magento son un objetivo privilegiado para los ataques automatizados: carding, en el que los datos de tarjetas robadas se comprueban en la caja; registros de cuentas falsas; y spam de formularios que contamina las anal\u00edticas y aumenta los costes de soporte. captcha.eu protege exactamente esos puntos de entrada, el inicio de sesi\u00f3n, el registro, el restablecimiento de contrase\u00f1as, la suscripci\u00f3n a boletines y los formularios de caja, funcionando de forma invisible en segundo plano, sin enigmas ni fricciones para los clientes leg\u00edtimos. Est\u00e1 alojado \u00edntegramente en Austria, no procesa datos fuera de la UE, no instala cookies y cuenta con la certificaci\u00f3n WACA Silver de T\u00dcV Austria para el cumplimiento de la accesibilidad WCAG 2.2 AA verificada de forma independiente.<\/p>\n\n\n\n<h2 class=\"wp-block-heading has-large-font-size\" id=\"h-how-to-add-a-captcha-to-adobe-commerce-and-magento-2\">C\u00f3mo agregar un captcha a Adobe Commerce y Magento 2<\/h2>\n\n\n\n<p>Eficazmente <strong>Proteger inicios de sesi\u00f3n, formularios de contacto y m\u00e1s<\/strong> en todo su sitio <strong>Contra el tr\u00e1fico no deseado y el spam<\/strong> con el complemento captcha.eu. <strong>Pulcro<\/strong>, <strong>poderoso <\/strong>y dejar <strong>F\u00e1cil de integrar<\/strong>Nuestra soluci\u00f3n captcha le permite agregar una capa adicional de seguridad en un instante y poner fin a la tarea de marcar casillas y resolver acertijos. A continuaci\u00f3n, le indicamos c\u00f3mo configurar el complemento captcha para Adobe Commerce o Magento 2:<\/p>\n\n\n\n<div class=\"wp-block-columns is-layout-flex wp-container-core-columns-is-layout-28f84493 wp-block-columns-is-layout-flex\">\n<div class=\"wp-block-column is-layout-flow wp-block-column-is-layout-flow\" style=\"flex-basis:100%\">\n<div class=\"wp-block-group is-content-justification-left is-nowrap is-layout-flex wp-container-core-group-is-layout-a1ed96d5 wp-block-group-is-layout-flex\">\n<h2 class=\"wp-block-heading\" id=\"h-1\">1<\/h2>\n\n\n\n<p class=\"has-link-color wp-elements-f163e311de9c1e8c236836904f463731\">Primero, <a href=\"https:\/\/commercemarketplace.adobe.com\/captcha-eu-magento.html\">Descargar el complemento<\/a> Desde Commerce Marketplace. Si est\u00e1 configurando captcha.eu para Adobe Commerce, puede saltar al paso 4.<\/p>\n<\/div>\n\n\n\n<figure class=\"wp-block-image size-large is-resized\"><img decoding=\"async\" src=\"https:\/\/docs.captcha.eu\/files\/adobe-commerce-magento\/captcha-eu-marketplace.png\" alt=\"\" style=\"width:687px;height:auto\"\/><\/figure>\n\n\n\n<div class=\"wp-block-group is-content-justification-left is-nowrap is-layout-flex wp-container-core-group-is-layout-a1ed96d5 wp-block-group-is-layout-flex\">\n<h2 class=\"wp-block-heading\" id=\"h-2\">2<\/h2>\n\n\n\n<p class=\"has-link-color wp-elements-f1ef75caed7df150848d6356e5cff6ba\">Para instalar el complemento para Magento, necesitar\u00e1s <strong>utilizar Composer<\/strong> (que puedes descargar <a href=\"https:\/\/getcomposer.org\/\">aqu\u00ed<\/a>). Aseg\u00farese de que sus claves de acceso est\u00e9n configuradas correctamente, ya que Composer usar\u00e1 estas credenciales para conectarse y descargar la extensi\u00f3n desde Commerce Marketplace. Luego, vaya a su <strong>Consola\/Shell SSH<\/strong> y dejar <strong>instalar la extensi\u00f3n<\/strong> desde dentro de la carpeta \/magento. <strong>Nota<\/strong>:Captcha.eu requiere Magento 2.X.<\/p>\n<\/div>\n\n\n\n<pre class=\"wp-block-code\"><code>El compositor requiere captcha-eu\/magento<\/code><\/pre>\n\n\n\n<div class=\"wp-block-group is-content-justification-left is-nowrap is-layout-flex wp-container-core-group-is-layout-a1ed96d5 wp-block-group-is-layout-flex\">\n<h2 class=\"wp-block-heading\" id=\"h-3\">3<\/h2>\n\n\n\n<p class=\"has-link-color wp-elements-4fea0013e63bc2714f436a979bea62c9\">Despu\u00e9s de la instalaci\u00f3n, ejecute los siguientes comandos para actualizar su configuraci\u00f3n y acceder al complemento a trav\u00e9s del backend de Magento 2:<\/p>\n<\/div>\n\n\n\n<pre class=\"wp-block-code\"><code>configuraci\u00f3n de php bin\/magento:actualizar; configuraci\u00f3n de php bin\/magento:di:compilar; configuraci\u00f3n de php bin\/magento:static-content:implementar -f; cach\u00e9 de php bin\/magento:limpiar; cach\u00e9 de php bin\/magento:vaciar;<\/code><\/pre>\n\n\n\n<div class=\"wp-block-group is-content-justification-left is-nowrap is-layout-flex wp-container-core-group-is-layout-a1ed96d5 wp-block-group-is-layout-flex\">\n<h2 class=\"wp-block-heading\" id=\"h-4\">4<\/h2>\n\n\n\n<p class=\"has-link-color wp-elements-f531a0d6f686f038e28dc448f190b911\">Instala la extensi\u00f3n a trav\u00e9s de Composer (que puedes descargar) <a href=\"https:\/\/getcomposer.org\/\">aqu\u00ed<\/a>), utilizando el siguiente fragmento:<\/p>\n<\/div>\n\n\n\n<pre class=\"wp-block-code\"><code>El compositor requiere captcha-eu\/magento:1.0.0 --no-update<\/code><\/pre>\n\n\n\n<div class=\"wp-block-group is-content-justification-left is-nowrap is-layout-flex wp-container-core-group-is-layout-a1ed96d5 wp-block-group-is-layout-flex\">\n<h2 class=\"wp-block-heading\" id=\"h-5\">5<\/h2>\n\n\n\n<p class=\"has-link-color wp-elements-c846dfcfec9818e4f21364e7b849d0a8\">Comprueba el <strong>estado del m\u00f3dulo<\/strong> y establecer los par\u00e1metros requeridos (habilitar\/deshabilitar).<\/p>\n<\/div>\n\n\n\n<pre class=\"wp-block-code\"><code># habilitar m\u00f3dulo bin\/magento:habilitar CaptchaEU_Captcha # deshabilitar m\u00f3dulo bin\/magento:deshabilitar CaptchaEU_Captcha<\/code><\/pre>\n\n\n\n<div class=\"wp-block-group is-content-justification-left is-nowrap is-layout-flex wp-container-core-group-is-layout-a1ed96d5 wp-block-group-is-layout-flex\">\n<h2 class=\"wp-block-heading\" id=\"h-6\">6<\/h2>\n\n\n\n<p class=\"has-link-color wp-elements-4391d0740d55432e44b8df6833d31c8b\">A continuaci\u00f3n, necesitar\u00e1s <a href=\"http:\/\/www.captcha.eu\/es\/login\/\"><strong>Crear una cuenta Captcha.eu<\/strong><\/a>. Entonces <strong>podr\u00e1s acceder<\/strong> y vaya a \u201cdominios\u201d en su <a href=\"https:\/\/www.captcha.eu\/dashboard\/\">dashboard<\/a> a <strong>agregar<\/strong> el <strong>dominio<\/strong> que desea proteger. Esto generar\u00e1 una clave REST y una clave p\u00fablica. Luego, vuelva a la interfaz de administraci\u00f3n de Adobe Commerce o Magento 2. Por cierto: Su <strong>primeras 100 validaciones<\/strong> est\u00e1n completamente <strong>gratis<\/strong>!<\/p>\n<\/div>\n\n\n\n<div class=\"wp-block-group is-content-justification-left is-nowrap is-layout-flex wp-container-core-group-is-layout-a1ed96d5 wp-block-group-is-layout-flex\">\n<h2 class=\"wp-block-heading\" id=\"h-7\">7<\/h2>\n\n\n\n<p class=\"has-link-color wp-elements-a6d9ec8d3c61f4c02c7f4938eaaca9fc\">Ir a <strong>Tiendas &gt; Configuraci\u00f3n &gt; Captcha.eu<\/strong> en la interfaz de Adobe Commerce o Magento 2 para <strong>activar el plugin.<\/strong>Para ello, copie la clave REST y la clave p\u00fablica desde su panel de control de captcha.eu y p\u00e9guelas en los campos correspondientes en la configuraci\u00f3n de \u201cConfiguraci\u00f3n general\u201d. <\/p>\n<\/div>\n\n\n\n<figure class=\"wp-block-image size-large is-resized\"><img decoding=\"async\" src=\"https:\/\/docs.captcha.eu\/files\/adobe-commerce-magento\/settings-general.png\" alt=\"\" style=\"width:941px;height:auto\"\/><\/figure>\n\n\n\n<div class=\"wp-block-group is-content-justification-left is-nowrap is-layout-flex wp-container-core-group-is-layout-a1ed96d5 wp-block-group-is-layout-flex\">\n<h2 class=\"wp-block-heading\" id=\"h-8\">8<\/h2>\n\n\n\n<p class=\"has-link-color wp-elements-ee4b3f7cb102f9df608844f21384beb6\">Elige qu\u00e9 \u00e1reas de tu sitio quieres proteger usando captcha.eu. Esto incluye la protecci\u00f3n de todos tus inicios de sesi\u00f3n y formularios, incluidos los de registro, suscripci\u00f3n a boletines informativos, olvido de contrase\u00f1as y m\u00e1s. <\/p>\n<\/div>\n\n\n\n<figure class=\"wp-block-image size-large is-resized\"><img decoding=\"async\" src=\"https:\/\/docs.captcha.eu\/files\/adobe-commerce-magento\/settings-frontend.png\" alt=\"\" style=\"width:915px;height:auto\"\/><\/figure>\n\n\n\n<p class=\"has-link-color wp-elements-3831dbcaac5d8e3cfa80d27588891eee\"><strong>\u00a1Eso es todo!<\/strong> Su sitio Adobe Commerce\/Magento 2 ahora est\u00e1 protegido con el complemento Captcha.eu. Si tiene problemas durante el proceso de instalaci\u00f3n o tiene preguntas espec\u00edficas sobre el mismo, nuestro <a href=\"https:\/\/docs.captcha.eu\/adobecommerce-magento2-install?id=enabledisable-module\">documentaci\u00f3n detallada<\/a> est\u00e1 aqu\u00ed para ayudar. O simplemente comun\u00edquese con nosotros directamente para obtener orientaci\u00f3n y apoyo adicionales, ya sea a trav\u00e9s de nuestro <a href=\"https:\/\/www.captcha.eu\/es\/pongase-en-contacto-con\/\">formulario de contacto<\/a> o funci\u00f3n de chat en l\u00ednea.<\/p>\n\n\n\n<hr class=\"wp-block-separator has-alpha-channel-opacity is-style-dots\"\/>\n\n\n\n<p class=\"has-link-color wp-elements-355b7c1c82cdf2920305accbfd67a562\">Desde inicios de sesi\u00f3n hasta suscripciones a boletines informativos y formularios de contacto: Nuestro <strong>poderoso<\/strong>, <strong>F\u00e1cil de integrar<\/strong> El complemento captcha.eu es la soluci\u00f3n captcha definitiva para <strong>Proteja su sitio Adobe Commerce o Magento 2 contra el tr\u00e1fico no deseado y el spam<\/strong> \u2013 mientras pone a los clientes en primer lugar al eliminar la resoluci\u00f3n de acertijos y marcar casillas. Y lo mejor de todo: es totalmente compatible con&nbsp;<strong>Reglamento de protecci\u00f3n de datos de la UE<\/strong>Sin cookies ni seguimiento. \u00a1Descargue ahora el complemento captcha para Adobe Commerce o Magento 2!<\/p>\n\n\n\n<div class=\"wp-block-essential-blocks-button root-eb-button-hjckk\"><div class=\"eb-parent-wrapper eb-parent-eb-button-hjckk\"><div class=\"eb-button-wrapper eb-button-alignment eb-button-hjckk\"><div class=\"eb-button\"><div class=\"eb-button-inner-wrapper\"><a class=\"eb-button-anchor\" href=\"https:\/\/commercemarketplace.adobe.com\/captcha-eu-magento.html\" rel=\"noopener\">Obtener el complemento<\/a><\/div><\/div><\/div><\/div><\/div>\n<\/div>\n<\/div>\n\n\n\n<p><\/p>","protected":false},"excerpt":{"rendered":"<p>Unlike reCAPTCHA, captcha.eu transfers no data to the US, sets no cookies, and requires no consent banner anywhere in your store. Adobe Commerce and Magento 2 power thousands of online shops across Europe, from mid-market retailers to enterprise catalogues. For all of them, GDPR compliance is mandatory and checkout experience [&hellip;]<\/p>\n","protected":false},"author":2,"featured_media":0,"parent":0,"menu_order":0,"comment_status":"closed","ping_status":"closed","template":"","meta":{"_acf_changed":false,"_eb_attr":"","footnotes":""},"class_list":["post-1272","page","type-page","status-publish","hentry"],"acf":[],"yoast_head":"<!-- This site is optimized with the Yoast SEO Premium plugin v27.0 (Yoast SEO v27.0) - https:\/\/yoast.com\/product\/yoast-seo-premium-wordpress\/ -->\n<title>Captcha Plugin for Adobe Commerce &amp; Magento 2 \u00bb Get it now<\/title>\n<meta name=\"description\" content=\"Captcha plugin for Adobe Commerce &amp; Magento 2 \u279c fully GDPR-compliant \u2713 user-friendly \u2713 easy to use \u2713 protect sign-ups, logins &amp; contact forms.\" \/>\n<meta name=\"robots\" content=\"index, follow, max-snippet:-1, max-image-preview:large, max-video-preview:-1\" \/>\n<link rel=\"canonical\" href=\"https:\/\/www.captcha.eu\/es\/complemento-captcha-adobe-commerce-magento\/\" \/>\n<meta property=\"og:locale\" content=\"es_ES\" \/>\n<meta property=\"og:type\" content=\"article\" \/>\n<meta property=\"og:title\" content=\"CAPTCHA Plugin for Adobe Commerce &amp; Magento 2 - GDPR-compliant, no cookies, EU-hosted\" \/>\n<meta property=\"og:description\" content=\"Captcha plugin for Adobe Commerce &amp; Magento 2 \u279c fully GDPR-compliant \u2713 user-friendly \u2713 easy to use \u2713 protect sign-ups, logins &amp; contact forms.\" \/>\n<meta property=\"og:url\" content=\"https:\/\/www.captcha.eu\/es\/complemento-captcha-adobe-commerce-magento\/\" \/>\n<meta property=\"og:site_name\" content=\"captcha.eu\" \/>\n<meta property=\"article:modified_time\" content=\"2026-03-26T21:31:54+00:00\" \/>\n<meta property=\"og:image\" content=\"https:\/\/www.captcha.eu\/wp-content\/uploads\/2024\/02\/image-7.png\" \/>\n\t<meta property=\"og:image:width\" content=\"357\" \/>\n\t<meta property=\"og:image:height\" content=\"205\" \/>\n\t<meta property=\"og:image:type\" content=\"image\/png\" \/>\n<meta name=\"twitter:card\" content=\"summary_large_image\" \/>\n<meta name=\"twitter:site\" content=\"@captcha_eu\" \/>\n<meta name=\"twitter:label1\" content=\"Est. reading time\" \/>\n\t<meta name=\"twitter:data1\" content=\"4 minutes\" \/>\n<script type=\"application\/ld+json\" class=\"yoast-schema-graph\">{\"@context\":\"https:\/\/schema.org\",\"@graph\":[{\"@type\":\"WebPage\",\"@id\":\"https:\/\/www.captcha.eu\/captcha-plugin-adobe-commerce-magento\/\",\"url\":\"https:\/\/www.captcha.eu\/captcha-plugin-adobe-commerce-magento\/\",\"name\":\"Captcha Plugin for Adobe Commerce & Magento 2 \u00bb Get it now\",\"isPartOf\":{\"@id\":\"https:\/\/www.captcha.eu\/#website\"},\"primaryImageOfPage\":{\"@id\":\"https:\/\/www.captcha.eu\/captcha-plugin-adobe-commerce-magento\/#primaryimage\"},\"image\":{\"@id\":\"https:\/\/www.captcha.eu\/captcha-plugin-adobe-commerce-magento\/#primaryimage\"},\"thumbnailUrl\":\"https:\/\/www.captcha.eu\/wp-content\/uploads\/2024\/02\/image-7.png\",\"datePublished\":\"2024-08-30T07:39:26+00:00\",\"dateModified\":\"2026-03-26T21:31:54+00:00\",\"description\":\"Captcha plugin for Adobe Commerce & Magento 2 \u279c fully GDPR-compliant \u2713 user-friendly \u2713 easy to use \u2713 protect sign-ups, logins & contact forms.\",\"breadcrumb\":{\"@id\":\"https:\/\/www.captcha.eu\/captcha-plugin-adobe-commerce-magento\/#breadcrumb\"},\"inLanguage\":\"es-ES\",\"potentialAction\":[{\"@type\":\"ReadAction\",\"target\":[\"https:\/\/www.captcha.eu\/captcha-plugin-adobe-commerce-magento\/\"]}]},{\"@type\":\"ImageObject\",\"inLanguage\":\"es-ES\",\"@id\":\"https:\/\/www.captcha.eu\/captcha-plugin-adobe-commerce-magento\/#primaryimage\",\"url\":\"https:\/\/www.captcha.eu\/wp-content\/uploads\/2024\/02\/image-7.png\",\"contentUrl\":\"https:\/\/www.captcha.eu\/wp-content\/uploads\/2024\/02\/image-7.png\"},{\"@type\":\"BreadcrumbList\",\"@id\":\"https:\/\/www.captcha.eu\/captcha-plugin-adobe-commerce-magento\/#breadcrumb\",\"itemListElement\":[{\"@type\":\"ListItem\",\"position\":1,\"name\":\"Home\",\"item\":\"https:\/\/www.captcha.eu\/\"},{\"@type\":\"ListItem\",\"position\":2,\"name\":\"CAPTCHA Plugin for Adobe Commerce &amp; Magento 2 &#8211; GDPR-compliant, no cookies, EU-hosted\"}]},{\"@type\":\"WebSite\",\"@id\":\"https:\/\/www.captcha.eu\/#website\",\"url\":\"https:\/\/www.captcha.eu\/\",\"name\":\"captcha.eu\",\"description\":\"The GDPR-compliant message protection | captcha.eu\",\"publisher\":{\"@id\":\"https:\/\/www.captcha.eu\/#organization\"},\"potentialAction\":[{\"@type\":\"SearchAction\",\"target\":{\"@type\":\"EntryPoint\",\"urlTemplate\":\"https:\/\/www.captcha.eu\/?s={search_term_string}\"},\"query-input\":{\"@type\":\"PropertyValueSpecification\",\"valueRequired\":true,\"valueName\":\"search_term_string\"}}],\"inLanguage\":\"es-ES\"},{\"@type\":\"Organization\",\"@id\":\"https:\/\/www.captcha.eu\/#organization\",\"name\":\"captcha.eu\",\"url\":\"https:\/\/www.captcha.eu\/\",\"logo\":{\"@type\":\"ImageObject\",\"inLanguage\":\"es-ES\",\"@id\":\"https:\/\/www.captcha.eu\/#\/schema\/logo\/image\/\",\"url\":\"https:\/\/www.captcha.eu\/wp-content\/uploads\/2024\/02\/Captcha_mono-C_Logo.svg\",\"contentUrl\":\"https:\/\/www.captcha.eu\/wp-content\/uploads\/2024\/02\/Captcha_mono-C_Logo.svg\",\"width\":24,\"height\":28,\"caption\":\"captcha.eu\"},\"image\":{\"@id\":\"https:\/\/www.captcha.eu\/#\/schema\/logo\/image\/\"},\"sameAs\":[\"https:\/\/x.com\/captcha_eu\"]}]}<\/script>\n<!-- \/ Yoast SEO Premium plugin. -->","yoast_head_json":{"title":"Plugin Captcha para Adobe Commerce y Magento 2 \u00bb Cons\u00edguelo ahora","description":"Complemento Captcha para Adobe Commerce y Magento 2 \u279c totalmente compatible con GDPR \u2713 f\u00e1cil de usar \u2713 f\u00e1cil de usar \u2713 protege registros, inicios de sesi\u00f3n y formularios de contacto.","robots":{"index":"index","follow":"follow","max-snippet":"max-snippet:-1","max-image-preview":"max-image-preview:large","max-video-preview":"max-video-preview:-1"},"canonical":"https:\/\/www.captcha.eu\/es\/complemento-captcha-adobe-commerce-magento\/","og_locale":"es_ES","og_type":"article","og_title":"CAPTCHA Plugin for Adobe Commerce &amp; Magento 2 - GDPR-compliant, no cookies, EU-hosted","og_description":"Captcha plugin for Adobe Commerce & Magento 2 \u279c fully GDPR-compliant \u2713 user-friendly \u2713 easy to use \u2713 protect sign-ups, logins & contact forms.","og_url":"https:\/\/www.captcha.eu\/es\/complemento-captcha-adobe-commerce-magento\/","og_site_name":"captcha.eu","article_modified_time":"2026-03-26T21:31:54+00:00","og_image":[{"width":357,"height":205,"url":"https:\/\/www.captcha.eu\/wp-content\/uploads\/2024\/02\/image-7.png","type":"image\/png"}],"twitter_card":"summary_large_image","twitter_site":"@captcha_eu","twitter_misc":{"Est. reading time":"4 minutes"},"schema":{"@context":"https:\/\/schema.org","@graph":[{"@type":"WebPage","@id":"https:\/\/www.captcha.eu\/captcha-plugin-adobe-commerce-magento\/","url":"https:\/\/www.captcha.eu\/captcha-plugin-adobe-commerce-magento\/","name":"Plugin Captcha para Adobe Commerce y Magento 2 \u00bb Cons\u00edguelo ahora","isPartOf":{"@id":"https:\/\/www.captcha.eu\/#website"},"primaryImageOfPage":{"@id":"https:\/\/www.captcha.eu\/captcha-plugin-adobe-commerce-magento\/#primaryimage"},"image":{"@id":"https:\/\/www.captcha.eu\/captcha-plugin-adobe-commerce-magento\/#primaryimage"},"thumbnailUrl":"https:\/\/www.captcha.eu\/wp-content\/uploads\/2024\/02\/image-7.png","datePublished":"2024-08-30T07:39:26+00:00","dateModified":"2026-03-26T21:31:54+00:00","description":"Complemento Captcha para Adobe Commerce y Magento 2 \u279c totalmente compatible con GDPR \u2713 f\u00e1cil de usar \u2713 f\u00e1cil de usar \u2713 protege registros, inicios de sesi\u00f3n y formularios de contacto.","breadcrumb":{"@id":"https:\/\/www.captcha.eu\/captcha-plugin-adobe-commerce-magento\/#breadcrumb"},"inLanguage":"es-ES","potentialAction":[{"@type":"ReadAction","target":["https:\/\/www.captcha.eu\/captcha-plugin-adobe-commerce-magento\/"]}]},{"@type":"ImageObject","inLanguage":"es-ES","@id":"https:\/\/www.captcha.eu\/captcha-plugin-adobe-commerce-magento\/#primaryimage","url":"https:\/\/www.captcha.eu\/wp-content\/uploads\/2024\/02\/image-7.png","contentUrl":"https:\/\/www.captcha.eu\/wp-content\/uploads\/2024\/02\/image-7.png"},{"@type":"BreadcrumbList","@id":"https:\/\/www.captcha.eu\/captcha-plugin-adobe-commerce-magento\/#breadcrumb","itemListElement":[{"@type":"ListItem","position":1,"name":"Home","item":"https:\/\/www.captcha.eu\/"},{"@type":"ListItem","position":2,"name":"CAPTCHA Plugin for Adobe Commerce &amp; Magento 2 &#8211; GDPR-compliant, no cookies, EU-hosted"}]},{"@type":"WebSite","@id":"https:\/\/www.captcha.eu\/#website","url":"https:\/\/www.captcha.eu\/","name":"captcha.eu","description":"La protecci\u00f3n de mensajes conforme al GDPR | captcha.eu","publisher":{"@id":"https:\/\/www.captcha.eu\/#organization"},"potentialAction":[{"@type":"SearchAction","target":{"@type":"EntryPoint","urlTemplate":"https:\/\/www.captcha.eu\/?s={search_term_string}"},"query-input":{"@type":"PropertyValueSpecification","valueRequired":true,"valueName":"search_term_string"}}],"inLanguage":"es-ES"},{"@type":"Organization","@id":"https:\/\/www.captcha.eu\/#organization","name":"captcha.eu","url":"https:\/\/www.captcha.eu\/","logo":{"@type":"ImageObject","inLanguage":"es-ES","@id":"https:\/\/www.captcha.eu\/#\/schema\/logo\/image\/","url":"https:\/\/www.captcha.eu\/wp-content\/uploads\/2024\/02\/Captcha_mono-C_Logo.svg","contentUrl":"https:\/\/www.captcha.eu\/wp-content\/uploads\/2024\/02\/Captcha_mono-C_Logo.svg","width":24,"height":28,"caption":"captcha.eu"},"image":{"@id":"https:\/\/www.captcha.eu\/#\/schema\/logo\/image\/"},"sameAs":["https:\/\/x.com\/captcha_eu"]}]}},"pbg_featured_image_src":{"full":false,"thumbnail":false,"medium":false,"medium_large":false,"large":false,"1536x1536":false,"2048x2048":false,"trp-custom-language-flag":false},"pbg_author_info":{"display_name":"digitalisten","author_link":"https:\/\/www.captcha.eu\/es\/author\/digitalisten\/","author_img":"<img alt='digitalisten' src='https:\/\/secure.gravatar.com\/avatar\/bc31cf0308270e03455e0f85a3c84110811c227952cecb263b99808ed200063c?s=128&#038;d=mm&#038;r=g' srcset='https:\/\/secure.gravatar.com\/avatar\/bc31cf0308270e03455e0f85a3c84110811c227952cecb263b99808ed200063c?s=256&#038;d=mm&#038;r=g 2x' class='avatar avatar-128 photo' height='128' width='128' loading='lazy' decoding='async'\/>"},"pbg_comment_info":" No Comments","pbg_excerpt":"Unlike reCAPTCHA, captcha.eu transfers no data to the US, sets no cookies, and requires no consent banner anywhere in your store. Adobe Commerce and Magento 2 power thousands of online shops across Europe, from mid-market retailers to enterprise catalogues. For all of them, GDPR compliance is mandatory and checkout experience [&hellip;]","_links":{"self":[{"href":"https:\/\/www.captcha.eu\/es\/wp-json\/wp\/v2\/pages\/1272","targetHints":{"allow":["GET"]}}],"collection":[{"href":"https:\/\/www.captcha.eu\/es\/wp-json\/wp\/v2\/pages"}],"about":[{"href":"https:\/\/www.captcha.eu\/es\/wp-json\/wp\/v2\/types\/page"}],"author":[{"embeddable":true,"href":"https:\/\/www.captcha.eu\/es\/wp-json\/wp\/v2\/users\/2"}],"replies":[{"embeddable":true,"href":"https:\/\/www.captcha.eu\/es\/wp-json\/wp\/v2\/comments?post=1272"}],"version-history":[{"count":8,"href":"https:\/\/www.captcha.eu\/es\/wp-json\/wp\/v2\/pages\/1272\/revisions"}],"predecessor-version":[{"id":3437,"href":"https:\/\/www.captcha.eu\/es\/wp-json\/wp\/v2\/pages\/1272\/revisions\/3437"}],"wp:attachment":[{"href":"https:\/\/www.captcha.eu\/es\/wp-json\/wp\/v2\/media?parent=1272"}],"curies":[{"name":"Gracias","href":"https:\/\/api.w.org\/{rel}","templated":true}]}}