{"id":1249,"date":"2024-08-30T07:08:22","date_gmt":"2024-08-30T07:08:22","guid":{"rendered":"https:\/\/www.captcha.eu\/?page_id=1249"},"modified":"2024-08-30T07:21:24","modified_gmt":"2024-08-30T07:21:24","slug":"complemento-captcha-de-joomla","status":"publish","type":"page","link":"https:\/\/www.captcha.eu\/es\/complemento-captcha-de-joomla\/","title":{"rendered":"Complemento Captcha para Joomla"},"content":{"rendered":"<div class=\"wp-block-essential-blocks-advanced-heading  root-eb-advance-heading-49g3a\"><div class=\"eb-parent-wrapper eb-parent-eb-advance-heading-49g3a\"><div class=\"eb-advance-heading-wrapper eb-advance-heading-49g3a button-1\" data-id=\"eb-advance-heading-49g3a\"><h2 class=\"eb-ah-title\">Soluci\u00f3n captcha Joomla compatible con GDPR: f\u00e1cil de integrar.<\/h2><h3 class=\"eb-ah-subtitle\">M\u00e1xima protecci\u00f3n para formularios de contacto y registros<\/h3><div class=\"eb-ah-separator line\"><\/div><\/div><\/div><\/div>\n\n\n\n<div class=\"wp-block-media-text has-media-on-the-right is-stacked-on-mobile is-vertically-aligned-top\" style=\"grid-template-columns:auto 32%\"><div class=\"wp-block-media-text__content\">\n<p>Proteja su sitio web contra spam y tr\u00e1fico de bots no deseados con el complemento Captcha.eu para sus formularios de registro y contacto de Joomla: f\u00e1cil de usar, totalmente compatible con GDPR y listo para usar en un instante.<\/p>\n\n\n\n<div class=\"wp-block-essential-blocks-button  root-eb-button-aoqhd\"><div class=\"eb-parent-wrapper eb-parent-eb-button-aoqhd\"><div class=\"eb-button-wrapper eb-button-alignment eb-button-aoqhd\"><div class=\"eb-button\"><a class=\"eb-button-anchor\" href=\"https:\/\/extensions.joomla.org\/extension\/access-a-security\/captcha-eu\/\" rel=\"noopener\">Obtener el complemento<\/a><\/div><\/div><\/div><\/div>\n<\/div><figure class=\"wp-block-media-text__media\"><img loading=\"lazy\" decoding=\"async\" width=\"512\" height=\"512\" src=\"https:\/\/www.captcha.eu\/wp-content\/uploads\/2023\/09\/186_Joomla-512.webp\" alt=\"\" class=\"wp-image-400 size-full\" srcset=\"https:\/\/www.captcha.eu\/wp-content\/uploads\/2023\/09\/186_Joomla-512.webp 512w, https:\/\/www.captcha.eu\/wp-content\/uploads\/2023\/09\/186_Joomla-512-300x300.webp 300w, https:\/\/www.captcha.eu\/wp-content\/uploads\/2023\/09\/186_Joomla-512-150x150.webp 150w\" sizes=\"auto, (max-width: 512px) 100vw, 512px\" \/><\/figure><\/div>\n\n\n\n<h2 class=\"wp-block-heading has-large-font-size\" id=\"h-how-to-add-captcha-to-your-joomla-site\">C\u00f3mo agregar captcha a su sitio Joomla<\/h2>\n\n\n\n<p>El complemento Captcha.eu para Joomla es la soluci\u00f3n definitiva para <strong>Protecci\u00f3n captcha conforme al RGPD<\/strong>F\u00e1cil de usar y ofrece el m\u00e1s alto nivel de <strong>fiabilidad<\/strong>, proteger\u00e1 eficazmente su sitio <strong>Contra el tr\u00e1fico de bots no deseados<\/strong> \u2013 todo en unos pocos y sencillos pasos. Aqu\u00ed te explicamos c\u00f3mo configurar el complemento captcha en tu sitio Joomla:<\/p>\n\n\n\n<div class=\"wp-block-columns is-layout-flex wp-container-core-columns-is-layout-28f84493 wp-block-columns-is-layout-flex\">\n<div class=\"wp-block-column is-layout-flow wp-block-column-is-layout-flow\" style=\"flex-basis:100%\">\n<div class=\"wp-block-group is-content-justification-left is-nowrap is-layout-flex wp-container-core-group-is-layout-a1ed96d5 wp-block-group-is-layout-flex\">\n<h2 class=\"wp-block-heading\" id=\"h-1\">1<\/h2>\n\n\n\n<p class=\"has-link-color wp-elements-e4739c169a5c80ed32cf9093e1d9d19b\">Primero, descargue la \u00faltima versi\u00f3n del <a href=\"https:\/\/extensions.joomla.org\/extension\/access-a-security\/captcha-eu\/\">complemento.<\/a> desde <a href=\"https:\/\/extensions.joomla.org\/extension\/access-a-security\/captcha-eu\/\">Directorio de extensiones de Java<\/a>.<\/p>\n<\/div>\n\n\n\n<div class=\"wp-block-group is-content-justification-left is-nowrap is-layout-flex wp-container-core-group-is-layout-a1ed96d5 wp-block-group-is-layout-flex\">\n<h2 class=\"wp-block-heading\" id=\"h-2\">2<\/h2>\n\n\n\n<p class=\"has-link-color wp-elements-c43340c1b0a95f2a74fca1fb0403d17f\">Abra la interfaz de administraci\u00f3n de Joomla y vaya a <strong>Sistema &gt; Instalar &gt; Extensiones<\/strong>. Luego sube el archivo previamente descargado&nbsp;<strong>captacha_eu-latest.zip<\/strong> archivo y habilitar la extensi\u00f3n.<\/p>\n<\/div>\n\n\n\n<figure class=\"wp-block-image size-large\"><img decoding=\"async\" src=\"https:\/\/docs.captcha.eu\/files\/joomla\/s1.png\" alt=\"\"\/><\/figure>\n\n\n\n<figure class=\"wp-block-image size-large\"><img decoding=\"async\" src=\"https:\/\/docs.captcha.eu\/files\/joomla\/s2.png\" alt=\"\"\/><\/figure>\n\n\n\n<div class=\"wp-block-group is-nowrap is-layout-flex wp-container-core-group-is-layout-6c531013 wp-block-group-is-layout-flex\">\n<h2 class=\"wp-block-heading\" id=\"h-3\">3 <\/h2>\n\n\n\n<p class=\"has-link-color wp-elements-84d99b3d8ec2e555cf9576f18ee3d95f\">A continuaci\u00f3n, crea tu <strong>Cuenta captcha.eu<\/strong>Una vez que te hayas registrado, inicia sesi\u00f3n y ve a &quot;dominios&quot; en el <a href=\"https:\/\/www.captcha.eu\/dashboard\/\">panel<\/a> a <strong>a\u00f1adir un nuevo dominio<\/strong>Cuando hayas terminado, recibir\u00e1s un <strong>Clave de descanso y clave p\u00fablica<\/strong>Es bueno saber: \u00a1Las primeras 100 validaciones son completamente gratis!<\/p>\n<\/div>\n\n\n\n<div class=\"wp-block-group is-content-justification-left is-nowrap is-layout-flex wp-container-core-group-is-layout-a1ed96d5 wp-block-group-is-layout-flex\">\n<h2 class=\"wp-block-heading\" id=\"h-4\">4<\/h2>\n\n\n\n<p class=\"has-link-color wp-elements-bea67254ace52ed40015d218ffa05f18\">Regrese a la interfaz de administraci\u00f3n de Joomla y vaya a <strong>Sistema &gt; Plugins &gt; Captcha.eu<\/strong>Copia y pega la clave Rest y la clave p\u00fablica desde el panel de control de captcha.eu en la configuraci\u00f3n del complemento de Joomla. Si has introducido una o ambas claves de forma incorrecta, recibir\u00e1s una notificaci\u00f3n directamente en la p\u00e1gina.<\/p>\n<\/div>\n\n\n\n<figure class=\"wp-block-image size-large\"><img decoding=\"async\" src=\"https:\/\/docs.captcha.eu\/files\/joomla\/s3.png\" alt=\"\"\/><\/figure>\n\n\n\n<p class=\"has-link-color wp-elements-0d095e47cb5d2a9971f0e5bd6494ff37\"><strong>\u00a1Eso es todo!<\/strong> Tu plugin Captcha.eu ya est\u00e1 listo para usar. Si tienes alguna pregunta o problemas para configurar el plugin, nuestra gu\u00eda detallada <a href=\"https:\/\/docs.captcha.eu\/joomla-install\">documentaci\u00f3n detallada.<\/a> est\u00e1 a la mano. O <a href=\"https:\/\/www.captcha.eu\/es\/pongase-en-contacto-con\/\">Cont\u00e1ctenos directamente<\/a> para mayor orientaci\u00f3n y apoyo.<\/p>\n\n\n\n<hr class=\"wp-block-separator has-alpha-channel-opacity is-style-dots\"\/>\n\n\n\n<div class=\"wp-block-essential-blocks-advanced-heading  root-eb-advance-heading-vur0b\"><div class=\"eb-parent-wrapper eb-parent-eb-advance-heading-vur0b\"><div class=\"eb-advance-heading-wrapper eb-advance-heading-vur0b button-1\" data-id=\"eb-advance-heading-vur0b\"><h2 class=\"eb-ah-title\">Habilitar captcha para formularios y registros de Joomla<\/h2><h3 class=\"eb-ah-subtitle\">M\u00e1xima protecci\u00f3n contra bots: totalmente compatible con el RGPD<\/h3><\/div><\/div><\/div>\n\n\n\n<p>Haga que sus formularios de contacto y registros de Joomla sean un lugar m\u00e1s seguro: con Captcha.eu, no podr\u00eda ser m\u00e1s f\u00e1cil proteger su sitio contra bots y spam sin comprometer la experiencia del usuario. Para configurar el captcha predeterminado para registros y m\u00e1s, vaya a <strong>Sistema &gt; Configuraci\u00f3n global &gt; Captcha predeterminado<\/strong> y seleccione Captcha.eu del men\u00fa desplegable.<\/p>\n\n\n\n<figure class=\"wp-block-image size-large\"><img decoding=\"async\" src=\"https:\/\/docs.captcha.eu\/files\/joomla\/s4.png\" alt=\"\"\/><\/figure>\n\n\n\n<p>Para habilitar Captcha.eu en sus formularios de contacto, vaya a <strong>Sistema &gt; Configuraci\u00f3n global &gt; Contactos &gt; Formularios<\/strong> y nuevamente seleccione captcha.eu.<\/p>\n\n\n\n<h3 class=\"wp-block-heading\" id=\"h-add-captcha-to-rsforms\">A\u00f1adir captcha a <a href=\"https:\/\/docs.captcha.eu\/joomla-install?id=rsforms-beta\">\u00a1Formularios RS!<\/a><\/h3>\n\n\n\n<p class=\"has-link-color wp-elements-1e3fd12f19d779ecb55703ebadb57052\">Ya sea que est\u00e9s simplificando las cosas o creando elaborados formularios de contacto de varias p\u00e1ginas, captcha.eu tambi\u00e9n est\u00e1 disponible como complemento para RSForms!. Para habilitar nuestra extensi\u00f3n captcha.eu de RSForms!, descarga el archivo .zip<a href=\"https:\/\/docs.captcha.eu\/files\/joomla\/rsfpcaptchaeu.zip\"> aqu\u00ed<\/a> e inst\u00e1lelo en su sitio Joomla yendo a <strong>Sistema &gt; Extensiones &gt; Instalar<\/strong> y seleccionando <strong>Subir archivo de embalaje<\/strong>.<\/p>\n\n\n\n<figure class=\"wp-block-image size-large\"><img decoding=\"async\" src=\"https:\/\/docs.captcha.eu\/files\/joomla\/rsforms1.png\" alt=\"\"\/><\/figure>\n\n\n\n<p>Para configurar la extensi\u00f3n, vaya a <strong>RSForms! Pro &gt; Configurar<\/strong>, luego copia y <strong>Pegue la clave del sitio y la clave privada<\/strong> desde su panel de control de Captcha.eu en los campos correspondientes. A continuaci\u00f3n, <strong>\u00a1Agregue un campo a su RSForm!<\/strong> Dejando \u201ct\u00edtulo\u201d y \u201cdescripci\u00f3n\u201d en blanco, su captcha estar\u00e1 listo para la acci\u00f3n.<\/p>\n\n\n\n<figure class=\"wp-block-image size-large\"><img decoding=\"async\" src=\"https:\/\/docs.captcha.eu\/files\/joomla\/rsforms3.png\" alt=\"\"\/><\/figure>\n\n\n\n<figure class=\"wp-block-image size-large\"><img decoding=\"async\" src=\"https:\/\/docs.captcha.eu\/files\/joomla\/rsforms4.png\" alt=\"\"\/><\/figure>\n\n\n\n<p class=\"has-link-color wp-elements-efb90c8cbf0a0c167878052b34efcf0e\">\u00a1Y eso es todo! Para mayor soporte durante el proceso de instalaci\u00f3n, nuestro <a href=\"https:\/\/docs.captcha.eu\/wordpress-install\">documentaci\u00f3n detallada<\/a> est\u00e1 aqu\u00ed para ayudar. O p\u00f3ngase en contacto con nosotros a trav\u00e9s de nuestro <a href=\"https:\/\/www.captcha.eu\/es\/pongase-en-contacto-con\/\">formulario de contacto<\/a> \u2013 Nuestro servicio de atenci\u00f3n al cliente est\u00e1 siempre disponible para responder cualquier pregunta que pueda tener. <\/p>\n\n\n\n<p class=\"has-link-color wp-elements-bc1f0b96bc0b935b70fe62915d698e52\"><em><strong>Nota<\/strong>:La extensi\u00f3n captcha.eu de RSForms! es un complemento en versi\u00f3n beta. Si tiene alg\u00fan comentario, \u00a1nos encantar\u00eda saberlo! Cont\u00e1ctenos &gt; \n        <span class=\"captcha_mailhide_root\" title=\"Haga clic para ver el contenido\" data-payload=\"bk02SStoTDJ5ZzNxUUo5aytmclQxa0dLTUZibERBWUgvbHhudFUyZlJqYnYrRHZiTzhFQnY0eVJpd1NIK2NTMmZyOWtlUXFHYVVVeUlZSllqdURHRkVxd3EwSFhkKzRwMDh3WE9LM05OcGRYODlSN3c5S0tEVERreDhVajI3MzA=\" tabindex=\"0\">\n        <img class=\"inline_logo\" src=\"https:\/\/www.captcha.eu\/wp-content\/uploads\/2024\/02\/image-1.png\" width=\"10\" alt=\"Aqu\u00ed hay una direcci\u00f3n de correo electr\u00f3nico oculta. Haga clic en ella y la direcci\u00f3n legible aparecer\u00e1 en el mismo lugar en breve.\"  \/> <span aria-hidden=\"true\" aria-live=\"polite\" class=\"captcha_real_mail\" >mail...@....eu<\/span>\n            <span class=\"captcha_mailhide_slider inactive\"><\/span>\n            <span class=\"screen-reader-status\" aria-live=\"assertive\" style=\"position: absolute; left: -9999px;\"><\/span>\n        <\/span> \n    \n        .<\/em><\/p>\n\n\n\n<p class=\"has-link-color wp-elements-042566345cc95ef745b8667df0cdce71\">Disfrute de la tranquilidad de contar con nuestro <strong>Soluci\u00f3n captcha elegante y f\u00e1cil de usar<\/strong> para su sitio Joomla: con una gran cantidad de <strong>Opciones de configuraci\u00f3n<\/strong> Disponible, sus registros y formularios de contacto se beneficiar\u00e1n <strong>M\u00e1xima protecci\u00f3n contra bots y spam<\/strong> \u2013 ya no es necesario marcar casillas ni resolver acertijos. \u00a1Obtenga el complemento captcha de Joomla ahora!<\/p>\n\n\n\n<div class=\"wp-block-essential-blocks-button  root-eb-button-hjckk\"><div class=\"eb-parent-wrapper eb-parent-eb-button-hjckk\"><div class=\"eb-button-wrapper eb-button-alignment eb-button-hjckk\"><div class=\"eb-button\"><a class=\"eb-button-anchor\" href=\"https:\/\/extensions.joomla.org\/extension\/access-a-security\/captcha-eu\/\" rel=\"noopener\">Obtener el complemento<\/a><\/div><\/div><\/div><\/div>\n<\/div>\n<\/div>","protected":false},"excerpt":{"rendered":"<p>How to add captcha to your Joomla site The Captcha.eu plugin for Joomla is the ultimate solution for GDPR-compliant captcha protection. Easy to use and offering the highest level of reliability, it will effectively safeguard your site against unwanted bot traffic \u2013 all in a few simple steps. Here&#8217;s how [&hellip;]<\/p>\n","protected":false},"author":2,"featured_media":0,"parent":0,"menu_order":0,"comment_status":"closed","ping_status":"closed","template":"","meta":{"_acf_changed":false,"_eb_attr":"","footnotes":""},"class_list":["post-1249","page","type-page","status-publish","hentry"],"acf":[],"yoast_head":"<!-- This site is optimized with the Yoast SEO Premium plugin v27.0 (Yoast SEO v27.0) - https:\/\/yoast.com\/product\/yoast-seo-premium-wordpress\/ -->\n<title>Captcha Plugin for Joomla \u00bb GDPR compliant &amp; user-friendly<\/title>\n<meta name=\"description\" content=\"Our Joomla captcha plugin safeguards your sign-ups &amp; contact forms \u279c fully GDPR-compliant \u2713 user-friendly \u2713 stopping cybercrime, fraud &amp; bot traffic.\" \/>\n<meta name=\"robots\" content=\"index, follow, max-snippet:-1, max-image-preview:large, max-video-preview:-1\" \/>\n<link rel=\"canonical\" href=\"https:\/\/www.captcha.eu\/es\/complemento-captcha-de-joomla\/\" \/>\n<meta property=\"og:locale\" content=\"es_ES\" \/>\n<meta property=\"og:type\" content=\"article\" \/>\n<meta property=\"og:title\" content=\"Joomla Captcha Plugin\" \/>\n<meta property=\"og:description\" content=\"Our Joomla captcha plugin safeguards your sign-ups &amp; contact forms \u279c fully GDPR-compliant \u2713 user-friendly \u2713 stopping cybercrime, fraud &amp; bot traffic.\" \/>\n<meta property=\"og:url\" content=\"https:\/\/www.captcha.eu\/es\/complemento-captcha-de-joomla\/\" \/>\n<meta property=\"og:site_name\" content=\"captcha.eu\" \/>\n<meta property=\"article:modified_time\" content=\"2024-08-30T07:21:24+00:00\" \/>\n<meta property=\"og:image\" content=\"https:\/\/www.captcha.eu\/wp-content\/uploads\/2023\/09\/186_Joomla-512.webp\" \/>\n<meta name=\"twitter:card\" content=\"summary_large_image\" \/>\n<meta name=\"twitter:site\" content=\"@captcha_eu\" \/>\n<meta name=\"twitter:label1\" content=\"Est. reading time\" \/>\n\t<meta name=\"twitter:data1\" content=\"5 minutes\" \/>\n<script type=\"application\/ld+json\" class=\"yoast-schema-graph\">{\"@context\":\"https:\/\/schema.org\",\"@graph\":[{\"@type\":\"TechArticle\",\"@id\":\"https:\/\/www.captcha.eu\/joomla-captcha-plugin\/#article\",\"isPartOf\":{\"@id\":\"https:\/\/www.captcha.eu\/joomla-captcha-plugin\/\"},\"author\":{\"name\":\"digitalisten\",\"@id\":\"https:\/\/www.captcha.eu\/#\/schema\/person\/e50ab7952ea73f0533284a5ac7c85f09\"},\"headline\":\"Joomla Captcha Plugin\",\"datePublished\":\"2024-08-30T07:08:22+00:00\",\"dateModified\":\"2024-08-30T07:21:24+00:00\",\"mainEntityOfPage\":{\"@id\":\"https:\/\/www.captcha.eu\/joomla-captcha-plugin\/\"},\"wordCount\":599,\"publisher\":{\"@id\":\"https:\/\/www.captcha.eu\/#organization\"},\"image\":{\"@id\":\"https:\/\/www.captcha.eu\/joomla-captcha-plugin\/#primaryimage\"},\"thumbnailUrl\":\"https:\/\/www.captcha.eu\/wp-content\/uploads\/2023\/09\/186_Joomla-512.webp\",\"inLanguage\":\"es-ES\"},{\"@type\":\"WebPage\",\"@id\":\"https:\/\/www.captcha.eu\/joomla-captcha-plugin\/\",\"url\":\"https:\/\/www.captcha.eu\/joomla-captcha-plugin\/\",\"name\":\"Captcha Plugin for Joomla \u00bb GDPR compliant & user-friendly\",\"isPartOf\":{\"@id\":\"https:\/\/www.captcha.eu\/#website\"},\"primaryImageOfPage\":{\"@id\":\"https:\/\/www.captcha.eu\/joomla-captcha-plugin\/#primaryimage\"},\"image\":{\"@id\":\"https:\/\/www.captcha.eu\/joomla-captcha-plugin\/#primaryimage\"},\"thumbnailUrl\":\"https:\/\/www.captcha.eu\/wp-content\/uploads\/2023\/09\/186_Joomla-512.webp\",\"datePublished\":\"2024-08-30T07:08:22+00:00\",\"dateModified\":\"2024-08-30T07:21:24+00:00\",\"description\":\"Our Joomla captcha plugin safeguards your sign-ups & contact forms \u279c fully GDPR-compliant \u2713 user-friendly \u2713 stopping cybercrime, fraud & bot traffic.\",\"breadcrumb\":{\"@id\":\"https:\/\/www.captcha.eu\/joomla-captcha-plugin\/#breadcrumb\"},\"inLanguage\":\"es-ES\",\"potentialAction\":[{\"@type\":\"ReadAction\",\"target\":[\"https:\/\/www.captcha.eu\/joomla-captcha-plugin\/\"]}]},{\"@type\":\"ImageObject\",\"inLanguage\":\"es-ES\",\"@id\":\"https:\/\/www.captcha.eu\/joomla-captcha-plugin\/#primaryimage\",\"url\":\"https:\/\/www.captcha.eu\/wp-content\/uploads\/2023\/09\/186_Joomla-512.webp\",\"contentUrl\":\"https:\/\/www.captcha.eu\/wp-content\/uploads\/2023\/09\/186_Joomla-512.webp\"},{\"@type\":\"BreadcrumbList\",\"@id\":\"https:\/\/www.captcha.eu\/joomla-captcha-plugin\/#breadcrumb\",\"itemListElement\":[{\"@type\":\"ListItem\",\"position\":1,\"name\":\"Home\",\"item\":\"https:\/\/www.captcha.eu\/\"},{\"@type\":\"ListItem\",\"position\":2,\"name\":\"Joomla Captcha Plugin\"}]},{\"@type\":\"WebSite\",\"@id\":\"https:\/\/www.captcha.eu\/#website\",\"url\":\"https:\/\/www.captcha.eu\/\",\"name\":\"captcha.eu\",\"description\":\"The GDPR-compliant message protection | captcha.eu\",\"publisher\":{\"@id\":\"https:\/\/www.captcha.eu\/#organization\"},\"potentialAction\":[{\"@type\":\"SearchAction\",\"target\":{\"@type\":\"EntryPoint\",\"urlTemplate\":\"https:\/\/www.captcha.eu\/?s={search_term_string}\"},\"query-input\":{\"@type\":\"PropertyValueSpecification\",\"valueRequired\":true,\"valueName\":\"search_term_string\"}}],\"inLanguage\":\"es-ES\"},{\"@type\":\"Organization\",\"@id\":\"https:\/\/www.captcha.eu\/#organization\",\"name\":\"captcha.eu\",\"url\":\"https:\/\/www.captcha.eu\/\",\"logo\":{\"@type\":\"ImageObject\",\"inLanguage\":\"es-ES\",\"@id\":\"https:\/\/www.captcha.eu\/#\/schema\/logo\/image\/\",\"url\":\"https:\/\/www.captcha.eu\/wp-content\/uploads\/2024\/02\/Captcha_mono-C_Logo.svg\",\"contentUrl\":\"https:\/\/www.captcha.eu\/wp-content\/uploads\/2024\/02\/Captcha_mono-C_Logo.svg\",\"width\":24,\"height\":28,\"caption\":\"captcha.eu\"},\"image\":{\"@id\":\"https:\/\/www.captcha.eu\/#\/schema\/logo\/image\/\"},\"sameAs\":[\"https:\/\/x.com\/captcha_eu\"]},{\"@type\":\"Person\",\"@id\":\"https:\/\/www.captcha.eu\/#\/schema\/person\/e50ab7952ea73f0533284a5ac7c85f09\",\"name\":\"digitalisten\",\"image\":{\"@type\":\"ImageObject\",\"inLanguage\":\"es-ES\",\"@id\":\"https:\/\/www.captcha.eu\/#\/schema\/person\/image\/\",\"url\":\"https:\/\/secure.gravatar.com\/avatar\/bc31cf0308270e03455e0f85a3c84110811c227952cecb263b99808ed200063c?s=96&d=mm&r=g\",\"contentUrl\":\"https:\/\/secure.gravatar.com\/avatar\/bc31cf0308270e03455e0f85a3c84110811c227952cecb263b99808ed200063c?s=96&d=mm&r=g\",\"caption\":\"digitalisten\"},\"url\":\"https:\/\/www.captcha.eu\/es\/author\/digitalisten\/\"}]}<\/script>\n<!-- \/ Yoast SEO Premium plugin. -->","yoast_head_json":{"title":"Plugin Captcha para Joomla \u00bb Cumple con la normativa GDPR y es f\u00e1cil de usar","description":"Nuestro complemento captcha para Joomla protege sus registros y formularios de contacto \u279c totalmente compatible con GDPR \u2713 f\u00e1cil de usar \u2713 detiene el ciberdelito, el fraude y el tr\u00e1fico de bots.","robots":{"index":"index","follow":"follow","max-snippet":"max-snippet:-1","max-image-preview":"max-image-preview:large","max-video-preview":"max-video-preview:-1"},"canonical":"https:\/\/www.captcha.eu\/es\/complemento-captcha-de-joomla\/","og_locale":"es_ES","og_type":"article","og_title":"Joomla Captcha Plugin","og_description":"Our Joomla captcha plugin safeguards your sign-ups & contact forms \u279c fully GDPR-compliant \u2713 user-friendly \u2713 stopping cybercrime, fraud & bot traffic.","og_url":"https:\/\/www.captcha.eu\/es\/complemento-captcha-de-joomla\/","og_site_name":"captcha.eu","article_modified_time":"2024-08-30T07:21:24+00:00","og_image":[{"url":"https:\/\/www.captcha.eu\/wp-content\/uploads\/2023\/09\/186_Joomla-512.webp","type":"","width":"","height":""}],"twitter_card":"summary_large_image","twitter_site":"@captcha_eu","twitter_misc":{"Est. reading time":"5 minutes"},"schema":{"@context":"https:\/\/schema.org","@graph":[{"@type":"TechArticle","@id":"https:\/\/www.captcha.eu\/joomla-captcha-plugin\/#article","isPartOf":{"@id":"https:\/\/www.captcha.eu\/joomla-captcha-plugin\/"},"author":{"name":"digitalisten","@id":"https:\/\/www.captcha.eu\/#\/schema\/person\/e50ab7952ea73f0533284a5ac7c85f09"},"headline":"Joomla Captcha Plugin","datePublished":"2024-08-30T07:08:22+00:00","dateModified":"2024-08-30T07:21:24+00:00","mainEntityOfPage":{"@id":"https:\/\/www.captcha.eu\/joomla-captcha-plugin\/"},"wordCount":599,"publisher":{"@id":"https:\/\/www.captcha.eu\/#organization"},"image":{"@id":"https:\/\/www.captcha.eu\/joomla-captcha-plugin\/#primaryimage"},"thumbnailUrl":"https:\/\/www.captcha.eu\/wp-content\/uploads\/2023\/09\/186_Joomla-512.webp","inLanguage":"es-ES"},{"@type":"WebPage","@id":"https:\/\/www.captcha.eu\/joomla-captcha-plugin\/","url":"https:\/\/www.captcha.eu\/joomla-captcha-plugin\/","name":"Plugin Captcha para Joomla \u00bb Cumple con la normativa GDPR y es f\u00e1cil de usar","isPartOf":{"@id":"https:\/\/www.captcha.eu\/#website"},"primaryImageOfPage":{"@id":"https:\/\/www.captcha.eu\/joomla-captcha-plugin\/#primaryimage"},"image":{"@id":"https:\/\/www.captcha.eu\/joomla-captcha-plugin\/#primaryimage"},"thumbnailUrl":"https:\/\/www.captcha.eu\/wp-content\/uploads\/2023\/09\/186_Joomla-512.webp","datePublished":"2024-08-30T07:08:22+00:00","dateModified":"2024-08-30T07:21:24+00:00","description":"Nuestro complemento captcha para Joomla protege sus registros y formularios de contacto \u279c totalmente compatible con GDPR \u2713 f\u00e1cil de usar \u2713 detiene el ciberdelito, el fraude y el tr\u00e1fico de bots.","breadcrumb":{"@id":"https:\/\/www.captcha.eu\/joomla-captcha-plugin\/#breadcrumb"},"inLanguage":"es-ES","potentialAction":[{"@type":"ReadAction","target":["https:\/\/www.captcha.eu\/joomla-captcha-plugin\/"]}]},{"@type":"ImageObject","inLanguage":"es-ES","@id":"https:\/\/www.captcha.eu\/joomla-captcha-plugin\/#primaryimage","url":"https:\/\/www.captcha.eu\/wp-content\/uploads\/2023\/09\/186_Joomla-512.webp","contentUrl":"https:\/\/www.captcha.eu\/wp-content\/uploads\/2023\/09\/186_Joomla-512.webp"},{"@type":"BreadcrumbList","@id":"https:\/\/www.captcha.eu\/joomla-captcha-plugin\/#breadcrumb","itemListElement":[{"@type":"ListItem","position":1,"name":"Home","item":"https:\/\/www.captcha.eu\/"},{"@type":"ListItem","position":2,"name":"Joomla Captcha Plugin"}]},{"@type":"WebSite","@id":"https:\/\/www.captcha.eu\/#website","url":"https:\/\/www.captcha.eu\/","name":"captcha.eu","description":"La protecci\u00f3n de mensajes conforme al GDPR | captcha.eu","publisher":{"@id":"https:\/\/www.captcha.eu\/#organization"},"potentialAction":[{"@type":"SearchAction","target":{"@type":"EntryPoint","urlTemplate":"https:\/\/www.captcha.eu\/?s={search_term_string}"},"query-input":{"@type":"PropertyValueSpecification","valueRequired":true,"valueName":"search_term_string"}}],"inLanguage":"es-ES"},{"@type":"Organization","@id":"https:\/\/www.captcha.eu\/#organization","name":"captcha.eu","url":"https:\/\/www.captcha.eu\/","logo":{"@type":"ImageObject","inLanguage":"es-ES","@id":"https:\/\/www.captcha.eu\/#\/schema\/logo\/image\/","url":"https:\/\/www.captcha.eu\/wp-content\/uploads\/2024\/02\/Captcha_mono-C_Logo.svg","contentUrl":"https:\/\/www.captcha.eu\/wp-content\/uploads\/2024\/02\/Captcha_mono-C_Logo.svg","width":24,"height":28,"caption":"captcha.eu"},"image":{"@id":"https:\/\/www.captcha.eu\/#\/schema\/logo\/image\/"},"sameAs":["https:\/\/x.com\/captcha_eu"]},{"@type":"Person","@id":"https:\/\/www.captcha.eu\/#\/schema\/person\/e50ab7952ea73f0533284a5ac7c85f09","name":"digitalista","image":{"@type":"ImageObject","inLanguage":"es-ES","@id":"https:\/\/www.captcha.eu\/#\/schema\/person\/image\/","url":"https:\/\/secure.gravatar.com\/avatar\/bc31cf0308270e03455e0f85a3c84110811c227952cecb263b99808ed200063c?s=96&d=mm&r=g","contentUrl":"https:\/\/secure.gravatar.com\/avatar\/bc31cf0308270e03455e0f85a3c84110811c227952cecb263b99808ed200063c?s=96&d=mm&r=g","caption":"digitalisten"},"url":"https:\/\/www.captcha.eu\/es\/author\/digitalisten\/"}]}},"pbg_featured_image_src":{"full":false,"thumbnail":false,"medium":false,"medium_large":false,"large":false,"1536x1536":false,"2048x2048":false,"trp-custom-language-flag":false},"pbg_author_info":{"display_name":"digitalisten","author_link":"https:\/\/www.captcha.eu\/es\/author\/digitalisten\/","author_img":"<img alt='digitalisten' src='https:\/\/secure.gravatar.com\/avatar\/bc31cf0308270e03455e0f85a3c84110811c227952cecb263b99808ed200063c?s=128&#038;d=mm&#038;r=g' srcset='https:\/\/secure.gravatar.com\/avatar\/bc31cf0308270e03455e0f85a3c84110811c227952cecb263b99808ed200063c?s=256&#038;d=mm&#038;r=g 2x' class='avatar avatar-128 photo' height='128' width='128' loading='lazy' decoding='async'\/>"},"pbg_comment_info":" No Comments","pbg_excerpt":"How to add captcha to your Joomla site The Captcha.eu plugin for Joomla is the ultimate solution for GDPR-compliant captcha protection. Easy to use and offering the highest level of reliability, it will effectively safeguard your site against unwanted bot traffic \u2013 all in a few simple steps. Here&#8217;s how [&hellip;]","_links":{"self":[{"href":"https:\/\/www.captcha.eu\/es\/wp-json\/wp\/v2\/pages\/1249","targetHints":{"allow":["GET"]}}],"collection":[{"href":"https:\/\/www.captcha.eu\/es\/wp-json\/wp\/v2\/pages"}],"about":[{"href":"https:\/\/www.captcha.eu\/es\/wp-json\/wp\/v2\/types\/page"}],"author":[{"embeddable":true,"href":"https:\/\/www.captcha.eu\/es\/wp-json\/wp\/v2\/users\/2"}],"replies":[{"embeddable":true,"href":"https:\/\/www.captcha.eu\/es\/wp-json\/wp\/v2\/comments?post=1249"}],"version-history":[{"count":11,"href":"https:\/\/www.captcha.eu\/es\/wp-json\/wp\/v2\/pages\/1249\/revisions"}],"predecessor-version":[{"id":1308,"href":"https:\/\/www.captcha.eu\/es\/wp-json\/wp\/v2\/pages\/1249\/revisions\/1308"}],"wp:attachment":[{"href":"https:\/\/www.captcha.eu\/es\/wp-json\/wp\/v2\/media?parent=1249"}],"curies":[{"name":"Gracias","href":"https:\/\/api.w.org\/{rel}","templated":true}]}}