{"id":799,"date":"2024-02-26T19:17:34","date_gmt":"2024-02-26T19:17:34","guid":{"rendered":"https:\/\/wp.captcha.eu\/?page_id=799"},"modified":"2024-03-26T13:35:02","modified_gmt":"2024-03-26T13:35:02","slug":"kekse","status":"publish","type":"page","link":"https:\/\/www.captcha.eu\/de\/kekse\/","title":{"rendered":"Cookies und elektronische Identifikationsdaten"},"content":{"rendered":"<h2 class=\"wp-block-heading\">Was sind Cookies und elektronische Identifikationsdaten?<\/h2>\n\n\n\n<p>Ein Cookie ist eine Reihenfolge von Zeichen und Ziffern welche im Browser des Users unter einem festgelegten Namen gespeichert werden. Bei jedem Ladevorgang verschickt der Browser, wenn vom User nicht anders eingestellt, automatisch alle Informationen welche f\u00fcr den korrekten Aufbau aller Inhalte der angefragten Seite erforderlich sein k\u00f6nnten. Dies beinhaltet IP-Adresse, diverse Ger\u00e4teinformationen (wie UserAgent, Betriebssystem, Browser, Endger\u00e4t) sowie den Namen und Inhalt aller technisch bereitgestellten Cookies und Identifier.<\/p>\n\n\n\n<p>Manche Cookies sind nur f\u00fcr die aktuell aufgerufene Seite auslesbar (1st party cookies), andere Cookies k\u00f6nnen unabh\u00e4ngig von der momentan besuchten Seite ausgelesen und gespeichert werden (3rd party cookies). captcha.eu wird alles technisch m\u00f6gliche tun um die Nutzung von 3rd party cookies ausschliesslich nach Zustimmung des Users zu erm\u00f6glichen. Cookies erhalten automatisch eine maximale Lebensdauer. Diese maximale Lebensdauer erneuert sich bei jeder Nutzung des Cookies durch den Cookie Initiator. Die konkrete Laufzeit des Cookies wird vom Initiator des Cookies festgelegt, nach Ablauf der Laufzeit l\u00f6scht der Browser das Cookie ohne weiteres zutun.<\/p>\n\n\n\n<h2 class=\"wp-block-heading\">F\u00fcr was werden Cookies verwendet?<\/h2>\n\n\n\n<p>Cookies helfen dabei das Nutzungsverhalten auf einer Internetseite zu verbessern bzw. niederschwelliger zu gestalten. Individuelle Seiteneinstellungen oder der Nutzername werden in Cookies gespeichert und beim erneuten aufrufen der Seite automatisch ber\u00fccksichtigt bzw. vorgeschlagen. Weiters dienen Cookies dazu die Reichweite (Anzahl) an Benutzern einer Seite statistisch zu erfassen sowie um Seiteninhalte (z.B. Artikelempfehlungen) zu personalisieren. Auch f\u00fcr (personalisierte) Werbung und Werbeerfolgmessung kommen Cookies zum Einsatz.<\/p>\n\n\n\n<h2 class=\"wp-block-heading\">F\u00fcr was werden elektronische Identifikationsdaten verwendet?<\/h2>\n\n\n\n<p>Die Verarbeitung von Ger\u00e4teinformationen dient dazu die Seiteninhalte auf das jeweilige Endger\u00e4t des Nutzers anzupassen. Dies k\u00f6nnen eine f\u00fcr das Endger\u00e4t optimierte Version der Seite oder einzelne individualisierte Seiteninhalte sein.<\/p>\n\n\n\n<h2 class=\"wp-block-heading\">F\u00fcr welche Zwecke Cookies und Verarbeitung von elektronischen Identifikationsdaten auf captcha.eu eingesetzt?<\/h2>\n\n\n\n<ul class=\"wp-block-list\">\n<li>Notwendig\n<ul class=\"wp-block-list\">\n<li>captcha.eu setzt Cookies und elektronische Identifikationsdaten f\u00fcr eine korrekte und sichere Darstellung der Seite ein. Hierzu z\u00e4hlt die Darstellung des Seiteninhaltes, die Abwehr von etwaigen Cyberangriffen sowie die sichere Abwicklung des Bezahlvorgangs. Etwaige Cookies unseres Zahlungsabwicklers \u2018Stripe\u2019 werden ausschliesslich auf der Seite der Zahlungsabwicklung gesetzt.<\/li>\n<\/ul>\n<\/li>\n\n\n\n<li>Werbung\n<ul class=\"wp-block-list\">\n<li>captcha.eu setzt bzw. verarbeitet keine Werbecookies.<\/li>\n<\/ul>\n<\/li>\n\n\n\n<li>Webanalyse\n<ul class=\"wp-block-list\">\n<li>captcha.eu nutzt Webanalyse Software um die Performance der Webseite sowie einzelner Artikel zu erheben. Diese Daten dienen der internen Erfolgsmessung und helfen bei der Verbesserung unseres Produktes. captcha.eu setzt Webanalyse nur nach Zustimmung des Nutzers in unserer Datenschutz-Einstellungen ein.<\/li>\n<\/ul>\n<\/li>\n<\/ul>\n\n\n\n<h3 class=\"wp-block-heading\">Der Widerruf der Zustimmung zur Verarbeitung ist jederzeit \u00fcber unsere Datenschutz-Einstellungen m\u00f6glich. Bereits gespeicherte Cookies k\u00f6nnen jederzeit im Browser unter \u2018Einstellungen\u2018 gel\u00f6scht werden.<\/h3>","protected":false},"excerpt":{"rendered":"<p>What are cookies and electronic identification data? A cookie is a sequence of characters and digits that are stored in the user&#8217;s browser browser under a specified name. With each loading process, the browser automatically sends, if not otherwise set by the user automatically sends all the information that may [&hellip;]<\/p>\n","protected":false},"author":1,"featured_media":0,"parent":0,"menu_order":0,"comment_status":"closed","ping_status":"closed","template":"","meta":{"_acf_changed":false,"_eb_attr":"","footnotes":""},"class_list":["post-799","page","type-page","status-publish","hentry"],"acf":[],"yoast_head":"<!-- This site is optimized with the Yoast SEO Premium plugin v27.0 (Yoast SEO v27.0) - https:\/\/yoast.com\/product\/yoast-seo-premium-wordpress\/ -->\n<title>Captcha Cookies \u00bb All about electronic identification data<\/title>\n<meta name=\"description\" content=\"All about Captcha cookies &amp; electronic identification data \u279c Definition, application &amp; use explained \u2713 Consent &amp; settings on Captcha.eu \u2713 Learn more!\" \/>\n<meta name=\"robots\" content=\"index, follow, max-snippet:-1, max-image-preview:large, max-video-preview:-1\" \/>\n<link rel=\"canonical\" href=\"https:\/\/www.captcha.eu\/de\/kekse\/\" \/>\n<meta property=\"og:locale\" content=\"de_DE\" \/>\n<meta property=\"og:type\" content=\"article\" \/>\n<meta property=\"og:title\" content=\"Cookies and electronic identification data\" \/>\n<meta property=\"og:description\" content=\"All about Captcha cookies &amp; electronic identification data \u279c Definition, application &amp; use explained \u2713 Consent &amp; settings on Captcha.eu \u2713 Learn more!\" \/>\n<meta property=\"og:url\" content=\"https:\/\/www.captcha.eu\/de\/kekse\/\" \/>\n<meta property=\"og:site_name\" content=\"captcha.eu\" \/>\n<meta property=\"article:modified_time\" content=\"2024-03-26T13:35:02+00:00\" \/>\n<meta name=\"twitter:card\" content=\"summary_large_image\" \/>\n<meta name=\"twitter:site\" content=\"@captcha_eu\" \/>\n<meta name=\"twitter:label1\" content=\"Est. reading time\" \/>\n\t<meta name=\"twitter:data1\" content=\"3 minutes\" \/>\n<script type=\"application\/ld+json\" class=\"yoast-schema-graph\">{\"@context\":\"https:\/\/schema.org\",\"@graph\":[{\"@type\":\"WebPage\",\"@id\":\"https:\/\/www.captcha.eu\/cookies\/\",\"url\":\"https:\/\/www.captcha.eu\/cookies\/\",\"name\":\"Captcha Cookies \u00bb All about electronic identification data\",\"isPartOf\":{\"@id\":\"https:\/\/www.captcha.eu\/#website\"},\"datePublished\":\"2024-02-26T19:17:34+00:00\",\"dateModified\":\"2024-03-26T13:35:02+00:00\",\"description\":\"All about Captcha cookies & electronic identification data \u279c Definition, application & use explained \u2713 Consent & settings on Captcha.eu \u2713 Learn more!\",\"breadcrumb\":{\"@id\":\"https:\/\/www.captcha.eu\/cookies\/#breadcrumb\"},\"inLanguage\":\"de-DE\",\"potentialAction\":[{\"@type\":\"ReadAction\",\"target\":[\"https:\/\/www.captcha.eu\/cookies\/\"]}]},{\"@type\":\"BreadcrumbList\",\"@id\":\"https:\/\/www.captcha.eu\/cookies\/#breadcrumb\",\"itemListElement\":[{\"@type\":\"ListItem\",\"position\":1,\"name\":\"Home\",\"item\":\"https:\/\/www.captcha.eu\/\"},{\"@type\":\"ListItem\",\"position\":2,\"name\":\"Cookies and electronic identification data\"}]},{\"@type\":\"WebSite\",\"@id\":\"https:\/\/www.captcha.eu\/#website\",\"url\":\"https:\/\/www.captcha.eu\/\",\"name\":\"captcha.eu\",\"description\":\"The GDPR-compliant message protection | captcha.eu\",\"publisher\":{\"@id\":\"https:\/\/www.captcha.eu\/#organization\"},\"potentialAction\":[{\"@type\":\"SearchAction\",\"target\":{\"@type\":\"EntryPoint\",\"urlTemplate\":\"https:\/\/www.captcha.eu\/?s={search_term_string}\"},\"query-input\":{\"@type\":\"PropertyValueSpecification\",\"valueRequired\":true,\"valueName\":\"search_term_string\"}}],\"inLanguage\":\"de-DE\"},{\"@type\":\"Organization\",\"@id\":\"https:\/\/www.captcha.eu\/#organization\",\"name\":\"captcha.eu\",\"url\":\"https:\/\/www.captcha.eu\/\",\"logo\":{\"@type\":\"ImageObject\",\"inLanguage\":\"de-DE\",\"@id\":\"https:\/\/www.captcha.eu\/#\/schema\/logo\/image\/\",\"url\":\"https:\/\/www.captcha.eu\/wp-content\/uploads\/2024\/02\/Captcha_mono-C_Logo.svg\",\"contentUrl\":\"https:\/\/www.captcha.eu\/wp-content\/uploads\/2024\/02\/Captcha_mono-C_Logo.svg\",\"width\":24,\"height\":28,\"caption\":\"captcha.eu\"},\"image\":{\"@id\":\"https:\/\/www.captcha.eu\/#\/schema\/logo\/image\/\"},\"sameAs\":[\"https:\/\/x.com\/captcha_eu\"]}]}<\/script>\n<!-- \/ Yoast SEO Premium plugin. -->","yoast_head_json":{"title":"Captcha-Cookies \u00bb Alles \u00fcber elektronische Identifikationsdaten","description":"Alles \u00fcber Captcha-Cookies &amp; elektronische Identifikationsdaten \u279c Definition, Anwendung &amp; Verwendung erkl\u00e4rt \u2713 Einwilligung &amp; Einstellungen auf Captcha.eu \u2713 Erfahren Sie mehr!","robots":{"index":"index","follow":"follow","max-snippet":"max-snippet:-1","max-image-preview":"max-image-preview:large","max-video-preview":"max-video-preview:-1"},"canonical":"https:\/\/www.captcha.eu\/de\/kekse\/","og_locale":"de_DE","og_type":"article","og_title":"Cookies and electronic identification data","og_description":"All about Captcha cookies & electronic identification data \u279c Definition, application & use explained \u2713 Consent & settings on Captcha.eu \u2713 Learn more!","og_url":"https:\/\/www.captcha.eu\/de\/kekse\/","og_site_name":"captcha.eu","article_modified_time":"2024-03-26T13:35:02+00:00","twitter_card":"summary_large_image","twitter_site":"@captcha_eu","twitter_misc":{"Est. reading time":"3 minutes"},"schema":{"@context":"https:\/\/schema.org","@graph":[{"@type":"WebPage","@id":"https:\/\/www.captcha.eu\/cookies\/","url":"https:\/\/www.captcha.eu\/cookies\/","name":"Captcha-Cookies \u00bb Alles \u00fcber elektronische Identifikationsdaten","isPartOf":{"@id":"https:\/\/www.captcha.eu\/#website"},"datePublished":"2024-02-26T19:17:34+00:00","dateModified":"2024-03-26T13:35:02+00:00","description":"Alles \u00fcber Captcha-Cookies &amp; elektronische Identifikationsdaten \u279c Definition, Anwendung &amp; Verwendung erkl\u00e4rt \u2713 Einwilligung &amp; Einstellungen auf Captcha.eu \u2713 Erfahren Sie mehr!","breadcrumb":{"@id":"https:\/\/www.captcha.eu\/cookies\/#breadcrumb"},"inLanguage":"de-DE","potentialAction":[{"@type":"ReadAction","target":["https:\/\/www.captcha.eu\/cookies\/"]}]},{"@type":"BreadcrumbList","@id":"https:\/\/www.captcha.eu\/cookies\/#breadcrumb","itemListElement":[{"@type":"ListItem","position":1,"name":"Home","item":"https:\/\/www.captcha.eu\/"},{"@type":"ListItem","position":2,"name":"Cookies and electronic identification data"}]},{"@type":"WebSite","@id":"https:\/\/www.captcha.eu\/#website","url":"https:\/\/www.captcha.eu\/","name":"ist captcha.eu","description":"Der DSGVO-konforme Nachrichtenschutz | captcha.eu","publisher":{"@id":"https:\/\/www.captcha.eu\/#organization"},"potentialAction":[{"@type":"SearchAction","target":{"@type":"EntryPoint","urlTemplate":"https:\/\/www.captcha.eu\/?s={search_term_string}"},"query-input":{"@type":"PropertyValueSpecification","valueRequired":true,"valueName":"search_term_string"}}],"inLanguage":"de-DE"},{"@type":"Organization","@id":"https:\/\/www.captcha.eu\/#organization","name":"ist captcha.eu","url":"https:\/\/www.captcha.eu\/","logo":{"@type":"ImageObject","inLanguage":"de-DE","@id":"https:\/\/www.captcha.eu\/#\/schema\/logo\/image\/","url":"https:\/\/www.captcha.eu\/wp-content\/uploads\/2024\/02\/Captcha_mono-C_Logo.svg","contentUrl":"https:\/\/www.captcha.eu\/wp-content\/uploads\/2024\/02\/Captcha_mono-C_Logo.svg","width":24,"height":28,"caption":"captcha.eu"},"image":{"@id":"https:\/\/www.captcha.eu\/#\/schema\/logo\/image\/"},"sameAs":["https:\/\/x.com\/captcha_eu"]}]}},"pbg_featured_image_src":{"full":false,"thumbnail":false,"medium":false,"medium_large":false,"large":false,"1536x1536":false,"2048x2048":false,"trp-custom-language-flag":false},"pbg_author_info":{"display_name":"Captcha","author_link":"https:\/\/www.captcha.eu\/de\/author\/admin\/","author_img":"<img alt='Captcha' src='https:\/\/secure.gravatar.com\/avatar\/48b669a092d552f5f30202f8da848c93fa4c54f8c2b3167568ed5cbccbe4994a?s=128&#038;d=mm&#038;r=g' srcset='https:\/\/secure.gravatar.com\/avatar\/48b669a092d552f5f30202f8da848c93fa4c54f8c2b3167568ed5cbccbe4994a?s=256&#038;d=mm&#038;r=g 2x' class='avatar avatar-128 photo' height='128' width='128' loading='lazy' decoding='async'\/>"},"pbg_comment_info":" No Comments","pbg_excerpt":"What are cookies and electronic identification data? A cookie is a sequence of characters and digits that are stored in the user&#8217;s browser browser under a specified name. With each loading process, the browser automatically sends, if not otherwise set by the user automatically sends all the information that may [&hellip;]","_links":{"self":[{"href":"https:\/\/www.captcha.eu\/de\/wp-json\/wp\/v2\/pages\/799","targetHints":{"allow":["GET"]}}],"collection":[{"href":"https:\/\/www.captcha.eu\/de\/wp-json\/wp\/v2\/pages"}],"about":[{"href":"https:\/\/www.captcha.eu\/de\/wp-json\/wp\/v2\/types\/page"}],"author":[{"embeddable":true,"href":"https:\/\/www.captcha.eu\/de\/wp-json\/wp\/v2\/users\/1"}],"replies":[{"embeddable":true,"href":"https:\/\/www.captcha.eu\/de\/wp-json\/wp\/v2\/comments?post=799"}],"version-history":[{"count":1,"href":"https:\/\/www.captcha.eu\/de\/wp-json\/wp\/v2\/pages\/799\/revisions"}],"predecessor-version":[{"id":800,"href":"https:\/\/www.captcha.eu\/de\/wp-json\/wp\/v2\/pages\/799\/revisions\/800"}],"wp:attachment":[{"href":"https:\/\/www.captcha.eu\/de\/wp-json\/wp\/v2\/media?parent=799"}],"curies":[{"name":"wp","href":"https:\/\/api.w.org\/{rel}","templated":true}]}}