{"id":649,"date":"2024-02-25T21:20:13","date_gmt":"2024-02-25T21:20:13","guid":{"rendered":"https:\/\/wp.captcha.eu\/?page_id=649"},"modified":"2024-03-27T13:18:07","modified_gmt":"2024-03-27T13:18:07","slug":"haufig-gestellte-fragen","status":"publish","type":"page","link":"https:\/\/www.captcha.eu\/de\/haufig-gestellte-fragen\/","title":{"rendered":"H\u00e4ufig gestellte Fragen"},"content":{"rendered":"<div class=\"wp-block-gutena-accordion gutena-accordion-block gutena-accordion-block-9bfd25-3d is-layout-flow wp-block-gutena-accordion-is-layout-flow\" data-single=\"false\">\n<div class=\"wp-block-gutena-accordion-panel gutena-accordion-block__panel\">\n<div class=\"wp-block-gutena-accordion-panel-title gutena-accordion-block__panel-title\"><div class=\"gutena-accordion-block__panel-title-inner\">\n<h6 class=\"wp-block-heading has-text-align-left\" style=\"margin-top:0px;margin-right:0px;margin-bottom:0px;margin-left:0px\">Was ist ein Bot?<\/h6>\n<div class=\"trigger-plus-minus\"><div class=\"horizontal\"><\/div><div class=\"vertical\"><\/div><\/div><\/div><\/div>\n\n\n\n<div class=\"wp-block-gutena-accordion-panel-content gutena-accordion-block__panel-content\"><div class=\"gutena-accordion-block__panel-content-inner\">\n<p style=\"margin-top:0;margin-bottom:0\">Ein Bot bezieht sich auf ein automatisiertes Skript oder einen Prozess, der versucht, Daten zu manipulieren. Beispiele f\u00fcr solche Manipulationen sind das Spammen von Kommentarbereichen, die Manipulation von Umfragen oder Abstimmungen, der Gewinn von Gewinnspielen oder das Scalping von Produkten.<\/p>\n<\/div><\/div>\n<\/div>\n\n\n\n<div class=\"wp-block-gutena-accordion-panel gutena-accordion-block__panel\">\n<div class=\"wp-block-gutena-accordion-panel-title gutena-accordion-block__panel-title\"><div class=\"gutena-accordion-block__panel-title-inner\">\n<h6 class=\"wp-block-heading has-text-align-left\" style=\"margin-top:0px;margin-right:0px;margin-bottom:0px;margin-left:0px\">Wie viel Web-Traffic kommt von Bots?<\/h6>\n<div class=\"trigger-plus-minus\"><div class=\"horizontal\"><\/div><div class=\"vertical\"><\/div><\/div><\/div><\/div>\n\n\n\n<div class=\"wp-block-gutena-accordion-panel-content gutena-accordion-block__panel-content\"><div class=\"gutena-accordion-block__panel-content-inner\">\n<p style=\"margin-top:0;margin-bottom:0\">Der Prozentsatz des Web-Traffics, der Bots zugeschrieben wird, kann erheblich schwanken, es wird jedoch gesch\u00e4tzt, dass etwa 40% des gesamten Traffics von Bots generiert werden. Bei der Einteilung in gute Bots wie Crawler und schlechte Bots machen letztere etwa 25% aus.<\/p>\n<\/div><\/div>\n<\/div>\n\n\n\n<div class=\"wp-block-gutena-accordion-panel gutena-accordion-block__panel\">\n<div class=\"wp-block-gutena-accordion-panel-title gutena-accordion-block__panel-title\"><div class=\"gutena-accordion-block__panel-title-inner\">\n<h6 class=\"wp-block-heading has-text-align-left\" style=\"margin-top:0px;margin-right:0px;margin-bottom:0px;margin-left:0px\">Wie verhindert captcha.eu Bot-Traffic?<\/h6>\n<div class=\"trigger-plus-minus\"><div class=\"horizontal\"><\/div><div class=\"vertical\"><\/div><\/div><\/div><\/div>\n\n\n\n<div class=\"wp-block-gutena-accordion-panel-content gutena-accordion-block__panel-content\"><div class=\"gutena-accordion-block__panel-content-inner\">\n<p style=\"margin-top:0;margin-bottom:0\">captcha.eu nutzt modernste Technologien, einschlie\u00dflich maschinellem Lernen und Krypto-Herausforderungen, um Bot-Verkehr zu erkennen und abzuschrecken. Der gesamte Prozess entspricht vollst\u00e4ndig den DSGVO-Vorschriften und erfolgt innerhalb der Grenzen der europ\u00e4ischen Gerichtsbarkeit.<\/p>\n<\/div><\/div>\n<\/div>\n\n\n\n<div class=\"wp-block-gutena-accordion-panel gutena-accordion-block__panel\">\n<div class=\"wp-block-gutena-accordion-panel-title gutena-accordion-block__panel-title\"><div class=\"gutena-accordion-block__panel-title-inner\">\n<h6 class=\"wp-block-heading has-text-align-left\" style=\"margin-top:0px;margin-right:0px;margin-bottom:0px;margin-left:0px\">Warum captcha.eu w\u00e4hlen?<\/h6>\n<div class=\"trigger-plus-minus\"><div class=\"horizontal\"><\/div><div class=\"vertical\"><\/div><\/div><\/div><\/div>\n\n\n\n<div class=\"wp-block-gutena-accordion-panel-content gutena-accordion-block__panel-content\"><div class=\"gutena-accordion-block__panel-content-inner\">\n<p style=\"margin-top:0;margin-bottom:0\">captcha.eu bietet ein zuverl\u00e4ssiges und umfassend getestetes Produkt, das sich nahtlos in Websites integriert, ohne die Benutzererfahrung zu beeintr\u00e4chtigen. Mit captcha.eu k\u00f6nnen Nutzer der Suche nach Ampell\u00f6sungen ein Ende setzen.<\/p>\n<\/div><\/div>\n<\/div>\n\n\n\n<div class=\"wp-block-gutena-accordion-panel gutena-accordion-block__panel\">\n<div class=\"wp-block-gutena-accordion-panel-title gutena-accordion-block__panel-title\"><div class=\"gutena-accordion-block__panel-title-inner\">\n<h6 class=\"wp-block-heading has-text-align-left\" style=\"margin-top:0px;margin-right:0px;margin-bottom:0px;margin-left:0px\">Wie sch\u00fctze ich meine WordPress-Site?<\/h6>\n<div class=\"trigger-plus-minus\"><div class=\"horizontal\"><\/div><div class=\"vertical\"><\/div><\/div><\/div><\/div>\n\n\n\n<div class=\"wp-block-gutena-accordion-panel-content gutena-accordion-block__panel-content\"><div class=\"gutena-accordion-block__panel-content-inner\">\n<p style=\"margin-top:0;margin-bottom:0\">captcha.eu l\u00e4sst sich nahtlos in jedes webbasierte Formular, jede Umfrage oder \u00e4hnliches System integrieren. Wir bieten auch ein vollst\u00e4ndig gewartetes, kostenloses WordPress-Plugin an, das eine Vielzahl von WordPress-Formular-Plugins unterst\u00fctzt, darunter ContactForm7 und NinjaForms. Wenn Ihr bevorzugtes Plugin nicht in der Liste enthalten ist, steht Ihnen unser Chat-Support-Team jederzeit zur Verf\u00fcgung.<\/p>\n<\/div><\/div>\n<\/div>\n\n\n\n<div class=\"wp-block-gutena-accordion-panel gutena-accordion-block__panel\">\n<div class=\"wp-block-gutena-accordion-panel-title gutena-accordion-block__panel-title\"><div class=\"gutena-accordion-block__panel-title-inner\">\n<h6 class=\"wp-block-heading has-text-align-left\" style=\"margin-top:0px;margin-right:0px;margin-bottom:0px;margin-left:0px\">Wie kann ich Kontakt aufnehmen?<\/h6>\n<div class=\"trigger-plus-minus\"><div class=\"horizontal\"><\/div><div class=\"vertical\"><\/div><\/div><\/div><\/div>\n\n\n\n<div class=\"wp-block-gutena-accordion-panel-content gutena-accordion-block__panel-content\"><div class=\"gutena-accordion-block__panel-content-inner\">\n<p style=\"margin-top:0;margin-bottom:0\">Unser Chat- und E-Mail-Support-Team vor Ort unter\u00a0\n        <span class=\"captcha_mailhide_root\" title=\"Klicken Sie hier, um den Inhalt anzuzeigen\" data-payload=\"UjNwRW9XaHdXYUNpa1ZyNWE4U3JCTXJOdmpqZlVDSUF6b043Rko1K0RYckE0NmVBMXpmY2dVa1Q4V3NROFVCQkxSalltS01SU2hKU2RLSjRiVW8zOHhhNWVnWjhzNGlSR09XR2JOU0t0NFUrNnVNZUd2YytnNGg2TkEyRERDaUk=\" tabindex=\"0\">\n        <img class=\"inline_logo\" src=\"https:\/\/www.captcha.eu\/wp-content\/uploads\/2024\/02\/image-1.png\" width=\"10\" alt=\"Hier ist eine versteckte E-Mail-Adresse. Klicken Sie darauf, und die lesbare Adresse erscheint kurz darauf an derselben Stelle.\"  \/> <span aria-hidden=\"true\" aria-live=\"polite\" class=\"captcha_real_mail\" >mail...@....eu<\/span>\n            <span class=\"captcha_mailhide_slider inactive\"><\/span>\n            <span class=\"screen-reader-status\" aria-live=\"assertive\" style=\"position: absolute; left: -9999px;\"><\/span>\n        <\/span> \n    \n        \u00a0stehen Ihnen f\u00fcr die Beantwortung etwaiger Fragen oder Bedenken zur Verf\u00fcgung.<\/p>\n\n\n\n<p>Sie k\u00f6nnen auch unsere nutzen <a href=\"https:\/\/www.captcha.eu\/de\/kontaktieren-sie-uns\/\">Kontakt-Formular<\/a>.<\/p>\n<\/div><\/div>\n<\/div>\n<\/div>","protected":false},"excerpt":{"rendered":"","protected":false},"author":1,"featured_media":0,"parent":0,"menu_order":0,"comment_status":"closed","ping_status":"closed","template":"","meta":{"_acf_changed":false,"_eb_attr":"","footnotes":""},"class_list":["post-649","page","type-page","status-publish","hentry"],"acf":[],"yoast_head":"<!-- This site is optimized with the Yoast SEO Premium plugin v27.0 (Yoast SEO v27.0) - https:\/\/yoast.com\/product\/yoast-seo-premium-wordpress\/ -->\n<title>Captcha FAQs \u00bb Alle Antworten &amp; Infos<\/title>\n<meta name=\"description\" content=\"Alle Antworten zu den h\u00e4ufigsten Captcha-Fragen \u279c Was ist ein Bot \u2713 Wie viel Web-Traffic kommt von Bots \u2713 Sicherheit &amp; Vorteile \u2713 Mehr entdecken!\" \/>\n<meta name=\"robots\" content=\"index, follow, max-snippet:-1, max-image-preview:large, max-video-preview:-1\" \/>\n<link rel=\"canonical\" href=\"https:\/\/www.captcha.eu\/de\/haufig-gestellte-fragen\/\" \/>\n<meta property=\"og:locale\" content=\"de_DE\" \/>\n<meta property=\"og:type\" content=\"article\" \/>\n<meta property=\"og:title\" content=\"Frequently asked questions\" \/>\n<meta property=\"og:description\" content=\"Alle Antworten zu den h\u00e4ufigsten Captcha-Fragen \u279c Was ist ein Bot \u2713 Wie viel Web-Traffic kommt von Bots \u2713 Sicherheit &amp; Vorteile \u2713 Mehr entdecken!\" \/>\n<meta property=\"og:url\" content=\"https:\/\/www.captcha.eu\/de\/haufig-gestellte-fragen\/\" \/>\n<meta property=\"og:site_name\" content=\"captcha.eu\" \/>\n<meta property=\"article:modified_time\" content=\"2024-03-27T13:18:07+00:00\" \/>\n<meta name=\"twitter:card\" content=\"summary_large_image\" \/>\n<meta name=\"twitter:site\" content=\"@captcha_eu\" \/>\n<meta name=\"twitter:label1\" content=\"Est. reading time\" \/>\n\t<meta name=\"twitter:data1\" content=\"2 minutes\" \/>\n<script type=\"application\/ld+json\" class=\"yoast-schema-graph\">{\"@context\":\"https:\/\/schema.org\",\"@graph\":[{\"@type\":\"WebPage\",\"@id\":\"https:\/\/www.captcha.eu\/frequently-asked-questions\/\",\"url\":\"https:\/\/www.captcha.eu\/frequently-asked-questions\/\",\"name\":\"Captcha FAQs \u00bb Alle Antworten & Infos\",\"isPartOf\":{\"@id\":\"https:\/\/www.captcha.eu\/#website\"},\"datePublished\":\"2024-02-25T21:20:13+00:00\",\"dateModified\":\"2024-03-27T13:18:07+00:00\",\"description\":\"Alle Antworten zu den h\u00e4ufigsten Captcha-Fragen \u279c Was ist ein Bot \u2713 Wie viel Web-Traffic kommt von Bots \u2713 Sicherheit & Vorteile \u2713 Mehr entdecken!\",\"breadcrumb\":{\"@id\":\"https:\/\/www.captcha.eu\/frequently-asked-questions\/#breadcrumb\"},\"inLanguage\":\"de-DE\",\"potentialAction\":[{\"@type\":\"ReadAction\",\"target\":[\"https:\/\/www.captcha.eu\/frequently-asked-questions\/\"]}]},{\"@type\":\"BreadcrumbList\",\"@id\":\"https:\/\/www.captcha.eu\/frequently-asked-questions\/#breadcrumb\",\"itemListElement\":[{\"@type\":\"ListItem\",\"position\":1,\"name\":\"Home\",\"item\":\"https:\/\/www.captcha.eu\/\"},{\"@type\":\"ListItem\",\"position\":2,\"name\":\"Frequently asked questions\"}]},{\"@type\":\"WebSite\",\"@id\":\"https:\/\/www.captcha.eu\/#website\",\"url\":\"https:\/\/www.captcha.eu\/\",\"name\":\"captcha.eu\",\"description\":\"The GDPR-compliant message protection | captcha.eu\",\"publisher\":{\"@id\":\"https:\/\/www.captcha.eu\/#organization\"},\"potentialAction\":[{\"@type\":\"SearchAction\",\"target\":{\"@type\":\"EntryPoint\",\"urlTemplate\":\"https:\/\/www.captcha.eu\/?s={search_term_string}\"},\"query-input\":{\"@type\":\"PropertyValueSpecification\",\"valueRequired\":true,\"valueName\":\"search_term_string\"}}],\"inLanguage\":\"de-DE\"},{\"@type\":\"Organization\",\"@id\":\"https:\/\/www.captcha.eu\/#organization\",\"name\":\"captcha.eu\",\"url\":\"https:\/\/www.captcha.eu\/\",\"logo\":{\"@type\":\"ImageObject\",\"inLanguage\":\"de-DE\",\"@id\":\"https:\/\/www.captcha.eu\/#\/schema\/logo\/image\/\",\"url\":\"https:\/\/www.captcha.eu\/wp-content\/uploads\/2024\/02\/Captcha_mono-C_Logo.svg\",\"contentUrl\":\"https:\/\/www.captcha.eu\/wp-content\/uploads\/2024\/02\/Captcha_mono-C_Logo.svg\",\"width\":24,\"height\":28,\"caption\":\"captcha.eu\"},\"image\":{\"@id\":\"https:\/\/www.captcha.eu\/#\/schema\/logo\/image\/\"},\"sameAs\":[\"https:\/\/x.com\/captcha_eu\"]}]}<\/script>\n<!-- \/ Yoast SEO Premium plugin. -->","yoast_head_json":{"title":"Captcha FAQs \u00bb Alle Antworten &amp; Infos","description":"Alle Antworten zu den h\u00e4ufigsten Captcha-Fragen \u279c Was ist ein Bot \u2713 Wie viel Web-Traffic kommt von Bots \u2713 Sicherheit &amp; Vorteile \u2713 Mehr entdecken!","robots":{"index":"index","follow":"follow","max-snippet":"max-snippet:-1","max-image-preview":"max-image-preview:large","max-video-preview":"max-video-preview:-1"},"canonical":"https:\/\/www.captcha.eu\/de\/haufig-gestellte-fragen\/","og_locale":"de_DE","og_type":"article","og_title":"Frequently asked questions","og_description":"Alle Antworten zu den h\u00e4ufigsten Captcha-Fragen \u279c Was ist ein Bot \u2713 Wie viel Web-Traffic kommt von Bots \u2713 Sicherheit & Vorteile \u2713 Mehr entdecken!","og_url":"https:\/\/www.captcha.eu\/de\/haufig-gestellte-fragen\/","og_site_name":"captcha.eu","article_modified_time":"2024-03-27T13:18:07+00:00","twitter_card":"summary_large_image","twitter_site":"@captcha_eu","twitter_misc":{"Est. reading time":"2 minutes"},"schema":{"@context":"https:\/\/schema.org","@graph":[{"@type":"WebPage","@id":"https:\/\/www.captcha.eu\/frequently-asked-questions\/","url":"https:\/\/www.captcha.eu\/frequently-asked-questions\/","name":"Captcha FAQs \u00bb Alle Antworten &amp; Infos","isPartOf":{"@id":"https:\/\/www.captcha.eu\/#website"},"datePublished":"2024-02-25T21:20:13+00:00","dateModified":"2024-03-27T13:18:07+00:00","description":"Alle Antworten zu den h\u00e4ufigsten Captcha-Fragen \u279c Was ist ein Bot \u2713 Wie viel Web-Traffic kommt von Bots \u2713 Sicherheit &amp; Vorteile \u2713 Mehr entdecken!","breadcrumb":{"@id":"https:\/\/www.captcha.eu\/frequently-asked-questions\/#breadcrumb"},"inLanguage":"de-DE","potentialAction":[{"@type":"ReadAction","target":["https:\/\/www.captcha.eu\/frequently-asked-questions\/"]}]},{"@type":"BreadcrumbList","@id":"https:\/\/www.captcha.eu\/frequently-asked-questions\/#breadcrumb","itemListElement":[{"@type":"ListItem","position":1,"name":"Home","item":"https:\/\/www.captcha.eu\/"},{"@type":"ListItem","position":2,"name":"Frequently asked questions"}]},{"@type":"WebSite","@id":"https:\/\/www.captcha.eu\/#website","url":"https:\/\/www.captcha.eu\/","name":"ist captcha.eu","description":"Der DSGVO-konforme Nachrichtenschutz | captcha.eu","publisher":{"@id":"https:\/\/www.captcha.eu\/#organization"},"potentialAction":[{"@type":"SearchAction","target":{"@type":"EntryPoint","urlTemplate":"https:\/\/www.captcha.eu\/?s={search_term_string}"},"query-input":{"@type":"PropertyValueSpecification","valueRequired":true,"valueName":"search_term_string"}}],"inLanguage":"de-DE"},{"@type":"Organization","@id":"https:\/\/www.captcha.eu\/#organization","name":"ist captcha.eu","url":"https:\/\/www.captcha.eu\/","logo":{"@type":"ImageObject","inLanguage":"de-DE","@id":"https:\/\/www.captcha.eu\/#\/schema\/logo\/image\/","url":"https:\/\/www.captcha.eu\/wp-content\/uploads\/2024\/02\/Captcha_mono-C_Logo.svg","contentUrl":"https:\/\/www.captcha.eu\/wp-content\/uploads\/2024\/02\/Captcha_mono-C_Logo.svg","width":24,"height":28,"caption":"captcha.eu"},"image":{"@id":"https:\/\/www.captcha.eu\/#\/schema\/logo\/image\/"},"sameAs":["https:\/\/x.com\/captcha_eu"]}]}},"pbg_featured_image_src":{"full":false,"thumbnail":false,"medium":false,"medium_large":false,"large":false,"1536x1536":false,"2048x2048":false,"trp-custom-language-flag":false},"pbg_author_info":{"display_name":"Captcha","author_link":"https:\/\/www.captcha.eu\/de\/author\/admin\/","author_img":"<img alt='Captcha' src='https:\/\/secure.gravatar.com\/avatar\/48b669a092d552f5f30202f8da848c93fa4c54f8c2b3167568ed5cbccbe4994a?s=128&#038;d=mm&#038;r=g' srcset='https:\/\/secure.gravatar.com\/avatar\/48b669a092d552f5f30202f8da848c93fa4c54f8c2b3167568ed5cbccbe4994a?s=256&#038;d=mm&#038;r=g 2x' class='avatar avatar-128 photo' height='128' width='128' loading='lazy' decoding='async'\/>"},"pbg_comment_info":" No Comments","pbg_excerpt":null,"_links":{"self":[{"href":"https:\/\/www.captcha.eu\/de\/wp-json\/wp\/v2\/pages\/649","targetHints":{"allow":["GET"]}}],"collection":[{"href":"https:\/\/www.captcha.eu\/de\/wp-json\/wp\/v2\/pages"}],"about":[{"href":"https:\/\/www.captcha.eu\/de\/wp-json\/wp\/v2\/types\/page"}],"author":[{"embeddable":true,"href":"https:\/\/www.captcha.eu\/de\/wp-json\/wp\/v2\/users\/1"}],"replies":[{"embeddable":true,"href":"https:\/\/www.captcha.eu\/de\/wp-json\/wp\/v2\/comments?post=649"}],"version-history":[{"count":3,"href":"https:\/\/www.captcha.eu\/de\/wp-json\/wp\/v2\/pages\/649\/revisions"}],"predecessor-version":[{"id":2596,"href":"https:\/\/www.captcha.eu\/de\/wp-json\/wp\/v2\/pages\/649\/revisions\/2596"}],"wp:attachment":[{"href":"https:\/\/www.captcha.eu\/de\/wp-json\/wp\/v2\/media?parent=649"}],"curies":[{"name":"wp","href":"https:\/\/api.w.org\/{rel}","templated":true}]}}