{"id":1930,"date":"2025-04-23T08:29:40","date_gmt":"2025-04-23T08:29:40","guid":{"rendered":"https:\/\/www.captcha.eu\/?page_id=1930"},"modified":"2025-04-23T08:29:41","modified_gmt":"2025-04-23T08:29:41","slug":"kontaktformular-mit-spamschutz","status":"publish","type":"page","link":"https:\/\/www.captcha.eu\/de\/kontaktformular-mit-spamschutz\/","title":{"rendered":"Wirksamer Spamschutz f\u00fcr Kontaktformulare"},"content":{"rendered":"<p>Kontaktformulare sind eines der wichtigsten Elemente jeder Website. Sie dienen als direkter Kommunikationskanal zwischen Besuchern und Website-Betreibern, sei es f\u00fcr Anfragen, Kundensupport oder Gesch\u00e4ftsm\u00f6glichkeiten. Allerdings sind diese Formulare h\u00e4ufig Ziel automatisierter Bots, die gro\u00dfe Mengen Spam-Nachrichten versenden. Daher ist es f\u00fcr Website-Betreiber unerl\u00e4sslich, ihre Formulare vor solchen Angriffen zu sch\u00fctzen \u2013 idealerweise mit einer benutzerfreundlichen und datenschutzkonformen L\u00f6sung.<\/p>\n\n\n\n<figure class=\"wp-block-image size-large is-resized\"><img data-dominant-color=\"7e8dc3\" data-has-transparency=\"false\" loading=\"lazy\" decoding=\"async\" width=\"1024\" height=\"576\" sizes=\"auto, (max-width: 1024px) 100vw, 1024px\" src=\"https:\/\/www.captcha.eu\/wp-content\/uploads\/2025\/04\/Design-ohne-Titel9-1024x576.png\" alt=\"Eine flache Vektorillustration eines Laptops mit einem Kontaktformular und einem frustrierten Roboter, der mit einem CAPTCHA k\u00e4mpft.\" class=\"wp-image-1932 not-transparent\" style=\"--dominant-color: #7e8dc3; width:1180px;height:auto\" srcset=\"https:\/\/www.captcha.eu\/wp-content\/uploads\/2025\/04\/Design-ohne-Titel9-1024x576.png 1024w, https:\/\/www.captcha.eu\/wp-content\/uploads\/2025\/04\/Design-ohne-Titel9-300x169.png 300w, https:\/\/www.captcha.eu\/wp-content\/uploads\/2025\/04\/Design-ohne-Titel9-768x432.png 768w, https:\/\/www.captcha.eu\/wp-content\/uploads\/2025\/04\/Design-ohne-Titel9-1536x864.png 1536w, https:\/\/www.captcha.eu\/wp-content\/uploads\/2025\/04\/Design-ohne-Titel9-18x10.png 18w, https:\/\/www.captcha.eu\/wp-content\/uploads\/2025\/04\/Design-ohne-Titel9.png 1920w\" \/><figcaption class=\"wp-element-caption\">Generiert von Google Gemini<\/figcaption><\/figure>\n\n\n\n<div class=\"wp-block-yoast-seo-table-of-contents yoast-table-of-contents\"><h2>Inhaltsverzeichnis<\/h2><ul><li><a href=\"#h-why-are-contact-forms-vulnerable-to-spam\" data-level=\"3\">Warum sind Kontaktformulare anf\u00e4llig f\u00fcr Spam?<\/a><\/li><li><a href=\"#h-common-spam-protection-for-contact-forms-their-strengths-and-limitations\" data-level=\"3\">G\u00e4ngiger Spamschutz f\u00fcr Kontaktformulare \u2013 St\u00e4rken und Schw\u00e4chen<\/a><\/li><li><a href=\"#h-invisible-captcha-a-modern-approach-to-bot-detection\" data-level=\"3\">Unsichtbares CAPTCHA: Ein moderner Ansatz zur Bot-Erkennung<\/a><\/li><li><a href=\"#h-european-alternatives-captcha-eu-as-a-privacy-friendly-solution\" data-level=\"3\">Europ\u00e4ische Alternativen: Captcha.eu als datenschutzfreundliche L\u00f6sung<\/a><\/li><li><a href=\"#h-conclusion-strong-spam-protection-starts-with-the-right-tools\" data-level=\"3\">Fazit: Starker Spam-Schutz beginnt mit den richtigen Tools<\/a><\/li><\/ul><\/div>\n\n\n\n<h3 class=\"wp-block-heading\" id=\"h-why-are-contact-forms-vulnerable-to-spam\">Warum sind Kontaktformulare anf\u00e4llig f\u00fcr Spam?<\/h3>\n\n\n\n<p>Bots durchsuchen das Internet st\u00e4ndig nach ungesch\u00fctzten Formularen. Sobald sie eines finden, nutzen sie es, um Posteing\u00e4nge mit Spam, Phishing-Nachrichten oder sch\u00e4dlichen Links zu \u00fcberfluten. Formulare ohne angemessene Sicherheitsma\u00dfnahmen werden zu leichten Zielen. Selbst g\u00e4ngige Sicherheitsvorkehrungen wie einfache CAPTCHAs k\u00f6nnen die heutigen, fortschrittlicheren Bots oft nicht stoppen. Deshalb ist ein starker, intelligenter Schutz nicht nur hilfreich, sondern unerl\u00e4sslich. Und er muss mit Benutzerfreundlichkeit und der Einhaltung von Datenschutzbestimmungen einhergehen.<\/p>\n\n\n\n<h3 class=\"wp-block-heading\">Was macht ein Kontaktformular wirklich effektiv?<\/h3>\n\n\n\n<p>Ein wirklich effektives Kontaktformular sammelt nicht nur Anfragen \u2013 es sorgt f\u00fcr ein reibungsloses und frustfreies Nutzererlebnis. Besucher sollten ihre Nachrichten einfach und ohne verwirrende Aufgaben oder Hindernisse senden k\u00f6nnen. Gleichzeitig muss das Formular Spam effektiv blockieren, ohne die Benutzerfreundlichkeit zu beeintr\u00e4chtigen oder gegen Datenschutzgesetze zu versto\u00dfen. Die Wahl der richtigen Anti-Spam-Technologie ist entscheidend: Idealerweise arbeitet sie unauff\u00e4llig im Hintergrund, vermeidet die Verarbeitung personenbezogener Daten und unterscheidet zuverl\u00e4ssig zwischen echten Menschen und Bots.<\/p>\n\n\n\n<p>Die Wahl der Anti-Spam-Technologie spielt eine entscheidende Rolle. Idealerweise sollte sie unbemerkt im Hintergrund arbeiten, keine pers\u00f6nlichen Nutzerdaten sammeln und dennoch pr\u00e4zise zwischen Menschen und Bots unterscheiden.<\/p>\n\n\n\n<h3 class=\"wp-block-heading\" id=\"h-common-spam-protection-for-contact-forms-their-strengths-and-limitations\">G\u00e4ngiger Spamschutz f\u00fcr Kontaktformulare \u2013 St\u00e4rken und Schw\u00e4chen<\/h3>\n\n\n\n<p><strong>Wortfilter<\/strong><br>Eine einfache Methode besteht darin, bestimmte W\u00f6rter herauszufiltern, die h\u00e4ufig mit Spam in Verbindung gebracht werden, wie etwa \u201eCasino\u201c, \u201eKrypto\u201c oder \u201eErwachsene\u201c. Dieser Ansatz ist zwar einfach umzusetzen, birgt aber die Gefahr von Fehlalarmen und kann von Spam-Bots durch leichte Variationen leicht umgangen werden.<\/p>\n\n\n\n<p><strong>Honigt\u00f6pfe<\/strong><br>Dies sind versteckte Formularfelder, die nur Bots sehen k\u00f6nnen. F\u00fcllt ein Bot das unsichtbare Feld aus, wird er erkannt und blockiert. Honeypots sind zwar ein elegantes Konzept, aber gegen hochentwickelte Bots, die sie erkennen und vermeiden k\u00f6nnen, sind sie nicht mehr wirksam.<\/p>\n\n\n\n<p><strong>Herk\u00f6mmliche CAPTCHAs<\/strong><br>CAPTCHAs fordern Nutzer vor Aufgaben wie das Identifizieren von Bildern oder das L\u00f6sen mathematischer Probleme. Sie bieten zwar Schutz, sind aber oft st\u00f6rend, unfreundlich f\u00fcr Nutzer mit Behinderungen und entsprechen aufgrund der Datenerfassungspraktiken m\u00f6glicherweise nicht den Datenschutzanforderungen.<\/p>\n\n\n\n<p><strong>Zeitbasierte Validierung<\/strong><br>Diese Methode erkennt Bots, indem sie die Geschwindigkeit misst, mit der ein Formular abgeschickt wird. F\u00fcllt jemand ein Formular in nur wenigen Sekunden aus, ist das ein deutliches Zeichen f\u00fcr automatisiertes Verhalten. Da die meisten Menschen mehr Zeit ben\u00f6tigen, kennzeichnet das System ungew\u00f6hnlich schnelle \u00dcbermittlungen und blockiert sie, ohne echte Nutzer zu beeintr\u00e4chtigen.<\/p>\n\n\n\n<p><strong>JavaScript-basierte Validierung<\/strong><br>Dieser Ansatz stoppt Bots, indem JavaScript zum Abschlie\u00dfen des Formularvorgangs erforderlich ist. Wenn das Formular nur mit aktiviertem JavaScript funktioniert, werden die meisten einfachen Bots automatisch herausgefiltert. Obwohl diese Methode starken Schutz bietet, erfordert sie eine technisch einwandfreie Einrichtung und kann fortgeschrittene Bots, die Skripte ausf\u00fchren k\u00f6nnen, m\u00f6glicherweise nicht stoppen.<\/p>\n\n\n\n<p><strong>Double-Opt-In<\/strong><br>Diese Strategie f\u00fcgt eine zus\u00e4tzliche Verifizierungsebene hinzu. Nachdem jemand ein Formular abgeschickt hat, sendet das System eine Best\u00e4tigungs-E-Mail. Erst wenn der Benutzer auf den Link klickt, verarbeitet das System die Nachricht. Dies stellt sicher, dass der Kontakt echt ist und sch\u00fctzt sowohl Benutzer als auch Administratoren vor Spam und gef\u00e4lschten Einsendungen.<\/p>\n\n\n\n<p><strong>IP-Ratenbegrenzung<\/strong><br>Diese Taktik steuert, wie oft jemand ein Formular von derselben IP-Adresse aus absenden kann. Gehen in kurzer Zeit zu viele Einsendungen ein, begrenzt das System weitere Eintr\u00e4ge. Dadurch werden Spam-Wellen und Bot-Angriffe effektiv reduziert, w\u00e4hrend echte Benutzer weiterhin problemlos interagieren k\u00f6nnen.<\/p>\n\n\n\n<p><strong>JavaScript-Tokenisierung<\/strong><br>Diese Technik verwendet JavaScript, um beim Laden des Formulars ein eindeutiges Token zu generieren. Beim Absenden \u00fcberpr\u00fcft das System das Token serverseitig. Bots, die keine Skripte ausf\u00fchren k\u00f6nnen, k\u00f6nnen das Token nicht generieren, sodass ihre Einsendungen automatisch abgelehnt werden.<\/p>\n\n\n\n<p><strong>Verhaltensanalyse<\/strong><br>Moderne Anti-Spam-Tools k\u00f6nnen Mausbewegungen, Scrollmuster und Klickverhalten analysieren, um festzustellen, ob ein echter Benutzer oder ein Bot mit dem Formular interagiert \u2013 und das alles ohne Benutzerinteraktion.<\/p>\n\n\n\n<h3 class=\"wp-block-heading\" id=\"h-invisible-captcha-a-modern-approach-to-bot-detection\">Unsichtbares CAPTCHA: Ein moderner Ansatz zur Bot-Erkennung<\/h3>\n\n\n\n<p>Unsichtbare CAPTCHAs arbeiten im Hintergrund und analysieren Verhaltensmuster, um festzustellen, ob es sich bei einem Besucher um einen Menschen handelt. Dieser Ansatz verbessert das Benutzererlebnis erheblich, kann aber Fragen hinsichtlich Datenverarbeitung und Datenschutz aufwerfen \u2013 insbesondere bei US-Unternehmen.<\/p>\n\n\n\n<p>Diese amerikanischen Dienste sind nicht grunds\u00e4tzlich illegal, sind aber aufgrund m\u00f6glicher Daten\u00fcbertragungen in Drittl\u00e4nder, die im Rahmen der DSGVO Compliance-Herausforderungen mit sich bringen k\u00f6nnen, h\u00e4ufig Gegenstand anhaltender Diskussionen zum Datenschutz.<\/p>\n\n\n\n<h3 class=\"wp-block-heading\" id=\"h-european-alternatives-captcha-eu-as-a-privacy-friendly-solution\">Europ\u00e4ische Alternativen: Captcha.eu als datenschutzfreundliche L\u00f6sung<\/h3>\n\n\n\n<p><a href=\"https:\/\/www.captcha.eu\/de\/\">Captcha.eu<\/a> ist ein in \u00d6sterreich entwickelter und gehosteter CAPTCHA-Dienst, der speziell auf Datenschutz und Barrierefreiheit ausgelegt ist. Er verarbeitet ausschlie\u00dflich anonymisierte technische Daten \u2013 es werden keine pers\u00f6nlichen Nutzerdaten erhoben oder gespeichert. Dies macht ihn zu einer DSGVO-konformen und zukunftssicheren L\u00f6sung.<\/p>\n\n\n\n<p>Zus\u00e4tzlich, <a href=\"https:\/\/www.captcha.eu\/de\/\">Captcha.eu<\/a> wurde vom T\u00dcV Austria als barrierefrei zertifiziert und erhielt das <a href=\"https:\/\/waca.at\/\">WACA<\/a> Silber-Zertifikat. Dies gew\u00e4hrleistet die volle Zug\u00e4nglichkeit f\u00fcr Benutzer mit Behinderungen und positioniert es als ideale Option f\u00fcr die bevorstehende <a href=\"https:\/\/commission.europa.eu\/strategy-and-policy\/policies\/justice-and-fundamental-rights\/disability\/union-equality-strategy-rights-persons-disabilities-2021-2030\/european-accessibility-act_en\">Europ\u00e4ischer Rechtsakt zur Barrierefreiheit<\/a>, das eine gr\u00f6\u00dfere digitale Inklusivit\u00e4t vorschreibt.<\/p>\n\n\n\n<p><a href=\"https:\/\/www.captcha.eu\/de\/\">Captcha.eu<\/a> l\u00e4uft vollst\u00e4ndig im Hintergrund \u2013 ohne Bildr\u00e4tsel, ohne Kontrollk\u00e4stchen und ohne zus\u00e4tzliche Klicks. W\u00e4hrend Nutzer das Formular ausf\u00fcllen, \u00fcberpr\u00fcft es die Anfrage anhand verschiedener technischer Signale. Das Ergebnis ist ein benutzerfreundliches, barrierefreies und rechtssicheres Kontaktformular.<\/p>\n\n\n\n<h3 class=\"wp-block-heading\" id=\"h-conclusion-strong-spam-protection-starts-with-the-right-tools\">Fazit: Starker Spam-Schutz beginnt mit den richtigen Tools<\/h3>\n\n\n\n<p>Ein gut gestaltetes Kontaktformular sollte benutzerfreundlich und gleichzeitig sicher sein. In der heutigen datenschutzbewussten digitalen Welt muss es \u00fcber das blo\u00dfe Blockieren von Bots hinausgehen \u2013 es muss auch die Rechte der Nutzer respektieren und Inklusivit\u00e4t gew\u00e4hrleisten.<\/p>\n\n\n\n<p>Herk\u00f6mmliche Techniken wie Wortfilter und Honeypots bieten zwar einen grundlegenden Schutz, reichen aber gegen moderne Spam-Bedrohungen nicht aus. Standard-CAPTCHAs k\u00f6nnen die Benutzererfahrung beeintr\u00e4chtigen und Barrieren f\u00fcr den Zugriff schaffen.<\/p>\n\n\n\n<p>Innovative und DSGVO-konforme L\u00f6sungen wie <a href=\"https:\/\/www.captcha.eu\/de\/\">Captcha.eu<\/a> bieten eine ganzheitlichere L\u00f6sung: unsichtbaren Spam-Schutz, keine Verarbeitung personenbezogener Nutzerdaten und volle Barrierefreiheit. Sie reduzieren nicht nur Spam, sondern verbessern auch das Nutzererlebnis, die Einhaltung gesetzlicher Vorschriften und die digitale Inklusion.<\/p>\n\n\n\n<p>Wenn Sie Ihr Kontaktformular sichern m\u00f6chten, ohne dabei auf Datenschutz oder Benutzerfreundlichkeit verzichten zu m\u00fcssen, <a href=\"https:\/\/www.captcha.eu\/de\/\">Captcha.eu<\/a> ist eine intelligente, zukunftssichere Wahl.<\/p>\n\n\n\n<p><\/p>","protected":false},"excerpt":{"rendered":"<p>Contact forms are one of the most important elements on any website. They serve as a direct communication channel between visitors and site operators, whether for inquiries, customer support, or business opportunities. However, these forms are frequent targets for automated bots that send large volumes of spam messages. Therefore, it [&hellip;]<\/p>\n","protected":false},"author":1,"featured_media":1932,"parent":0,"menu_order":0,"comment_status":"closed","ping_status":"closed","template":"","meta":{"_acf_changed":false,"_eb_attr":"","footnotes":""},"class_list":["post-1930","page","type-page","status-publish","has-post-thumbnail","hentry"],"acf":[],"yoast_head":"<!-- This site is optimized with the Yoast SEO Premium plugin v27.0 (Yoast SEO v27.0) - https:\/\/yoast.com\/product\/yoast-seo-premium-wordpress\/ -->\n<title>Effective Spam Protection for Contact Forms<\/title>\n<meta name=\"description\" content=\"\ud83d\udd12\ufe0f How to secure your contact form from spam bots with effective methods like CAPTCHAs, honeypots, and alternatives such as Captcha.eu.\" \/>\n<meta name=\"robots\" content=\"index, follow, max-snippet:-1, max-image-preview:large, max-video-preview:-1\" \/>\n<link rel=\"canonical\" href=\"https:\/\/www.captcha.eu\/de\/kontaktformular-mit-spamschutz\/\" \/>\n<meta property=\"og:locale\" content=\"de_DE\" \/>\n<meta property=\"og:type\" content=\"article\" \/>\n<meta property=\"og:title\" content=\"Effective Spam Protection for Contact Forms\" \/>\n<meta property=\"og:description\" content=\"\ud83d\udd12\ufe0f How to secure your contact form from spam bots with effective methods like CAPTCHAs, honeypots, and alternatives such as Captcha.eu.\" \/>\n<meta property=\"og:url\" content=\"https:\/\/www.captcha.eu\/de\/kontaktformular-mit-spamschutz\/\" \/>\n<meta property=\"og:site_name\" content=\"captcha.eu\" \/>\n<meta property=\"article:modified_time\" content=\"2025-04-23T08:29:41+00:00\" \/>\n<meta property=\"og:image\" content=\"https:\/\/www.captcha.eu\/wp-content\/uploads\/2025\/04\/Design-ohne-Titel9.png\" \/>\n\t<meta property=\"og:image:width\" content=\"1920\" \/>\n\t<meta property=\"og:image:height\" content=\"1080\" \/>\n\t<meta property=\"og:image:type\" content=\"image\/png\" \/>\n<meta name=\"twitter:card\" content=\"summary_large_image\" \/>\n<meta name=\"twitter:site\" content=\"@captcha_eu\" \/>\n<meta name=\"twitter:label1\" content=\"Est. reading time\" \/>\n\t<meta name=\"twitter:data1\" content=\"5 minutes\" \/>\n<script type=\"application\/ld+json\" class=\"yoast-schema-graph\">{\"@context\":\"https:\/\/schema.org\",\"@graph\":[{\"@type\":\"WebPage\",\"@id\":\"https:\/\/www.captcha.eu\/contact-form-with-spam-protection\/\",\"url\":\"https:\/\/www.captcha.eu\/contact-form-with-spam-protection\/\",\"name\":\"Effective Spam Protection for Contact Forms\",\"isPartOf\":{\"@id\":\"https:\/\/www.captcha.eu\/#website\"},\"primaryImageOfPage\":{\"@id\":\"https:\/\/www.captcha.eu\/contact-form-with-spam-protection\/#primaryimage\"},\"image\":{\"@id\":\"https:\/\/www.captcha.eu\/contact-form-with-spam-protection\/#primaryimage\"},\"thumbnailUrl\":\"https:\/\/www.captcha.eu\/wp-content\/uploads\/2025\/04\/Design-ohne-Titel9.png\",\"datePublished\":\"2025-04-23T08:29:40+00:00\",\"dateModified\":\"2025-04-23T08:29:41+00:00\",\"description\":\"\ud83d\udd12\ufe0f How to secure your contact form from spam bots with effective methods like CAPTCHAs, honeypots, and alternatives such as Captcha.eu.\",\"breadcrumb\":{\"@id\":\"https:\/\/www.captcha.eu\/contact-form-with-spam-protection\/#breadcrumb\"},\"inLanguage\":\"de-DE\",\"potentialAction\":[{\"@type\":\"ReadAction\",\"target\":[\"https:\/\/www.captcha.eu\/contact-form-with-spam-protection\/\"]}],\"accessibilityFeature\":[\"tableOfContents\"]},{\"@type\":\"ImageObject\",\"inLanguage\":\"de-DE\",\"@id\":\"https:\/\/www.captcha.eu\/contact-form-with-spam-protection\/#primaryimage\",\"url\":\"https:\/\/www.captcha.eu\/wp-content\/uploads\/2025\/04\/Design-ohne-Titel9.png\",\"contentUrl\":\"https:\/\/www.captcha.eu\/wp-content\/uploads\/2025\/04\/Design-ohne-Titel9.png\",\"width\":1920,\"height\":1080,\"caption\":\"Generated by Google Gemini\"},{\"@type\":\"BreadcrumbList\",\"@id\":\"https:\/\/www.captcha.eu\/contact-form-with-spam-protection\/#breadcrumb\",\"itemListElement\":[{\"@type\":\"ListItem\",\"position\":1,\"name\":\"Home\",\"item\":\"https:\/\/www.captcha.eu\/\"},{\"@type\":\"ListItem\",\"position\":2,\"name\":\"Effective Spam Protection for Contact Forms\"}]},{\"@type\":\"WebSite\",\"@id\":\"https:\/\/www.captcha.eu\/#website\",\"url\":\"https:\/\/www.captcha.eu\/\",\"name\":\"captcha.eu\",\"description\":\"The GDPR-compliant message protection | captcha.eu\",\"publisher\":{\"@id\":\"https:\/\/www.captcha.eu\/#organization\"},\"potentialAction\":[{\"@type\":\"SearchAction\",\"target\":{\"@type\":\"EntryPoint\",\"urlTemplate\":\"https:\/\/www.captcha.eu\/?s={search_term_string}\"},\"query-input\":{\"@type\":\"PropertyValueSpecification\",\"valueRequired\":true,\"valueName\":\"search_term_string\"}}],\"inLanguage\":\"de-DE\"},{\"@type\":\"Organization\",\"@id\":\"https:\/\/www.captcha.eu\/#organization\",\"name\":\"captcha.eu\",\"url\":\"https:\/\/www.captcha.eu\/\",\"logo\":{\"@type\":\"ImageObject\",\"inLanguage\":\"de-DE\",\"@id\":\"https:\/\/www.captcha.eu\/#\/schema\/logo\/image\/\",\"url\":\"https:\/\/www.captcha.eu\/wp-content\/uploads\/2024\/02\/Captcha_mono-C_Logo.svg\",\"contentUrl\":\"https:\/\/www.captcha.eu\/wp-content\/uploads\/2024\/02\/Captcha_mono-C_Logo.svg\",\"width\":24,\"height\":28,\"caption\":\"captcha.eu\"},\"image\":{\"@id\":\"https:\/\/www.captcha.eu\/#\/schema\/logo\/image\/\"},\"sameAs\":[\"https:\/\/x.com\/captcha_eu\"]}]}<\/script>\n<!-- \/ Yoast SEO Premium plugin. -->","yoast_head_json":{"title":"Wirksamer Spamschutz f\u00fcr Kontaktformulare","description":"\ud83d\udd12\ufe0f So sch\u00fctzen Sie Ihr Kontaktformular mit effektiven Methoden wie CAPTCHAs, Honeypots und Alternativen wie Captcha.eu vor Spambots.","robots":{"index":"index","follow":"follow","max-snippet":"max-snippet:-1","max-image-preview":"max-image-preview:large","max-video-preview":"max-video-preview:-1"},"canonical":"https:\/\/www.captcha.eu\/de\/kontaktformular-mit-spamschutz\/","og_locale":"de_DE","og_type":"article","og_title":"Effective Spam Protection for Contact Forms","og_description":"\ud83d\udd12\ufe0f How to secure your contact form from spam bots with effective methods like CAPTCHAs, honeypots, and alternatives such as Captcha.eu.","og_url":"https:\/\/www.captcha.eu\/de\/kontaktformular-mit-spamschutz\/","og_site_name":"captcha.eu","article_modified_time":"2025-04-23T08:29:41+00:00","og_image":[{"width":1920,"height":1080,"url":"https:\/\/www.captcha.eu\/wp-content\/uploads\/2025\/04\/Design-ohne-Titel9.png","type":"image\/png"}],"twitter_card":"summary_large_image","twitter_site":"@captcha_eu","twitter_misc":{"Est. reading time":"5 minutes"},"schema":{"@context":"https:\/\/schema.org","@graph":[{"@type":"WebPage","@id":"https:\/\/www.captcha.eu\/contact-form-with-spam-protection\/","url":"https:\/\/www.captcha.eu\/contact-form-with-spam-protection\/","name":"Wirksamer Spamschutz f\u00fcr Kontaktformulare","isPartOf":{"@id":"https:\/\/www.captcha.eu\/#website"},"primaryImageOfPage":{"@id":"https:\/\/www.captcha.eu\/contact-form-with-spam-protection\/#primaryimage"},"image":{"@id":"https:\/\/www.captcha.eu\/contact-form-with-spam-protection\/#primaryimage"},"thumbnailUrl":"https:\/\/www.captcha.eu\/wp-content\/uploads\/2025\/04\/Design-ohne-Titel9.png","datePublished":"2025-04-23T08:29:40+00:00","dateModified":"2025-04-23T08:29:41+00:00","description":"\ud83d\udd12\ufe0f So sch\u00fctzen Sie Ihr Kontaktformular mit effektiven Methoden wie CAPTCHAs, Honeypots und Alternativen wie Captcha.eu vor Spambots.","breadcrumb":{"@id":"https:\/\/www.captcha.eu\/contact-form-with-spam-protection\/#breadcrumb"},"inLanguage":"de-DE","potentialAction":[{"@type":"ReadAction","target":["https:\/\/www.captcha.eu\/contact-form-with-spam-protection\/"]}],"accessibilityFeature":["tableOfContents"]},{"@type":"ImageObject","inLanguage":"de-DE","@id":"https:\/\/www.captcha.eu\/contact-form-with-spam-protection\/#primaryimage","url":"https:\/\/www.captcha.eu\/wp-content\/uploads\/2025\/04\/Design-ohne-Titel9.png","contentUrl":"https:\/\/www.captcha.eu\/wp-content\/uploads\/2025\/04\/Design-ohne-Titel9.png","width":1920,"height":1080,"caption":"Generated by Google Gemini"},{"@type":"BreadcrumbList","@id":"https:\/\/www.captcha.eu\/contact-form-with-spam-protection\/#breadcrumb","itemListElement":[{"@type":"ListItem","position":1,"name":"Home","item":"https:\/\/www.captcha.eu\/"},{"@type":"ListItem","position":2,"name":"Effective Spam Protection for Contact Forms"}]},{"@type":"WebSite","@id":"https:\/\/www.captcha.eu\/#website","url":"https:\/\/www.captcha.eu\/","name":"ist captcha.eu","description":"Der DSGVO-konforme Nachrichtenschutz | captcha.eu","publisher":{"@id":"https:\/\/www.captcha.eu\/#organization"},"potentialAction":[{"@type":"SearchAction","target":{"@type":"EntryPoint","urlTemplate":"https:\/\/www.captcha.eu\/?s={search_term_string}"},"query-input":{"@type":"PropertyValueSpecification","valueRequired":true,"valueName":"search_term_string"}}],"inLanguage":"de-DE"},{"@type":"Organization","@id":"https:\/\/www.captcha.eu\/#organization","name":"ist captcha.eu","url":"https:\/\/www.captcha.eu\/","logo":{"@type":"ImageObject","inLanguage":"de-DE","@id":"https:\/\/www.captcha.eu\/#\/schema\/logo\/image\/","url":"https:\/\/www.captcha.eu\/wp-content\/uploads\/2024\/02\/Captcha_mono-C_Logo.svg","contentUrl":"https:\/\/www.captcha.eu\/wp-content\/uploads\/2024\/02\/Captcha_mono-C_Logo.svg","width":24,"height":28,"caption":"captcha.eu"},"image":{"@id":"https:\/\/www.captcha.eu\/#\/schema\/logo\/image\/"},"sameAs":["https:\/\/x.com\/captcha_eu"]}]}},"pbg_featured_image_src":{"full":["https:\/\/www.captcha.eu\/wp-content\/uploads\/2025\/04\/Design-ohne-Titel9.png",1920,1080,false],"thumbnail":["https:\/\/www.captcha.eu\/wp-content\/uploads\/2025\/04\/Design-ohne-Titel9-150x150.png",150,150,true],"medium":["https:\/\/www.captcha.eu\/wp-content\/uploads\/2025\/04\/Design-ohne-Titel9-300x169.png",300,169,true],"medium_large":["https:\/\/www.captcha.eu\/wp-content\/uploads\/2025\/04\/Design-ohne-Titel9-768x432.png",768,432,true],"large":["https:\/\/www.captcha.eu\/wp-content\/uploads\/2025\/04\/Design-ohne-Titel9-1024x576.png",1024,576,true],"1536x1536":["https:\/\/www.captcha.eu\/wp-content\/uploads\/2025\/04\/Design-ohne-Titel9-1536x864.png",1536,864,true],"2048x2048":["https:\/\/www.captcha.eu\/wp-content\/uploads\/2025\/04\/Design-ohne-Titel9.png",1920,1080,false],"trp-custom-language-flag":["https:\/\/www.captcha.eu\/wp-content\/uploads\/2025\/04\/Design-ohne-Titel9-18x10.png",18,10,true]},"pbg_author_info":{"display_name":"Captcha","author_link":"https:\/\/www.captcha.eu\/de\/author\/admin\/","author_img":"<img alt='Captcha' src='https:\/\/secure.gravatar.com\/avatar\/48b669a092d552f5f30202f8da848c93fa4c54f8c2b3167568ed5cbccbe4994a?s=128&#038;d=mm&#038;r=g' srcset='https:\/\/secure.gravatar.com\/avatar\/48b669a092d552f5f30202f8da848c93fa4c54f8c2b3167568ed5cbccbe4994a?s=256&#038;d=mm&#038;r=g 2x' class='avatar avatar-128 photo' height='128' width='128' loading='lazy' decoding='async'\/>"},"pbg_comment_info":" No Comments","pbg_excerpt":"Contact forms are one of the most important elements on any website. They serve as a direct communication channel between visitors and site operators, whether for inquiries, customer support, or business opportunities. However, these forms are frequent targets for automated bots that send large volumes of spam messages. Therefore, it [&hellip;]","_links":{"self":[{"href":"https:\/\/www.captcha.eu\/de\/wp-json\/wp\/v2\/pages\/1930","targetHints":{"allow":["GET"]}}],"collection":[{"href":"https:\/\/www.captcha.eu\/de\/wp-json\/wp\/v2\/pages"}],"about":[{"href":"https:\/\/www.captcha.eu\/de\/wp-json\/wp\/v2\/types\/page"}],"author":[{"embeddable":true,"href":"https:\/\/www.captcha.eu\/de\/wp-json\/wp\/v2\/users\/1"}],"replies":[{"embeddable":true,"href":"https:\/\/www.captcha.eu\/de\/wp-json\/wp\/v2\/comments?post=1930"}],"version-history":[{"count":2,"href":"https:\/\/www.captcha.eu\/de\/wp-json\/wp\/v2\/pages\/1930\/revisions"}],"predecessor-version":[{"id":1934,"href":"https:\/\/www.captcha.eu\/de\/wp-json\/wp\/v2\/pages\/1930\/revisions\/1934"}],"wp:featuredmedia":[{"embeddable":true,"href":"https:\/\/www.captcha.eu\/de\/wp-json\/wp\/v2\/media\/1932"}],"wp:attachment":[{"href":"https:\/\/www.captcha.eu\/de\/wp-json\/wp\/v2\/media?parent=1930"}],"curies":[{"name":"wp","href":"https:\/\/api.w.org\/{rel}","templated":true}]}}