{"id":1284,"date":"2024-08-30T07:59:28","date_gmt":"2024-08-30T07:59:28","guid":{"rendered":"https:\/\/www.captcha.eu\/?page_id=1284"},"modified":"2026-03-26T22:05:41","modified_gmt":"2026-03-26T22:05:41","slug":"captcha-plugin-fuer-neos","status":"publish","type":"page","link":"https:\/\/www.captcha.eu\/de\/captcha-plugin-fuer-neos\/","title":{"rendered":"CAPTCHA Plugin f\u00fcr NEOS - DSGVO-konform, keine Cookies, EU-gehostet"},"content":{"rendered":"<div class=\"wp-block-essential-blocks-advanced-heading  root-eb-advance-heading-49g3a\"><div class=\"eb-parent-wrapper eb-parent-eb-advance-heading-49g3a\"><div class=\"eb-advance-heading-wrapper eb-advance-heading-49g3a button-1 undefined\" data-id=\"eb-advance-heading-49g3a\"><h2 class=\"eb-ah-title\"><span class=\"first-title\">Maximaler Schutz. Einfache Integration.<\/span><\/h2><h3 class=\"eb-ah-subtitle\">Ihre leistungsstarke Captcha-L\u00f6sung, um Bots und Spam in Schach zu halten<\/h3><div class=\"eb-ah-separator line\"><\/div><\/div><\/div><\/div>\n\n\n\n<div class=\"wp-block-media-text has-media-on-the-right is-stacked-on-mobile is-vertically-aligned-top\" style=\"grid-template-columns:auto 33%\"><div class=\"wp-block-media-text__content\">\n<p>Sch\u00fctzen Sie Ihre Website sofort: Mit dem schlanken und leistungsstarken Captcha-Plugin f\u00fcr NEOS genie\u00dfen Sie maximalen <strong>Schutz vor unerw\u00fcnschtem Datenverkehr und Cyberkriminalit\u00e4t<\/strong> \u00fcber Ihre Registrierungs-, Login- und Kontaktformulare hinweg und bleiben dabei 100 % benutzerfreundlich. R\u00e4tsell\u00f6sen und das Ankreuzen von K\u00e4stchen waren gestern!<\/p>\n\n\n\n<div class=\"wp-block-essential-blocks-button root-eb-button-aoqhd\"><div class=\"eb-parent-wrapper eb-parent-eb-button-aoqhd\"><div class=\"eb-button-wrapper eb-button-alignment eb-button-aoqhd\"><div class=\"eb-button\"><div class=\"eb-button-inner-wrapper\"><a class=\"eb-button-anchor\" href=\"https:\/\/www.neos.io\/download-and-extend\/packages\/captcha-eu\/captcha-eu-neos.html\" rel=\"noopener\">Holen Sie sich das Plugin<\/a><\/div><\/div><\/div><\/div><\/div>\n<\/div><figure class=\"wp-block-media-text__media\"><img loading=\"lazy\" decoding=\"async\" width=\"1024\" height=\"1024\" src=\"https:\/\/www.captcha.eu\/wp-content\/uploads\/2024\/02\/Neos-CMS-1024x1024.webp\" alt=\"\" class=\"wp-image-442 size-full\" srcset=\"https:\/\/www.captcha.eu\/wp-content\/uploads\/2024\/02\/Neos-CMS-1024x1024.webp 1024w, https:\/\/www.captcha.eu\/wp-content\/uploads\/2024\/02\/Neos-CMS-300x300.webp 300w, https:\/\/www.captcha.eu\/wp-content\/uploads\/2024\/02\/Neos-CMS-150x150.webp 150w, https:\/\/www.captcha.eu\/wp-content\/uploads\/2024\/02\/Neos-CMS-768x768.webp 768w, https:\/\/www.captcha.eu\/wp-content\/uploads\/2024\/02\/Neos-CMS-1536x1536.webp 1536w, https:\/\/www.captcha.eu\/wp-content\/uploads\/2024\/02\/Neos-CMS.webp 2000w\" sizes=\"auto, (max-width: 1024px) 100vw, 1024px\" \/><\/figure><\/div>\n\n\n\n<p>Anders als reCAPTCHA \u00fcbertr\u00e4gt captcha.eu keine Daten in die USA, setzt keine Cookies und erfordert keinen Cookie-Banner auf Ihren Formularen. NEOS ist ein Open-Source-CMS mit starker Verankerung in \u00d6sterreich, Deutschland und der Schweiz, entwickelt von einer Community, die redaktionelle Flexibilit\u00e4t und technische Qualit\u00e4t ernst nimmt. Die typischen NEOS-Nutzer sind Agenturen, \u00f6ffentliche Einrichtungen und Organisationen, die ma\u00dfgeschneiderte digitale L\u00f6sungen realisieren und beim Datenschutz keine Kompromisse eingehen k\u00f6nnen. reCAPTCHA passt nicht in dieses Bild: Es leitet Nutzerdaten \u00fcber US-Server, erfordert eine Cookie-Einwilligung auf jedem gesch\u00fctzten Formular und erzeugt eine DSGVO-Problematik, die auf jedem seri\u00f6sen europ\u00e4ischen Webprojekt schlecht aussieht. captcha.eu wurde genau f\u00fcr diesen Kontext entwickelt. In \u00d6sterreich gehostet, keine Datenverarbeitung au\u00dferhalb der EU, keine Cookies, unsichtbar im Hintergrund f\u00fcr echte Nutzer, und mit dem WACA-Silber-Zertifikat von T\u00dcV Austria nach WCAG 2.2 AA gepr\u00fcft und zertifiziert. Die naheliegende CAPTCHA-Wahl f\u00fcr NEOS-Projekte, in denen Datenschutz und Barrierefreiheit keine Nachgedanken sind.<\/p>\n\n\n\n<hr class=\"wp-block-separator has-alpha-channel-opacity\"\/>\n\n\n\n<h2 class=\"wp-block-heading has-large-font-size\" id=\"h-how-to-add-a-captcha-to-your-neos-site\">So f\u00fcgen Sie Ihrer NEOS-Site ein Captcha hinzu<\/h2>\n\n\n\n<p>Maximaler Schutz vor Spam und Bots, vollst\u00e4ndig DSGVO-konform: Unser leistungsstarkes, einfach zu integrierendes Captcha-Plugin f\u00fcr NEOS ist die ultimative Captcha-L\u00f6sung, um Ihrer Website sofort eine zus\u00e4tzliche Sicherheitsebene hinzuzuf\u00fcgen - alles mit nur einem Klick. Hier erfahren Sie, wie Sie das captcha.eu-Plugin in wenigen einfachen Schritten einrichten k\u00f6nnen:<\/p>\n\n\n\n<div class=\"wp-block-columns is-layout-flex wp-container-core-columns-is-layout-28f84493 wp-block-columns-is-layout-flex\">\n<div class=\"wp-block-column is-layout-flow wp-block-column-is-layout-flow\" style=\"flex-basis:100%\">\n<div class=\"wp-block-group is-content-justification-left is-nowrap is-layout-flex wp-container-core-group-is-layout-a1ed96d5 wp-block-group-is-layout-flex\">\n<h2 class=\"wp-block-heading\" id=\"h-1\">1<\/h2>\n\n\n\n<p class=\"has-link-color wp-elements-d5f5a9135ee15beb82bcb2d06b6e0460\"><a href=\"https:\/\/www.neos.io\/download-and-extend\/packages\/captcha-eu\/captcha-eu-neos.html\">Laden Sie das Plugin herunter<\/a> und installieren Sie es \u00fcber Composer in NEOS.<\/p>\n<\/div>\n\n\n\n<pre class=\"wp-block-code\"><code><code>$ composer require captcha-eu\/neos<\/code><\/code><\/pre>\n\n\n\n<div class=\"wp-block-group is-content-justification-left is-nowrap is-layout-flex wp-container-core-group-is-layout-a1ed96d5 wp-block-group-is-layout-flex\">\n<h2 class=\"wp-block-heading\" id=\"h-2\">2<\/h2>\n\n\n\n<p class=\"has-link-color wp-elements-2e5c1862bf2578b5072c61ab9bd18a64\">Erstellen Sie als N\u00e4chstes Ihr <strong><a href=\"http:\/\/www.captcha.eu\/de\/\">Captcha.eu-Konto<\/a><\/strong>. Loggen Sie sich ein und gehen Sie zu Ihrem <a href=\"https:\/\/www.captcha.eu\/dashboard\/\">Dashboard<\/a> um <strong>eine neue Domain hinzuf\u00fcgen<\/strong>. Dadurch entstehen ein <strong>REST-Schl\u00fcssel und \u00f6ffentlicher Schl\u00fcssel<\/strong> \u2013 Sie ben\u00f6tigen diese, um das Plugin zu konfigurieren.<\/p>\n<\/div>\n\n\n\n<div class=\"wp-block-group is-nowrap is-layout-flex wp-container-core-group-is-layout-6c531013 wp-block-group-is-layout-flex\">\n<h2 class=\"wp-block-heading\" id=\"h-3\">3 <\/h2>\n\n\n\n<p class=\"has-link-color wp-elements-3240a25c3bbcc518c7fa95f535a07338\">Konfigurieren Sie das Plugin. Kopieren Sie dazu einfach den REST Key und den Public Key aus Ihrem Captcha.eu Account und f\u00fcgen Sie sie in das entsprechende Feld ein. <strong>Wichtig<\/strong>: In Staging-Umgebungen empfehlen wir dringend, zum Konfigurieren jedes Werts Umgebungsvariablen zu verwenden.<\/p>\n<\/div>\n\n\n\n<pre class=\"wp-block-code\"><code><code>CaptchaEU:\n  CaptchaEU:\n    publicKey: 'add-your-site-key'\n    restKey: 'add-your-secret-key'<\/code><\/code><\/pre>\n\n\n\n<div class=\"wp-block-group is-content-justification-left is-nowrap is-layout-flex wp-container-core-group-is-layout-a1ed96d5 wp-block-group-is-layout-flex\">\n<h2 class=\"wp-block-heading\" id=\"h-4\">4<\/h2>\n\n\n\n<p class=\"has-link-color wp-elements-5f9a4ca35af009e8a549cd94089c4df9\">Im NEOS-Backend erstellen Sie <strong>ein neues Formular<\/strong> mit Neos.Form.Builder. <strong>F\u00fcgen Sie<\/strong> das Captcha.eu Plugin zu <strong>ist captcha.eu<\/strong> hinzu.<\/p>\n<\/div>\n\n\n\n<figure class=\"wp-block-image size-large is-resized\"><img decoding=\"async\" src=\"https:\/\/docs.captcha.eu\/files\/neos\/screen.png\" alt=\"\" style=\"width:789px;height:auto\"\/><\/figure>\n\n\n\n<div class=\"wp-block-group is-content-justification-left is-nowrap is-layout-flex wp-container-core-group-is-layout-a1ed96d5 wp-block-group-is-layout-flex\">\n<h2 class=\"wp-block-heading\" id=\"h-5\">5<\/h2>\n\n\n\n<p class=\"has-link-color wp-elements-d2b807491247477e1668e2ae9e70d436\">Jetzt <strong>Sie das Plugin f\u00fcr Ihre Formulare aktivieren<\/strong> f\u00fcr Neos.Form, indem Sie das neue Formularelement zu den Renderables Ihrer Formulardefinition hinzuf\u00fcgen. <strong>Tipp<\/strong>: Sie k\u00f6nnen die Konfiguration Ihres \u00f6ffentlichen Schl\u00fcssels und REST-Schl\u00fcssels in den Knoteneigenschaften \u00fcberschreiben. <\/p>\n<\/div>\n\n\n\n<pre class=\"wp-block-code\"><code><code>type: 'Neos.Form:Form'\nidentifier: someIdentifier\nlabel: Label\nrenderables:\n  -\n    type: 'Neos.Form:Page'\n    identifier: page-one\n    renderables:\n      -\n        type: 'CaptchaEU.CaptchaEU:Captcha'\n        identifier: captcha\n        label: Captcha\n        properties:\n          publicKey: your-public-key\n          restKey: your-private-key\nfinishers:\n  -<\/code><\/code><\/pre>\n\n\n\n<p><strong>Damit ist es geschafft!<\/strong> Ihr Captcha.eu-Plugin ist nun vollst\u00e4ndig eingerichtet und kann in allen Formularen auf Ihrer NEOS-Site verwendet werden. Wenn w\u00e4hrend des Installationsvorgangs Probleme auftreten oder Sie weitere Fragen haben, helfen wir Ihnen gerne weiter: Kontaktieren Sie uns einfach \u00fcber unser <a href=\"https:\/\/www.captcha.eu\/de\/kontakt\/\"><mark style=\"background-color:rgba(0, 0, 0, 0)\" class=\"has-inline-color has-primary-color\">Kontakt-Formular<\/mark><\/a> oder den Online-Chat, oder besuchen Sie unsere <a href=\"https:\/\/docs.captcha.eu\/neos-install?id=captchaeu-integration-for-neos-form-framework\"><mark style=\"background-color:rgba(0, 0, 0, 0)\" class=\"has-inline-color has-primary-color\">ausf\u00fchrliche Dokumentation<\/mark><\/a> f\u00fcr weitere Anleitung und Unterst\u00fctzung.<\/p>\n\n\n\n<hr class=\"wp-block-separator has-alpha-channel-opacity is-style-dots\"\/>\n\n\n\n<p class=\"has-link-color wp-elements-c0665975c7a6ec48b56dba96aa1f3072\">Sch\u00fctzen Sie Ihre Registrierungs-, Login- und Kontaktformulare jederzeit: Ob eine oder mehrere Domains, unsere <strong>vollst\u00e4ndig DSGVO-konformes<\/strong>, benutzerfreundliches Captcha.eu-Plugin bietet Ihnen alles, was Sie brauchen, um <strong>Ihre NEOS-Site vor Bots und Spam zu sch\u00fctzen<\/strong> \u2013 alles mit nur einem Klick. Keine R\u00e4tsel, kein Abhaken. Holen Sie sich jetzt das Captcha-Plugin f\u00fcr NEOS und entdecken Sie die Power von Captcha.eu!<\/p>\n\n\n\n<div class=\"wp-block-essential-blocks-button root-eb-button-hjckk\"><div class=\"eb-parent-wrapper eb-parent-eb-button-hjckk\"><div class=\"eb-button-wrapper eb-button-alignment eb-button-hjckk\"><div class=\"eb-button\"><div class=\"eb-button-inner-wrapper\"><a class=\"eb-button-anchor\" href=\"https:\/\/www.neos.io\/download-and-extend\/packages\/captcha-eu\/captcha-eu-neos.html\" rel=\"noopener\">Holen Sie sich das Plugin<\/a><\/div><\/div><\/div><\/div><\/div>\n<\/div>\n<\/div>","protected":false},"excerpt":{"rendered":"<p>Unlike reCAPTCHA, captcha.eu transfers no data to the US, sets no cookies, and requires no consent banner on any form it protects. NEOS is an open-source CMS with a strong base in Austria, Germany, and Switzerland, built by a community that takes editorial flexibility and technical quality seriously. Its users [&hellip;]<\/p>\n","protected":false},"author":2,"featured_media":0,"parent":0,"menu_order":0,"comment_status":"closed","ping_status":"closed","template":"","meta":{"_acf_changed":false,"_eb_attr":"","footnotes":""},"class_list":["post-1284","page","type-page","status-publish","hentry"],"acf":[],"yoast_head":"<!-- This site is optimized with the Yoast SEO Premium plugin v27.0 (Yoast SEO v27.0) - https:\/\/yoast.com\/product\/yoast-seo-premium-wordpress\/ -->\n<title>Captcha Plugin for NEOS \u00bb Powerful Site Protection<\/title>\n<meta name=\"description\" content=\"Sleek &amp; powerful captcha plugin for your NEOS site \u279c fully GDPR-compliant \u2713 user-friendly \u2713 instant safeguard \u2713 maximum site protection \u2713\" \/>\n<meta name=\"robots\" content=\"index, follow, max-snippet:-1, max-image-preview:large, max-video-preview:-1\" \/>\n<link rel=\"canonical\" href=\"https:\/\/www.captcha.eu\/de\/captcha-plugin-fuer-neos\/\" \/>\n<meta property=\"og:locale\" content=\"de_DE\" \/>\n<meta property=\"og:type\" content=\"article\" \/>\n<meta property=\"og:title\" content=\"CAPTCHA Plugin for NEOS - GDPR-compliant, no cookies, EU-hosted\" \/>\n<meta property=\"og:description\" content=\"Sleek &amp; powerful captcha plugin for your NEOS site \u279c fully GDPR-compliant \u2713 user-friendly \u2713 instant safeguard \u2713 maximum site protection \u2713\" \/>\n<meta property=\"og:url\" content=\"https:\/\/www.captcha.eu\/de\/captcha-plugin-fuer-neos\/\" \/>\n<meta property=\"og:site_name\" content=\"captcha.eu\" \/>\n<meta property=\"article:modified_time\" content=\"2026-03-26T22:05:41+00:00\" \/>\n<meta property=\"og:image\" content=\"https:\/\/www.captcha.eu\/wp-content\/uploads\/2024\/02\/Neos-CMS.webp\" \/>\n\t<meta property=\"og:image:width\" content=\"2000\" \/>\n\t<meta property=\"og:image:height\" content=\"2000\" \/>\n\t<meta property=\"og:image:type\" content=\"image\/webp\" \/>\n<meta name=\"twitter:card\" content=\"summary_large_image\" \/>\n<meta name=\"twitter:site\" content=\"@captcha_eu\" \/>\n<meta name=\"twitter:label1\" content=\"Est. reading time\" \/>\n\t<meta name=\"twitter:data1\" content=\"3 minutes\" \/>\n<script type=\"application\/ld+json\" class=\"yoast-schema-graph\">{\"@context\":\"https:\/\/schema.org\",\"@graph\":[{\"@type\":\"WebPage\",\"@id\":\"https:\/\/www.captcha.eu\/captcha-plugin-for-neos\/\",\"url\":\"https:\/\/www.captcha.eu\/captcha-plugin-for-neos\/\",\"name\":\"Captcha Plugin for NEOS \u00bb Powerful Site Protection\",\"isPartOf\":{\"@id\":\"https:\/\/www.captcha.eu\/#website\"},\"primaryImageOfPage\":{\"@id\":\"https:\/\/www.captcha.eu\/captcha-plugin-for-neos\/#primaryimage\"},\"image\":{\"@id\":\"https:\/\/www.captcha.eu\/captcha-plugin-for-neos\/#primaryimage\"},\"thumbnailUrl\":\"https:\/\/www.captcha.eu\/wp-content\/uploads\/2024\/02\/Neos-CMS-1024x1024.webp\",\"datePublished\":\"2024-08-30T07:59:28+00:00\",\"dateModified\":\"2026-03-26T22:05:41+00:00\",\"description\":\"Sleek & powerful captcha plugin for your NEOS site \u279c fully GDPR-compliant \u2713 user-friendly \u2713 instant safeguard \u2713 maximum site protection \u2713\",\"breadcrumb\":{\"@id\":\"https:\/\/www.captcha.eu\/captcha-plugin-for-neos\/#breadcrumb\"},\"inLanguage\":\"de-DE\",\"potentialAction\":[{\"@type\":\"ReadAction\",\"target\":[\"https:\/\/www.captcha.eu\/captcha-plugin-for-neos\/\"]}]},{\"@type\":\"ImageObject\",\"inLanguage\":\"de-DE\",\"@id\":\"https:\/\/www.captcha.eu\/captcha-plugin-for-neos\/#primaryimage\",\"url\":\"https:\/\/www.captcha.eu\/wp-content\/uploads\/2024\/02\/Neos-CMS-1024x1024.webp\",\"contentUrl\":\"https:\/\/www.captcha.eu\/wp-content\/uploads\/2024\/02\/Neos-CMS-1024x1024.webp\"},{\"@type\":\"BreadcrumbList\",\"@id\":\"https:\/\/www.captcha.eu\/captcha-plugin-for-neos\/#breadcrumb\",\"itemListElement\":[{\"@type\":\"ListItem\",\"position\":1,\"name\":\"Home\",\"item\":\"https:\/\/www.captcha.eu\/\"},{\"@type\":\"ListItem\",\"position\":2,\"name\":\"CAPTCHA Plugin for NEOS &#8211; GDPR-compliant, no cookies, EU-hosted\"}]},{\"@type\":\"WebSite\",\"@id\":\"https:\/\/www.captcha.eu\/#website\",\"url\":\"https:\/\/www.captcha.eu\/\",\"name\":\"captcha.eu\",\"description\":\"The GDPR-compliant message protection | captcha.eu\",\"publisher\":{\"@id\":\"https:\/\/www.captcha.eu\/#organization\"},\"potentialAction\":[{\"@type\":\"SearchAction\",\"target\":{\"@type\":\"EntryPoint\",\"urlTemplate\":\"https:\/\/www.captcha.eu\/?s={search_term_string}\"},\"query-input\":{\"@type\":\"PropertyValueSpecification\",\"valueRequired\":true,\"valueName\":\"search_term_string\"}}],\"inLanguage\":\"de-DE\"},{\"@type\":\"Organization\",\"@id\":\"https:\/\/www.captcha.eu\/#organization\",\"name\":\"captcha.eu\",\"url\":\"https:\/\/www.captcha.eu\/\",\"logo\":{\"@type\":\"ImageObject\",\"inLanguage\":\"de-DE\",\"@id\":\"https:\/\/www.captcha.eu\/#\/schema\/logo\/image\/\",\"url\":\"https:\/\/www.captcha.eu\/wp-content\/uploads\/2024\/02\/Captcha_mono-C_Logo.svg\",\"contentUrl\":\"https:\/\/www.captcha.eu\/wp-content\/uploads\/2024\/02\/Captcha_mono-C_Logo.svg\",\"width\":24,\"height\":28,\"caption\":\"captcha.eu\"},\"image\":{\"@id\":\"https:\/\/www.captcha.eu\/#\/schema\/logo\/image\/\"},\"sameAs\":[\"https:\/\/x.com\/captcha_eu\"]}]}<\/script>\n<!-- \/ Yoast SEO Premium plugin. -->","yoast_head_json":{"title":"NEOS Captcha-Plugin \u00bb Leistungsstarker Site-Schutz","description":"Captcha-Plugin f\u00fcr NEOS \u279c DSGVO-konform \u2713 benutzerfreundlich \u2713 sch\u00fctzt Ihre Site sofort \u2713 schlank &amp; effektiv.","robots":{"index":"index","follow":"follow","max-snippet":"max-snippet:-1","max-image-preview":"max-image-preview:large","max-video-preview":"max-video-preview:-1"},"canonical":"https:\/\/www.captcha.eu\/de\/captcha-plugin-fuer-neos\/","og_locale":"de_DE","og_type":"article","og_title":"CAPTCHA Plugin for NEOS - GDPR-compliant, no cookies, EU-hosted","og_description":"Sleek & powerful captcha plugin for your NEOS site \u279c fully GDPR-compliant \u2713 user-friendly \u2713 instant safeguard \u2713 maximum site protection \u2713","og_url":"https:\/\/www.captcha.eu\/de\/captcha-plugin-fuer-neos\/","og_site_name":"captcha.eu","article_modified_time":"2026-03-26T22:05:41+00:00","og_image":[{"width":2000,"height":2000,"url":"https:\/\/www.captcha.eu\/wp-content\/uploads\/2024\/02\/Neos-CMS.webp","type":"image\/webp"}],"twitter_card":"summary_large_image","twitter_site":"@captcha_eu","twitter_misc":{"Est. reading time":"3 minutes"},"schema":{"@context":"https:\/\/schema.org","@graph":[{"@type":"WebPage","@id":"https:\/\/www.captcha.eu\/captcha-plugin-for-neos\/","url":"https:\/\/www.captcha.eu\/captcha-plugin-for-neos\/","name":"NEOS Captcha-Plugin \u00bb Leistungsstarker Site-Schutz","isPartOf":{"@id":"https:\/\/www.captcha.eu\/#website"},"primaryImageOfPage":{"@id":"https:\/\/www.captcha.eu\/captcha-plugin-for-neos\/#primaryimage"},"image":{"@id":"https:\/\/www.captcha.eu\/captcha-plugin-for-neos\/#primaryimage"},"thumbnailUrl":"https:\/\/www.captcha.eu\/wp-content\/uploads\/2024\/02\/Neos-CMS-1024x1024.webp","datePublished":"2024-08-30T07:59:28+00:00","dateModified":"2026-03-26T22:05:41+00:00","description":"Captcha-Plugin f\u00fcr NEOS \u279c DSGVO-konform \u2713 benutzerfreundlich \u2713 sch\u00fctzt Ihre Site sofort \u2713 schlank &amp; effektiv.","breadcrumb":{"@id":"https:\/\/www.captcha.eu\/captcha-plugin-for-neos\/#breadcrumb"},"inLanguage":"de-DE","potentialAction":[{"@type":"ReadAction","target":["https:\/\/www.captcha.eu\/captcha-plugin-for-neos\/"]}]},{"@type":"ImageObject","inLanguage":"de-DE","@id":"https:\/\/www.captcha.eu\/captcha-plugin-for-neos\/#primaryimage","url":"https:\/\/www.captcha.eu\/wp-content\/uploads\/2024\/02\/Neos-CMS-1024x1024.webp","contentUrl":"https:\/\/www.captcha.eu\/wp-content\/uploads\/2024\/02\/Neos-CMS-1024x1024.webp"},{"@type":"BreadcrumbList","@id":"https:\/\/www.captcha.eu\/captcha-plugin-for-neos\/#breadcrumb","itemListElement":[{"@type":"ListItem","position":1,"name":"Home","item":"https:\/\/www.captcha.eu\/"},{"@type":"ListItem","position":2,"name":"CAPTCHA Plugin for NEOS &#8211; GDPR-compliant, no cookies, EU-hosted"}]},{"@type":"WebSite","@id":"https:\/\/www.captcha.eu\/#website","url":"https:\/\/www.captcha.eu\/","name":"ist captcha.eu","description":"Der DSGVO-konforme Nachrichtenschutz | captcha.eu","publisher":{"@id":"https:\/\/www.captcha.eu\/#organization"},"potentialAction":[{"@type":"SearchAction","target":{"@type":"EntryPoint","urlTemplate":"https:\/\/www.captcha.eu\/?s={search_term_string}"},"query-input":{"@type":"PropertyValueSpecification","valueRequired":true,"valueName":"search_term_string"}}],"inLanguage":"de-DE"},{"@type":"Organization","@id":"https:\/\/www.captcha.eu\/#organization","name":"ist captcha.eu","url":"https:\/\/www.captcha.eu\/","logo":{"@type":"ImageObject","inLanguage":"de-DE","@id":"https:\/\/www.captcha.eu\/#\/schema\/logo\/image\/","url":"https:\/\/www.captcha.eu\/wp-content\/uploads\/2024\/02\/Captcha_mono-C_Logo.svg","contentUrl":"https:\/\/www.captcha.eu\/wp-content\/uploads\/2024\/02\/Captcha_mono-C_Logo.svg","width":24,"height":28,"caption":"captcha.eu"},"image":{"@id":"https:\/\/www.captcha.eu\/#\/schema\/logo\/image\/"},"sameAs":["https:\/\/x.com\/captcha_eu"]}]}},"pbg_featured_image_src":{"full":false,"thumbnail":false,"medium":false,"medium_large":false,"large":false,"1536x1536":false,"2048x2048":false,"trp-custom-language-flag":false},"pbg_author_info":{"display_name":"digitalisten","author_link":"https:\/\/www.captcha.eu\/de\/author\/digitalisten\/","author_img":"<img alt='digitalisten' src='https:\/\/secure.gravatar.com\/avatar\/bc31cf0308270e03455e0f85a3c84110811c227952cecb263b99808ed200063c?s=128&#038;d=mm&#038;r=g' srcset='https:\/\/secure.gravatar.com\/avatar\/bc31cf0308270e03455e0f85a3c84110811c227952cecb263b99808ed200063c?s=256&#038;d=mm&#038;r=g 2x' class='avatar avatar-128 photo' height='128' width='128' loading='lazy' decoding='async'\/>"},"pbg_comment_info":" No Comments","pbg_excerpt":"Unlike reCAPTCHA, captcha.eu transfers no data to the US, sets no cookies, and requires no consent banner on any form it protects. NEOS is an open-source CMS with a strong base in Austria, Germany, and Switzerland, built by a community that takes editorial flexibility and technical quality seriously. Its users [&hellip;]","_links":{"self":[{"href":"https:\/\/www.captcha.eu\/de\/wp-json\/wp\/v2\/pages\/1284","targetHints":{"allow":["GET"]}}],"collection":[{"href":"https:\/\/www.captcha.eu\/de\/wp-json\/wp\/v2\/pages"}],"about":[{"href":"https:\/\/www.captcha.eu\/de\/wp-json\/wp\/v2\/types\/page"}],"author":[{"embeddable":true,"href":"https:\/\/www.captcha.eu\/de\/wp-json\/wp\/v2\/users\/2"}],"replies":[{"embeddable":true,"href":"https:\/\/www.captcha.eu\/de\/wp-json\/wp\/v2\/comments?post=1284"}],"version-history":[{"count":7,"href":"https:\/\/www.captcha.eu\/de\/wp-json\/wp\/v2\/pages\/1284\/revisions"}],"predecessor-version":[{"id":3443,"href":"https:\/\/www.captcha.eu\/de\/wp-json\/wp\/v2\/pages\/1284\/revisions\/3443"}],"wp:attachment":[{"href":"https:\/\/www.captcha.eu\/de\/wp-json\/wp\/v2\/media?parent=1284"}],"curies":[{"name":"wp","href":"https:\/\/api.w.org\/{rel}","templated":true}]}}