{"id":1272,"date":"2024-08-30T07:39:26","date_gmt":"2024-08-30T07:39:26","guid":{"rendered":"https:\/\/www.captcha.eu\/?page_id=1272"},"modified":"2026-03-26T21:31:54","modified_gmt":"2026-03-26T21:31:54","slug":"captcha-plugin-adobe-commerce-magento","status":"publish","type":"page","link":"https:\/\/www.captcha.eu\/de\/captcha-plugin-adobe-commerce-magento\/","title":{"rendered":"CAPTCHA Plugin f\u00fcr Adobe Commerce &amp; Magento 2 - DSGVO-konform, keine Cookies, EU-gehostet"},"content":{"rendered":"<div class=\"wp-block-essential-blocks-advanced-heading  root-eb-advance-heading-49g3a\"><div class=\"eb-parent-wrapper eb-parent-eb-advance-heading-49g3a\"><div class=\"eb-advance-heading-wrapper eb-advance-heading-49g3a button-1 undefined\" data-id=\"eb-advance-heading-49g3a\"><h2 class=\"eb-ah-title\"><span class=\"first-title\">Leistungsstarker Schutz. Einfach integrierbar.<\/span><\/h2><h3 class=\"eb-ah-subtitle\">Die ultimative Captcha-L\u00f6sung f\u00fcr Ihren Online-Webshop<\/h3><div class=\"eb-ah-separator line\"><\/div><\/div><\/div><\/div>\n\n\n\n<div class=\"wp-block-media-text has-media-on-the-right is-stacked-on-mobile is-vertically-aligned-top\" style=\"grid-template-columns:auto 35%\"><div class=\"wp-block-media-text__content\">\n<p>Entdecken Sie die Leistungsf\u00e4higkeit von Captcha f\u00fcr Adobe Commerce und Magento 2: Sch\u00fctzen Sie Ihre Logins, Kontaktformulare und vieles mehr effektiv vor Spam, Bots und Cyberkriminalit\u00e4t, ohne die Benutzerfreundlichkeit zu beeintr\u00e4chtigen. Keine Cookies, kein Tracking - vollst\u00e4ndig GDPR-konform.<\/p>\n\n\n\n<div class=\"wp-block-essential-blocks-button root-eb-button-aoqhd\"><div class=\"eb-parent-wrapper eb-parent-eb-button-aoqhd\"><div class=\"eb-button-wrapper eb-button-alignment eb-button-aoqhd\"><div class=\"eb-button\"><div class=\"eb-button-inner-wrapper\"><a class=\"eb-button-anchor\" href=\"https:\/\/commercemarketplace.adobe.com\/captcha-eu-magento.html\" rel=\"noopener\">Holen Sie sich das Plugin<\/a><\/div><\/div><\/div><\/div><\/div>\n<\/div><figure class=\"wp-block-media-text__media\"><img loading=\"lazy\" decoding=\"async\" width=\"357\" height=\"205\" src=\"https:\/\/www.captcha.eu\/wp-content\/uploads\/2024\/02\/image-7.png\" alt=\"\" class=\"wp-image-724 size-full\" srcset=\"https:\/\/www.captcha.eu\/wp-content\/uploads\/2024\/02\/image-7.png 357w, https:\/\/www.captcha.eu\/wp-content\/uploads\/2024\/02\/image-7-300x172.png 300w, https:\/\/www.captcha.eu\/wp-content\/uploads\/2024\/02\/image-7-18x10.png 18w\" sizes=\"auto, (max-width: 357px) 100vw, 357px\" \/><\/figure><\/div>\n\n\n\n<p>Anders als reCAPTCHA \u00fcbertr\u00e4gt captcha.eu keine Daten in die USA, setzt keine Cookies und erfordert keinen Cookie-Banner in Ihrem Shop. Adobe Commerce und Magento 2 sind die Plattformen hinter Tausenden von Online-Shops in Deutschland, \u00d6sterreich und der Schweiz, von mittelst\u00e4ndischen H\u00e4ndlern bis zu Enterprise-L\u00f6sungen. F\u00fcr all diese Shops gilt dasselbe: DSGVO-Konformit\u00e4t ist Pflicht, und das Checkout-Erlebnis entscheidet \u00fcber Conversion oder Abbruch. Gleichzeitig sind Magento-Shops ein bevorzugtes Ziel f\u00fcr automatisierte Angriffe, Carding, bei dem gestohlene Kreditkartendaten im Checkout getestet werden, gef\u00e4lschte Kontoregistrierungen und Formular-Spam belasten Systeme, verf\u00e4lschen Analysedaten und verursachen echte Verluste. captcha.eu sch\u00fctzt genau diese kritischen Stellen: Login, Registrierung, Passwort-Reset, Newsletter-Anmeldung und Checkout-Formulare, unsichtbar im Hintergrund, ohne R\u00e4tsel, ohne Wartezeit. Der Dienst wird vollst\u00e4ndig in \u00d6sterreich gehostet, verarbeitet keine Daten au\u00dferhalb der EU, setzt keine Cookies und ist mit dem WACA-Silber-Zertifikat von T\u00dcV Austria nach WCAG 2.2 AA zertifiziert.<\/p>\n\n\n\n<h2 class=\"wp-block-heading has-large-font-size\" id=\"h-how-to-add-a-captcha-to-adobe-commerce-and-magento-2\">So f\u00fcgen Sie ein Captcha zu Adobe Commerce und Magento 2 hinzu<\/h2>\n\n\n\n<p>Effektiver <strong>Schutz von Logins, Kontaktformularen und mehr<\/strong> auf Ihrer gesamten Seite; <strong>unerw\u00fcnschter Datenverkehr und Spam<\/strong> geh\u00f6ren mit dem Adobe Commerce und Magento 2 Plugin von Captcha.eu der Vergangenheit an. <strong>Schlank,<\/strong>, <strong>leistungsstarkes <\/strong>und <strong>einfach zu integrierendes<\/strong>. Mit unserer Captcha-L\u00f6sung k\u00f6nnen Sie im Handumdrehen eine zus\u00e4tzliche Sicherheitsebene hinzuf\u00fcgen \u2013 und dem Abhaken von K\u00e4stchen und L\u00f6sen von R\u00e4tseln ein Ende setzen. So richten Sie das Captcha-Plugin f\u00fcr Adobe Commerce oder Magento 2 ein:<\/p>\n\n\n\n<div class=\"wp-block-columns is-layout-flex wp-container-core-columns-is-layout-28f84493 wp-block-columns-is-layout-flex\">\n<div class=\"wp-block-column is-layout-flow wp-block-column-is-layout-flow\" style=\"flex-basis:100%\">\n<div class=\"wp-block-group is-content-justification-left is-nowrap is-layout-flex wp-container-core-group-is-layout-a1ed96d5 wp-block-group-is-layout-flex\">\n<h2 class=\"wp-block-heading\" id=\"h-1\">1<\/h2>\n\n\n\n<p class=\"has-link-color wp-elements-f163e311de9c1e8c236836904f463731\">Als erstes m\u00fcssen Sie vom Commerce Marketplace das <a href=\"https:\/\/commercemarketplace.adobe.com\/captcha-eu-magento.html\">Plugin herunterladen.<\/a> Wenn Sie Captcha.eu f\u00fcr Adobe Commerce einrichten, k\u00f6nnen Sie direkt mit Schritt 4 fortfahren.<\/p>\n<\/div>\n\n\n\n<figure class=\"wp-block-image size-large is-resized\"><img decoding=\"async\" src=\"https:\/\/docs.captcha.eu\/files\/adobe-commerce-magento\/captcha-eu-marketplace.png\" alt=\"\" style=\"width:687px;height:auto\"\/><\/figure>\n\n\n\n<div class=\"wp-block-group is-content-justification-left is-nowrap is-layout-flex wp-container-core-group-is-layout-a1ed96d5 wp-block-group-is-layout-flex\">\n<h2 class=\"wp-block-heading\" id=\"h-2\">2<\/h2>\n\n\n\n<p class=\"has-link-color wp-elements-f1ef75caed7df150848d6356e5cff6ba\">Um das Plugin f\u00fcr Magento zu installieren, m\u00fcssen Sie <strong>Composer verwenden<\/strong> ( <a href=\"https:\/\/getcomposer.org\/\">Hier geht's zum Download<\/a>). Stellen Sie sicher, dass Ihre Zugriffsschl\u00fcssel entsprechend eingerichtet sind, da Composer diese Anmeldeinformationen verwendet, um eine Verbindung herzustellen und die Erweiterung vom Commerce Marketplace herunterzuladen. Gehen Sie dann zu Ihrem <strong>SSH-Konsole\/Shell<\/strong> und <strong>installieren Sie die Erweiterung<\/strong> aus dem Ordner \/magento. <strong>Notiz<\/strong>: Captcha.eu erfordert Magento 2.X.<\/p>\n<\/div>\n\n\n\n<pre class=\"wp-block-code\"><code>Komponist erfordert Captcha-EU\/Magento<\/code><\/pre>\n\n\n\n<div class=\"wp-block-group is-content-justification-left is-nowrap is-layout-flex wp-container-core-group-is-layout-a1ed96d5 wp-block-group-is-layout-flex\">\n<h2 class=\"wp-block-heading\" id=\"h-3\">3<\/h2>\n\n\n\n<p class=\"has-link-color wp-elements-4fea0013e63bc2714f436a979bea62c9\">F\u00fchren Sie nach der Installation die folgenden Befehle aus, um Ihr Setup zu aktualisieren und \u00fcber das Magento 2-Backend auf das Plugin zuzugreifen:<\/p>\n<\/div>\n\n\n\n<pre class=\"wp-block-code\"><code>php bin\/magento setup:upgrade; php bin\/magento setup:di:compile; php bin\/magento setup:static-content:deploy -f; php bin\/magento cache:clean; php bin\/magento cache:flush;<\/code><\/pre>\n\n\n\n<div class=\"wp-block-group is-content-justification-left is-nowrap is-layout-flex wp-container-core-group-is-layout-a1ed96d5 wp-block-group-is-layout-flex\">\n<h2 class=\"wp-block-heading\" id=\"h-4\">4<\/h2>\n\n\n\n<p class=\"has-link-color wp-elements-f531a0d6f686f038e28dc448f190b911\">Installieren Sie die Erweiterung \u00fcber Composer ( <a href=\"https:\/\/getcomposer.org\/\">Hier geht's zum Download<\/a>) mit dem folgenden Snippet:<\/p>\n<\/div>\n\n\n\n<pre class=\"wp-block-code\"><code>Komponist erfordert Captcha-EU\/Magento:1.0.0 --kein Update<\/code><\/pre>\n\n\n\n<div class=\"wp-block-group is-content-justification-left is-nowrap is-layout-flex wp-container-core-group-is-layout-a1ed96d5 wp-block-group-is-layout-flex\">\n<h2 class=\"wp-block-heading\" id=\"h-5\">5<\/h2>\n\n\n\n<p class=\"has-link-color wp-elements-c846dfcfec9818e4f21364e7b849d0a8\">\u00dcberpr\u00fcfen Sie den <strong>Modulstatus<\/strong> und stellen Sie die erforderlichen Parameter ein (aktivieren\/deaktivieren).<\/p>\n<\/div>\n\n\n\n<pre class=\"wp-block-code\"><code># Bin\/Magento-Modul aktivieren:CaptchaEU_Captcha aktivieren # Bin\/Magento-Modul deaktivieren:CaptchaEU_Captcha deaktivieren<\/code><\/pre>\n\n\n\n<div class=\"wp-block-group is-content-justification-left is-nowrap is-layout-flex wp-container-core-group-is-layout-a1ed96d5 wp-block-group-is-layout-flex\">\n<h2 class=\"wp-block-heading\" id=\"h-6\">6<\/h2>\n\n\n\n<p class=\"has-link-color wp-elements-4391d0740d55432e44b8df6833d31c8b\">Als n\u00e4chstes m\u00fcssen Sie Ihren <a href=\"http:\/\/www.captcha.eu\/de\/login\/\"><strong>Captcha.eu-Account erstellen<\/strong><\/a>. Danach loggen Sie sich <strong>in Ihrem Konto<\/strong> gehen zu \u201eDomains\u201c in Ihrem <a href=\"https:\/\/www.captcha.eu\/dashboard\/\">dashboard<\/a> um <strong>Domains,<\/strong> das Captcha.eu Plugin zu <strong>hinzuzuf\u00fcgen<\/strong> Dadurch werden ein REST-Schl\u00fcssel und ein \u00f6ffentlicher Schl\u00fcssel generiert. Navigieren Sie dann zur\u00fcck zu Ihrer Adobe Commerce- oder Magento 2-Verwaltungsoberfl\u00e4che. \u00dcbrigens: Ihre <strong>ersten 100 Validierungen<\/strong> sind <strong>kostenfrei<\/strong>!<\/p>\n<\/div>\n\n\n\n<div class=\"wp-block-group is-content-justification-left is-nowrap is-layout-flex wp-container-core-group-is-layout-a1ed96d5 wp-block-group-is-layout-flex\">\n<h2 class=\"wp-block-heading\" id=\"h-7\">7<\/h2>\n\n\n\n<p class=\"has-link-color wp-elements-a6d9ec8d3c61f4c02c7f4938eaaca9fc\">Gehe zu <strong>Shops &gt; Konfiguration &gt; Captcha.eu<\/strong> in der Adobe Commerce- oder Magento 2-Oberfl\u00e4che, um <strong>Sie das Plugin f\u00fcr Ihre Formulare aktivieren<\/strong>. Kopieren Sie dazu den REST- und \u00f6ffentlichen Schl\u00fcssel aus Ihrem Captcha.eu-Dashboard und f\u00fcgen Sie sie in die entsprechenden Felder in den \u201eAllgemeine Konfiguration\u201c-Einstellungen ein. <\/p>\n<\/div>\n\n\n\n<figure class=\"wp-block-image size-large is-resized\"><img decoding=\"async\" src=\"https:\/\/docs.captcha.eu\/files\/adobe-commerce-magento\/settings-general.png\" alt=\"\" style=\"width:941px;height:auto\"\/><\/figure>\n\n\n\n<div class=\"wp-block-group is-content-justification-left is-nowrap is-layout-flex wp-container-core-group-is-layout-a1ed96d5 wp-block-group-is-layout-flex\">\n<h2 class=\"wp-block-heading\" id=\"h-8\">8<\/h2>\n\n\n\n<p class=\"has-link-color wp-elements-ee4b3f7cb102f9df608844f21384beb6\">W\u00e4hlen Sie aus, welche Bereiche Ihrer Website Sie mit Captcha.eu sch\u00fctzen m\u00f6chten. Dies umfasst den Schutz all Ihrer Anmeldungen und Formulare, einschlie\u00dflich Registrierung, Newsletter-Anmeldungen, Passwort vergessen und mehr. <\/p>\n<\/div>\n\n\n\n<figure class=\"wp-block-image size-large is-resized\"><img decoding=\"async\" src=\"https:\/\/docs.captcha.eu\/files\/adobe-commerce-magento\/settings-frontend.png\" alt=\"\" style=\"width:915px;height:auto\"\/><\/figure>\n\n\n\n<p class=\"has-link-color wp-elements-3831dbcaac5d8e3cfa80d27588891eee\"><strong>Damit ist es geschafft!<\/strong> Ihre Adobe Commerce\/Magento 2-Site ist jetzt mit dem Captcha.eu-Plugin gesch\u00fctzt. Wenn Sie unterwegs auf Probleme sto\u00dfen oder spezielle Fragen zum Installationsprozess haben, eine <a href=\"https:\/\/docs.captcha.eu\/adobecommerce-magento2-install?id=enabledisable-module\">ausf\u00fchrliche Dokumentation<\/a> ist vorhanden, um Ihnen zu helfen. Oder wenden Sie sich einfach direkt an uns, um zus\u00e4tzliche Beratung und Unterst\u00fctzung zu erhalten \u2013 entweder \u00fcber unser <a href=\"https:\/\/www.captcha.eu\/de\/kontakt\/\">Kontakt-Formular<\/a> oder Online-Chat-Funktion.<\/p>\n\n\n\n<hr class=\"wp-block-separator has-alpha-channel-opacity is-style-dots\"\/>\n\n\n\n<p class=\"has-link-color wp-elements-355b7c1c82cdf2920305accbfd67a562\">Von Logins \u00fcber Newsletter-Anmeldungen bis hin zu Kontaktformularen: Unser <strong>leistungsstarkes<\/strong>, <strong>einfach zu integrierendes<\/strong> Captcha.eu plugin ist die ultimative Captcha-L\u00f6sung, um <strong>Ihre Adobe Commerce- oder Magento 2-Site vor unerw\u00fcnschtem Datenverkehr und Spam zu sch\u00fctzen.<\/strong> Dabei stellt es Usability in den Vordergrund, in dem weder R\u00e4tsel gel\u00f6st noch K\u00e4stchen angekreuzt werden m\u00fcssen. Und das Beste: Es ist vollst\u00e4ndig kompatibel mit den&nbsp;<strong>EU-Datenschutzbestimmungen<\/strong>. Keine Cookies, kein Tracking. Laden Sie jetzt das Captcha-Plugin f\u00fcr Adobe Commerce oder Magento 2 herunter!<\/p>\n\n\n\n<div class=\"wp-block-essential-blocks-button root-eb-button-hjckk\"><div class=\"eb-parent-wrapper eb-parent-eb-button-hjckk\"><div class=\"eb-button-wrapper eb-button-alignment eb-button-hjckk\"><div class=\"eb-button\"><div class=\"eb-button-inner-wrapper\"><a class=\"eb-button-anchor\" href=\"https:\/\/commercemarketplace.adobe.com\/captcha-eu-magento.html\" rel=\"noopener\">Holen Sie sich das Plugin<\/a><\/div><\/div><\/div><\/div><\/div>\n<\/div>\n<\/div>\n\n\n\n<p><\/p>","protected":false},"excerpt":{"rendered":"<p>Unlike reCAPTCHA, captcha.eu transfers no data to the US, sets no cookies, and requires no consent banner anywhere in your store. Adobe Commerce and Magento 2 power thousands of online shops across Europe, from mid-market retailers to enterprise catalogues. For all of them, GDPR compliance is mandatory and checkout experience [&hellip;]<\/p>\n","protected":false},"author":2,"featured_media":0,"parent":0,"menu_order":0,"comment_status":"closed","ping_status":"closed","template":"","meta":{"_acf_changed":false,"_eb_attr":"","footnotes":""},"class_list":["post-1272","page","type-page","status-publish","hentry"],"acf":[],"yoast_head":"<!-- This site is optimized with the Yoast SEO Premium plugin v27.0 (Yoast SEO v27.0) - https:\/\/yoast.com\/product\/yoast-seo-premium-wordpress\/ -->\n<title>Captcha Plugin for Adobe Commerce &amp; Magento 2 \u00bb Get it now<\/title>\n<meta name=\"description\" content=\"Captcha plugin for Adobe Commerce &amp; Magento 2 \u279c fully GDPR-compliant \u2713 user-friendly \u2713 easy to use \u2713 protect sign-ups, logins &amp; contact forms.\" \/>\n<meta name=\"robots\" content=\"index, follow, max-snippet:-1, max-image-preview:large, max-video-preview:-1\" \/>\n<link rel=\"canonical\" href=\"https:\/\/www.captcha.eu\/de\/captcha-plugin-adobe-commerce-magento\/\" \/>\n<meta property=\"og:locale\" content=\"de_DE\" \/>\n<meta property=\"og:type\" content=\"article\" \/>\n<meta property=\"og:title\" content=\"CAPTCHA Plugin for Adobe Commerce &amp; Magento 2 - GDPR-compliant, no cookies, EU-hosted\" \/>\n<meta property=\"og:description\" content=\"Captcha plugin for Adobe Commerce &amp; Magento 2 \u279c fully GDPR-compliant \u2713 user-friendly \u2713 easy to use \u2713 protect sign-ups, logins &amp; contact forms.\" \/>\n<meta property=\"og:url\" content=\"https:\/\/www.captcha.eu\/de\/captcha-plugin-adobe-commerce-magento\/\" \/>\n<meta property=\"og:site_name\" content=\"captcha.eu\" \/>\n<meta property=\"article:modified_time\" content=\"2026-03-26T21:31:54+00:00\" \/>\n<meta property=\"og:image\" content=\"https:\/\/www.captcha.eu\/wp-content\/uploads\/2024\/02\/image-7.png\" \/>\n\t<meta property=\"og:image:width\" content=\"357\" \/>\n\t<meta property=\"og:image:height\" content=\"205\" \/>\n\t<meta property=\"og:image:type\" content=\"image\/png\" \/>\n<meta name=\"twitter:card\" content=\"summary_large_image\" \/>\n<meta name=\"twitter:site\" content=\"@captcha_eu\" \/>\n<meta name=\"twitter:label1\" content=\"Est. reading time\" \/>\n\t<meta name=\"twitter:data1\" content=\"4 minutes\" \/>\n<script type=\"application\/ld+json\" class=\"yoast-schema-graph\">{\"@context\":\"https:\/\/schema.org\",\"@graph\":[{\"@type\":\"WebPage\",\"@id\":\"https:\/\/www.captcha.eu\/captcha-plugin-adobe-commerce-magento\/\",\"url\":\"https:\/\/www.captcha.eu\/captcha-plugin-adobe-commerce-magento\/\",\"name\":\"Captcha Plugin for Adobe Commerce & Magento 2 \u00bb Get it now\",\"isPartOf\":{\"@id\":\"https:\/\/www.captcha.eu\/#website\"},\"primaryImageOfPage\":{\"@id\":\"https:\/\/www.captcha.eu\/captcha-plugin-adobe-commerce-magento\/#primaryimage\"},\"image\":{\"@id\":\"https:\/\/www.captcha.eu\/captcha-plugin-adobe-commerce-magento\/#primaryimage\"},\"thumbnailUrl\":\"https:\/\/www.captcha.eu\/wp-content\/uploads\/2024\/02\/image-7.png\",\"datePublished\":\"2024-08-30T07:39:26+00:00\",\"dateModified\":\"2026-03-26T21:31:54+00:00\",\"description\":\"Captcha plugin for Adobe Commerce & Magento 2 \u279c fully GDPR-compliant \u2713 user-friendly \u2713 easy to use \u2713 protect sign-ups, logins & contact forms.\",\"breadcrumb\":{\"@id\":\"https:\/\/www.captcha.eu\/captcha-plugin-adobe-commerce-magento\/#breadcrumb\"},\"inLanguage\":\"de-DE\",\"potentialAction\":[{\"@type\":\"ReadAction\",\"target\":[\"https:\/\/www.captcha.eu\/captcha-plugin-adobe-commerce-magento\/\"]}]},{\"@type\":\"ImageObject\",\"inLanguage\":\"de-DE\",\"@id\":\"https:\/\/www.captcha.eu\/captcha-plugin-adobe-commerce-magento\/#primaryimage\",\"url\":\"https:\/\/www.captcha.eu\/wp-content\/uploads\/2024\/02\/image-7.png\",\"contentUrl\":\"https:\/\/www.captcha.eu\/wp-content\/uploads\/2024\/02\/image-7.png\"},{\"@type\":\"BreadcrumbList\",\"@id\":\"https:\/\/www.captcha.eu\/captcha-plugin-adobe-commerce-magento\/#breadcrumb\",\"itemListElement\":[{\"@type\":\"ListItem\",\"position\":1,\"name\":\"Home\",\"item\":\"https:\/\/www.captcha.eu\/\"},{\"@type\":\"ListItem\",\"position\":2,\"name\":\"CAPTCHA Plugin for Adobe Commerce &amp; Magento 2 &#8211; GDPR-compliant, no cookies, EU-hosted\"}]},{\"@type\":\"WebSite\",\"@id\":\"https:\/\/www.captcha.eu\/#website\",\"url\":\"https:\/\/www.captcha.eu\/\",\"name\":\"captcha.eu\",\"description\":\"The GDPR-compliant message protection | captcha.eu\",\"publisher\":{\"@id\":\"https:\/\/www.captcha.eu\/#organization\"},\"potentialAction\":[{\"@type\":\"SearchAction\",\"target\":{\"@type\":\"EntryPoint\",\"urlTemplate\":\"https:\/\/www.captcha.eu\/?s={search_term_string}\"},\"query-input\":{\"@type\":\"PropertyValueSpecification\",\"valueRequired\":true,\"valueName\":\"search_term_string\"}}],\"inLanguage\":\"de-DE\"},{\"@type\":\"Organization\",\"@id\":\"https:\/\/www.captcha.eu\/#organization\",\"name\":\"captcha.eu\",\"url\":\"https:\/\/www.captcha.eu\/\",\"logo\":{\"@type\":\"ImageObject\",\"inLanguage\":\"de-DE\",\"@id\":\"https:\/\/www.captcha.eu\/#\/schema\/logo\/image\/\",\"url\":\"https:\/\/www.captcha.eu\/wp-content\/uploads\/2024\/02\/Captcha_mono-C_Logo.svg\",\"contentUrl\":\"https:\/\/www.captcha.eu\/wp-content\/uploads\/2024\/02\/Captcha_mono-C_Logo.svg\",\"width\":24,\"height\":28,\"caption\":\"captcha.eu\"},\"image\":{\"@id\":\"https:\/\/www.captcha.eu\/#\/schema\/logo\/image\/\"},\"sameAs\":[\"https:\/\/x.com\/captcha_eu\"]}]}<\/script>\n<!-- \/ Yoast SEO Premium plugin. -->","yoast_head_json":{"title":"Adobe Commerce &amp; Magento 2 Captcha-Plugin \u00bb Jetzt integrieren","description":"Captcha-Plugin f\u00fcr Adobe Commerce &amp; Magento 2 \u279c DSGVO-konform \u2713 benutzerfreundlich \u2713 sch\u00fctzt Logins, Anmeldungen &amp; Formulare.","robots":{"index":"index","follow":"follow","max-snippet":"max-snippet:-1","max-image-preview":"max-image-preview:large","max-video-preview":"max-video-preview:-1"},"canonical":"https:\/\/www.captcha.eu\/de\/captcha-plugin-adobe-commerce-magento\/","og_locale":"de_DE","og_type":"article","og_title":"CAPTCHA Plugin for Adobe Commerce &amp; Magento 2 - GDPR-compliant, no cookies, EU-hosted","og_description":"Captcha plugin for Adobe Commerce & Magento 2 \u279c fully GDPR-compliant \u2713 user-friendly \u2713 easy to use \u2713 protect sign-ups, logins & contact forms.","og_url":"https:\/\/www.captcha.eu\/de\/captcha-plugin-adobe-commerce-magento\/","og_site_name":"captcha.eu","article_modified_time":"2026-03-26T21:31:54+00:00","og_image":[{"width":357,"height":205,"url":"https:\/\/www.captcha.eu\/wp-content\/uploads\/2024\/02\/image-7.png","type":"image\/png"}],"twitter_card":"summary_large_image","twitter_site":"@captcha_eu","twitter_misc":{"Est. reading time":"4 minutes"},"schema":{"@context":"https:\/\/schema.org","@graph":[{"@type":"WebPage","@id":"https:\/\/www.captcha.eu\/captcha-plugin-adobe-commerce-magento\/","url":"https:\/\/www.captcha.eu\/captcha-plugin-adobe-commerce-magento\/","name":"Adobe Commerce &amp; Magento 2 Captcha-Plugin \u00bb Jetzt integrieren","isPartOf":{"@id":"https:\/\/www.captcha.eu\/#website"},"primaryImageOfPage":{"@id":"https:\/\/www.captcha.eu\/captcha-plugin-adobe-commerce-magento\/#primaryimage"},"image":{"@id":"https:\/\/www.captcha.eu\/captcha-plugin-adobe-commerce-magento\/#primaryimage"},"thumbnailUrl":"https:\/\/www.captcha.eu\/wp-content\/uploads\/2024\/02\/image-7.png","datePublished":"2024-08-30T07:39:26+00:00","dateModified":"2026-03-26T21:31:54+00:00","description":"Captcha-Plugin f\u00fcr Adobe Commerce &amp; Magento 2 \u279c DSGVO-konform \u2713 benutzerfreundlich \u2713 sch\u00fctzt Logins, Anmeldungen &amp; Formulare.","breadcrumb":{"@id":"https:\/\/www.captcha.eu\/captcha-plugin-adobe-commerce-magento\/#breadcrumb"},"inLanguage":"de-DE","potentialAction":[{"@type":"ReadAction","target":["https:\/\/www.captcha.eu\/captcha-plugin-adobe-commerce-magento\/"]}]},{"@type":"ImageObject","inLanguage":"de-DE","@id":"https:\/\/www.captcha.eu\/captcha-plugin-adobe-commerce-magento\/#primaryimage","url":"https:\/\/www.captcha.eu\/wp-content\/uploads\/2024\/02\/image-7.png","contentUrl":"https:\/\/www.captcha.eu\/wp-content\/uploads\/2024\/02\/image-7.png"},{"@type":"BreadcrumbList","@id":"https:\/\/www.captcha.eu\/captcha-plugin-adobe-commerce-magento\/#breadcrumb","itemListElement":[{"@type":"ListItem","position":1,"name":"Home","item":"https:\/\/www.captcha.eu\/"},{"@type":"ListItem","position":2,"name":"CAPTCHA Plugin for Adobe Commerce &amp; Magento 2 &#8211; GDPR-compliant, no cookies, EU-hosted"}]},{"@type":"WebSite","@id":"https:\/\/www.captcha.eu\/#website","url":"https:\/\/www.captcha.eu\/","name":"ist captcha.eu","description":"Der DSGVO-konforme Nachrichtenschutz | captcha.eu","publisher":{"@id":"https:\/\/www.captcha.eu\/#organization"},"potentialAction":[{"@type":"SearchAction","target":{"@type":"EntryPoint","urlTemplate":"https:\/\/www.captcha.eu\/?s={search_term_string}"},"query-input":{"@type":"PropertyValueSpecification","valueRequired":true,"valueName":"search_term_string"}}],"inLanguage":"de-DE"},{"@type":"Organization","@id":"https:\/\/www.captcha.eu\/#organization","name":"ist captcha.eu","url":"https:\/\/www.captcha.eu\/","logo":{"@type":"ImageObject","inLanguage":"de-DE","@id":"https:\/\/www.captcha.eu\/#\/schema\/logo\/image\/","url":"https:\/\/www.captcha.eu\/wp-content\/uploads\/2024\/02\/Captcha_mono-C_Logo.svg","contentUrl":"https:\/\/www.captcha.eu\/wp-content\/uploads\/2024\/02\/Captcha_mono-C_Logo.svg","width":24,"height":28,"caption":"captcha.eu"},"image":{"@id":"https:\/\/www.captcha.eu\/#\/schema\/logo\/image\/"},"sameAs":["https:\/\/x.com\/captcha_eu"]}]}},"pbg_featured_image_src":{"full":false,"thumbnail":false,"medium":false,"medium_large":false,"large":false,"1536x1536":false,"2048x2048":false,"trp-custom-language-flag":false},"pbg_author_info":{"display_name":"digitalisten","author_link":"https:\/\/www.captcha.eu\/de\/author\/digitalisten\/","author_img":"<img alt='digitalisten' src='https:\/\/secure.gravatar.com\/avatar\/bc31cf0308270e03455e0f85a3c84110811c227952cecb263b99808ed200063c?s=128&#038;d=mm&#038;r=g' srcset='https:\/\/secure.gravatar.com\/avatar\/bc31cf0308270e03455e0f85a3c84110811c227952cecb263b99808ed200063c?s=256&#038;d=mm&#038;r=g 2x' class='avatar avatar-128 photo' height='128' width='128' loading='lazy' decoding='async'\/>"},"pbg_comment_info":" No Comments","pbg_excerpt":"Unlike reCAPTCHA, captcha.eu transfers no data to the US, sets no cookies, and requires no consent banner anywhere in your store. Adobe Commerce and Magento 2 power thousands of online shops across Europe, from mid-market retailers to enterprise catalogues. For all of them, GDPR compliance is mandatory and checkout experience [&hellip;]","_links":{"self":[{"href":"https:\/\/www.captcha.eu\/de\/wp-json\/wp\/v2\/pages\/1272","targetHints":{"allow":["GET"]}}],"collection":[{"href":"https:\/\/www.captcha.eu\/de\/wp-json\/wp\/v2\/pages"}],"about":[{"href":"https:\/\/www.captcha.eu\/de\/wp-json\/wp\/v2\/types\/page"}],"author":[{"embeddable":true,"href":"https:\/\/www.captcha.eu\/de\/wp-json\/wp\/v2\/users\/2"}],"replies":[{"embeddable":true,"href":"https:\/\/www.captcha.eu\/de\/wp-json\/wp\/v2\/comments?post=1272"}],"version-history":[{"count":8,"href":"https:\/\/www.captcha.eu\/de\/wp-json\/wp\/v2\/pages\/1272\/revisions"}],"predecessor-version":[{"id":3437,"href":"https:\/\/www.captcha.eu\/de\/wp-json\/wp\/v2\/pages\/1272\/revisions\/3437"}],"wp:attachment":[{"href":"https:\/\/www.captcha.eu\/de\/wp-json\/wp\/v2\/media?parent=1272"}],"curies":[{"name":"wp","href":"https:\/\/api.w.org\/{rel}","templated":true}]}}