{"id":1249,"date":"2024-08-30T07:08:22","date_gmt":"2024-08-30T07:08:22","guid":{"rendered":"https:\/\/www.captcha.eu\/?page_id=1249"},"modified":"2024-08-30T07:21:24","modified_gmt":"2024-08-30T07:21:24","slug":"joomla-captcha-plugin","status":"publish","type":"page","link":"https:\/\/www.captcha.eu\/de\/joomla-captcha-plugin\/","title":{"rendered":"Joomla Captcha Plugin"},"content":{"rendered":"<div class=\"wp-block-essential-blocks-advanced-heading  root-eb-advance-heading-49g3a\"><div class=\"eb-parent-wrapper eb-parent-eb-advance-heading-49g3a\"><div class=\"eb-advance-heading-wrapper eb-advance-heading-49g3a button-1\" data-id=\"eb-advance-heading-49g3a\"><h2 class=\"eb-ah-title\">DSGVO-konforme Joomla-Captcha-L\u00f6sung \u2013 einfach integriert.<\/h2><h3 class=\"eb-ah-subtitle\">Maximaler Schutz f\u00fcr Kontaktformulare und Anmeldungen<\/h3><div class=\"eb-ah-separator line\"><\/div><\/div><\/div><\/div>\n\n\n\n<div class=\"wp-block-media-text has-media-on-the-right is-stacked-on-mobile is-vertically-aligned-top\" style=\"grid-template-columns:auto 32%\"><div class=\"wp-block-media-text__content\">\n<p>Sch\u00fctzen Sie Ihre Website vor Spam und unerw\u00fcnschtem Bot-Verkehr mit dem Captcha.eu-Plugin f\u00fcr Ihre Joomla-Anmeldungen und Kontaktformulare: Benutzerfreundlich, vollst\u00e4ndig DSGVO-konform und sofort einsatzbereit.<\/p>\n\n\n\n<div class=\"wp-block-essential-blocks-button  root-eb-button-aoqhd\"><div class=\"eb-parent-wrapper eb-parent-eb-button-aoqhd\"><div class=\"eb-button-wrapper eb-button-alignment eb-button-aoqhd\"><div class=\"eb-button\"><a class=\"eb-button-anchor\" href=\"https:\/\/extensions.joomla.org\/extension\/access-a-security\/captcha-eu\/\" rel=\"noopener\">Holen Sie sich das Plugin<\/a><\/div><\/div><\/div><\/div>\n<\/div><figure class=\"wp-block-media-text__media\"><img loading=\"lazy\" decoding=\"async\" width=\"512\" height=\"512\" src=\"https:\/\/www.captcha.eu\/wp-content\/uploads\/2023\/09\/186_Joomla-512.webp\" alt=\"\" class=\"wp-image-400 size-full\" srcset=\"https:\/\/www.captcha.eu\/wp-content\/uploads\/2023\/09\/186_Joomla-512.webp 512w, https:\/\/www.captcha.eu\/wp-content\/uploads\/2023\/09\/186_Joomla-512-300x300.webp 300w, https:\/\/www.captcha.eu\/wp-content\/uploads\/2023\/09\/186_Joomla-512-150x150.webp 150w\" sizes=\"auto, (max-width: 512px) 100vw, 512px\" \/><\/figure><\/div>\n\n\n\n<h2 class=\"wp-block-heading has-large-font-size\" id=\"h-how-to-add-captcha-to-your-joomla-site\">So f\u00fcgen Sie Ihrer Joomla-Site Captcha hinzu<\/h2>\n\n\n\n<p>Das Captcha.eu-Plugin f\u00fcr Joomla ist die ultimative L\u00f6sung f\u00fcr <strong>DSGVO-konformen Captcha-Schutz<\/strong>. Einfach zu bedienen und bietet es ein H\u00f6chstma\u00df an <strong>Zuverl\u00e4ssigkeit<\/strong>, um Ihre Site effektiv <strong>gegen unerw\u00fcnschten Bot-Verkehr zu sch\u00fctzen<\/strong> \u2013 alles in wenigen, einfachen Schritten. So richten Sie das Captcha-Plugin auf Ihrer Joomla-Site ein:<\/p>\n\n\n\n<div class=\"wp-block-columns is-layout-flex wp-container-core-columns-is-layout-28f84493 wp-block-columns-is-layout-flex\">\n<div class=\"wp-block-column is-layout-flow wp-block-column-is-layout-flow\" style=\"flex-basis:100%\">\n<div class=\"wp-block-group is-content-justification-left is-nowrap is-layout-flex wp-container-core-group-is-layout-a1ed96d5 wp-block-group-is-layout-flex\">\n<h2 class=\"wp-block-heading\" id=\"h-1\">1<\/h2>\n\n\n\n<p class=\"has-link-color wp-elements-e4739c169a5c80ed32cf9093e1d9d19b\">Laden Sie zun\u00e4chst die neueste Version des <a href=\"https:\/\/extensions.joomla.org\/extension\/access-a-security\/captcha-eu\/\">Plugin<\/a> aus dem <a href=\"https:\/\/extensions.joomla.org\/extension\/access-a-security\/captcha-eu\/\">Java-Erweiterungsverzeichnis<\/a>.<\/p>\n<\/div>\n\n\n\n<div class=\"wp-block-group is-content-justification-left is-nowrap is-layout-flex wp-container-core-group-is-layout-a1ed96d5 wp-block-group-is-layout-flex\">\n<h2 class=\"wp-block-heading\" id=\"h-2\">2<\/h2>\n\n\n\n<p class=\"has-link-color wp-elements-c43340c1b0a95f2a74fca1fb0403d17f\">\u00d6ffnen Sie Ihre Joomla-Administration-Oberfl\u00e4che und gehen Sie zu <strong>System &gt; Installieren &gt; Erweiterungen<\/strong>. Laden Sie dann die zuvor heruntergeladene&nbsp;<strong>captacha_eu-latest.zip<\/strong> Datei und aktivieren Sie die Erweiterung.<\/p>\n<\/div>\n\n\n\n<figure class=\"wp-block-image size-large\"><img decoding=\"async\" src=\"https:\/\/docs.captcha.eu\/files\/joomla\/s1.png\" alt=\"\"\/><\/figure>\n\n\n\n<figure class=\"wp-block-image size-large\"><img decoding=\"async\" src=\"https:\/\/docs.captcha.eu\/files\/joomla\/s2.png\" alt=\"\"\/><\/figure>\n\n\n\n<div class=\"wp-block-group is-nowrap is-layout-flex wp-container-core-group-is-layout-6c531013 wp-block-group-is-layout-flex\">\n<h2 class=\"wp-block-heading\" id=\"h-3\">3 <\/h2>\n\n\n\n<p class=\"has-link-color wp-elements-84d99b3d8ec2e555cf9576f18ee3d95f\">Erstellen Sie als N\u00e4chstes Ihr <strong>Captcha.eu-Konto<\/strong>. Sobald Sie sich registriert haben, melden Sie sich an und gehen zu \u201eDomains\u201c im <a href=\"https:\/\/www.captcha.eu\/dashboard\/\">Dashboard<\/a> um <strong>eine neue Domain hinzuf\u00fcgen<\/strong>. Wenn Sie fertig sind, erhalten Sie einen <strong>Rest Key sowie ein Public Key<\/strong>. Gut zu wissen: Die ersten 100 Validierungen sind v\u00f6llig kostenlos!<\/p>\n<\/div>\n\n\n\n<div class=\"wp-block-group is-content-justification-left is-nowrap is-layout-flex wp-container-core-group-is-layout-a1ed96d5 wp-block-group-is-layout-flex\">\n<h2 class=\"wp-block-heading\" id=\"h-4\">4<\/h2>\n\n\n\n<p class=\"has-link-color wp-elements-bea67254ace52ed40015d218ffa05f18\">Kehren Sie zur Joomla-Administration-Oberfl\u00e4che zur\u00fcck und gehen Sie zu <strong>System &gt; Plugins &gt; Captcha.eu<\/strong>. Kopieren Sie den Rest Key und den Public Key vom Captcha.eu-Dashboard und f\u00fcgen Sie ihn in die Joomla-Plugin-Einstellungen ein. Wenn Sie einen oder beide Schl\u00fcssel falsch eingegeben haben, erhalten Sie direkt auf der Seite eine Benachrichtigung.<\/p>\n<\/div>\n\n\n\n<figure class=\"wp-block-image size-large\"><img decoding=\"async\" src=\"https:\/\/docs.captcha.eu\/files\/joomla\/s3.png\" alt=\"\"\/><\/figure>\n\n\n\n<p class=\"has-link-color wp-elements-0d095e47cb5d2a9971f0e5bd6494ff37\"><strong>Damit ist es geschafft!<\/strong> Ihr Captcha.eu-Plugin ist nun einsatzbereit. Wenn Sie Fragen haben oder Probleme bei der Einrichtung des Plugins auftreten, ist die passende <a href=\"https:\/\/docs.captcha.eu\/joomla-install\">Dokumentation<\/a> gleich zur Hand. Oder <a href=\"https:\/\/www.captcha.eu\/de\/kontakt\/\">kontaktieren Sie uns direkt<\/a> f\u00fcr zus\u00e4tzliche Anleitung und Unterst\u00fctzung.<\/p>\n\n\n\n<hr class=\"wp-block-separator has-alpha-channel-opacity is-style-dots\"\/>\n\n\n\n<div class=\"wp-block-essential-blocks-advanced-heading  root-eb-advance-heading-vur0b\"><div class=\"eb-parent-wrapper eb-parent-eb-advance-heading-vur0b\"><div class=\"eb-advance-heading-wrapper eb-advance-heading-vur0b button-1\" data-id=\"eb-advance-heading-vur0b\"><h2 class=\"eb-ah-title\">Captcha f\u00fcr Ihre Joomla-Formulare und Anmeldungen aktivieren<\/h2><h3 class=\"eb-ah-subtitle\">Maximaler Schutz vor Bots \u2013 vollst\u00e4ndig DSGVO-konform<\/h3><\/div><\/div><\/div>\n\n\n\n<p>Machen Sie Ihre Joomla-Kontaktformulare und Anmeldungen sicherer: Mit Captcha.eu ist es ganz einfach, Ihre Website vor Bots und Spam zu sch\u00fctzen, ohne die Benutzerfreundlichkeit zu beeintr\u00e4chtigen. Um das Standard-Captcha f\u00fcr Anmeldungen und mehr zu konfigurieren, gehen Sie zu <strong>System &gt; Globale Konfiguration &gt; Standard-Captcha<\/strong> und w\u00e4hlen Sie Captcha.eu aus dem Dropdown-Men\u00fc.<\/p>\n\n\n\n<figure class=\"wp-block-image size-large\"><img decoding=\"async\" src=\"https:\/\/docs.captcha.eu\/files\/joomla\/s4.png\" alt=\"\"\/><\/figure>\n\n\n\n<p>Um Captcha.eu in Ihren Kontaktformularen zu aktivieren, gehen Sie zu <strong>System &gt; Globale Konfiguration &gt; Kontakte &gt; Formulare<\/strong> und w\u00e4hlen Sie erneut Captcha.eu.<\/p>\n\n\n\n<h3 class=\"wp-block-heading\" id=\"h-add-captcha-to-rsforms\">Captcha hinzuf\u00fcgen zu <a href=\"https:\/\/docs.captcha.eu\/joomla-install?id=rsforms-beta\">RSFormulare!<\/a><\/h3>\n\n\n\n<p class=\"has-link-color wp-elements-1e3fd12f19d779ecb55703ebadb57052\">Egal, ob Sie es einfach halten oder aufw\u00e4ndige, mehrseitige Kontaktformulare erstellen m\u00f6chten, Captcha.eu ist auch als Plugin f\u00fcr RSForms! verf\u00fcgbar. Um unsere RSForms! Captcha.eu-Erweiterung zu aktivieren, laden Sie die .zip-Datei herunter<a href=\"https:\/\/docs.captcha.eu\/files\/joomla\/rsfpcaptchaeu.zip\"> Hier geht's zum Download<\/a> und installieren Sie sie auf Ihrer Joomla-Site, indem Sie zu <strong>System &gt; Erweiterungen &gt; Installieren<\/strong> gehen und <strong>Verpackungsdatei hochladen ausw\u00e4hlen<\/strong>.<\/p>\n\n\n\n<figure class=\"wp-block-image size-large\"><img decoding=\"async\" src=\"https:\/\/docs.captcha.eu\/files\/joomla\/rsforms1.png\" alt=\"\"\/><\/figure>\n\n\n\n<p>Um die Erweiterung zu konfigurieren, gehen Sie zu <strong>RSForms! Pro &gt; Konfigurieren<\/strong>, dann kopieren und <strong>f\u00fcgen Sie den Site-Schl\u00fcssel und den privaten Schl\u00fcssel<\/strong> von Ihrem Captcha.eu-Dashboard in die entsprechenden Felder ein. Danach <strong>f\u00fcgen Sie Ihrem RSForm ein Feld hinzu!<\/strong> Lassen Sie \u201eBeschriftung\u201c und \u201eBeschreibung\u201c leer und Ihr Captcha ist einsatzbereit.<\/p>\n\n\n\n<figure class=\"wp-block-image size-large\"><img decoding=\"async\" src=\"https:\/\/docs.captcha.eu\/files\/joomla\/rsforms3.png\" alt=\"\"\/><\/figure>\n\n\n\n<figure class=\"wp-block-image size-large\"><img decoding=\"async\" src=\"https:\/\/docs.captcha.eu\/files\/joomla\/rsforms4.png\" alt=\"\"\/><\/figure>\n\n\n\n<p class=\"has-link-color wp-elements-efb90c8cbf0a0c167878052b34efcf0e\">Und damit ist es geschafft! F\u00fcr zus\u00e4tzliche Unterst\u00fctzung w\u00e4hrend des Installationsvorgangs steht Ihnen unsere <a href=\"https:\/\/docs.captcha.eu\/wordpress-install\">ausf\u00fchrliche Dokumentation<\/a> zur Verf\u00fcgung. Oder kontaktieren Sie uns \u00fcber unser <a href=\"https:\/\/www.captcha.eu\/de\/kontakt\/\">Kontakt-Formular<\/a> \u2013 unser Kundensupport steht Ihnen bei Fragen jederzeit zur Verf\u00fcgung. <\/p>\n\n\n\n<p class=\"has-link-color wp-elements-bc1f0b96bc0b935b70fe62915d698e52\"><em><strong>Notiz<\/strong>: Die RSForms! captcha.eu-Erweiterung ist ein Beta-Plugin \u2013 wenn Sie Feedback haben, w\u00fcrden wir uns freuen, von Ihnen zu h\u00f6ren! Kontaktieren Sie uns &gt; \n        <span class=\"captcha_mailhide_root\" title=\"Klicken Sie hier, um den Inhalt anzuzeigen\" data-payload=\"ajIzbDRXWUJlMVlKeGVUelZKQlBJcEt1RC9JZW1kMithSktWUVRSMThtb0pOMUhWNXREcnY5TG5VcE8vd3BtV1NjYzQxWFBPcVc1ME5IM25zY1RmK1NicG5qTytqcHVrMFpTL3hmVDBOWkw5MDNNYUwyb0dER1VUeTdyYWp1bDA=\" tabindex=\"0\">\n        <img class=\"inline_logo\" src=\"https:\/\/www.captcha.eu\/wp-content\/uploads\/2024\/02\/image-1.png\" width=\"10\" alt=\"Hier ist eine versteckte E-Mail-Adresse. Klicken Sie darauf, und die lesbare Adresse erscheint kurz darauf an derselben Stelle.\"  \/> <span aria-hidden=\"true\" aria-live=\"polite\" class=\"captcha_real_mail\" >mail...@....eu<\/span>\n            <span class=\"captcha_mailhide_slider inactive\"><\/span>\n            <span class=\"screen-reader-status\" aria-live=\"assertive\" style=\"position: absolute; left: -9999px;\"><\/span>\n        <\/span> \n    \n        .<\/em><\/p>\n\n\n\n<p class=\"has-link-color wp-elements-042566345cc95ef745b8667df0cdce71\">Genie\u00dfen Sie die Sicherheit mit unserer <strong>schlanken und einfach zu bedienenden Captcha-L\u00f6sung<\/strong> f\u00fcr Ihre Joomla-Site: Mit einer Vielzahl von <strong>Konfigurationsoptionen<\/strong> verf\u00fcgbar, erhalten Ihre Anmeldungen und Kontaktformulare <strong>maximalen Schutz vor Bots und Spam<\/strong> \u2013 kein Ankreuzen und L\u00f6sen von R\u00e4tseln mehr erforderlich. Holen Sie sich jetzt das Joomla-Captcha-Plugin!<\/p>\n\n\n\n<div class=\"wp-block-essential-blocks-button  root-eb-button-hjckk\"><div class=\"eb-parent-wrapper eb-parent-eb-button-hjckk\"><div class=\"eb-button-wrapper eb-button-alignment eb-button-hjckk\"><div class=\"eb-button\"><a class=\"eb-button-anchor\" href=\"https:\/\/extensions.joomla.org\/extension\/access-a-security\/captcha-eu\/\" rel=\"noopener\">Holen Sie sich das Plugin<\/a><\/div><\/div><\/div><\/div>\n<\/div>\n<\/div>","protected":false},"excerpt":{"rendered":"<p>How to add captcha to your Joomla site The Captcha.eu plugin for Joomla is the ultimate solution for GDPR-compliant captcha protection. Easy to use and offering the highest level of reliability, it will effectively safeguard your site against unwanted bot traffic \u2013 all in a few simple steps. Here&#8217;s how [&hellip;]<\/p>\n","protected":false},"author":2,"featured_media":0,"parent":0,"menu_order":0,"comment_status":"closed","ping_status":"closed","template":"","meta":{"_acf_changed":false,"_eb_attr":"","footnotes":""},"class_list":["post-1249","page","type-page","status-publish","hentry"],"acf":[],"yoast_head":"<!-- This site is optimized with the Yoast SEO Premium plugin v27.0 (Yoast SEO v27.0) - https:\/\/yoast.com\/product\/yoast-seo-premium-wordpress\/ -->\n<title>Captcha Plugin for Joomla \u00bb GDPR compliant &amp; user-friendly<\/title>\n<meta name=\"description\" content=\"Our Joomla captcha plugin safeguards your sign-ups &amp; contact forms \u279c fully GDPR-compliant \u2713 user-friendly \u2713 stopping cybercrime, fraud &amp; bot traffic.\" \/>\n<meta name=\"robots\" content=\"index, follow, max-snippet:-1, max-image-preview:large, max-video-preview:-1\" \/>\n<link rel=\"canonical\" href=\"https:\/\/www.captcha.eu\/de\/joomla-captcha-plugin\/\" \/>\n<meta property=\"og:locale\" content=\"de_DE\" \/>\n<meta property=\"og:type\" content=\"article\" \/>\n<meta property=\"og:title\" content=\"Joomla Captcha Plugin\" \/>\n<meta property=\"og:description\" content=\"Our Joomla captcha plugin safeguards your sign-ups &amp; contact forms \u279c fully GDPR-compliant \u2713 user-friendly \u2713 stopping cybercrime, fraud &amp; bot traffic.\" \/>\n<meta property=\"og:url\" content=\"https:\/\/www.captcha.eu\/de\/joomla-captcha-plugin\/\" \/>\n<meta property=\"og:site_name\" content=\"captcha.eu\" \/>\n<meta property=\"article:modified_time\" content=\"2024-08-30T07:21:24+00:00\" \/>\n<meta property=\"og:image\" content=\"https:\/\/www.captcha.eu\/wp-content\/uploads\/2023\/09\/186_Joomla-512.webp\" \/>\n<meta name=\"twitter:card\" content=\"summary_large_image\" \/>\n<meta name=\"twitter:site\" content=\"@captcha_eu\" \/>\n<meta name=\"twitter:label1\" content=\"Est. reading time\" \/>\n\t<meta name=\"twitter:data1\" content=\"5 minutes\" \/>\n<script type=\"application\/ld+json\" class=\"yoast-schema-graph\">{\"@context\":\"https:\/\/schema.org\",\"@graph\":[{\"@type\":\"TechArticle\",\"@id\":\"https:\/\/www.captcha.eu\/joomla-captcha-plugin\/#article\",\"isPartOf\":{\"@id\":\"https:\/\/www.captcha.eu\/joomla-captcha-plugin\/\"},\"author\":{\"name\":\"digitalisten\",\"@id\":\"https:\/\/www.captcha.eu\/#\/schema\/person\/e50ab7952ea73f0533284a5ac7c85f09\"},\"headline\":\"Joomla Captcha Plugin\",\"datePublished\":\"2024-08-30T07:08:22+00:00\",\"dateModified\":\"2024-08-30T07:21:24+00:00\",\"mainEntityOfPage\":{\"@id\":\"https:\/\/www.captcha.eu\/joomla-captcha-plugin\/\"},\"wordCount\":599,\"publisher\":{\"@id\":\"https:\/\/www.captcha.eu\/#organization\"},\"image\":{\"@id\":\"https:\/\/www.captcha.eu\/joomla-captcha-plugin\/#primaryimage\"},\"thumbnailUrl\":\"https:\/\/www.captcha.eu\/wp-content\/uploads\/2023\/09\/186_Joomla-512.webp\",\"inLanguage\":\"de-DE\"},{\"@type\":\"WebPage\",\"@id\":\"https:\/\/www.captcha.eu\/joomla-captcha-plugin\/\",\"url\":\"https:\/\/www.captcha.eu\/joomla-captcha-plugin\/\",\"name\":\"Captcha Plugin for Joomla \u00bb GDPR compliant & user-friendly\",\"isPartOf\":{\"@id\":\"https:\/\/www.captcha.eu\/#website\"},\"primaryImageOfPage\":{\"@id\":\"https:\/\/www.captcha.eu\/joomla-captcha-plugin\/#primaryimage\"},\"image\":{\"@id\":\"https:\/\/www.captcha.eu\/joomla-captcha-plugin\/#primaryimage\"},\"thumbnailUrl\":\"https:\/\/www.captcha.eu\/wp-content\/uploads\/2023\/09\/186_Joomla-512.webp\",\"datePublished\":\"2024-08-30T07:08:22+00:00\",\"dateModified\":\"2024-08-30T07:21:24+00:00\",\"description\":\"Our Joomla captcha plugin safeguards your sign-ups & contact forms \u279c fully GDPR-compliant \u2713 user-friendly \u2713 stopping cybercrime, fraud & bot traffic.\",\"breadcrumb\":{\"@id\":\"https:\/\/www.captcha.eu\/joomla-captcha-plugin\/#breadcrumb\"},\"inLanguage\":\"de-DE\",\"potentialAction\":[{\"@type\":\"ReadAction\",\"target\":[\"https:\/\/www.captcha.eu\/joomla-captcha-plugin\/\"]}]},{\"@type\":\"ImageObject\",\"inLanguage\":\"de-DE\",\"@id\":\"https:\/\/www.captcha.eu\/joomla-captcha-plugin\/#primaryimage\",\"url\":\"https:\/\/www.captcha.eu\/wp-content\/uploads\/2023\/09\/186_Joomla-512.webp\",\"contentUrl\":\"https:\/\/www.captcha.eu\/wp-content\/uploads\/2023\/09\/186_Joomla-512.webp\"},{\"@type\":\"BreadcrumbList\",\"@id\":\"https:\/\/www.captcha.eu\/joomla-captcha-plugin\/#breadcrumb\",\"itemListElement\":[{\"@type\":\"ListItem\",\"position\":1,\"name\":\"Home\",\"item\":\"https:\/\/www.captcha.eu\/\"},{\"@type\":\"ListItem\",\"position\":2,\"name\":\"Joomla Captcha Plugin\"}]},{\"@type\":\"WebSite\",\"@id\":\"https:\/\/www.captcha.eu\/#website\",\"url\":\"https:\/\/www.captcha.eu\/\",\"name\":\"captcha.eu\",\"description\":\"The GDPR-compliant message protection | captcha.eu\",\"publisher\":{\"@id\":\"https:\/\/www.captcha.eu\/#organization\"},\"potentialAction\":[{\"@type\":\"SearchAction\",\"target\":{\"@type\":\"EntryPoint\",\"urlTemplate\":\"https:\/\/www.captcha.eu\/?s={search_term_string}\"},\"query-input\":{\"@type\":\"PropertyValueSpecification\",\"valueRequired\":true,\"valueName\":\"search_term_string\"}}],\"inLanguage\":\"de-DE\"},{\"@type\":\"Organization\",\"@id\":\"https:\/\/www.captcha.eu\/#organization\",\"name\":\"captcha.eu\",\"url\":\"https:\/\/www.captcha.eu\/\",\"logo\":{\"@type\":\"ImageObject\",\"inLanguage\":\"de-DE\",\"@id\":\"https:\/\/www.captcha.eu\/#\/schema\/logo\/image\/\",\"url\":\"https:\/\/www.captcha.eu\/wp-content\/uploads\/2024\/02\/Captcha_mono-C_Logo.svg\",\"contentUrl\":\"https:\/\/www.captcha.eu\/wp-content\/uploads\/2024\/02\/Captcha_mono-C_Logo.svg\",\"width\":24,\"height\":28,\"caption\":\"captcha.eu\"},\"image\":{\"@id\":\"https:\/\/www.captcha.eu\/#\/schema\/logo\/image\/\"},\"sameAs\":[\"https:\/\/x.com\/captcha_eu\"]},{\"@type\":\"Person\",\"@id\":\"https:\/\/www.captcha.eu\/#\/schema\/person\/e50ab7952ea73f0533284a5ac7c85f09\",\"name\":\"digitalisten\",\"image\":{\"@type\":\"ImageObject\",\"inLanguage\":\"de-DE\",\"@id\":\"https:\/\/www.captcha.eu\/#\/schema\/person\/image\/\",\"url\":\"https:\/\/secure.gravatar.com\/avatar\/bc31cf0308270e03455e0f85a3c84110811c227952cecb263b99808ed200063c?s=96&d=mm&r=g\",\"contentUrl\":\"https:\/\/secure.gravatar.com\/avatar\/bc31cf0308270e03455e0f85a3c84110811c227952cecb263b99808ed200063c?s=96&d=mm&r=g\",\"caption\":\"digitalisten\"},\"url\":\"https:\/\/www.captcha.eu\/de\/author\/digitalisten\/\"}]}<\/script>\n<!-- \/ Yoast SEO Premium plugin. -->","yoast_head_json":{"title":"Joomla Captcha Plugin \u00bb DSGVO-konform &amp; benutzerfreundlich","description":"Joomla-Captcha-Plugin \u279c DSGVO-konform \u2713 benutzerfreundlich \u2713 sch\u00fctzt Formulare vor Bots, Betrug &amp; Cyberangriffen!","robots":{"index":"index","follow":"follow","max-snippet":"max-snippet:-1","max-image-preview":"max-image-preview:large","max-video-preview":"max-video-preview:-1"},"canonical":"https:\/\/www.captcha.eu\/de\/joomla-captcha-plugin\/","og_locale":"de_DE","og_type":"article","og_title":"Joomla Captcha Plugin","og_description":"Our Joomla captcha plugin safeguards your sign-ups & contact forms \u279c fully GDPR-compliant \u2713 user-friendly \u2713 stopping cybercrime, fraud & bot traffic.","og_url":"https:\/\/www.captcha.eu\/de\/joomla-captcha-plugin\/","og_site_name":"captcha.eu","article_modified_time":"2024-08-30T07:21:24+00:00","og_image":[{"url":"https:\/\/www.captcha.eu\/wp-content\/uploads\/2023\/09\/186_Joomla-512.webp","type":"","width":"","height":""}],"twitter_card":"summary_large_image","twitter_site":"@captcha_eu","twitter_misc":{"Est. reading time":"5 minutes"},"schema":{"@context":"https:\/\/schema.org","@graph":[{"@type":"TechArticle","@id":"https:\/\/www.captcha.eu\/joomla-captcha-plugin\/#article","isPartOf":{"@id":"https:\/\/www.captcha.eu\/joomla-captcha-plugin\/"},"author":{"name":"digitalisten","@id":"https:\/\/www.captcha.eu\/#\/schema\/person\/e50ab7952ea73f0533284a5ac7c85f09"},"headline":"Joomla Captcha Plugin","datePublished":"2024-08-30T07:08:22+00:00","dateModified":"2024-08-30T07:21:24+00:00","mainEntityOfPage":{"@id":"https:\/\/www.captcha.eu\/joomla-captcha-plugin\/"},"wordCount":599,"publisher":{"@id":"https:\/\/www.captcha.eu\/#organization"},"image":{"@id":"https:\/\/www.captcha.eu\/joomla-captcha-plugin\/#primaryimage"},"thumbnailUrl":"https:\/\/www.captcha.eu\/wp-content\/uploads\/2023\/09\/186_Joomla-512.webp","inLanguage":"de-DE"},{"@type":"WebPage","@id":"https:\/\/www.captcha.eu\/joomla-captcha-plugin\/","url":"https:\/\/www.captcha.eu\/joomla-captcha-plugin\/","name":"Joomla Captcha Plugin \u00bb DSGVO-konform &amp; benutzerfreundlich","isPartOf":{"@id":"https:\/\/www.captcha.eu\/#website"},"primaryImageOfPage":{"@id":"https:\/\/www.captcha.eu\/joomla-captcha-plugin\/#primaryimage"},"image":{"@id":"https:\/\/www.captcha.eu\/joomla-captcha-plugin\/#primaryimage"},"thumbnailUrl":"https:\/\/www.captcha.eu\/wp-content\/uploads\/2023\/09\/186_Joomla-512.webp","datePublished":"2024-08-30T07:08:22+00:00","dateModified":"2024-08-30T07:21:24+00:00","description":"Joomla-Captcha-Plugin \u279c DSGVO-konform \u2713 benutzerfreundlich \u2713 sch\u00fctzt Formulare vor Bots, Betrug &amp; Cyberangriffen!","breadcrumb":{"@id":"https:\/\/www.captcha.eu\/joomla-captcha-plugin\/#breadcrumb"},"inLanguage":"de-DE","potentialAction":[{"@type":"ReadAction","target":["https:\/\/www.captcha.eu\/joomla-captcha-plugin\/"]}]},{"@type":"ImageObject","inLanguage":"de-DE","@id":"https:\/\/www.captcha.eu\/joomla-captcha-plugin\/#primaryimage","url":"https:\/\/www.captcha.eu\/wp-content\/uploads\/2023\/09\/186_Joomla-512.webp","contentUrl":"https:\/\/www.captcha.eu\/wp-content\/uploads\/2023\/09\/186_Joomla-512.webp"},{"@type":"BreadcrumbList","@id":"https:\/\/www.captcha.eu\/joomla-captcha-plugin\/#breadcrumb","itemListElement":[{"@type":"ListItem","position":1,"name":"Home","item":"https:\/\/www.captcha.eu\/"},{"@type":"ListItem","position":2,"name":"Joomla Captcha Plugin"}]},{"@type":"WebSite","@id":"https:\/\/www.captcha.eu\/#website","url":"https:\/\/www.captcha.eu\/","name":"ist captcha.eu","description":"Der DSGVO-konforme Nachrichtenschutz | captcha.eu","publisher":{"@id":"https:\/\/www.captcha.eu\/#organization"},"potentialAction":[{"@type":"SearchAction","target":{"@type":"EntryPoint","urlTemplate":"https:\/\/www.captcha.eu\/?s={search_term_string}"},"query-input":{"@type":"PropertyValueSpecification","valueRequired":true,"valueName":"search_term_string"}}],"inLanguage":"de-DE"},{"@type":"Organization","@id":"https:\/\/www.captcha.eu\/#organization","name":"ist captcha.eu","url":"https:\/\/www.captcha.eu\/","logo":{"@type":"ImageObject","inLanguage":"de-DE","@id":"https:\/\/www.captcha.eu\/#\/schema\/logo\/image\/","url":"https:\/\/www.captcha.eu\/wp-content\/uploads\/2024\/02\/Captcha_mono-C_Logo.svg","contentUrl":"https:\/\/www.captcha.eu\/wp-content\/uploads\/2024\/02\/Captcha_mono-C_Logo.svg","width":24,"height":28,"caption":"captcha.eu"},"image":{"@id":"https:\/\/www.captcha.eu\/#\/schema\/logo\/image\/"},"sameAs":["https:\/\/x.com\/captcha_eu"]},{"@type":"Person","@id":"https:\/\/www.captcha.eu\/#\/schema\/person\/e50ab7952ea73f0533284a5ac7c85f09","name":"digitalisieren","image":{"@type":"ImageObject","inLanguage":"de-DE","@id":"https:\/\/www.captcha.eu\/#\/schema\/person\/image\/","url":"https:\/\/secure.gravatar.com\/avatar\/bc31cf0308270e03455e0f85a3c84110811c227952cecb263b99808ed200063c?s=96&d=mm&r=g","contentUrl":"https:\/\/secure.gravatar.com\/avatar\/bc31cf0308270e03455e0f85a3c84110811c227952cecb263b99808ed200063c?s=96&d=mm&r=g","caption":"digitalisten"},"url":"https:\/\/www.captcha.eu\/de\/author\/digitalisten\/"}]}},"pbg_featured_image_src":{"full":false,"thumbnail":false,"medium":false,"medium_large":false,"large":false,"1536x1536":false,"2048x2048":false,"trp-custom-language-flag":false},"pbg_author_info":{"display_name":"digitalisten","author_link":"https:\/\/www.captcha.eu\/de\/author\/digitalisten\/","author_img":"<img alt='digitalisten' src='https:\/\/secure.gravatar.com\/avatar\/bc31cf0308270e03455e0f85a3c84110811c227952cecb263b99808ed200063c?s=128&#038;d=mm&#038;r=g' srcset='https:\/\/secure.gravatar.com\/avatar\/bc31cf0308270e03455e0f85a3c84110811c227952cecb263b99808ed200063c?s=256&#038;d=mm&#038;r=g 2x' class='avatar avatar-128 photo' height='128' width='128' loading='lazy' decoding='async'\/>"},"pbg_comment_info":" No Comments","pbg_excerpt":"How to add captcha to your Joomla site The Captcha.eu plugin for Joomla is the ultimate solution for GDPR-compliant captcha protection. Easy to use and offering the highest level of reliability, it will effectively safeguard your site against unwanted bot traffic \u2013 all in a few simple steps. Here&#8217;s how [&hellip;]","_links":{"self":[{"href":"https:\/\/www.captcha.eu\/de\/wp-json\/wp\/v2\/pages\/1249","targetHints":{"allow":["GET"]}}],"collection":[{"href":"https:\/\/www.captcha.eu\/de\/wp-json\/wp\/v2\/pages"}],"about":[{"href":"https:\/\/www.captcha.eu\/de\/wp-json\/wp\/v2\/types\/page"}],"author":[{"embeddable":true,"href":"https:\/\/www.captcha.eu\/de\/wp-json\/wp\/v2\/users\/2"}],"replies":[{"embeddable":true,"href":"https:\/\/www.captcha.eu\/de\/wp-json\/wp\/v2\/comments?post=1249"}],"version-history":[{"count":11,"href":"https:\/\/www.captcha.eu\/de\/wp-json\/wp\/v2\/pages\/1249\/revisions"}],"predecessor-version":[{"id":1308,"href":"https:\/\/www.captcha.eu\/de\/wp-json\/wp\/v2\/pages\/1249\/revisions\/1308"}],"wp:attachment":[{"href":"https:\/\/www.captcha.eu\/de\/wp-json\/wp\/v2\/media?parent=1249"}],"curies":[{"name":"wp","href":"https:\/\/api.w.org\/{rel}","templated":true}]}}